{"id":9225,"date":"2019-08-26T21:35:29","date_gmt":"2019-08-26T21:35:29","guid":{"rendered":"http:\/\/www.cielolaboral.com\/?page_id=9225"},"modified":"2024-04-12T13:06:53","modified_gmt":"2024-04-12T11:06:53","slug":"3-congreso-mundial-cielo","status":"publish","type":"page","link":"https:\/\/www.cielolaboral.com\/fr\/3-congreso-mundial-cielo\/","title":{"rendered":"3 CONGRESO MUNDIAL CIELO"},"content":{"rendered":"<p>[:es]<\/p>\n<h2 style=\"text-align: center;\"><strong>3\u00ba CONGRESO MUNDIAL CIELO LABORAL 2020<\/strong><\/h2>\n<h2 style=\"text-align: center;\"><strong>\u00a0<\/strong><\/h2>\n<h2 style=\"text-align: center;\"><strong><em>EL TRABAJO GLOBALIZADO<\/em><\/strong><\/h2>\n<h2 style=\"text-align: center;\"><strong><em>\u00bfQU\u00c9 PAPEL DESEMPE\u00d1AN LAS EMPRESAS, LOS TRABAJADORES, LAS ORGANIZACIONES REPRESENTATIVAS, LOS CIUDADANOS Y LOS ESTADOS EN EL DERECHO DEL TRABAJO Y DE LA PROTECCI\u00d3N SOCIAL DEL S. XXI?<\/em><\/strong><\/h2>\n<h2 style=\"text-align: center;\"><strong>24 y 25 de septiembre de 2020<\/strong><\/h2>\n<h2 style=\"text-align: center;\"><strong>\u00a0<\/strong><strong>Facultad de Derecho y de Ciencias Pol\u00edticas<\/strong><\/h2>\n<h2 style=\"text-align: center;\"><strong>Universidad de Nantes (Francia)<\/strong><\/h2>\n<p>&nbsp;<\/p>\n<p><span style=\"color: #0000ff;\"><strong><a style=\"color: #0000ff;\" href=\"https:\/\/cielo2020.sciencesconf.org\/\">P\u00e1gina web del Congreso<\/a><\/strong><\/span><\/p>\n<p>&nbsp;<\/p>\n<p><strong><a href=\"https:\/\/cielolaboral.com\/wp-content\/uploads\/2021\/01\/Programme_Cielo_DEF_21102020.pdf\">Programa completo<\/a><\/strong><a href=\"https:\/\/cielolaboral.com\/wp-content\/uploads\/2021\/01\/Programme_Cielo_DEF_21102020.pdf\"><img decoding=\"async\" class=\"alignnone wp-image-374\" src=\"https:\/\/www.cielolaboral.com\/wp-content\/uploads\/2014\/02\/pdf_icon.png\" alt=\"\" width=\"16\" height=\"16\" \/><\/a><\/p>\n<p>&nbsp;<\/p>\n<p><a href=\"https:\/\/cielolaboral.com\/wp-content\/uploads\/2021\/01\/PROGRAMME_ABREGE_FR_ES_14.pdf\"><strong>Programa abreviado<\/strong><\/a><a style=\"font-size: 1em;\" href=\"https:\/\/cielolaboral.com\/wp-content\/uploads\/2021\/01\/PROGRAMME_ABREGE_FR_ES_14.pdf\"><img decoding=\"async\" class=\"alignnone wp-image-374\" src=\"https:\/\/www.cielolaboral.com\/wp-content\/uploads\/2014\/02\/pdf_icon.png\" alt=\"\" width=\"16\" height=\"16\" \/><\/a><\/p>\n<p>&nbsp;<\/p>\n<p><strong>CONVOCATORIA DE PONENCIAS &#8211; CALL FOR PAPERS (<\/strong>plazo para el env\u00edo de propuestas ampliado hasta el 15 de mayo de 2020)<\/p>\n<p class=\"gde-text\"><a href=\"https:\/\/cielolaboral.com\/wp-content\/uploads\/2020\/02\/Callforpapers_3_congreso_mundial_CIELO_Laboral_ES.pdf\" class=\"gde-link\">Download (PDF, 419KB)<\/a><\/p>\n<iframe src=\"\/\/docs.google.com\/viewer?url=https%3A%2F%2Fcielolaboral.com%2Fwp-content%2Fuploads%2F2020%2F02%2FCallforpapers_3_congreso_mundial_CIELO_Laboral_ES.pdf&hl=en_US&embedded=true\" class=\"gde-frame\" style=\"width:100%; height:500px; border: none;\" scrolling=\"no\"><\/iframe>\n<p>&nbsp;<\/p>\n<p>&nbsp;<\/p>\n<p><a href=\"https:\/\/cielolaboral.com\/wp-content\/uploads\/2020\/02\/Callforpapers_3_congreso_mundial_CIELO_Laboral_FR.pdf\"><strong>Call for papers en franc\u00e9s\u00a0<\/strong><\/a><a href=\"https:\/\/cielolaboral.com\/wp-content\/uploads\/2020\/02\/Callforpapers_3_congreso_mundial_CIELO_Laboral_FR.pdf\"><img decoding=\"async\" class=\"alignnone wp-image-374\" src=\"https:\/\/www.cielolaboral.com\/wp-content\/uploads\/2014\/02\/pdf_icon.png\" alt=\"\" width=\"16\" height=\"16\" \/><\/a><\/p>\n<p>&nbsp;<\/p>\n<p><strong><a href=\"https:\/\/cielolaboral.com\/wp-content\/uploads\/2020\/02\/Callforpapers_3_congreso_mundial_CIELO_Laboral_PT.pdf\">Call for papers en portugu\u00e9s<\/a> <a href=\"https:\/\/cielolaboral.com\/wp-content\/uploads\/2020\/02\/Callforpapers_3_congreso_mundial_CIELO_Laboral_PT.pdf\"><img decoding=\"async\" class=\"alignnone size-full wp-image-374\" src=\"https:\/\/www.cielolaboral.com\/wp-content\/uploads\/2014\/02\/pdf_icon.png\" alt=\"\" width=\"16\" height=\"16\" \/><\/a><\/strong><\/p>\n<div class=\"page\" title=\"Page 7\">\n<div class=\"section\">\n<div class=\"layoutArea\">\n<div class=\"column\">\n<p>&nbsp;<\/p>\n<p><strong><span style=\"color: #3366ff;\"><a style=\"color: #3366ff;\" href=\"https:\/\/docs.google.com\/forms\/d\/e\/1FAIpQLSerSa0EuyjusRfLxM2OG2bhBbgJbfrpMb1w4_2QUmXV0mFkbQ\/viewform\">Formulario para el env\u00edo de propuestas de ponencia individual (ELOCUTIO), comentario de im\u00e1genes\/p\u00f3ster (IMAGO) o presentaci\u00f3n de libro (EDITIO)<\/a><\/span><\/strong><\/p>\n<p>&nbsp;<\/p>\n<p><strong><span style=\"color: #3366ff;\"><a style=\"color: #3366ff;\" href=\"https:\/\/docs.google.com\/forms\/d\/e\/1FAIpQLSdRiUB9keoteIwleRWk9khnoW0o9kKhtXbINWPXoI2OwClq9Q\/viewform\">Formulario para el\u00a0<span style=\"font-size: 1em;\">env\u00edo de propuestas de mesa redonda (DISPUTATIO)<\/span><\/a><\/span><\/strong><\/p>\n<p>&nbsp;<\/p>\n<\/div>\n<\/div>\n<\/div>\n<\/div>\n<p><strong>PATROCINADORES Y SOCIOS<\/strong><\/p>\n<p class=\"gde-text\"><a href=\"https:\/\/cielolaboral.com\/wp-content\/uploads\/2019\/11\/patrocinadores_socios_3_Congreso_mundial_CIELO.pdf\" class=\"gde-link\">Download (PDF, 616KB)<\/a><\/p>\n<iframe src=\"\/\/docs.google.com\/viewer?url=https%3A%2F%2Fcielolaboral.com%2Fwp-content%2Fuploads%2F2019%2F11%2Fpatrocinadores_socios_3_Congreso_mundial_CIELO.pdf&hl=en_US&embedded=true\" class=\"gde-frame\" style=\"width:100%; height:500px; border: none;\" scrolling=\"no\"><\/iframe>\n<p>&nbsp;<\/p>\n<p><b>BECAS-PREMIOS A LOS MEJORES TRABAJOS PRESENTADOS POR EXPERTOS J\u00d3VENES<\/b><\/p>\n<p><b><span class=\"Apple-converted-space\">*Dada la nueva modalidad de celebraci\u00f3n virtual, este a\u00f1o no se ofertan las becas-premios para cubrir los gastos del congreso (desplazamiento y alojamiento<\/span><\/b><\/p>\n<p class=\"gde-text\"><a href=\"https:\/\/cielolaboral.com\/wp-content\/uploads\/2019\/12\/Becas-3o-Congreso-Mundial.pdf\" class=\"gde-link\">Download (PDF, 90KB)<\/a><\/p>\n<iframe src=\"\/\/docs.google.com\/viewer?url=https%3A%2F%2Fcielolaboral.com%2Fwp-content%2Fuploads%2F2019%2F12%2FBecas-3o-Congreso-Mundial.pdf&hl=en_US&embedded=true\" class=\"gde-frame\" style=\"width:100%; height:500px; border: none;\" scrolling=\"no\"><\/iframe>\n<p>&nbsp;<\/p>\n<p><strong><a href=\"https:\/\/cielolaboral.com\/wp-content\/uploads\/2020\/02\/normas_estilo_congreso_cielo.pdf\">NORMAS DE REDACCI\u00d3N TRABAJOS ESCRITOS<\/a> <a href=\"https:\/\/cielolaboral.com\/wp-content\/uploads\/2020\/02\/normas_estilo_congreso_cielo.pdf\"><img decoding=\"async\" class=\"alignnone size-full wp-image-374\" src=\"https:\/\/www.cielolaboral.com\/wp-content\/uploads\/2014\/02\/pdf_icon.png\" alt=\"\" width=\"16\" height=\"16\" \/><\/a><\/strong>[:fr]<\/p>\n<h2 style=\"text-align: center;\"><strong>3<sup>e<\/sup>CONGR\u00c8S MONDIAL CIELO LABORAL 2020<\/strong><\/h2>\n<h2 style=\"text-align: center;\"><strong>\u00a0<\/strong><\/h2>\n<h2 style=\"text-align: center;\"><strong><em>LE TRAVAIL MONDIALIS\u00c9<\/em><\/strong><\/h2>\n<h2 style=\"text-align: center;\"><strong><em>QUEL R\u00d4LE POUR LES ENTREPRISES, LES TRAVAILLEURS, LES ORGANISATIONS REPR\u00c9SENTATIVES, LES CITOYENS ET LES \u00c9TATS DANS LE DROIT DU TRAVAIL ET DE LA PROTECTION SOCIALE DU 21\u00c8ME SI\u00c8CLE\u00a0?<\/em><\/strong><\/h2>\n<h2 style=\"text-align: center;\"><strong>24 et 25 septembre 2020<\/strong><\/h2>\n<h2 style=\"text-align: center;\"><strong>\u00a0<\/strong><strong>Facult\u00e9 de Droit et des sciences politiques<\/strong><\/h2>\n<h2 style=\"text-align: center;\"><strong>Universit\u00e9 de Nantes (France)<\/strong><\/h2>\n<p>&nbsp;<\/p>\n<p><strong><a href=\"https:\/\/cielo2020.sciencesconf.org\/\">Site Congr\u00e8s\u00a0<\/a><\/strong><\/p>\n<p>&nbsp;<\/p>\n<p><strong><a href=\"https:\/\/cielolaboral.com\/wp-content\/uploads\/2021\/01\/Programme_Cielo_DEF_21102020.pdf\">Programme complet<\/a><\/strong><a href=\"https:\/\/cielolaboral.com\/wp-content\/uploads\/2021\/01\/Programme_Cielo_DEF_21102020.pdf\"><img decoding=\"async\" class=\"alignnone wp-image-374\" src=\"https:\/\/www.cielolaboral.com\/wp-content\/uploads\/2014\/02\/pdf_icon.png\" alt=\"\" width=\"16\" height=\"16\" \/><\/a><\/p>\n<p>&nbsp;<\/p>\n<p><a href=\"https:\/\/cielolaboral.com\/wp-content\/uploads\/2021\/01\/PROGRAMME_ABREGE_FR_ES_14.pdf\"><strong>Programme abr\u00e9g\u00e9<\/strong><\/a><a style=\"font-size: 1em;\" href=\"https:\/\/cielolaboral.com\/wp-content\/uploads\/2021\/01\/PROGRAMME_ABREGE_FR_ES_14.pdf\"><img decoding=\"async\" class=\"alignnone wp-image-374\" src=\"https:\/\/www.cielolaboral.com\/wp-content\/uploads\/2014\/02\/pdf_icon.png\" alt=\"\" width=\"16\" height=\"16\" \/><\/a><\/p>\n<p>&nbsp;<\/p>\n<p>&nbsp;<\/p>\n<p><strong><b><span lang=\"FR\">APPEL \u00c0 CONTRIBUTIONS\u00a0<\/span><\/b><\/strong><span lang=\"FR\">(R\u00e9ponse \u00e0 l&#8217;appel \u00e0 contribution \u00e9tendue jusqu&#8217;au 15 mai 2020)<\/span><\/p>\n<p class=\"gde-text\"><a href=\"https:\/\/cielolaboral.com\/wp-content\/uploads\/2020\/02\/Callforpapers_3_congreso_mundial_CIELO_Laboral_FR.pdf\" class=\"gde-link\">Download (PDF, 412KB)<\/a><\/p>\n<iframe src=\"\/\/docs.google.com\/viewer?url=https%3A%2F%2Fcielolaboral.com%2Fwp-content%2Fuploads%2F2020%2F02%2FCallforpapers_3_congreso_mundial_CIELO_Laboral_FR.pdf&hl=en_US&embedded=true\" class=\"gde-frame\" style=\"width:100%; height:500px; border: none;\" scrolling=\"no\"><\/iframe>\n<p>&nbsp;<\/p>\n<p><strong><a href=\"https:\/\/cielolaboral.com\/wp-content\/uploads\/2020\/02\/Callforpapers_3_congreso_mundial_CIELO_Laboral_ES.pdf\">Call for papers en espa\u00f1ol\u00a0<\/a><a href=\"https:\/\/cielolaboral.com\/wp-content\/uploads\/2020\/02\/Callforpapers_3_congreso_mundial_CIELO_Laboral_ES.pdf\"><img decoding=\"async\" class=\"alignnone size-full wp-image-374\" src=\"https:\/\/www.cielolaboral.com\/wp-content\/uploads\/2014\/02\/pdf_icon.png\" alt=\"\" width=\"16\" height=\"16\" \/><\/a><\/strong><\/p>\n<p>&nbsp;<\/p>\n<p><strong><a href=\"https:\/\/cielolaboral.com\/wp-content\/uploads\/2020\/02\/Callforpapers_3_congreso_mundial_CIELO_Laboral_PT.pdf\">Call for papers en portugu\u00e9s<\/a> <a href=\"https:\/\/cielolaboral.com\/wp-content\/uploads\/2020\/02\/Callforpapers_3_congreso_mundial_CIELO_Laboral_PT.pdf\"><img decoding=\"async\" class=\"alignnone size-full wp-image-374\" src=\"https:\/\/www.cielolaboral.com\/wp-content\/uploads\/2014\/02\/pdf_icon.png\" alt=\"\" width=\"16\" height=\"16\" \/><\/a><\/strong><\/p>\n<div class=\"page\" title=\"Page 7\">\n<div class=\"section\">\n<div class=\"layoutArea\">\n<div class=\"column\">\n<p>&nbsp;<\/p>\n<p><span style=\"color: #3366ff;\"><a style=\"color: #3366ff;\" href=\"https:\/\/docs.google.com\/forms\/d\/e\/1FAIpQLSerSa0EuyjusRfLxM2OG2bhBbgJbfrpMb1w4_2QUmXV0mFkbQ\/viewform\"><strong>Formulaire pour l&#8217;envoi des propositions de communication individuelle (ELOCUTIO), de commentaire\u00a0d\u2019images\/de poster (IMAGO), de pr\u00e9sentation de livres (EDITIO)<\/strong><\/a><\/span><\/p>\n<p>&nbsp;<\/p>\n<\/div>\n<\/div>\n<\/div>\n<\/div>\n<p><a href=\"https:\/\/docs.google.com\/forms\/d\/e\/1FAIpQLSdRiUB9keoteIwleRWk9khnoW0o9kKhtXbINWPXoI2OwClq9Q\/viewform\"><strong><span style=\"color: #3366ff;\">Formulaire pour l&#8217;envoi des propositions de table ronde (DISPUTATIO)<\/span><\/strong><\/a><\/p>\n<p>&nbsp;<\/p>\n<p><strong>PARRAINAGES ET PARTENAIRES <\/strong><\/p>\n<p class=\"gde-text\"><a href=\"https:\/\/cielolaboral.com\/wp-content\/uploads\/2019\/11\/patrocinadores_socios_3_Congreso_mundial_CIELO.pdf\" class=\"gde-link\">Download (PDF, 616KB)<\/a><\/p>\n<iframe src=\"\/\/docs.google.com\/viewer?url=https%3A%2F%2Fcielolaboral.com%2Fwp-content%2Fuploads%2F2019%2F11%2Fpatrocinadores_socios_3_Congreso_mundial_CIELO.pdf&hl=en_US&embedded=true\" class=\"gde-frame\" style=\"width:100%; height:500px; border: none;\" scrolling=\"no\"><\/iframe>\n<p>&nbsp;<\/p>\n<p><b>BOURSES D&#8217;ETUDES AUX MEILLEURES TRAVAUX PRESENTES PAR DE JEUNES CHERCHEURS ET EXPERTS<span class=\"Apple-converted-space\">\u00a0<\/span><\/b><\/p>\n<p class=\"gde-text\"><a href=\"https:\/\/cielolaboral.com\/wp-content\/uploads\/2019\/12\/FR_Becas-3o-Congreso-Mundial.pdf\" class=\"gde-link\">Download (PDF, 91KB)<\/a><\/p>\n<iframe src=\"\/\/docs.google.com\/viewer?url=https%3A%2F%2Fcielolaboral.com%2Fwp-content%2Fuploads%2F2019%2F12%2FFR_Becas-3o-Congreso-Mundial.pdf&hl=en_US&embedded=true\" class=\"gde-frame\" style=\"width:100%; height:500px; border: none;\" scrolling=\"no\"><\/iframe>\n<p>&nbsp;<\/p>\n<p><a href=\"https:\/\/cielolaboral.com\/wp-content\/uploads\/2020\/02\/normas_estilo_congreso_cielo.pdf\"><strong>NORMES DE R\u00c9DACTION PROPOSITIONS \u00c9CRITES <\/strong><\/a><strong><a href=\"https:\/\/cielolaboral.com\/wp-content\/uploads\/2020\/02\/normas_estilo_congreso_cielo.pdf\"><img decoding=\"async\" class=\"alignnone size-full wp-image-374\" src=\"https:\/\/www.cielolaboral.com\/wp-content\/uploads\/2014\/02\/pdf_icon.png\" alt=\"\" width=\"16\" height=\"16\" \/><\/a><\/strong>[:]<\/p>\n","protected":false},"excerpt":{"rendered":"<p>[:es] 3\u00ba CONGRESO MUNDIAL CIELO LABORAL 2020 \u00a0 EL TRABAJO GLOBALIZADO \u00bfQU\u00c9 PAPEL DESEMPE\u00d1AN LAS EMPRESAS, LOS TRABAJADORES, LAS ORGANIZACIONES REPRESENTATIVAS, LOS CIUDADANOS Y LOS ESTADOS EN EL DERECHO DEL TRABAJO Y DE LA PROTECCI\u00d3N SOCIAL DEL S. XXI? 24<a class=\"more-link\" href=\"https:\/\/www.cielolaboral.com\/fr\/3-congreso-mundial-cielo\/\" title=\"3 CONGRESO MUNDIAL CIELO\"><span>Read more<\/span><\/a><\/p>\n","protected":false},"author":16,"featured_media":0,"parent":0,"menu_order":0,"comment_status":"closed","ping_status":"closed","template":"","meta":{"footnotes":""},"class_list":["post-9225","page","type-page","status-publish","hentry"],"yoast_head":"<!-- This site is optimized with the Yoast SEO plugin v27.2 - https:\/\/yoast.com\/product\/yoast-seo-wordpress\/ -->\n<title>3 CONGRESO MUNDIAL CIELO - cielolaboral<\/title>\n<meta name=\"robots\" content=\"index, follow, max-snippet:-1, max-image-preview:large, max-video-preview:-1\" \/>\n<link rel=\"canonical\" href=\"https:\/\/www.cielolaboral.com\/fr\/3-congreso-mundial-cielo\/\" \/>\n<meta property=\"og:locale\" content=\"fr_FR\" \/>\n<meta property=\"og:type\" content=\"article\" \/>\n<meta property=\"og:title\" content=\"3 CONGRESO MUNDIAL CIELO - cielolaboral\" \/>\n<meta property=\"og:description\" content=\"[:es] 3\u00ba CONGRESO MUNDIAL CIELO LABORAL 2020 \u00a0 EL TRABAJO GLOBALIZADO \u00bfQU\u00c9 PAPEL DESEMPE\u00d1AN LAS EMPRESAS, LOS TRABAJADORES, LAS ORGANIZACIONES REPRESENTATIVAS, LOS CIUDADANOS Y LOS ESTADOS EN EL DERECHO DEL TRABAJO Y DE LA PROTECCI\u00d3N SOCIAL DEL S. XXI? 24Read more\" \/>\n<meta property=\"og:url\" content=\"https:\/\/www.cielolaboral.com\/fr\/3-congreso-mundial-cielo\/\" \/>\n<meta property=\"og:site_name\" content=\"cielolaboral\" \/>\n<meta property=\"article:publisher\" content=\"https:\/\/www.facebook.com\/CIELO-Comunidad-para-la-Investigacin-y-el-Estudio-Laboral-y-Ocupacional-456411237893494\" \/>\n<meta property=\"article:modified_time\" content=\"2024-04-12T11:06:53+00:00\" \/>\n<meta property=\"og:image\" content=\"https:\/\/www.cielolaboral.com\/wp-content\/uploads\/2014\/02\/pdf_icon.png\" \/>\n<meta name=\"twitter:card\" content=\"summary_large_image\" \/>\n<meta name=\"twitter:site\" content=\"@CIELOlaboral\" \/>\n<meta name=\"twitter:label1\" content=\"Dur\u00e9e de lecture estim\u00e9e\" \/>\n\t<meta name=\"twitter:data1\" content=\"4 minutes\" \/>\n<script type=\"application\/ld+json\" class=\"yoast-schema-graph\">{\"@context\":\"https:\/\/schema.org\",\"@graph\":[{\"@type\":\"WebPage\",\"@id\":\"https:\/\/www.cielolaboral.com\/3-congreso-mundial-cielo\/\",\"url\":\"https:\/\/www.cielolaboral.com\/3-congreso-mundial-cielo\/\",\"name\":\"3 CONGRESO MUNDIAL CIELO - cielolaboral\",\"isPartOf\":{\"@id\":\"https:\/\/www.cielolaboral.com\/#website\"},\"primaryImageOfPage\":{\"@id\":\"https:\/\/www.cielolaboral.com\/3-congreso-mundial-cielo\/#primaryimage\"},\"image\":{\"@id\":\"https:\/\/www.cielolaboral.com\/3-congreso-mundial-cielo\/#primaryimage\"},\"thumbnailUrl\":\"https:\/\/www.cielolaboral.com\/wp-content\/uploads\/2014\/02\/pdf_icon.png\",\"datePublished\":\"2019-08-26T21:35:29+00:00\",\"dateModified\":\"2024-04-12T11:06:53+00:00\",\"breadcrumb\":{\"@id\":\"https:\/\/www.cielolaboral.com\/3-congreso-mundial-cielo\/#breadcrumb\"},\"inLanguage\":\"fr-FR\",\"potentialAction\":[{\"@type\":\"ReadAction\",\"target\":[\"https:\/\/www.cielolaboral.com\/3-congreso-mundial-cielo\/\"]}]},{\"@type\":\"ImageObject\",\"inLanguage\":\"fr-FR\",\"@id\":\"https:\/\/www.cielolaboral.com\/3-congreso-mundial-cielo\/#primaryimage\",\"url\":\"https:\/\/www.cielolaboral.com\/wp-content\/uploads\/2014\/02\/pdf_icon.png\",\"contentUrl\":\"https:\/\/www.cielolaboral.com\/wp-content\/uploads\/2014\/02\/pdf_icon.png\"},{\"@type\":\"BreadcrumbList\",\"@id\":\"https:\/\/www.cielolaboral.com\/3-congreso-mundial-cielo\/#breadcrumb\",\"itemListElement\":[{\"@type\":\"ListItem\",\"position\":1,\"name\":\"Home\",\"item\":\"https:\/\/www.cielolaboral.com\/\"},{\"@type\":\"ListItem\",\"position\":2,\"name\":\"3 CONGRESO MUNDIAL CIELO\"}]},{\"@type\":\"WebSite\",\"@id\":\"https:\/\/www.cielolaboral.com\/#website\",\"url\":\"https:\/\/www.cielolaboral.com\/\",\"name\":\"cielolaboral\",\"description\":\"\",\"publisher\":{\"@id\":\"https:\/\/www.cielolaboral.com\/#organization\"},\"potentialAction\":[{\"@type\":\"SearchAction\",\"target\":{\"@type\":\"EntryPoint\",\"urlTemplate\":\"https:\/\/www.cielolaboral.com\/?s={search_term_string}\"},\"query-input\":{\"@type\":\"PropertyValueSpecification\",\"valueRequired\":true,\"valueName\":\"search_term_string\"}}],\"inLanguage\":\"fr-FR\"},{\"@type\":\"Organization\",\"@id\":\"https:\/\/www.cielolaboral.com\/#organization\",\"name\":\"cielolaboral\",\"url\":\"https:\/\/www.cielolaboral.com\/\",\"logo\":{\"@type\":\"ImageObject\",\"inLanguage\":\"fr-FR\",\"@id\":\"https:\/\/www.cielolaboral.com\/#\/schema\/logo\/image\/\",\"url\":\"https:\/\/www.cielolaboral.com\/wp-content\/uploads\/2020\/09\/cropped-logo_CIELO_2.png\",\"contentUrl\":\"https:\/\/www.cielolaboral.com\/wp-content\/uploads\/2020\/09\/cropped-logo_CIELO_2.png\",\"width\":512,\"height\":512,\"caption\":\"cielolaboral\"},\"image\":{\"@id\":\"https:\/\/www.cielolaboral.com\/#\/schema\/logo\/image\/\"},\"sameAs\":[\"https:\/\/www.facebook.com\/CIELO-Comunidad-para-la-Investigacin-y-el-Estudio-Laboral-y-Ocupacional-456411237893494\",\"https:\/\/x.com\/CIELOlaboral\"]}]}<\/script>\n<!-- \/ Yoast SEO plugin. -->","yoast_head_json":{"title":"3 CONGRESO MUNDIAL CIELO - cielolaboral","robots":{"index":"index","follow":"follow","max-snippet":"max-snippet:-1","max-image-preview":"max-image-preview:large","max-video-preview":"max-video-preview:-1"},"canonical":"https:\/\/www.cielolaboral.com\/fr\/3-congreso-mundial-cielo\/","og_locale":"fr_FR","og_type":"article","og_title":"3 CONGRESO MUNDIAL CIELO - cielolaboral","og_description":"[:es] 3\u00ba CONGRESO MUNDIAL CIELO LABORAL 2020 \u00a0 EL TRABAJO GLOBALIZADO \u00bfQU\u00c9 PAPEL DESEMPE\u00d1AN LAS EMPRESAS, LOS TRABAJADORES, LAS ORGANIZACIONES REPRESENTATIVAS, LOS CIUDADANOS Y LOS ESTADOS EN EL DERECHO DEL TRABAJO Y DE LA PROTECCI\u00d3N SOCIAL DEL S. XXI? 24Read more","og_url":"https:\/\/www.cielolaboral.com\/fr\/3-congreso-mundial-cielo\/","og_site_name":"cielolaboral","article_publisher":"https:\/\/www.facebook.com\/CIELO-Comunidad-para-la-Investigacin-y-el-Estudio-Laboral-y-Ocupacional-456411237893494","article_modified_time":"2024-04-12T11:06:53+00:00","og_image":[{"url":"https:\/\/www.cielolaboral.com\/wp-content\/uploads\/2014\/02\/pdf_icon.png","type":"","width":"","height":""}],"twitter_card":"summary_large_image","twitter_site":"@CIELOlaboral","twitter_misc":{"Dur\u00e9e de lecture estim\u00e9e":"4 minutes"},"schema":{"@context":"https:\/\/schema.org","@graph":[{"@type":"WebPage","@id":"https:\/\/www.cielolaboral.com\/3-congreso-mundial-cielo\/","url":"https:\/\/www.cielolaboral.com\/3-congreso-mundial-cielo\/","name":"3 CONGRESO MUNDIAL CIELO - cielolaboral","isPartOf":{"@id":"https:\/\/www.cielolaboral.com\/#website"},"primaryImageOfPage":{"@id":"https:\/\/www.cielolaboral.com\/3-congreso-mundial-cielo\/#primaryimage"},"image":{"@id":"https:\/\/www.cielolaboral.com\/3-congreso-mundial-cielo\/#primaryimage"},"thumbnailUrl":"https:\/\/www.cielolaboral.com\/wp-content\/uploads\/2014\/02\/pdf_icon.png","datePublished":"2019-08-26T21:35:29+00:00","dateModified":"2024-04-12T11:06:53+00:00","breadcrumb":{"@id":"https:\/\/www.cielolaboral.com\/3-congreso-mundial-cielo\/#breadcrumb"},"inLanguage":"fr-FR","potentialAction":[{"@type":"ReadAction","target":["https:\/\/www.cielolaboral.com\/3-congreso-mundial-cielo\/"]}]},{"@type":"ImageObject","inLanguage":"fr-FR","@id":"https:\/\/www.cielolaboral.com\/3-congreso-mundial-cielo\/#primaryimage","url":"https:\/\/www.cielolaboral.com\/wp-content\/uploads\/2014\/02\/pdf_icon.png","contentUrl":"https:\/\/www.cielolaboral.com\/wp-content\/uploads\/2014\/02\/pdf_icon.png"},{"@type":"BreadcrumbList","@id":"https:\/\/www.cielolaboral.com\/3-congreso-mundial-cielo\/#breadcrumb","itemListElement":[{"@type":"ListItem","position":1,"name":"Home","item":"https:\/\/www.cielolaboral.com\/"},{"@type":"ListItem","position":2,"name":"3 CONGRESO MUNDIAL CIELO"}]},{"@type":"WebSite","@id":"https:\/\/www.cielolaboral.com\/#website","url":"https:\/\/www.cielolaboral.com\/","name":"cielolaboral","description":"","publisher":{"@id":"https:\/\/www.cielolaboral.com\/#organization"},"potentialAction":[{"@type":"SearchAction","target":{"@type":"EntryPoint","urlTemplate":"https:\/\/www.cielolaboral.com\/?s={search_term_string}"},"query-input":{"@type":"PropertyValueSpecification","valueRequired":true,"valueName":"search_term_string"}}],"inLanguage":"fr-FR"},{"@type":"Organization","@id":"https:\/\/www.cielolaboral.com\/#organization","name":"cielolaboral","url":"https:\/\/www.cielolaboral.com\/","logo":{"@type":"ImageObject","inLanguage":"fr-FR","@id":"https:\/\/www.cielolaboral.com\/#\/schema\/logo\/image\/","url":"https:\/\/www.cielolaboral.com\/wp-content\/uploads\/2020\/09\/cropped-logo_CIELO_2.png","contentUrl":"https:\/\/www.cielolaboral.com\/wp-content\/uploads\/2020\/09\/cropped-logo_CIELO_2.png","width":512,"height":512,"caption":"cielolaboral"},"image":{"@id":"https:\/\/www.cielolaboral.com\/#\/schema\/logo\/image\/"},"sameAs":["https:\/\/www.facebook.com\/CIELO-Comunidad-para-la-Investigacin-y-el-Estudio-Laboral-y-Ocupacional-456411237893494","https:\/\/x.com\/CIELOlaboral"]}]}},"_links":{"self":[{"href":"https:\/\/www.cielolaboral.com\/fr\/wp-json\/wp\/v2\/pages\/9225","targetHints":{"allow":["GET"]}}],"collection":[{"href":"https:\/\/www.cielolaboral.com\/fr\/wp-json\/wp\/v2\/pages"}],"about":[{"href":"https:\/\/www.cielolaboral.com\/fr\/wp-json\/wp\/v2\/types\/page"}],"author":[{"embeddable":true,"href":"https:\/\/www.cielolaboral.com\/fr\/wp-json\/wp\/v2\/users\/16"}],"replies":[{"embeddable":true,"href":"https:\/\/www.cielolaboral.com\/fr\/wp-json\/wp\/v2\/comments?post=9225"}],"version-history":[{"count":1,"href":"https:\/\/www.cielolaboral.com\/fr\/wp-json\/wp\/v2\/pages\/9225\/revisions"}],"predecessor-version":[{"id":13176,"href":"https:\/\/www.cielolaboral.com\/fr\/wp-json\/wp\/v2\/pages\/9225\/revisions\/13176"}],"wp:attachment":[{"href":"https:\/\/www.cielolaboral.com\/fr\/wp-json\/wp\/v2\/media?parent=9225"}],"curies":[{"name":"wp","href":"https:\/\/api.w.org\/{rel}","templated":true}]}}