{"id":8792,"date":"2019-02-18T08:29:57","date_gmt":"2019-02-18T08:29:57","guid":{"rendered":"http:\/\/www.cielolaboral.com\/?page_id=8792"},"modified":"2019-02-18T08:29:57","modified_gmt":"2019-02-18T08:29:57","slug":"seminario-oit-paris","status":"publish","type":"page","link":"https:\/\/www.cielolaboral.com\/fr\/seminario-oit-paris\/","title":{"rendered":"SEMINARIO OIT PAR\u00cdS"},"content":{"rendered":"<p>[:es]&nbsp;<\/p>\n<h2 style=\"text-align: center;\"><strong>COLLOQUE INTERNATIONAL<\/strong><\/h2>\n<h2 style=\"text-align: center;\"><strong>Centenaire de l\u2019OIT<\/strong><\/h2>\n<h2 style=\"text-align: center;\"><strong>L&#8217;impact des normes de l&#8217;OIT sur la sc\u00e8ne internationale<\/strong><\/h2>\n<h4 style=\"text-align: center;\">Paris, 24 septembre 2019 8h30-16h30<\/h4>\n<h4 style=\"text-align: center;\">Universit\u00e9 Paris 1 Panth\u00e9on-Sorbonne<\/h4>\n<p>&nbsp;<\/p>\n<p><span style=\"color: #333333;\"><b>PROGRAMME <\/b><\/span><\/p>\n<p class=\"gde-text\"><a href=\"https:\/\/cielolaboral.com\/wp-content\/uploads\/2019\/07\/OIT24sept2019ProgrammeVA.pdf\" class=\"gde-link\">Download (PDF, 447KB)<\/a><\/p>\n<iframe src=\"\/\/docs.google.com\/viewer?url=https%3A%2F%2Fcielolaboral.com%2Fwp-content%2Fuploads%2F2019%2F07%2FOIT24sept2019ProgrammeVA.pdf&hl=en_US&embedded=true\" class=\"gde-frame\" style=\"width:100%; height:500px; border: none;\" scrolling=\"no\"><\/iframe>\n<p>&nbsp;<\/p>\n<p><a href=\"https:\/\/cielolaboral.com\/wp-content\/uploads\/2019\/06\/FRAN-V1_Formulaire23-24sept2019.pdf\"><strong>FORMULAIRE fran\u00e7ais\u00a0<\/strong><\/a><a href=\"https:\/\/cielolaboral.com\/wp-content\/uploads\/2019\/06\/FRAN-V1_Formulaire23-24sept2019.pdf\"><img decoding=\"async\" class=\"alignnone size-full wp-image-374\" src=\"https:\/\/www.cielolaboral.com\/wp-content\/uploads\/2014\/02\/pdf_icon.png\" alt=\"\" width=\"16\" height=\"16\" \/><\/a><\/p>\n<p>&nbsp;<\/p>\n<p><strong><a href=\"https:\/\/cielolaboral.com\/wp-content\/uploads\/2019\/06\/ENG-V1_Formulaire23-24sept2019.pdf\">FORMULAIRE english<\/a><\/strong><\/p>\n<p>&nbsp;<\/p>\n<p>&nbsp;<\/p>\n<p><a href=\"https:\/\/cielolaboral.com\/wp-content\/uploads\/2019\/06\/OIT24sept2019Affiche.jpg\"><img fetchpriority=\"high\" decoding=\"async\" class=\"alignnone wp-image-9079 size-large\" src=\"https:\/\/cielolaboral.com\/wp-content\/uploads\/2019\/06\/OIT24sept2019Affiche-725x1024.jpg\" alt=\"\" width=\"660\" height=\"932\" srcset=\"https:\/\/www.cielolaboral.com\/wp-content\/uploads\/2019\/06\/OIT24sept2019Affiche-725x1024.jpg 725w, https:\/\/www.cielolaboral.com\/wp-content\/uploads\/2019\/06\/OIT24sept2019Affiche-212x300.jpg 212w, https:\/\/www.cielolaboral.com\/wp-content\/uploads\/2019\/06\/OIT24sept2019Affiche-768x1085.jpg 768w, https:\/\/www.cielolaboral.com\/wp-content\/uploads\/2019\/06\/OIT24sept2019Affiche-1087x1536.jpg 1087w, https:\/\/www.cielolaboral.com\/wp-content\/uploads\/2019\/06\/OIT24sept2019Affiche.jpg 1240w\" sizes=\"(max-width: 660px) 100vw, 660px\" \/><\/a><\/p>\n<div class=\"column\">\n<p><strong>PRESENTACIONES POWERPOINT Y P\u00d3STERES<\/strong><\/p>\n<\/div>\n<p><a href=\"https:\/\/www.pantheonsorbonne.fr\/ufr\/isst\/colloque-international-sur-le-centenaire-de-loit\/\">https:\/\/www.pantheonsorbonne.fr\/ufr\/isst\/colloque-international-sur-le-centenaire-de-loit\/\u00a0<\/a><\/p>\n<p>&nbsp;<\/p>\n<p><strong>V\u00cdDEOS DEL EVENTO<\/strong><\/p>\n<p><a href=\"https:\/\/mediatheque.univ-paris1.fr\/video\/1876-limpact-des-normes-de-loit-sur-la-scene-internationale-1\/\">https:\/\/mediatheque.univ-paris1.fr\/video\/1876-limpact-des-normes-de-loit-sur-la-scene-internationale-1\/<\/a><br \/>\n<a href=\"https:\/\/mediatheque.univ-paris1.fr\/video\/1877-limpact-des-normes-de-loit-sur-la-scene-internationale-2\/\">https:\/\/mediatheque.univ-paris1.fr\/video\/1877-limpact-des-normes-de-loit-sur-la-scene-internationale-2\/<\/a><br \/>\n<a href=\"https:\/\/mediatheque.univ-paris1.fr\/video\/1878-limpact-des-normes-de-loit-sur-la-scene-internationale-3\/\">https:\/\/mediatheque.univ-paris1.fr\/video\/1878-limpact-des-normes-de-loit-sur-la-scene-internationale-3\/<\/a><\/p>\n<p>&nbsp;<\/p>\n<p>&nbsp;<\/p>\n<div class=\"page\" title=\"Page 1\">\n<div class=\"page\" title=\"Page 1\">\n<div class=\"layoutArea\">\n<div class=\"column\">\n<h3 style=\"text-align: center;\">Regards crois\u00e9s universitaires et syndicaux sur l\u2019OIT :quelles ambitions pour le deuxi\u00e8me centenaire ?<\/h3>\n<h3 style=\"text-align: center;\">Lundi 23 septembre 2019<\/h3>\n<h3 style=\"text-align: center;\">Universit\u00e9 Paris 1 Panth\u00e9on-Sorbonne<\/h3>\n<\/div>\n<\/div>\n<\/div>\n<p>&nbsp;<\/p>\n<p><strong>Programme<\/strong><\/p>\n<\/div>\n<p class=\"gde-text\"><a href=\"https:\/\/cielolaboral.com\/wp-content\/uploads\/2019\/06\/OIT23sept2019-Programme.pdf\" class=\"gde-link\">Download (PDF, 2.05MB)<\/a><\/p>\n<iframe src=\"\/\/docs.google.com\/viewer?url=https%3A%2F%2Fcielolaboral.com%2Fwp-content%2Fuploads%2F2019%2F06%2FOIT23sept2019-Programme.pdf&hl=en_US&embedded=true\" class=\"gde-frame\" style=\"width:100%; height:500px; border: none;\" scrolling=\"no\"><\/iframe>\n<p>&nbsp;<\/p>\n<p><a href=\"https:\/\/cielolaboral.com\/wp-content\/uploads\/2019\/06\/OIT23sept2019Affiche.jpg\"><img decoding=\"async\" class=\"alignnone wp-image-9092 size-large\" src=\"https:\/\/cielolaboral.com\/wp-content\/uploads\/2019\/06\/OIT23sept2019Affiche-724x1024.jpg\" alt=\"\" width=\"660\" height=\"933\" srcset=\"https:\/\/www.cielolaboral.com\/wp-content\/uploads\/2019\/06\/OIT23sept2019Affiche-724x1024.jpg 724w, https:\/\/www.cielolaboral.com\/wp-content\/uploads\/2019\/06\/OIT23sept2019Affiche-212x300.jpg 212w, https:\/\/www.cielolaboral.com\/wp-content\/uploads\/2019\/06\/OIT23sept2019Affiche-768x1087.jpg 768w, https:\/\/www.cielolaboral.com\/wp-content\/uploads\/2019\/06\/OIT23sept2019Affiche-1085x1536.jpg 1085w, https:\/\/www.cielolaboral.com\/wp-content\/uploads\/2019\/06\/OIT23sept2019Affiche.jpg 1240w\" sizes=\"(max-width: 660px) 100vw, 660px\" \/><\/a><\/p>\n<p>&nbsp;<\/p>\n<p>&nbsp;[:fr]<\/p>\n<h2 style=\"text-align: center;\"><strong>COLLOQUE INTERNATIONAL<\/strong><\/h2>\n<h2 style=\"text-align: center;\"><strong>Centenaire de l\u2019OIT<\/strong><\/h2>\n<h2 style=\"text-align: center;\"><strong>L&#8217;impact des normes de l&#8217;OIT sur la sc\u00e8ne internationale<\/strong><\/h2>\n<h4 style=\"text-align: center;\">Paris, 24 septembre 2019 8h30-16h30<\/h4>\n<h4 style=\"text-align: center;\">Universit\u00e9 Paris 1 Panth\u00e9on-Sorbonne<\/h4>\n<p>&nbsp;<\/p>\n<p><span style=\"color: #333333;\"><b>PROGRAMME <\/b><\/span><\/p>\n<p class=\"gde-text\"><a href=\"https:\/\/cielolaboral.com\/wp-content\/uploads\/2019\/07\/OIT24sept2019ProgrammeVA.pdf\" class=\"gde-link\">Download (PDF, 447KB)<\/a><\/p>\n<iframe src=\"\/\/docs.google.com\/viewer?url=https%3A%2F%2Fcielolaboral.com%2Fwp-content%2Fuploads%2F2019%2F07%2FOIT24sept2019ProgrammeVA.pdf&hl=en_US&embedded=true\" class=\"gde-frame\" style=\"width:100%; height:500px; border: none;\" scrolling=\"no\"><\/iframe>\n<p>&nbsp;<\/p>\n<p><a href=\"https:\/\/cielolaboral.com\/wp-content\/uploads\/2019\/06\/FRAN-V1_Formulaire23-24sept2019.pdf\"><strong>FORMULAIRE fran\u00e7ais\u00a0<\/strong><\/a><a href=\"https:\/\/cielolaboral.com\/wp-content\/uploads\/2019\/06\/FRAN-V1_Formulaire23-24sept2019.pdf\"><img decoding=\"async\" class=\"alignnone size-full wp-image-374\" src=\"https:\/\/www.cielolaboral.com\/wp-content\/uploads\/2014\/02\/pdf_icon.png\" alt=\"\" width=\"16\" height=\"16\" \/><\/a><\/p>\n<p>&nbsp;<\/p>\n<p><strong><a href=\"https:\/\/cielolaboral.com\/wp-content\/uploads\/2019\/06\/ENG-V1_Formulaire23-24sept2019.pdf\">FORMULAIRE english<\/a><\/strong><\/p>\n<p><a href=\"https:\/\/cielolaboral.com\/wp-content\/uploads\/2019\/06\/OIT24sept2019Affiche.jpg\"><img fetchpriority=\"high\" decoding=\"async\" class=\"alignnone wp-image-9079 size-large\" src=\"https:\/\/cielolaboral.com\/wp-content\/uploads\/2019\/06\/OIT24sept2019Affiche-725x1024.jpg\" alt=\"\" width=\"660\" height=\"932\" srcset=\"https:\/\/www.cielolaboral.com\/wp-content\/uploads\/2019\/06\/OIT24sept2019Affiche-725x1024.jpg 725w, https:\/\/www.cielolaboral.com\/wp-content\/uploads\/2019\/06\/OIT24sept2019Affiche-212x300.jpg 212w, https:\/\/www.cielolaboral.com\/wp-content\/uploads\/2019\/06\/OIT24sept2019Affiche-768x1085.jpg 768w, https:\/\/www.cielolaboral.com\/wp-content\/uploads\/2019\/06\/OIT24sept2019Affiche-1087x1536.jpg 1087w, https:\/\/www.cielolaboral.com\/wp-content\/uploads\/2019\/06\/OIT24sept2019Affiche.jpg 1240w\" sizes=\"(max-width: 660px) 100vw, 660px\" \/><\/a><\/p>\n<div class=\"page\" title=\"Page 1\">\n<div class=\"page\" title=\"Page 1\">\n<div class=\"layoutArea\">\n<div class=\"column\">\n<h3><\/h3>\n<p><strong>PRESENTACIONES POWERPOINT Y P\u00d3STERES<\/strong><\/p>\n<\/div>\n<p><a href=\"https:\/\/www.pantheonsorbonne.fr\/ufr\/isst\/colloque-international-sur-le-centenaire-de-loit\/\">https:\/\/www.pantheonsorbonne.fr\/ufr\/isst\/colloque-international-sur-le-centenaire-de-loit\/\u00a0<\/a><\/p>\n<div class=\"column\">\n<p><strong>V\u00cdDEOS DEL EVENTO<\/strong><\/p>\n<p><a href=\"https:\/\/mediatheque.univ-paris1.fr\/video\/1876-limpact-des-normes-de-loit-sur-la-scene-internationale-1\/\">https:\/\/mediatheque.univ-paris1.fr\/video\/1876-limpact-des-normes-de-loit-sur-la-scene-internationale-1\/<\/a><br \/>\n<a href=\"https:\/\/mediatheque.univ-paris1.fr\/video\/1877-limpact-des-normes-de-loit-sur-la-scene-internationale-2\/\">https:\/\/mediatheque.univ-paris1.fr\/video\/1877-limpact-des-normes-de-loit-sur-la-scene-internationale-2\/<\/a><br \/>\n<a href=\"https:\/\/mediatheque.univ-paris1.fr\/video\/1878-limpact-des-normes-de-loit-sur-la-scene-internationale-3\/\">https:\/\/mediatheque.univ-paris1.fr\/video\/1878-limpact-des-normes-de-loit-sur-la-scene-internationale-3\/<\/a><\/p>\n<h3><\/h3>\n<h3><\/h3>\n<h3 style=\"text-align: center;\">Regards crois\u00e9s universitaires et syndicaux sur l\u2019OIT :quelles ambitions pour le deuxi\u00e8me centenaire ?<\/h3>\n<h3 style=\"text-align: center;\">Lundi 23 septembre 2019<\/h3>\n<h3 style=\"text-align: center;\">Universit\u00e9 Paris 1 Panth\u00e9on-Sorbonne<\/h3>\n<\/div>\n<\/div>\n<\/div>\n<p>&nbsp;<\/p>\n<p><strong>Programme<\/strong><\/p>\n<\/div>\n<p class=\"gde-text\"><a href=\"https:\/\/cielolaboral.com\/wp-content\/uploads\/2019\/06\/OIT23sept2019-Programme.pdf\" class=\"gde-link\">Download (PDF, 2.05MB)<\/a><\/p>\n<iframe src=\"\/\/docs.google.com\/viewer?url=https%3A%2F%2Fcielolaboral.com%2Fwp-content%2Fuploads%2F2019%2F06%2FOIT23sept2019-Programme.pdf&hl=en_US&embedded=true\" class=\"gde-frame\" style=\"width:100%; height:500px; border: none;\" scrolling=\"no\"><\/iframe>\n<p>&nbsp;<\/p>\n<p><a href=\"https:\/\/cielolaboral.com\/wp-content\/uploads\/2019\/06\/OIT23sept2019Affiche.jpg\"><img decoding=\"async\" class=\"alignnone wp-image-9092 size-large\" src=\"https:\/\/cielolaboral.com\/wp-content\/uploads\/2019\/06\/OIT23sept2019Affiche-724x1024.jpg\" alt=\"\" width=\"660\" height=\"933\" srcset=\"https:\/\/www.cielolaboral.com\/wp-content\/uploads\/2019\/06\/OIT23sept2019Affiche-724x1024.jpg 724w, https:\/\/www.cielolaboral.com\/wp-content\/uploads\/2019\/06\/OIT23sept2019Affiche-212x300.jpg 212w, https:\/\/www.cielolaboral.com\/wp-content\/uploads\/2019\/06\/OIT23sept2019Affiche-768x1087.jpg 768w, https:\/\/www.cielolaboral.com\/wp-content\/uploads\/2019\/06\/OIT23sept2019Affiche-1085x1536.jpg 1085w, https:\/\/www.cielolaboral.com\/wp-content\/uploads\/2019\/06\/OIT23sept2019Affiche.jpg 1240w\" sizes=\"(max-width: 660px) 100vw, 660px\" \/><\/a><\/p>\n<p><strong>\u00a0<\/strong>[:]<\/p>\n","protected":false},"excerpt":{"rendered":"<p>[:es]&nbsp; COLLOQUE INTERNATIONAL Centenaire de l\u2019OIT L&#8217;impact des normes de l&#8217;OIT sur la sc\u00e8ne internationale Paris, 24 septembre 2019 8h30-16h30 Universit\u00e9 Paris 1 Panth\u00e9on-Sorbonne &nbsp; PROGRAMME &nbsp; FORMULAIRE fran\u00e7ais\u00a0 &nbsp; FORMULAIRE english &nbsp; &nbsp; PRESENTACIONES POWERPOINT Y P\u00d3STERES https:\/\/www.pantheonsorbonne.fr\/ufr\/isst\/colloque-international-sur-le-centenaire-de-loit\/\u00a0 &nbsp;<a class=\"more-link\" href=\"https:\/\/www.cielolaboral.com\/fr\/seminario-oit-paris\/\" title=\"SEMINARIO OIT PAR\u00cdS\"><span>Read more<\/span><\/a><\/p>\n","protected":false},"author":16,"featured_media":0,"parent":0,"menu_order":0,"comment_status":"closed","ping_status":"closed","template":"","meta":{"footnotes":""},"class_list":["post-8792","page","type-page","status-publish","hentry"],"yoast_head":"<!-- This site is optimized with the Yoast SEO plugin v27.2 - https:\/\/yoast.com\/product\/yoast-seo-wordpress\/ -->\n<title>SEMINARIO OIT PAR\u00cdS - cielolaboral<\/title>\n<meta name=\"robots\" content=\"index, follow, max-snippet:-1, max-image-preview:large, max-video-preview:-1\" \/>\n<link rel=\"canonical\" href=\"https:\/\/www.cielolaboral.com\/fr\/seminario-oit-paris\/\" \/>\n<meta property=\"og:locale\" content=\"fr_FR\" \/>\n<meta property=\"og:type\" content=\"article\" \/>\n<meta property=\"og:title\" content=\"SEMINARIO OIT PAR\u00cdS - cielolaboral\" \/>\n<meta property=\"og:description\" content=\"[:es]&nbsp; COLLOQUE INTERNATIONAL Centenaire de l\u2019OIT L&#8217;impact des normes de l&#8217;OIT sur la sc\u00e8ne internationale Paris, 24 septembre 2019 8h30-16h30 Universit\u00e9 Paris 1 Panth\u00e9on-Sorbonne &nbsp; PROGRAMME &nbsp; FORMULAIRE fran\u00e7ais\u00a0 &nbsp; FORMULAIRE english &nbsp; &nbsp; PRESENTACIONES POWERPOINT Y P\u00d3STERES https:\/\/www.pantheonsorbonne.fr\/ufr\/isst\/colloque-international-sur-le-centenaire-de-loit\/\u00a0 &nbsp;Read more\" \/>\n<meta property=\"og:url\" content=\"https:\/\/www.cielolaboral.com\/fr\/seminario-oit-paris\/\" \/>\n<meta property=\"og:site_name\" content=\"cielolaboral\" \/>\n<meta property=\"article:publisher\" content=\"https:\/\/www.facebook.com\/CIELO-Comunidad-para-la-Investigacin-y-el-Estudio-Laboral-y-Ocupacional-456411237893494\" \/>\n<meta property=\"og:image\" content=\"https:\/\/www.cielolaboral.com\/wp-content\/uploads\/2014\/02\/pdf_icon.png\" \/>\n<meta name=\"twitter:card\" content=\"summary_large_image\" \/>\n<meta name=\"twitter:site\" content=\"@CIELOlaboral\" \/>\n<meta name=\"twitter:label1\" content=\"Dur\u00e9e de lecture estim\u00e9e\" \/>\n\t<meta name=\"twitter:data1\" content=\"1 minute\" \/>\n<script type=\"application\/ld+json\" class=\"yoast-schema-graph\">{\"@context\":\"https:\/\/schema.org\",\"@graph\":[{\"@type\":\"WebPage\",\"@id\":\"https:\/\/www.cielolaboral.com\/fr\/seminario-oit-paris\/\",\"url\":\"https:\/\/www.cielolaboral.com\/fr\/seminario-oit-paris\/\",\"name\":\"SEMINARIO OIT PAR\u00cdS - cielolaboral\",\"isPartOf\":{\"@id\":\"https:\/\/www.cielolaboral.com\/#website\"},\"primaryImageOfPage\":{\"@id\":\"https:\/\/www.cielolaboral.com\/fr\/seminario-oit-paris\/#primaryimage\"},\"image\":{\"@id\":\"https:\/\/www.cielolaboral.com\/fr\/seminario-oit-paris\/#primaryimage\"},\"thumbnailUrl\":\"https:\/\/www.cielolaboral.com\/wp-content\/uploads\/2014\/02\/pdf_icon.png\",\"datePublished\":\"2019-02-18T08:29:57+00:00\",\"breadcrumb\":{\"@id\":\"https:\/\/www.cielolaboral.com\/fr\/seminario-oit-paris\/#breadcrumb\"},\"inLanguage\":\"fr-FR\",\"potentialAction\":[{\"@type\":\"ReadAction\",\"target\":[\"https:\/\/www.cielolaboral.com\/fr\/seminario-oit-paris\/\"]}]},{\"@type\":\"ImageObject\",\"inLanguage\":\"fr-FR\",\"@id\":\"https:\/\/www.cielolaboral.com\/fr\/seminario-oit-paris\/#primaryimage\",\"url\":\"https:\/\/www.cielolaboral.com\/wp-content\/uploads\/2014\/02\/pdf_icon.png\",\"contentUrl\":\"https:\/\/www.cielolaboral.com\/wp-content\/uploads\/2014\/02\/pdf_icon.png\"},{\"@type\":\"BreadcrumbList\",\"@id\":\"https:\/\/www.cielolaboral.com\/fr\/seminario-oit-paris\/#breadcrumb\",\"itemListElement\":[{\"@type\":\"ListItem\",\"position\":1,\"name\":\"Home\",\"item\":\"https:\/\/www.cielolaboral.com\/\"},{\"@type\":\"ListItem\",\"position\":2,\"name\":\"SEMINARIO OIT PAR\u00cdS\"}]},{\"@type\":\"WebSite\",\"@id\":\"https:\/\/www.cielolaboral.com\/#website\",\"url\":\"https:\/\/www.cielolaboral.com\/\",\"name\":\"cielolaboral\",\"description\":\"\",\"publisher\":{\"@id\":\"https:\/\/www.cielolaboral.com\/#organization\"},\"potentialAction\":[{\"@type\":\"SearchAction\",\"target\":{\"@type\":\"EntryPoint\",\"urlTemplate\":\"https:\/\/www.cielolaboral.com\/?s={search_term_string}\"},\"query-input\":{\"@type\":\"PropertyValueSpecification\",\"valueRequired\":true,\"valueName\":\"search_term_string\"}}],\"inLanguage\":\"fr-FR\"},{\"@type\":\"Organization\",\"@id\":\"https:\/\/www.cielolaboral.com\/#organization\",\"name\":\"cielolaboral\",\"url\":\"https:\/\/www.cielolaboral.com\/\",\"logo\":{\"@type\":\"ImageObject\",\"inLanguage\":\"fr-FR\",\"@id\":\"https:\/\/www.cielolaboral.com\/#\/schema\/logo\/image\/\",\"url\":\"https:\/\/www.cielolaboral.com\/wp-content\/uploads\/2020\/09\/cropped-logo_CIELO_2.png\",\"contentUrl\":\"https:\/\/www.cielolaboral.com\/wp-content\/uploads\/2020\/09\/cropped-logo_CIELO_2.png\",\"width\":512,\"height\":512,\"caption\":\"cielolaboral\"},\"image\":{\"@id\":\"https:\/\/www.cielolaboral.com\/#\/schema\/logo\/image\/\"},\"sameAs\":[\"https:\/\/www.facebook.com\/CIELO-Comunidad-para-la-Investigacin-y-el-Estudio-Laboral-y-Ocupacional-456411237893494\",\"https:\/\/x.com\/CIELOlaboral\"]}]}<\/script>\n<!-- \/ Yoast SEO plugin. -->","yoast_head_json":{"title":"SEMINARIO OIT PAR\u00cdS - cielolaboral","robots":{"index":"index","follow":"follow","max-snippet":"max-snippet:-1","max-image-preview":"max-image-preview:large","max-video-preview":"max-video-preview:-1"},"canonical":"https:\/\/www.cielolaboral.com\/fr\/seminario-oit-paris\/","og_locale":"fr_FR","og_type":"article","og_title":"SEMINARIO OIT PAR\u00cdS - cielolaboral","og_description":"[:es]&nbsp; COLLOQUE INTERNATIONAL Centenaire de l\u2019OIT L&#8217;impact des normes de l&#8217;OIT sur la sc\u00e8ne internationale Paris, 24 septembre 2019 8h30-16h30 Universit\u00e9 Paris 1 Panth\u00e9on-Sorbonne &nbsp; PROGRAMME &nbsp; FORMULAIRE fran\u00e7ais\u00a0 &nbsp; FORMULAIRE english &nbsp; &nbsp; PRESENTACIONES POWERPOINT Y P\u00d3STERES https:\/\/www.pantheonsorbonne.fr\/ufr\/isst\/colloque-international-sur-le-centenaire-de-loit\/\u00a0 &nbsp;Read more","og_url":"https:\/\/www.cielolaboral.com\/fr\/seminario-oit-paris\/","og_site_name":"cielolaboral","article_publisher":"https:\/\/www.facebook.com\/CIELO-Comunidad-para-la-Investigacin-y-el-Estudio-Laboral-y-Ocupacional-456411237893494","og_image":[{"url":"https:\/\/www.cielolaboral.com\/wp-content\/uploads\/2014\/02\/pdf_icon.png","type":"","width":"","height":""}],"twitter_card":"summary_large_image","twitter_site":"@CIELOlaboral","twitter_misc":{"Dur\u00e9e de lecture estim\u00e9e":"1 minute"},"schema":{"@context":"https:\/\/schema.org","@graph":[{"@type":"WebPage","@id":"https:\/\/www.cielolaboral.com\/fr\/seminario-oit-paris\/","url":"https:\/\/www.cielolaboral.com\/fr\/seminario-oit-paris\/","name":"SEMINARIO OIT PAR\u00cdS - cielolaboral","isPartOf":{"@id":"https:\/\/www.cielolaboral.com\/#website"},"primaryImageOfPage":{"@id":"https:\/\/www.cielolaboral.com\/fr\/seminario-oit-paris\/#primaryimage"},"image":{"@id":"https:\/\/www.cielolaboral.com\/fr\/seminario-oit-paris\/#primaryimage"},"thumbnailUrl":"https:\/\/www.cielolaboral.com\/wp-content\/uploads\/2014\/02\/pdf_icon.png","datePublished":"2019-02-18T08:29:57+00:00","breadcrumb":{"@id":"https:\/\/www.cielolaboral.com\/fr\/seminario-oit-paris\/#breadcrumb"},"inLanguage":"fr-FR","potentialAction":[{"@type":"ReadAction","target":["https:\/\/www.cielolaboral.com\/fr\/seminario-oit-paris\/"]}]},{"@type":"ImageObject","inLanguage":"fr-FR","@id":"https:\/\/www.cielolaboral.com\/fr\/seminario-oit-paris\/#primaryimage","url":"https:\/\/www.cielolaboral.com\/wp-content\/uploads\/2014\/02\/pdf_icon.png","contentUrl":"https:\/\/www.cielolaboral.com\/wp-content\/uploads\/2014\/02\/pdf_icon.png"},{"@type":"BreadcrumbList","@id":"https:\/\/www.cielolaboral.com\/fr\/seminario-oit-paris\/#breadcrumb","itemListElement":[{"@type":"ListItem","position":1,"name":"Home","item":"https:\/\/www.cielolaboral.com\/"},{"@type":"ListItem","position":2,"name":"SEMINARIO OIT PAR\u00cdS"}]},{"@type":"WebSite","@id":"https:\/\/www.cielolaboral.com\/#website","url":"https:\/\/www.cielolaboral.com\/","name":"cielolaboral","description":"","publisher":{"@id":"https:\/\/www.cielolaboral.com\/#organization"},"potentialAction":[{"@type":"SearchAction","target":{"@type":"EntryPoint","urlTemplate":"https:\/\/www.cielolaboral.com\/?s={search_term_string}"},"query-input":{"@type":"PropertyValueSpecification","valueRequired":true,"valueName":"search_term_string"}}],"inLanguage":"fr-FR"},{"@type":"Organization","@id":"https:\/\/www.cielolaboral.com\/#organization","name":"cielolaboral","url":"https:\/\/www.cielolaboral.com\/","logo":{"@type":"ImageObject","inLanguage":"fr-FR","@id":"https:\/\/www.cielolaboral.com\/#\/schema\/logo\/image\/","url":"https:\/\/www.cielolaboral.com\/wp-content\/uploads\/2020\/09\/cropped-logo_CIELO_2.png","contentUrl":"https:\/\/www.cielolaboral.com\/wp-content\/uploads\/2020\/09\/cropped-logo_CIELO_2.png","width":512,"height":512,"caption":"cielolaboral"},"image":{"@id":"https:\/\/www.cielolaboral.com\/#\/schema\/logo\/image\/"},"sameAs":["https:\/\/www.facebook.com\/CIELO-Comunidad-para-la-Investigacin-y-el-Estudio-Laboral-y-Ocupacional-456411237893494","https:\/\/x.com\/CIELOlaboral"]}]}},"_links":{"self":[{"href":"https:\/\/www.cielolaboral.com\/fr\/wp-json\/wp\/v2\/pages\/8792","targetHints":{"allow":["GET"]}}],"collection":[{"href":"https:\/\/www.cielolaboral.com\/fr\/wp-json\/wp\/v2\/pages"}],"about":[{"href":"https:\/\/www.cielolaboral.com\/fr\/wp-json\/wp\/v2\/types\/page"}],"author":[{"embeddable":true,"href":"https:\/\/www.cielolaboral.com\/fr\/wp-json\/wp\/v2\/users\/16"}],"replies":[{"embeddable":true,"href":"https:\/\/www.cielolaboral.com\/fr\/wp-json\/wp\/v2\/comments?post=8792"}],"version-history":[{"count":0,"href":"https:\/\/www.cielolaboral.com\/fr\/wp-json\/wp\/v2\/pages\/8792\/revisions"}],"wp:attachment":[{"href":"https:\/\/www.cielolaboral.com\/fr\/wp-json\/wp\/v2\/media?parent=8792"}],"curies":[{"name":"wp","href":"https:\/\/api.w.org\/{rel}","templated":true}]}}