{"id":6639,"date":"2017-10-18T08:30:47","date_gmt":"2017-10-18T08:30:47","guid":{"rendered":"http:\/\/www.cielolaboral.com\/?page_id=6639"},"modified":"2017-10-18T08:30:47","modified_gmt":"2017-10-18T08:30:47","slug":"2o-congreso-mundial-cielo-laboral-2018","status":"publish","type":"page","link":"https:\/\/www.cielolaboral.com\/fr\/2o-congreso-mundial-cielo-laboral-2018\/","title":{"rendered":"2\u00ba CONGRESO MUNDIAL CIELO LABORAL 2018"},"content":{"rendered":"<p>[:es]<\/p>\n<h2><\/h2>\n<h2 style=\"text-align: center;\"><span style=\"color: #cc1010;\"><strong>2\u00ba CONGRESO MUNDIAL CIELO LABORAL 2018<\/strong><\/span><\/h2>\n<h2 style=\"text-align: center;\"><span style=\"color: #cc1010;\"><strong>\u00a0<\/strong><\/span><\/h2>\n<h2 style=\"text-align: center;\"><span style=\"color: #03038c;\"><strong>\u201cCUARTA REVOLUCI\u00d3N INDUSTRIAL Y GLOBALIZACI\u00d3N: <\/strong><\/span><\/h2>\n<h2 style=\"text-align: center;\"><span style=\"color: #03038c;\"><strong>LA PROTECCI\u00d3N DEL EMPLEO, LA SALUD Y VIDA PRIVADA DE LOS TRABAJADORES ANTE LOS DESAF\u00cdOS DEL FUTURO\u201d<\/strong><\/span><\/h2>\n<h2 style=\"text-align: center;\"><span style=\"color: #03038c;\"><strong>12 y 13 de octubre de 2018<\/strong><\/span><\/h2>\n<h2 style=\"text-align: center;\"><span style=\"color: #03038c;\"><strong>Universidad de la Rep\u00fablica. Facultad de Derecho<\/strong><\/span><\/h2>\n<h2 style=\"text-align: center;\"><span style=\"color: #03038c;\"><strong>Montevideo (Uruguay)<\/strong><strong><em>\u00a0<\/em><\/strong><\/span><\/h2>\n<h2 style=\"text-align: center;\"><span style=\"color: #03038c;\"><em><a href=\"https:\/\/www.cielolaboral.com\/wp-content\/uploads\/2015\/10\/twitter_bird.png\"><img decoding=\"async\" class=\"alignnone size-full wp-image-2784\" src=\"https:\/\/www.cielolaboral.com\/wp-content\/uploads\/2015\/10\/twitter_bird.png\" alt=\"\" width=\"16\" height=\"16\" \/><\/a>@CIELOlaboral<\/em><\/span><\/h2>\n<p>&nbsp;<\/p>\n<h3 style=\"text-align: center;\"><a href=\"https:\/\/www.cielolaboral.com\/wp-content\/uploads\/2018\/02\/Cielo-2018-Inter\u00e9s-Ministerial.pdf\"><strong>*Declarado de Inter\u00e9s Ministerial por parte del Ministerio de Trabajo y Seguridad Social y por el Ministerio de Turismo de Uruguay*<\/strong><\/a><\/h3>\n<p>&nbsp;<\/p>\n<p><strong>PROGRAMA\u00a0<\/strong><\/p>\n<p class=\"gde-text\"><a href=\"https:\/\/cielolaboral.com\/wp-content\/uploads\/2018\/10\/programa-final-CONGRESO-CIELO-2018_8_OCTUBRE.pdf\" class=\"gde-link\">Download (PDF, 313KB)<\/a><\/p>\n<iframe src=\"\/\/docs.google.com\/viewer?url=https%3A%2F%2Fcielolaboral.com%2Fwp-content%2Fuploads%2F2018%2F10%2Fprograma-final-CONGRESO-CIELO-2018_8_OCTUBRE.pdf&hl=en_US&embedded=true\" class=\"gde-frame\" style=\"width:100%; height:500px; border: none;\" scrolling=\"no\"><\/iframe>\n<p><strong>ENTIDADES COLABORADORAS Y PATROCINADORAS<\/strong><\/p>\n<p class=\"gde-text\"><a href=\"https:\/\/cielolaboral.com\/wp-content\/uploads\/2018\/10\/entes_colaboradores_2_congreso_mundial_cielo.pdf\" class=\"gde-link\">Download (PDF, 7.92MB)<\/a><\/p>\n<iframe src=\"\/\/docs.google.com\/viewer?url=https%3A%2F%2Fcielolaboral.com%2Fwp-content%2Fuploads%2F2018%2F10%2Fentes_colaboradores_2_congreso_mundial_cielo.pdf&hl=en_US&embedded=true\" class=\"gde-frame\" style=\"width:100%; height:500px; border: none;\" scrolling=\"no\"><\/iframe>\n<p><strong>BOOKLET &#8211; LIBRO DEL CONGRESO<\/strong><\/p>\n<p class=\"gde-text\"><a href=\"https:\/\/cielolaboral.com\/wp-content\/uploads\/2018\/10\/Booklet-Congreso-Mundial-Montevideo-2018.pdf\" class=\"gde-link\">Download (PDF, 13.62MB)<\/a><\/p>\n\n<p>&nbsp;<\/p>\n<p><strong>CONCLUSIONES GENERALES DEL CONGRESO\u00a0<a href=\"https:\/\/cielolaboral.com\/wp-content\/uploads\/2018\/10\/Conclusiones-Generales-2-Congreso-Cielo.pdf\"><img decoding=\"async\" class=\"alignnone size-full wp-image-374\" src=\"https:\/\/www.cielolaboral.com\/wp-content\/uploads\/2014\/02\/pdf_icon.png\" alt=\"\" width=\"16\" height=\"16\" \/><\/a><\/strong><\/p>\n<p>&nbsp;<\/p>\n<p><strong>CALL FOR PAPERS &#8211; Plazo env\u00edo propuesta de ponencias 31 mayo 2018<\/strong><\/p>\n<p class=\"gde-text\"><a href=\"https:\/\/www.cielolaboral.com\/wp-content\/uploads\/2018\/02\/cfp_2_congreso_mundial_cielo_laboral.pdf\" class=\"gde-link\">Download (PDF, 257KB)<\/a><\/p>\n<iframe src=\"\/\/docs.google.com\/viewer?url=https%3A%2F%2Fwww.cielolaboral.com%2Fwp-content%2Fuploads%2F2018%2F02%2Fcfp_2_congreso_mundial_cielo_laboral.pdf&hl=en_US&embedded=true\" class=\"gde-frame\" style=\"width:100%; height:500px; border: none;\" scrolling=\"no\"><\/iframe>\n<p>&nbsp;<\/p>\n<p style=\"font-weight: 400;\"><strong>BECAS PREMIO CIELO LABORAL 2018 PARA J\u00d3VENES EUROPEOS\u00a0<a href=\"https:\/\/www.cielolaboral.com\/wp-content\/uploads\/2018\/01\/Becas_Congreso_CIELO_2018.pdf\"><img decoding=\"async\" class=\"alignnone size-full wp-image-374\" src=\"https:\/\/www.cielolaboral.com\/wp-content\/uploads\/2014\/02\/pdf_icon.png\" alt=\"\" width=\"16\" height=\"16\" \/><\/a><\/strong><\/p>\n<p><strong>BECAS PREMIO CIELO LABORAL 2018 PARA J\u00d3VENES LATINOAMERICANOS\u00a0<a href=\"https:\/\/www.cielolaboral.com\/wp-content\/uploads\/2018\/05\/Becas_Congreso_CIELO_2018_AIAL.pdf\"><img decoding=\"async\" class=\"alignnone size-full wp-image-374\" src=\"https:\/\/www.cielolaboral.com\/wp-content\/uploads\/2014\/02\/pdf_icon.png\" alt=\"\" width=\"16\" height=\"16\" \/><\/a><\/strong><\/p>\n<p><strong>RESOLUCI\u00d3N BECAS-PREMIO CIELO LABORAL 2018\u00a0<a href=\"https:\/\/www.cielolaboral.com\/wp-content\/uploads\/2018\/06\/Resoluci\u00f3n-Becas-premio-CIELO-Laboral.pdf\"><img decoding=\"async\" class=\"alignnone size-full wp-image-374\" src=\"https:\/\/www.cielolaboral.com\/wp-content\/uploads\/2014\/02\/pdf_icon.png\" alt=\"\" width=\"16\" height=\"16\" \/><\/a><\/strong><\/p>\n<p>&nbsp;<\/p>\n<p style=\"font-weight: 400;\"><strong>ACUERDO DE PUBLICACI\u00d3N ENTRE CIELO Y THOMSON REUTERS DE LOS TRABAJOS (SELECCIONADOS) DEL CONGRESO MUNDIAL\u00a0<a href=\"https:\/\/www.cielolaboral.com\/wp-content\/uploads\/2018\/03\/Acuerdo-previo-publicaci\u00f3n.pdf\"><img decoding=\"async\" class=\"alignnone size-full wp-image-374\" src=\"https:\/\/www.cielolaboral.com\/wp-content\/uploads\/2014\/02\/pdf_icon.png\" alt=\"\" width=\"16\" height=\"16\" \/><\/a><\/strong><\/p>\n<p style=\"font-weight: 400;\"><strong>FORMATO PARA REDACTAR LOS TRABAJOS (ORIGINALES) A PRESENTAR AL 2\u00ba CONGRESO MUNDIAL DE CIELO LABORAL<a href=\"https:\/\/www.cielolaboral.com\/wp-content\/uploads\/2018\/05\/Normas_presentaci\u00f3n_trabajos_2_-Congreso_Mundial_CIELO.pdf\"><img decoding=\"async\" class=\"alignnone size-full wp-image-374\" src=\"https:\/\/www.cielolaboral.com\/wp-content\/uploads\/2014\/02\/pdf_icon.png\" alt=\"\" width=\"16\" height=\"16\" \/><\/a><\/strong><\/p>\n<p style=\"font-weight: 400;\"><strong>NORMAS DE REDA\u00c7\u00c3O DOS TRABALHOS (ORIGINAIS) A SEREM SUBMETIDOS AO 2\u00ba CONGRESSO MUNDIAL DE TRABALHO DA CIELO LABORAL\u00a0<a href=\"https:\/\/www.cielolaboral.com\/wp-content\/uploads\/2018\/05\/Forma-de-presentar-los-trabajos-del-2\u00ba-Congreso-Mundial-CIELO-PT.pdf\"><img decoding=\"async\" class=\"alignnone size-full wp-image-374\" src=\"https:\/\/www.cielolaboral.com\/wp-content\/uploads\/2014\/02\/pdf_icon.png\" alt=\"\" width=\"16\" height=\"16\" \/><\/a><\/strong><\/p>\n<p>&nbsp;<\/p>\n<p><strong><a href=\"https:\/\/www.cielolaboral.com\/wp-content\/uploads\/2018\/02\/formulario_inscripci\u00f3n_II_Congreso_CIELO.docx\">FORMULARIO INSCRIPCI\u00d3N<\/a>\u00a0<a href=\"https:\/\/www.cielolaboral.com\/wp-content\/uploads\/2018\/02\/formulario_inscripci\u00f3n_II_Congreso_CIELO.docx\"><img decoding=\"async\" class=\"alignnone size-full wp-image-374\" src=\"https:\/\/www.cielolaboral.com\/wp-content\/uploads\/2014\/02\/pdf_icon.png\" alt=\"\" width=\"16\" height=\"16\" \/><\/a><\/strong><\/p>\n<p>&nbsp;<\/p>\n<p><strong><a href=\"https:\/\/www.cielolaboral.com\/wp-content\/uploads\/2017\/11\/formulario_abstract_II_Congreso_CIELO.docx\">FORMULARIO ENV\u00cdO ABSTRACT PONENCIA\/ POSTER\/ PRESENTACI\u00d3N LIBRO<\/a>\u00a0<a href=\"https:\/\/www.cielolaboral.com\/wp-content\/uploads\/2017\/11\/formulario_abstract_II_Congreso_CIELO.docx\"><img decoding=\"async\" class=\"alignnone size-full wp-image-374\" src=\"https:\/\/www.cielolaboral.com\/wp-content\/uploads\/2014\/02\/pdf_icon.png\" alt=\"\" width=\"16\" height=\"16\" \/><\/a><\/strong><\/p>\n<p>&nbsp;<\/p>\n<p><strong><a href=\"https:\/\/www.cielolaboral.com\/wp-content\/uploads\/2017\/11\/formulario_abstract_seminario_II_Congreso_CIELO.docx\">FORMULARIO ENV\u00cdO ABSTRACT SEMINARIO<\/a>\u00a0<a href=\"https:\/\/www.cielolaboral.com\/wp-content\/uploads\/2017\/11\/formulario_abstract_seminario_II_Congreso_CIELO.docx\"><img decoding=\"async\" class=\"alignnone size-full wp-image-374\" src=\"https:\/\/www.cielolaboral.com\/wp-content\/uploads\/2014\/02\/pdf_icon.png\" alt=\"\" width=\"16\" height=\"16\" \/><\/a><\/strong><\/p>\n<p>&nbsp;<\/p>\n<p><strong>INFORMACI\u00d3N ADICIONAL\u00a0<a href=\"https:\/\/www.cielolaboral.com\/wp-content\/uploads\/2017\/10\/informaci\u00f3n_adicional_II_Congreso_CIELO.docx\"><img decoding=\"async\" class=\"alignnone size-full wp-image-374\" src=\"https:\/\/www.cielolaboral.com\/wp-content\/uploads\/2014\/02\/pdf_icon.png\" alt=\"\" width=\"16\" height=\"16\" \/><\/a><\/strong><\/p>\n<p>&nbsp;<\/p>\n<p><a href=\"https:\/\/www.dropbox.com\/sh\/doy1xamt7rcr85p\/AADpfFP-rALSdKK2RuNbTSFma?dl=0\"><strong>\u00c1LBUM DE FOTOS\u00a0<\/strong><\/a><\/p>\n<p>&nbsp;<\/p>\n<p><a href=\"https:\/\/moodle.adaptland.it\/mod\/folder\/view.php?id=22815\"><strong>DIAPOSITIVAS PRESENTADAS EN EL CONGRESO<\/strong><\/a><\/p>\n<p>&nbsp;<\/p>\n<p><strong>CARTEL<\/strong><\/p>\n<p>&nbsp;<\/p>\n<p class=\"gde-text\"><a href=\"https:\/\/www.cielolaboral.com\/wp-content\/uploads\/2017\/11\/cartel_2_congreso_cielo.pdf\" class=\"gde-link\">Download (PDF, 437KB)<\/a><\/p>\n<iframe src=\"\/\/docs.google.com\/viewer?url=https%3A%2F%2Fwww.cielolaboral.com%2Fwp-content%2Fuploads%2F2017%2F11%2Fcartel_2_congreso_cielo.pdf&hl=en_US&embedded=true\" class=\"gde-frame\" style=\"width:100%; height:500px; border: none;\" scrolling=\"no\"><\/iframe>\n<p>&nbsp;[:fr]<\/p>\n<div class=\"page\" title=\"Page 1\">\n<div class=\"layoutArea\">\n<div class=\"column\">\n<h2 style=\"text-align: center;\"><strong><span style=\"color: #c21010;\">2o CONGR\u00c8S MONDIAL DU R\u00c9SEAU PROFESSIONNEL CIELO 2018<\/span><\/strong><\/h2>\n<p>&nbsp;<\/p>\n<h2 style=\"text-align: center;\"><strong><span style=\"color: #0c0c99;\">\u201cQUATRI\u00c8ME R\u00c9VOLUTION INDUSTRIELLE ET GLOBALISATION:\u00a0<\/span><\/strong><strong><span style=\"color: #0c0c99;\">LA PROTECTION DE L\u2019EMPLOI, LA SANT\u00c9 ET LA VIE PRIV\u00c9E DES TRAVAILLEURS FACE AUX D\u00c9FIS DU FUTUR\u201d<\/span><\/strong><\/h2>\n<\/div>\n<\/div>\n<\/div>\n<div class=\"page\" title=\"Page 1\">\n<div class=\"layoutArea\">\n<div class=\"column\">\n<h2 style=\"text-align: center;\"><strong><span style=\"color: #0c0c99;\">12 et 13 octobre 2018 <\/span><\/strong><\/h2>\n<h2 style=\"text-align: center;\"><strong><span style=\"color: #0c0c99;\">Facult\u00e9 de Droit Universit\u00e9 de la R\u00e9publique Montevideo (Uruguay)<\/span><\/strong><\/h2>\n<h2 style=\"text-align: center;\"><strong><span style=\"color: #0c0c99;\">@CIELOlaboral<\/span><\/strong><\/h2>\n<p>&nbsp;<\/p>\n<p><strong>PROGRAMME\u00a0<\/strong><\/p>\n<p><p class=\"gde-text\"><a href=\"https:\/\/cielolaboral.com\/wp-content\/uploads\/2018\/10\/programa-final-CONGRESO-CIELO-2018_8_OCTUBRE.pdf\" class=\"gde-link\">Download (PDF, 313KB)<\/a><\/p>\n<iframe src=\"\/\/docs.google.com\/viewer?url=https%3A%2F%2Fcielolaboral.com%2Fwp-content%2Fuploads%2F2018%2F10%2Fprograma-final-CONGRESO-CIELO-2018_8_OCTUBRE.pdf&hl=en_US&embedded=true\" class=\"gde-frame\" style=\"width:100%; height:500px; border: none;\" scrolling=\"no\"><\/iframe><br \/>\n<strong>BOOKLET<\/strong><\/p>\n<p class=\"gde-text\"><a href=\"https:\/\/cielolaboral.com\/wp-content\/uploads\/2018\/10\/Booklet-Congreso-Mundial-Montevideo-2018.pdf\" class=\"gde-link\">Download (PDF, 13.62MB)<\/a><\/p>\n\n<\/div>\n<\/div>\n<\/div>\n<p>&nbsp;<\/p>\n<p><strong>INSTITUTIONS ORGANISATRICES, COLLABORATRICES ET ORGANISMES DE PARRAINAGE<\/strong><\/p>\n<p class=\"gde-text\"><a href=\"https:\/\/cielolaboral.com\/wp-content\/uploads\/2018\/10\/entes_colaboradores_2_congreso_mundial_cielo_FR.pdf\" class=\"gde-link\">Download (PDF, 8.05MB)<\/a><\/p>\n<iframe src=\"\/\/docs.google.com\/viewer?url=https%3A%2F%2Fcielolaboral.com%2Fwp-content%2Fuploads%2F2018%2F10%2Fentes_colaboradores_2_congreso_mundial_cielo_FR.pdf&hl=en_US&embedded=true\" class=\"gde-frame\" style=\"width:100%; height:500px; border: none;\" scrolling=\"no\"><\/iframe>\n<div class=\"page\" title=\"Page 1\">\n<div class=\"layoutArea\">\n<div class=\"column\">\n<p><strong>APPEL A CONTRIBUTIONS<\/strong><\/p>\n<\/div>\n<p class=\"gde-text\"><a href=\"https:\/\/www.cielolaboral.com\/wp-content\/uploads\/2018\/02\/cfp_2_congres_mondial_CIELO_francais.pdf\" class=\"gde-link\">Download (PDF, 516KB)<\/a><\/p>\n<iframe src=\"\/\/docs.google.com\/viewer?url=https%3A%2F%2Fwww.cielolaboral.com%2Fwp-content%2Fuploads%2F2018%2F02%2Fcfp_2_congres_mondial_CIELO_francais.pdf&hl=en_US&embedded=true\" class=\"gde-frame\" style=\"width:100%; height:500px; border: none;\" scrolling=\"no\"><\/iframe>\n<p><strong>BOURSES D\u2019EXCELLENCE CIELO LABORAL 2018\u00a0<a href=\"https:\/\/www.cielolaboral.com\/wp-content\/uploads\/2018\/01\/Bourses_Congres_CIELO_2018.pdf\"><img decoding=\"async\" class=\"alignnone size-full wp-image-374\" src=\"https:\/\/www.cielolaboral.com\/wp-content\/uploads\/2014\/02\/pdf_icon.png\" alt=\"\" width=\"16\" height=\"16\" \/><\/a><\/strong><\/p>\n<p><strong>RESOLUCI\u00d3N BECAS-PREMIO CIELO LABORAL 2018\u00a0<a href=\"https:\/\/www.cielolaboral.com\/wp-content\/uploads\/2018\/06\/Resoluci\u00f3n-Becas-premio-CIELO-Laboral.pdf\"><img decoding=\"async\" class=\"alignnone size-full wp-image-374\" src=\"https:\/\/www.cielolaboral.com\/wp-content\/uploads\/2014\/02\/pdf_icon.png\" alt=\"\" width=\"16\" height=\"16\" \/><\/a><\/strong><\/p>\n<p>&nbsp;<\/p>\n<p><strong>NORMES DE PR\u00c9SENTATION REQUISES POUR LA R\u00c9DACTION DES TRAVAUX (ORIGINAUX) PR\u00c9SENT\u00c9S DANS LE CADRE DU 2e CONGRES MONDIAL DU R\u00c9SEAU CIELO\u00a0<a href=\"https:\/\/www.cielolaboral.com\/wp-content\/uploads\/2018\/05\/Normes-de-presentations-des-travaux-2e-Congres-Mondial-CIELO.pdf\"><img decoding=\"async\" class=\"alignnone size-full wp-image-374\" src=\"https:\/\/www.cielolaboral.com\/wp-content\/uploads\/2014\/02\/pdf_icon.png\" alt=\"\" width=\"16\" height=\"16\" \/><\/a><\/strong><\/p>\n<p>&nbsp;<\/p>\n<p><a href=\"https:\/\/www.dropbox.com\/home\/CIELO\/eventi_cielo\/2%20Congreso%20CIELO\/fotos_2_Congreso_CIELO\"><strong>\u00c1LBUM DE FOTOS\u00a0<\/strong><\/a><\/p>\n<p>&nbsp;<\/p>\n<p><a href=\"https:\/\/moodle.adaptland.it\/mod\/folder\/view.php?id=22815\"><strong>DIAPOSITIVAS PRESENTADAS EN EL CONGRESO<\/strong><\/a><\/p>\n<p>&nbsp;<\/p>\n<\/div>\n<\/div>\n<p><strong>AFFICHE<\/strong><\/p>\n<p><a href=\"https:\/\/www.cielolaboral.com\/wp-content\/uploads\/2018\/01\/Affiche_congres_mondial_CIELO_2018.png\"><img fetchpriority=\"high\" decoding=\"async\" class=\"alignnone wp-image-6961 size-large\" src=\"https:\/\/www.cielolaboral.com\/wp-content\/uploads\/2018\/01\/Affiche_congres_mondial_CIELO_2018-725x1024.png\" alt=\"\" width=\"660\" height=\"932\" srcset=\"https:\/\/www.cielolaboral.com\/wp-content\/uploads\/2018\/01\/Affiche_congres_mondial_CIELO_2018-725x1024.png 725w, https:\/\/www.cielolaboral.com\/wp-content\/uploads\/2018\/01\/Affiche_congres_mondial_CIELO_2018-212x300.png 212w, https:\/\/www.cielolaboral.com\/wp-content\/uploads\/2018\/01\/Affiche_congres_mondial_CIELO_2018-768x1085.png 768w, https:\/\/www.cielolaboral.com\/wp-content\/uploads\/2018\/01\/Affiche_congres_mondial_CIELO_2018-1087x1536.png 1087w, https:\/\/www.cielolaboral.com\/wp-content\/uploads\/2018\/01\/Affiche_congres_mondial_CIELO_2018-1450x2048.png 1450w, https:\/\/www.cielolaboral.com\/wp-content\/uploads\/2018\/01\/Affiche_congres_mondial_CIELO_2018.png 1969w\" sizes=\"(max-width: 660px) 100vw, 660px\" \/><\/a>[:]<\/p>\n","protected":false},"excerpt":{"rendered":"<p>[:es] 2\u00ba CONGRESO MUNDIAL CIELO LABORAL 2018 \u00a0 \u201cCUARTA REVOLUCI\u00d3N INDUSTRIAL Y GLOBALIZACI\u00d3N: LA PROTECCI\u00d3N DEL EMPLEO, LA SALUD Y VIDA PRIVADA DE LOS TRABAJADORES ANTE LOS DESAF\u00cdOS DEL FUTURO\u201d 12 y 13 de octubre de 2018 Universidad de la<a class=\"more-link\" href=\"https:\/\/www.cielolaboral.com\/fr\/2o-congreso-mundial-cielo-laboral-2018\/\" title=\"2\u00ba CONGRESO MUNDIAL CIELO LABORAL 2018\"><span>Read more<\/span><\/a><\/p>\n","protected":false},"author":16,"featured_media":0,"parent":0,"menu_order":0,"comment_status":"closed","ping_status":"closed","template":"","meta":{"footnotes":""},"class_list":["post-6639","page","type-page","status-publish","hentry"],"yoast_head":"<!-- This site is optimized with the Yoast SEO plugin v27.2 - https:\/\/yoast.com\/product\/yoast-seo-wordpress\/ -->\n<title>2\u00ba CONGRESO MUNDIAL CIELO LABORAL 2018 - cielolaboral<\/title>\n<meta name=\"robots\" content=\"index, follow, max-snippet:-1, max-image-preview:large, max-video-preview:-1\" \/>\n<link rel=\"canonical\" href=\"https:\/\/www.cielolaboral.com\/fr\/2o-congreso-mundial-cielo-laboral-2018\/\" \/>\n<meta property=\"og:locale\" content=\"fr_FR\" \/>\n<meta property=\"og:type\" content=\"article\" \/>\n<meta property=\"og:title\" content=\"2\u00ba CONGRESO MUNDIAL CIELO LABORAL 2018 - cielolaboral\" \/>\n<meta property=\"og:description\" content=\"[:es] 2\u00ba CONGRESO MUNDIAL CIELO LABORAL 2018 \u00a0 \u201cCUARTA REVOLUCI\u00d3N INDUSTRIAL Y GLOBALIZACI\u00d3N: LA PROTECCI\u00d3N DEL EMPLEO, LA SALUD Y VIDA PRIVADA DE LOS TRABAJADORES ANTE LOS DESAF\u00cdOS DEL FUTURO\u201d 12 y 13 de octubre de 2018 Universidad de laRead more\" \/>\n<meta property=\"og:url\" content=\"https:\/\/www.cielolaboral.com\/fr\/2o-congreso-mundial-cielo-laboral-2018\/\" \/>\n<meta property=\"og:site_name\" content=\"cielolaboral\" \/>\n<meta property=\"article:publisher\" content=\"https:\/\/www.facebook.com\/CIELO-Comunidad-para-la-Investigacin-y-el-Estudio-Laboral-y-Ocupacional-456411237893494\" \/>\n<meta property=\"og:image\" content=\"https:\/\/www.cielolaboral.com\/wp-content\/uploads\/2015\/10\/twitter_bird.png\" \/>\n<meta name=\"twitter:card\" content=\"summary_large_image\" \/>\n<meta name=\"twitter:site\" content=\"@CIELOlaboral\" \/>\n<meta name=\"twitter:label1\" content=\"Dur\u00e9e de lecture estim\u00e9e\" \/>\n\t<meta name=\"twitter:data1\" content=\"2 minutes\" \/>\n<script type=\"application\/ld+json\" class=\"yoast-schema-graph\">{\"@context\":\"https:\/\/schema.org\",\"@graph\":[{\"@type\":\"WebPage\",\"@id\":\"https:\/\/www.cielolaboral.com\/2o-congreso-mundial-cielo-laboral-2018\/\",\"url\":\"https:\/\/www.cielolaboral.com\/2o-congreso-mundial-cielo-laboral-2018\/\",\"name\":\"2\u00ba CONGRESO MUNDIAL CIELO LABORAL 2018 - cielolaboral\",\"isPartOf\":{\"@id\":\"https:\/\/www.cielolaboral.com\/#website\"},\"primaryImageOfPage\":{\"@id\":\"https:\/\/www.cielolaboral.com\/2o-congreso-mundial-cielo-laboral-2018\/#primaryimage\"},\"image\":{\"@id\":\"https:\/\/www.cielolaboral.com\/2o-congreso-mundial-cielo-laboral-2018\/#primaryimage\"},\"thumbnailUrl\":\"https:\/\/www.cielolaboral.com\/wp-content\/uploads\/2015\/10\/twitter_bird.png\",\"datePublished\":\"2017-10-18T08:30:47+00:00\",\"breadcrumb\":{\"@id\":\"https:\/\/www.cielolaboral.com\/2o-congreso-mundial-cielo-laboral-2018\/#breadcrumb\"},\"inLanguage\":\"fr-FR\",\"potentialAction\":[{\"@type\":\"ReadAction\",\"target\":[\"https:\/\/www.cielolaboral.com\/2o-congreso-mundial-cielo-laboral-2018\/\"]}]},{\"@type\":\"ImageObject\",\"inLanguage\":\"fr-FR\",\"@id\":\"https:\/\/www.cielolaboral.com\/2o-congreso-mundial-cielo-laboral-2018\/#primaryimage\",\"url\":\"https:\/\/www.cielolaboral.com\/wp-content\/uploads\/2015\/10\/twitter_bird.png\",\"contentUrl\":\"https:\/\/www.cielolaboral.com\/wp-content\/uploads\/2015\/10\/twitter_bird.png\"},{\"@type\":\"BreadcrumbList\",\"@id\":\"https:\/\/www.cielolaboral.com\/2o-congreso-mundial-cielo-laboral-2018\/#breadcrumb\",\"itemListElement\":[{\"@type\":\"ListItem\",\"position\":1,\"name\":\"Home\",\"item\":\"https:\/\/www.cielolaboral.com\/\"},{\"@type\":\"ListItem\",\"position\":2,\"name\":\"2\u00ba CONGRESO MUNDIAL CIELO LABORAL 2018\"}]},{\"@type\":\"WebSite\",\"@id\":\"https:\/\/www.cielolaboral.com\/#website\",\"url\":\"https:\/\/www.cielolaboral.com\/\",\"name\":\"cielolaboral\",\"description\":\"\",\"publisher\":{\"@id\":\"https:\/\/www.cielolaboral.com\/#organization\"},\"potentialAction\":[{\"@type\":\"SearchAction\",\"target\":{\"@type\":\"EntryPoint\",\"urlTemplate\":\"https:\/\/www.cielolaboral.com\/?s={search_term_string}\"},\"query-input\":{\"@type\":\"PropertyValueSpecification\",\"valueRequired\":true,\"valueName\":\"search_term_string\"}}],\"inLanguage\":\"fr-FR\"},{\"@type\":\"Organization\",\"@id\":\"https:\/\/www.cielolaboral.com\/#organization\",\"name\":\"cielolaboral\",\"url\":\"https:\/\/www.cielolaboral.com\/\",\"logo\":{\"@type\":\"ImageObject\",\"inLanguage\":\"fr-FR\",\"@id\":\"https:\/\/www.cielolaboral.com\/#\/schema\/logo\/image\/\",\"url\":\"https:\/\/www.cielolaboral.com\/wp-content\/uploads\/2020\/09\/cropped-logo_CIELO_2.png\",\"contentUrl\":\"https:\/\/www.cielolaboral.com\/wp-content\/uploads\/2020\/09\/cropped-logo_CIELO_2.png\",\"width\":512,\"height\":512,\"caption\":\"cielolaboral\"},\"image\":{\"@id\":\"https:\/\/www.cielolaboral.com\/#\/schema\/logo\/image\/\"},\"sameAs\":[\"https:\/\/www.facebook.com\/CIELO-Comunidad-para-la-Investigacin-y-el-Estudio-Laboral-y-Ocupacional-456411237893494\",\"https:\/\/x.com\/CIELOlaboral\"]}]}<\/script>\n<!-- \/ Yoast SEO plugin. -->","yoast_head_json":{"title":"2\u00ba CONGRESO MUNDIAL CIELO LABORAL 2018 - cielolaboral","robots":{"index":"index","follow":"follow","max-snippet":"max-snippet:-1","max-image-preview":"max-image-preview:large","max-video-preview":"max-video-preview:-1"},"canonical":"https:\/\/www.cielolaboral.com\/fr\/2o-congreso-mundial-cielo-laboral-2018\/","og_locale":"fr_FR","og_type":"article","og_title":"2\u00ba CONGRESO MUNDIAL CIELO LABORAL 2018 - cielolaboral","og_description":"[:es] 2\u00ba CONGRESO MUNDIAL CIELO LABORAL 2018 \u00a0 \u201cCUARTA REVOLUCI\u00d3N INDUSTRIAL Y GLOBALIZACI\u00d3N: LA PROTECCI\u00d3N DEL EMPLEO, LA SALUD Y VIDA PRIVADA DE LOS TRABAJADORES ANTE LOS DESAF\u00cdOS DEL FUTURO\u201d 12 y 13 de octubre de 2018 Universidad de laRead more","og_url":"https:\/\/www.cielolaboral.com\/fr\/2o-congreso-mundial-cielo-laboral-2018\/","og_site_name":"cielolaboral","article_publisher":"https:\/\/www.facebook.com\/CIELO-Comunidad-para-la-Investigacin-y-el-Estudio-Laboral-y-Ocupacional-456411237893494","og_image":[{"url":"https:\/\/www.cielolaboral.com\/wp-content\/uploads\/2015\/10\/twitter_bird.png","type":"","width":"","height":""}],"twitter_card":"summary_large_image","twitter_site":"@CIELOlaboral","twitter_misc":{"Dur\u00e9e de lecture estim\u00e9e":"2 minutes"},"schema":{"@context":"https:\/\/schema.org","@graph":[{"@type":"WebPage","@id":"https:\/\/www.cielolaboral.com\/2o-congreso-mundial-cielo-laboral-2018\/","url":"https:\/\/www.cielolaboral.com\/2o-congreso-mundial-cielo-laboral-2018\/","name":"2\u00ba CONGRESO MUNDIAL CIELO LABORAL 2018 - cielolaboral","isPartOf":{"@id":"https:\/\/www.cielolaboral.com\/#website"},"primaryImageOfPage":{"@id":"https:\/\/www.cielolaboral.com\/2o-congreso-mundial-cielo-laboral-2018\/#primaryimage"},"image":{"@id":"https:\/\/www.cielolaboral.com\/2o-congreso-mundial-cielo-laboral-2018\/#primaryimage"},"thumbnailUrl":"https:\/\/www.cielolaboral.com\/wp-content\/uploads\/2015\/10\/twitter_bird.png","datePublished":"2017-10-18T08:30:47+00:00","breadcrumb":{"@id":"https:\/\/www.cielolaboral.com\/2o-congreso-mundial-cielo-laboral-2018\/#breadcrumb"},"inLanguage":"fr-FR","potentialAction":[{"@type":"ReadAction","target":["https:\/\/www.cielolaboral.com\/2o-congreso-mundial-cielo-laboral-2018\/"]}]},{"@type":"ImageObject","inLanguage":"fr-FR","@id":"https:\/\/www.cielolaboral.com\/2o-congreso-mundial-cielo-laboral-2018\/#primaryimage","url":"https:\/\/www.cielolaboral.com\/wp-content\/uploads\/2015\/10\/twitter_bird.png","contentUrl":"https:\/\/www.cielolaboral.com\/wp-content\/uploads\/2015\/10\/twitter_bird.png"},{"@type":"BreadcrumbList","@id":"https:\/\/www.cielolaboral.com\/2o-congreso-mundial-cielo-laboral-2018\/#breadcrumb","itemListElement":[{"@type":"ListItem","position":1,"name":"Home","item":"https:\/\/www.cielolaboral.com\/"},{"@type":"ListItem","position":2,"name":"2\u00ba CONGRESO MUNDIAL CIELO LABORAL 2018"}]},{"@type":"WebSite","@id":"https:\/\/www.cielolaboral.com\/#website","url":"https:\/\/www.cielolaboral.com\/","name":"cielolaboral","description":"","publisher":{"@id":"https:\/\/www.cielolaboral.com\/#organization"},"potentialAction":[{"@type":"SearchAction","target":{"@type":"EntryPoint","urlTemplate":"https:\/\/www.cielolaboral.com\/?s={search_term_string}"},"query-input":{"@type":"PropertyValueSpecification","valueRequired":true,"valueName":"search_term_string"}}],"inLanguage":"fr-FR"},{"@type":"Organization","@id":"https:\/\/www.cielolaboral.com\/#organization","name":"cielolaboral","url":"https:\/\/www.cielolaboral.com\/","logo":{"@type":"ImageObject","inLanguage":"fr-FR","@id":"https:\/\/www.cielolaboral.com\/#\/schema\/logo\/image\/","url":"https:\/\/www.cielolaboral.com\/wp-content\/uploads\/2020\/09\/cropped-logo_CIELO_2.png","contentUrl":"https:\/\/www.cielolaboral.com\/wp-content\/uploads\/2020\/09\/cropped-logo_CIELO_2.png","width":512,"height":512,"caption":"cielolaboral"},"image":{"@id":"https:\/\/www.cielolaboral.com\/#\/schema\/logo\/image\/"},"sameAs":["https:\/\/www.facebook.com\/CIELO-Comunidad-para-la-Investigacin-y-el-Estudio-Laboral-y-Ocupacional-456411237893494","https:\/\/x.com\/CIELOlaboral"]}]}},"_links":{"self":[{"href":"https:\/\/www.cielolaboral.com\/fr\/wp-json\/wp\/v2\/pages\/6639","targetHints":{"allow":["GET"]}}],"collection":[{"href":"https:\/\/www.cielolaboral.com\/fr\/wp-json\/wp\/v2\/pages"}],"about":[{"href":"https:\/\/www.cielolaboral.com\/fr\/wp-json\/wp\/v2\/types\/page"}],"author":[{"embeddable":true,"href":"https:\/\/www.cielolaboral.com\/fr\/wp-json\/wp\/v2\/users\/16"}],"replies":[{"embeddable":true,"href":"https:\/\/www.cielolaboral.com\/fr\/wp-json\/wp\/v2\/comments?post=6639"}],"version-history":[{"count":0,"href":"https:\/\/www.cielolaboral.com\/fr\/wp-json\/wp\/v2\/pages\/6639\/revisions"}],"wp:attachment":[{"href":"https:\/\/www.cielolaboral.com\/fr\/wp-json\/wp\/v2\/media?parent=6639"}],"curies":[{"name":"wp","href":"https:\/\/api.w.org\/{rel}","templated":true}]}}