{"id":626,"date":"2014-07-30T11:09:02","date_gmt":"2014-07-30T11:09:02","guid":{"rendered":"http:\/\/adapt.it\/boletinespanol\/wp\/?page_id=626"},"modified":"2014-07-30T11:09:02","modified_gmt":"2014-07-30T11:09:02","slug":"personas-redaccion","status":"publish","type":"page","link":"https:\/\/www.cielolaboral.com\/fr\/personas-redaccion\/","title":{"rendered":"PERSONAS: REDACCI\u00d3N"},"content":{"rendered":"<h1 style=\"text-align: center;\">REDACCI\u00d3N<\/h1>\n<p>[col type=&#8221;one-fourth&#8221;]<\/p>\n<p><img decoding=\"async\" class=\"size-full wp-image-655 aligncenter\" src=\"http:\/\/adapt.it\/boletinespanol\/wp\/wp-content\/uploads\/2014\/07\/a1.png\" alt=\"a1\" width=\"157\" height=\"250\" \/><\/p>\n<p>[\/col]<\/p>\n<p>[col type=&#8221;three-fourth last&#8221;]<\/p>\n<p><strong>Maria Alejandra Chacon Ospina<\/strong><br \/>\nEs estudiante de la Escuela Internacional de Doctorado en Formaci\u00f3n de la Persona y Mercado de Trabajo, promovido por Adapt y CQIA de la Universidad de B\u00e9rgamo (Italia).<br \/>\nColabora con Adapt en la investigaci\u00f3n en materia de aprendizaje, desde una \u00f3ptica comparada entre Italia y los pa\u00edses de Am\u00e9rica Latina.<br \/>\nSe gradu\u00f3 en Jurisprudencia y ha conseguido el titulo de abogado en Colombia.<br \/>\nalejandrachacon@hotmail.com<\/p>\n<p><a href=\"http:\/\/moodle.adaptland.it\/mod\/page\/view.php?id=4019\">download curriculum vitae<\/a><\/p>\n<p>[\/col]<\/p>\n<p>[col type=&#8221;one-fourth&#8221;]<\/p>\n<p><a href=\"http:\/\/adapt.it\/boletinespanol\/wp\/wp-content\/uploads\/2014\/07\/a1.png\"><img decoding=\"async\" class=\"size-full wp-image-655 aligncenter\" src=\"http:\/\/adapt.it\/boletinespanol\/wp\/wp-content\/uploads\/2014\/07\/lavinia-serrani.png\" alt=\"a1\" width=\"157\" height=\"250\" \/><\/a><\/p>\n<p>[\/col]<\/p>\n<p>[col type=&#8221;three-fourth last&#8221;]<\/p>\n<p><strong>Lavinia Serrani (Jefe de redacci\u00f3n de Adaptinternacional)<\/strong><br \/>\nEs estudiante de la Escuela Internacional de Doctorado en Formaci\u00f3n de la Persona y Mercado de Trabajo, promovido por Adapt y CQIA de la Universidad de B\u00e9rgamo (Italia).<br \/>\nColabora con Adapt como investigadora desde el 2009 y se ocupa de las relaciones internacionales con Espa\u00f1a y Am\u00e9rica Latina, estudiando las relaciones laborales de estos pa\u00edses.<br \/>\nSe gradu\u00f3 en Jurisprudencia y est\u00e1 habilitada para el ejercicio de la profesi\u00f3n.<br \/>\nlavinia.serrani@adapt.it<br \/>\n<a href=\"http:\/\/moodle.adaptland.it\/mod\/page\/view.php?id=3262\">download curriculum vitae<\/a><\/p>\n<p>[\/col]<\/p>\n<p>[col type=&#8221;one-fourth&#8221;]<\/p>\n<p><a href=\"http:\/\/adapt.it\/boletinespanol\/wp\/wp-content\/uploads\/2014\/07\/a1.png\"><img decoding=\"async\" class=\"size-full wp-image-655 aligncenter\" src=\"http:\/\/adapt.it\/boletinespanol\/wp\/wp-content\/uploads\/2014\/07\/francesca-sperotti.png\" alt=\"a1\" width=\"157\" height=\"250\" \/><\/a><\/p>\n<p>[\/col]<\/p>\n<p>[col type=&#8221;three-fourth last&#8221;]<\/p>\n<p><strong>Francesca Sperotti (Responsable del Departamento internacional de Adapt)<\/strong><br \/>\nEs estudiante de la Escuela Internacional de Doctorado en Formaci\u00f3n de la Persona y Mercado del Trabajo, promovido por Adapt y CQIA de la Universidad de B\u00e9rgamo (Italia).<br \/>\nColabora con Adapt como investigadora desde septiembre de 2010 en actividades de mercado de trabajo y demograf\u00eda; empleos verdes y el trabajo 2050.<br \/>\nfrancesca.sperotti@adapt.it<br \/>\n<a href=\"http:\/\/moodle.adaptland.it\/mod\/page\/view.php?id=3264\">download curriculum vitae<\/a><\/p>\n<p>[\/col]<\/p>\n<p>[col type=&#8221;one-fourth&#8221;]<\/p>\n<p><a href=\"http:\/\/adapt.it\/boletinespanol\/wp\/wp-content\/uploads\/2014\/07\/a1.png\"><img loading=\"lazy\" decoding=\"async\" class=\"size-full wp-image-655 aligncenter\" src=\"http:\/\/adapt.it\/boletinespanol\/wp\/wp-content\/uploads\/2014\/07\/a5.png\" alt=\"a1\" width=\"157\" height=\"250\" \/><\/a><\/p>\n<p>[\/col]<\/p>\n<p>[col type=&#8221;three-fourth last&#8221;]<\/p>\n<p><strong>Alma Elena Rueda Rodr\u00edguez<\/strong><br \/>\nEs estudiante de la Escuela Internacional de Doctorado en Formaci\u00f3n de la Persona y Mercado de Trabajo, promovido por Adapt y CQIA de la Universidad de B\u00e9rgamo (Italia).<br \/>\nColabora con Adapt en la investigaci\u00f3n en materia de transici\u00f3n de la escuela al trabajo, desde una \u00f3ptica comparada entre Italia y los pa\u00edses de Am\u00e9rica Latina. Finaliz\u00f3 grado y postgrado en la Facultad de Derecho de la Universidad Nacional Autonoma de M\u00e9xico. Es especialista en la administraci\u00f3n y procuraci\u00f3n de justicia.<br \/>\na.elenarueda@yahoo.com.mx<br \/>\n<a href=\"http:\/\/moodle.adaptland.it\/mod\/page\/view.php?id=3219\">download curriculum vitae<\/a><\/p>\n<p>[\/col]<br \/>\n[col type=&#8221;one-fourth&#8221;]<br \/>\n<a href=\"http:\/\/adapt.it\/boletinespanol\/wp\/wp-content\/uploads\/2014\/11\/Foto_silvia_hernandez_martinez_2.png\"><img loading=\"lazy\" decoding=\"async\" class=\"size-full wp-image-655 aligncenter\" src=\"http:\/\/adapt.it\/boletinespanol\/wp\/wp-content\/uploads\/2014\/11\/Foto_silvia_hernandez_martinez_2.png\" alt=\"a1\" width=\"157\" height=\"250\" \/><\/a><br \/>\n[\/col]<br \/>\n[col type=&#8221;three-fourth last&#8221;]<\/p>\n<p><strong>Silvia Fern\u00e1ndez Mart\u00ednez<\/strong><br \/>\nEs estudiante de la Escuela Internacional de Doctorado en Formaci\u00f3n de la Persona y Mercado de Trabajo, promovida por ADAPT y CQIA, de la Universidad de B\u00e9rgamo (Italia).<br \/>\nColabora con ADAPT desde junio de 2013 en la investigaci\u00f3n de temas relacionados con la violencia y salud en el trabajo. Actualmente, se centra en el estudio de la repercusi\u00f3n de la enfermedades cr\u00f3nicas en el mercado de trabajo.<br \/>\nEs Licenciada en Derecho por la Universidad de Santiago de Compostela (Espa\u00f1a) y ha cursado un M\u00e1ster de Derecho del Trabajo y Relaciones Laborales en la misma Universidad.<br \/>\ns.fernandez@studenti.unibg.it<\/p>\n<p><a href=\"http:\/\/moodle.adaptland.it\/pluginfile.php\/10970\/mod_page\/content\/12\/CV_ADAPT_es_def.pdf\">download curriculum vitae<\/a><\/p>\n<p>[\/col]<\/p>\n","protected":false},"excerpt":{"rendered":"<p>REDACCI\u00d3N [col type=&#8221;one-fourth&#8221;] [\/col] [col type=&#8221;three-fourth last&#8221;] Maria Alejandra Chacon Ospina Es estudiante de la Escuela Internacional de Doctorado en Formaci\u00f3n de la Persona y Mercado de Trabajo, promovido por Adapt y CQIA de la Universidad de B\u00e9rgamo (Italia). Colabora<a class=\"more-link\" href=\"https:\/\/www.cielolaboral.com\/fr\/personas-redaccion\/\" title=\"PERSONAS: REDACCI\u00d3N\"><span>Read more<\/span><\/a><\/p>\n","protected":false},"author":16,"featured_media":0,"parent":0,"menu_order":0,"comment_status":"open","ping_status":"open","template":"templates\/page-full.php","meta":{"footnotes":""},"class_list":["post-626","page","type-page","status-publish","hentry"],"yoast_head":"<!-- This site is optimized with the Yoast SEO plugin v27.2 - https:\/\/yoast.com\/product\/yoast-seo-wordpress\/ -->\n<title>PERSONAS: REDACCI\u00d3N - cielolaboral<\/title>\n<meta name=\"robots\" content=\"index, follow, max-snippet:-1, max-image-preview:large, max-video-preview:-1\" \/>\n<link rel=\"canonical\" href=\"https:\/\/www.cielolaboral.com\/fr\/personas-redaccion\/\" \/>\n<meta property=\"og:locale\" content=\"fr_FR\" \/>\n<meta property=\"og:type\" content=\"article\" \/>\n<meta property=\"og:title\" content=\"PERSONAS: REDACCI\u00d3N - cielolaboral\" \/>\n<meta property=\"og:description\" content=\"REDACCI\u00d3N [col type=&#8221;one-fourth&#8221;] [\/col] [col type=&#8221;three-fourth last&#8221;] Maria Alejandra Chacon Ospina Es estudiante de la Escuela Internacional de Doctorado en Formaci\u00f3n de la Persona y Mercado de Trabajo, promovido por Adapt y CQIA de la Universidad de B\u00e9rgamo (Italia). ColaboraRead more\" \/>\n<meta property=\"og:url\" content=\"https:\/\/www.cielolaboral.com\/fr\/personas-redaccion\/\" \/>\n<meta property=\"og:site_name\" content=\"cielolaboral\" \/>\n<meta property=\"article:publisher\" content=\"https:\/\/www.facebook.com\/CIELO-Comunidad-para-la-Investigacin-y-el-Estudio-Laboral-y-Ocupacional-456411237893494\" \/>\n<meta property=\"og:image\" content=\"http:\/\/adapt.it\/boletinespanol\/wp\/wp-content\/uploads\/2014\/07\/a1.png\" \/>\n<meta name=\"twitter:card\" content=\"summary_large_image\" \/>\n<meta name=\"twitter:site\" content=\"@CIELOlaboral\" \/>\n<meta name=\"twitter:label1\" content=\"Dur\u00e9e de lecture estim\u00e9e\" \/>\n\t<meta name=\"twitter:data1\" content=\"2 minutes\" \/>\n<script type=\"application\/ld+json\" class=\"yoast-schema-graph\">{\"@context\":\"https:\/\/schema.org\",\"@graph\":[{\"@type\":\"WebPage\",\"@id\":\"https:\/\/www.cielolaboral.com\/personas-redaccion\/\",\"url\":\"https:\/\/www.cielolaboral.com\/personas-redaccion\/\",\"name\":\"PERSONAS: REDACCI\u00d3N - cielolaboral\",\"isPartOf\":{\"@id\":\"https:\/\/www.cielolaboral.com\/#website\"},\"primaryImageOfPage\":{\"@id\":\"https:\/\/www.cielolaboral.com\/personas-redaccion\/#primaryimage\"},\"image\":{\"@id\":\"https:\/\/www.cielolaboral.com\/personas-redaccion\/#primaryimage\"},\"thumbnailUrl\":\"http:\/\/adapt.it\/boletinespanol\/wp\/wp-content\/uploads\/2014\/07\/a1.png\",\"datePublished\":\"2014-07-30T11:09:02+00:00\",\"breadcrumb\":{\"@id\":\"https:\/\/www.cielolaboral.com\/personas-redaccion\/#breadcrumb\"},\"inLanguage\":\"fr-FR\",\"potentialAction\":[{\"@type\":\"ReadAction\",\"target\":[\"https:\/\/www.cielolaboral.com\/personas-redaccion\/\"]}]},{\"@type\":\"ImageObject\",\"inLanguage\":\"fr-FR\",\"@id\":\"https:\/\/www.cielolaboral.com\/personas-redaccion\/#primaryimage\",\"url\":\"http:\/\/adapt.it\/boletinespanol\/wp\/wp-content\/uploads\/2014\/07\/a1.png\",\"contentUrl\":\"http:\/\/adapt.it\/boletinespanol\/wp\/wp-content\/uploads\/2014\/07\/a1.png\"},{\"@type\":\"BreadcrumbList\",\"@id\":\"https:\/\/www.cielolaboral.com\/personas-redaccion\/#breadcrumb\",\"itemListElement\":[{\"@type\":\"ListItem\",\"position\":1,\"name\":\"Home\",\"item\":\"https:\/\/www.cielolaboral.com\/\"},{\"@type\":\"ListItem\",\"position\":2,\"name\":\"PERSONAS: REDACCI\u00d3N\"}]},{\"@type\":\"WebSite\",\"@id\":\"https:\/\/www.cielolaboral.com\/#website\",\"url\":\"https:\/\/www.cielolaboral.com\/\",\"name\":\"cielolaboral\",\"description\":\"\",\"publisher\":{\"@id\":\"https:\/\/www.cielolaboral.com\/#organization\"},\"potentialAction\":[{\"@type\":\"SearchAction\",\"target\":{\"@type\":\"EntryPoint\",\"urlTemplate\":\"https:\/\/www.cielolaboral.com\/?s={search_term_string}\"},\"query-input\":{\"@type\":\"PropertyValueSpecification\",\"valueRequired\":true,\"valueName\":\"search_term_string\"}}],\"inLanguage\":\"fr-FR\"},{\"@type\":\"Organization\",\"@id\":\"https:\/\/www.cielolaboral.com\/#organization\",\"name\":\"cielolaboral\",\"url\":\"https:\/\/www.cielolaboral.com\/\",\"logo\":{\"@type\":\"ImageObject\",\"inLanguage\":\"fr-FR\",\"@id\":\"https:\/\/www.cielolaboral.com\/#\/schema\/logo\/image\/\",\"url\":\"https:\/\/www.cielolaboral.com\/wp-content\/uploads\/2020\/09\/cropped-logo_CIELO_2.png\",\"contentUrl\":\"https:\/\/www.cielolaboral.com\/wp-content\/uploads\/2020\/09\/cropped-logo_CIELO_2.png\",\"width\":512,\"height\":512,\"caption\":\"cielolaboral\"},\"image\":{\"@id\":\"https:\/\/www.cielolaboral.com\/#\/schema\/logo\/image\/\"},\"sameAs\":[\"https:\/\/www.facebook.com\/CIELO-Comunidad-para-la-Investigacin-y-el-Estudio-Laboral-y-Ocupacional-456411237893494\",\"https:\/\/x.com\/CIELOlaboral\"]}]}<\/script>\n<!-- \/ Yoast SEO plugin. -->","yoast_head_json":{"title":"PERSONAS: REDACCI\u00d3N - cielolaboral","robots":{"index":"index","follow":"follow","max-snippet":"max-snippet:-1","max-image-preview":"max-image-preview:large","max-video-preview":"max-video-preview:-1"},"canonical":"https:\/\/www.cielolaboral.com\/fr\/personas-redaccion\/","og_locale":"fr_FR","og_type":"article","og_title":"PERSONAS: REDACCI\u00d3N - cielolaboral","og_description":"REDACCI\u00d3N [col type=&#8221;one-fourth&#8221;] [\/col] [col type=&#8221;three-fourth last&#8221;] Maria Alejandra Chacon Ospina Es estudiante de la Escuela Internacional de Doctorado en Formaci\u00f3n de la Persona y Mercado de Trabajo, promovido por Adapt y CQIA de la Universidad de B\u00e9rgamo (Italia). ColaboraRead more","og_url":"https:\/\/www.cielolaboral.com\/fr\/personas-redaccion\/","og_site_name":"cielolaboral","article_publisher":"https:\/\/www.facebook.com\/CIELO-Comunidad-para-la-Investigacin-y-el-Estudio-Laboral-y-Ocupacional-456411237893494","og_image":[{"url":"http:\/\/adapt.it\/boletinespanol\/wp\/wp-content\/uploads\/2014\/07\/a1.png","type":"","width":"","height":""}],"twitter_card":"summary_large_image","twitter_site":"@CIELOlaboral","twitter_misc":{"Dur\u00e9e de lecture estim\u00e9e":"2 minutes"},"schema":{"@context":"https:\/\/schema.org","@graph":[{"@type":"WebPage","@id":"https:\/\/www.cielolaboral.com\/personas-redaccion\/","url":"https:\/\/www.cielolaboral.com\/personas-redaccion\/","name":"PERSONAS: REDACCI\u00d3N - cielolaboral","isPartOf":{"@id":"https:\/\/www.cielolaboral.com\/#website"},"primaryImageOfPage":{"@id":"https:\/\/www.cielolaboral.com\/personas-redaccion\/#primaryimage"},"image":{"@id":"https:\/\/www.cielolaboral.com\/personas-redaccion\/#primaryimage"},"thumbnailUrl":"http:\/\/adapt.it\/boletinespanol\/wp\/wp-content\/uploads\/2014\/07\/a1.png","datePublished":"2014-07-30T11:09:02+00:00","breadcrumb":{"@id":"https:\/\/www.cielolaboral.com\/personas-redaccion\/#breadcrumb"},"inLanguage":"fr-FR","potentialAction":[{"@type":"ReadAction","target":["https:\/\/www.cielolaboral.com\/personas-redaccion\/"]}]},{"@type":"ImageObject","inLanguage":"fr-FR","@id":"https:\/\/www.cielolaboral.com\/personas-redaccion\/#primaryimage","url":"http:\/\/adapt.it\/boletinespanol\/wp\/wp-content\/uploads\/2014\/07\/a1.png","contentUrl":"http:\/\/adapt.it\/boletinespanol\/wp\/wp-content\/uploads\/2014\/07\/a1.png"},{"@type":"BreadcrumbList","@id":"https:\/\/www.cielolaboral.com\/personas-redaccion\/#breadcrumb","itemListElement":[{"@type":"ListItem","position":1,"name":"Home","item":"https:\/\/www.cielolaboral.com\/"},{"@type":"ListItem","position":2,"name":"PERSONAS: REDACCI\u00d3N"}]},{"@type":"WebSite","@id":"https:\/\/www.cielolaboral.com\/#website","url":"https:\/\/www.cielolaboral.com\/","name":"cielolaboral","description":"","publisher":{"@id":"https:\/\/www.cielolaboral.com\/#organization"},"potentialAction":[{"@type":"SearchAction","target":{"@type":"EntryPoint","urlTemplate":"https:\/\/www.cielolaboral.com\/?s={search_term_string}"},"query-input":{"@type":"PropertyValueSpecification","valueRequired":true,"valueName":"search_term_string"}}],"inLanguage":"fr-FR"},{"@type":"Organization","@id":"https:\/\/www.cielolaboral.com\/#organization","name":"cielolaboral","url":"https:\/\/www.cielolaboral.com\/","logo":{"@type":"ImageObject","inLanguage":"fr-FR","@id":"https:\/\/www.cielolaboral.com\/#\/schema\/logo\/image\/","url":"https:\/\/www.cielolaboral.com\/wp-content\/uploads\/2020\/09\/cropped-logo_CIELO_2.png","contentUrl":"https:\/\/www.cielolaboral.com\/wp-content\/uploads\/2020\/09\/cropped-logo_CIELO_2.png","width":512,"height":512,"caption":"cielolaboral"},"image":{"@id":"https:\/\/www.cielolaboral.com\/#\/schema\/logo\/image\/"},"sameAs":["https:\/\/www.facebook.com\/CIELO-Comunidad-para-la-Investigacin-y-el-Estudio-Laboral-y-Ocupacional-456411237893494","https:\/\/x.com\/CIELOlaboral"]}]}},"_links":{"self":[{"href":"https:\/\/www.cielolaboral.com\/fr\/wp-json\/wp\/v2\/pages\/626","targetHints":{"allow":["GET"]}}],"collection":[{"href":"https:\/\/www.cielolaboral.com\/fr\/wp-json\/wp\/v2\/pages"}],"about":[{"href":"https:\/\/www.cielolaboral.com\/fr\/wp-json\/wp\/v2\/types\/page"}],"author":[{"embeddable":true,"href":"https:\/\/www.cielolaboral.com\/fr\/wp-json\/wp\/v2\/users\/16"}],"replies":[{"embeddable":true,"href":"https:\/\/www.cielolaboral.com\/fr\/wp-json\/wp\/v2\/comments?post=626"}],"version-history":[{"count":0,"href":"https:\/\/www.cielolaboral.com\/fr\/wp-json\/wp\/v2\/pages\/626\/revisions"}],"wp:attachment":[{"href":"https:\/\/www.cielolaboral.com\/fr\/wp-json\/wp\/v2\/media?parent=626"}],"curies":[{"name":"wp","href":"https:\/\/api.w.org\/{rel}","templated":true}]}}