{"id":475,"date":"2014-07-21T13:00:56","date_gmt":"2014-07-21T13:00:56","guid":{"rendered":"http:\/\/adapt.it\/boletinespanol\/wp\/?page_id=475"},"modified":"2014-07-21T13:00:56","modified_gmt":"2014-07-21T13:00:56","slug":"alta-formacion-colegio-de-docentes-de-la-escuela-internacional-de-doctorado-en-formacion-de-la-persona-y-mercado-del-trabajo","status":"publish","type":"page","link":"https:\/\/www.cielolaboral.com\/fr\/alta-formacion-colegio-de-docentes-de-la-escuela-internacional-de-doctorado-en-formacion-de-la-persona-y-mercado-del-trabajo\/","title":{"rendered":"ALTA FORMACI\u00d3N: COLEGIO DE DOCENTES DE LA ESCUELA INTERNACIONAL DE DOCTORADO EN FORMACI\u00d3N DE LA PERSONA Y MERCADO DEL TRABAJO"},"content":{"rendered":"<h2>ALTA FORMACI\u00d3N : COLEGIO DE DOCENTES DE LA ESCUELA INTERNACIONAL DE DOCTORADO EN FORMACI\u00d3N DE LA PERSONA Y MERCADO DEL TRABAJO<\/h2>\n<p>&nbsp;<\/p>\n<p>Prof. Carmen Agut Garcia (Universidad Jaime, I-Castell\u00f3n, Espa\u00f1a)<br \/>\nDr. Andrea Bernardi (University of Nottingham, Reino Unido)<br \/>\nProf. Giuseppe Bertagna (Universit\u00e0 degli Studi di Bergamo, Italia)<br \/>\nDr. Gabriele Bubola (Adapt \u2013 Centro Studi Internazionali e Comparati \u201cMarco Biagi\u201d, Universit\u00e0 di Modena e Reggio Emilia, Italia)<br \/>\nDr. Aviana Bulgarelli (Isfol, Italia)<br \/>\nDr. Roberta Caragnano (Adapt \u2013 Centro Studi Internazionali e Comparati \u201cMarco Biagi\u201d, Universit\u00e0 di Modena e Reggio Emilia, Italia)<br \/>\nProf. Gerardo Cedrola (Universidad Ort Uruguay, Montevideo, Uruguay)<br \/>\nProf. Daria Chernyaeva (State University, Higher School of Economics, Moscow, Rusia)<br \/>\nProf. Christina Cregan (University of Melbourne, Australia)<br \/>\nProf. Maurizio Del Conte (Universit\u00e0 Bocconi, Milano, Italia)<br \/>\nProf. Karl Fey (Institute of International Business at Stockholm School of Economics, Suecia)<br \/>\nProf. Dietmar Frommberger (Otto-von-Guericke-Universit\u00e4t Magdeburg, Alemania)<br \/>\nDr. Maria Giovannone (Adapt \u2013 Centro Studi Internazionali e Comparati \u201cMarco Biagi\u201d, Universit\u00e0 di Modena e Reggio Emilia, Italia)<br \/>\nProf. Zilio Grandi (Universit\u00e0 Ca\u2019 Foscari, Venezia, Italia)<br \/>\nProf. Julio Armando Grisolia (Universidad Nacional de Tres de Febrero, Argentina)<br \/>\nProf. J\u00f2zsef Hajd\u00f9 (University of Szeged, Hungr\u00eda)<br \/>\nProf. Chang Kai (Renmin University, China)<br \/>\nDr. Lefteris Kretsos (Coventry University, Faculty of Business, Environment and Society, Reino Unido)<br \/>\nDr. L\u00e9na Krichewsky (Otto-von-Guericke-Universit\u00e4t Magdeburg, Alemania)<br \/>\nProf. Felicity Lamm, (AUT Business School Management Discipline, Auckland, Nueva Zelanda)<br \/>\nProf. Maria Luisa Mart\u00edn Hern\u00e1ndez (Universidad de Salamanca, Espa\u00f1a)<br \/>\nDr. Mariano Mu\u00f1oz (Responsable Relaciones Industriales Telecom Argentina, Argentina)<br \/>\nProf. Shynia Ouchi (University of Kobe, Law Faculty, Jap\u00f3n)<br \/>\nDr. Flavia Pasquini (Adapt \u2013 Centro Studi Internazionali e Comparati \u201cMarco Biagi\u201d, Universit\u00e0 di Modena e Reggio Emilia, Italia)<br \/>\nProf. Eleonora Peliza (Universidad Nacional de Tres de Febrero, Argentina)<br \/>\nProf. Daiva Petrylaite (Vilnius University, Lituania)<br \/>\nDr. Tommaso Pirotti (Adapt \u2013 Centro Studi Internazionali e Comparati \u201cMarco Biagi\u201d, Universit\u00e0 di Modena e Reggio Emilia, Italia)<br \/>\nProf. Giampiero Proia (Universit\u00e0 degli Studi Roma Tre, Italia)<br \/>\nDr. Vincenzo Putrignano (Adapt \u2013 Centro Studi Internazionali e Comparati \u201cMarco Biagi\u201d, Universit\u00e0 di Modena e Reggio Emilia, Italia)<br \/>\nProf. Michael Quinlan (University of New South Wales, Sydney, Australia)<br \/>\nProf. Juan Raso-Delgue (Universidad de la Rep\u00fablica, Montevideo, Uruguay)<br \/>\nProf. Paul Ryan (Cambridge University, Reino Unido)<br \/>\nDr. Lisa Rustico (Adapt \u2013 Centro Studi Internazionali e Comparati \u201cMarco Biagi\u201d, Universit\u00e0 di Modena e Reggio Emilia, Italia)<br \/>\nProf. Ra\u00fal Saco Barrios (Pontificia Universidad Cat\u00f3lica del Per\u00fa, Per\u00fa)<br \/>\nProf. Alfredo S\u00e1nchez-Casta\u00f1eda (Universidad Nacional Aut\u00f3noma de M\u00e9xico, M\u00e9xico)<br \/>\nProf. Malcolm Sargeant (Middlesex University, Business School, Reino Unido)<br \/>\nDr. Silvia Spattini (Adapt \u2013 Centro Studi Internazionali e Comparati \u201cMarco Biagi\u201d, Universit\u00e0 di Modena e Reggio Emilia, Italia)<br \/>\nProf. Michele Tiraboschi (Universit\u00e0 di Modena e Reggio Emilia, Italia) \u2013 Coordinador<br \/>\nDr. Roberto Traficante (Responsable de la Gesti\u00f3n de personal de Telecom Argentina, Argentina)<br \/>\nProf. Erick Tucker (Osgoode Hall Law School, York University, Canad\u00e1)<br \/>\nDr. Francesco Verbaro (Segretario Generale Ministero del Lavoro e delle Politiche Sociali, Italia)<br \/>\nDr. Marcelo Villegas (Responsable Recursos Humanos Telecom Argentina, Argentina)<br \/>\nProf. Charles Woolfson (Remeso \u2013 Institutet f\u00f6r forskning om migration, etnicitet och samh\u00e4lle, Link\u00f6ping University, Suecia)<\/p>","protected":false},"excerpt":{"rendered":"<p>ALTA FORMACI\u00d3N : COLEGIO DE DOCENTES DE LA ESCUELA INTERNACIONAL DE DOCTORADO EN FORMACI\u00d3N DE LA PERSONA Y MERCADO DEL TRABAJO &nbsp; Prof. Carmen Agut Garcia (Universidad Jaime, I-Castell\u00f3n, Espa\u00f1a) Dr. Andrea Bernardi (University of Nottingham, Reino Unido) Prof. Giuseppe<a class=\"more-link\" href=\"https:\/\/www.cielolaboral.com\/fr\/alta-formacion-colegio-de-docentes-de-la-escuela-internacional-de-doctorado-en-formacion-de-la-persona-y-mercado-del-trabajo\/\" title=\"ALTA FORMACI\u00d3N: COLEGIO DE DOCENTES DE LA ESCUELA INTERNACIONAL DE DOCTORADO EN FORMACI\u00d3N DE LA PERSONA Y MERCADO DEL TRABAJO\"><span>Read more<\/span><\/a><\/p>","protected":false},"author":16,"featured_media":0,"parent":0,"menu_order":0,"comment_status":"open","ping_status":"open","template":"templates\/page-full.php","meta":{"footnotes":""},"class_list":["post-475","page","type-page","status-publish","hentry"],"yoast_head":"<!-- This site is optimized with the Yoast SEO plugin v27.2 - https:\/\/yoast.com\/product\/yoast-seo-wordpress\/ -->\n<title>ALTA FORMACI\u00d3N: COLEGIO DE DOCENTES DE LA ESCUELA INTERNACIONAL DE DOCTORADO EN FORMACI\u00d3N DE LA PERSONA Y MERCADO DEL TRABAJO - cielolaboral<\/title>\n<meta name=\"robots\" content=\"index, follow, max-snippet:-1, max-image-preview:large, max-video-preview:-1\" \/>\n<link rel=\"canonical\" href=\"https:\/\/www.cielolaboral.com\/fr\/alta-formacion-colegio-de-docentes-de-la-escuela-internacional-de-doctorado-en-formacion-de-la-persona-y-mercado-del-trabajo\/\" \/>\n<meta property=\"og:locale\" content=\"fr_FR\" \/>\n<meta property=\"og:type\" content=\"article\" \/>\n<meta property=\"og:title\" content=\"ALTA FORMACI\u00d3N: COLEGIO DE DOCENTES DE LA ESCUELA INTERNACIONAL DE DOCTORADO EN FORMACI\u00d3N DE LA PERSONA Y MERCADO DEL TRABAJO - cielolaboral\" \/>\n<meta property=\"og:description\" content=\"ALTA FORMACI\u00d3N : COLEGIO DE DOCENTES DE LA ESCUELA INTERNACIONAL DE DOCTORADO EN FORMACI\u00d3N DE LA PERSONA Y MERCADO DEL TRABAJO &nbsp; Prof. Carmen Agut Garcia (Universidad Jaime, I-Castell\u00f3n, Espa\u00f1a) Dr. Andrea Bernardi (University of Nottingham, Reino Unido) Prof. GiuseppeRead more\" \/>\n<meta property=\"og:url\" content=\"https:\/\/www.cielolaboral.com\/fr\/alta-formacion-colegio-de-docentes-de-la-escuela-internacional-de-doctorado-en-formacion-de-la-persona-y-mercado-del-trabajo\/\" \/>\n<meta property=\"og:site_name\" content=\"cielolaboral\" \/>\n<meta property=\"article:publisher\" content=\"https:\/\/www.facebook.com\/CIELO-Comunidad-para-la-Investigacin-y-el-Estudio-Laboral-y-Ocupacional-456411237893494\" \/>\n<meta name=\"twitter:card\" content=\"summary_large_image\" \/>\n<meta name=\"twitter:site\" content=\"@CIELOlaboral\" \/>\n<meta name=\"twitter:label1\" content=\"Dur\u00e9e de lecture estim\u00e9e\" \/>\n\t<meta name=\"twitter:data1\" content=\"3 minutes\" \/>\n<script type=\"application\/ld+json\" class=\"yoast-schema-graph\">{\"@context\":\"https:\/\/schema.org\",\"@graph\":[{\"@type\":\"WebPage\",\"@id\":\"https:\/\/www.cielolaboral.com\/alta-formacion-colegio-de-docentes-de-la-escuela-internacional-de-doctorado-en-formacion-de-la-persona-y-mercado-del-trabajo\/\",\"url\":\"https:\/\/www.cielolaboral.com\/alta-formacion-colegio-de-docentes-de-la-escuela-internacional-de-doctorado-en-formacion-de-la-persona-y-mercado-del-trabajo\/\",\"name\":\"ALTA FORMACI\u00d3N: COLEGIO DE DOCENTES DE LA ESCUELA INTERNACIONAL DE DOCTORADO EN FORMACI\u00d3N DE LA PERSONA Y MERCADO DEL TRABAJO - cielolaboral\",\"isPartOf\":{\"@id\":\"https:\/\/www.cielolaboral.com\/#website\"},\"datePublished\":\"2014-07-21T13:00:56+00:00\",\"breadcrumb\":{\"@id\":\"https:\/\/www.cielolaboral.com\/alta-formacion-colegio-de-docentes-de-la-escuela-internacional-de-doctorado-en-formacion-de-la-persona-y-mercado-del-trabajo\/#breadcrumb\"},\"inLanguage\":\"fr-FR\",\"potentialAction\":[{\"@type\":\"ReadAction\",\"target\":[\"https:\/\/www.cielolaboral.com\/alta-formacion-colegio-de-docentes-de-la-escuela-internacional-de-doctorado-en-formacion-de-la-persona-y-mercado-del-trabajo\/\"]}]},{\"@type\":\"BreadcrumbList\",\"@id\":\"https:\/\/www.cielolaboral.com\/alta-formacion-colegio-de-docentes-de-la-escuela-internacional-de-doctorado-en-formacion-de-la-persona-y-mercado-del-trabajo\/#breadcrumb\",\"itemListElement\":[{\"@type\":\"ListItem\",\"position\":1,\"name\":\"Home\",\"item\":\"https:\/\/www.cielolaboral.com\/\"},{\"@type\":\"ListItem\",\"position\":2,\"name\":\"ALTA FORMACI\u00d3N: COLEGIO DE DOCENTES DE LA ESCUELA INTERNACIONAL DE DOCTORADO EN FORMACI\u00d3N DE LA PERSONA Y MERCADO DEL TRABAJO\"}]},{\"@type\":\"WebSite\",\"@id\":\"https:\/\/www.cielolaboral.com\/#website\",\"url\":\"https:\/\/www.cielolaboral.com\/\",\"name\":\"cielolaboral\",\"description\":\"\",\"publisher\":{\"@id\":\"https:\/\/www.cielolaboral.com\/#organization\"},\"potentialAction\":[{\"@type\":\"SearchAction\",\"target\":{\"@type\":\"EntryPoint\",\"urlTemplate\":\"https:\/\/www.cielolaboral.com\/?s={search_term_string}\"},\"query-input\":{\"@type\":\"PropertyValueSpecification\",\"valueRequired\":true,\"valueName\":\"search_term_string\"}}],\"inLanguage\":\"fr-FR\"},{\"@type\":\"Organization\",\"@id\":\"https:\/\/www.cielolaboral.com\/#organization\",\"name\":\"cielolaboral\",\"url\":\"https:\/\/www.cielolaboral.com\/\",\"logo\":{\"@type\":\"ImageObject\",\"inLanguage\":\"fr-FR\",\"@id\":\"https:\/\/www.cielolaboral.com\/#\/schema\/logo\/image\/\",\"url\":\"https:\/\/www.cielolaboral.com\/wp-content\/uploads\/2020\/09\/cropped-logo_CIELO_2.png\",\"contentUrl\":\"https:\/\/www.cielolaboral.com\/wp-content\/uploads\/2020\/09\/cropped-logo_CIELO_2.png\",\"width\":512,\"height\":512,\"caption\":\"cielolaboral\"},\"image\":{\"@id\":\"https:\/\/www.cielolaboral.com\/#\/schema\/logo\/image\/\"},\"sameAs\":[\"https:\/\/www.facebook.com\/CIELO-Comunidad-para-la-Investigacin-y-el-Estudio-Laboral-y-Ocupacional-456411237893494\",\"https:\/\/x.com\/CIELOlaboral\"]}]}<\/script>\n<!-- \/ Yoast SEO plugin. -->","yoast_head_json":{"title":"ALTA FORMACI\u00d3N: COLEGIO DE DOCENTES DE LA ESCUELA INTERNACIONAL DE DOCTORADO EN FORMACI\u00d3N DE LA PERSONA Y MERCADO DEL TRABAJO - cielolaboral","robots":{"index":"index","follow":"follow","max-snippet":"max-snippet:-1","max-image-preview":"max-image-preview:large","max-video-preview":"max-video-preview:-1"},"canonical":"https:\/\/www.cielolaboral.com\/fr\/alta-formacion-colegio-de-docentes-de-la-escuela-internacional-de-doctorado-en-formacion-de-la-persona-y-mercado-del-trabajo\/","og_locale":"fr_FR","og_type":"article","og_title":"ALTA FORMACI\u00d3N: COLEGIO DE DOCENTES DE LA ESCUELA INTERNACIONAL DE DOCTORADO EN FORMACI\u00d3N DE LA PERSONA Y MERCADO DEL TRABAJO - cielolaboral","og_description":"ALTA FORMACI\u00d3N : COLEGIO DE DOCENTES DE LA ESCUELA INTERNACIONAL DE DOCTORADO EN FORMACI\u00d3N DE LA PERSONA Y MERCADO DEL TRABAJO &nbsp; Prof. Carmen Agut Garcia (Universidad Jaime, I-Castell\u00f3n, Espa\u00f1a) Dr. Andrea Bernardi (University of Nottingham, Reino Unido) Prof. GiuseppeRead more","og_url":"https:\/\/www.cielolaboral.com\/fr\/alta-formacion-colegio-de-docentes-de-la-escuela-internacional-de-doctorado-en-formacion-de-la-persona-y-mercado-del-trabajo\/","og_site_name":"cielolaboral","article_publisher":"https:\/\/www.facebook.com\/CIELO-Comunidad-para-la-Investigacin-y-el-Estudio-Laboral-y-Ocupacional-456411237893494","twitter_card":"summary_large_image","twitter_site":"@CIELOlaboral","twitter_misc":{"Dur\u00e9e de lecture estim\u00e9e":"3 minutes"},"schema":{"@context":"https:\/\/schema.org","@graph":[{"@type":"WebPage","@id":"https:\/\/www.cielolaboral.com\/alta-formacion-colegio-de-docentes-de-la-escuela-internacional-de-doctorado-en-formacion-de-la-persona-y-mercado-del-trabajo\/","url":"https:\/\/www.cielolaboral.com\/alta-formacion-colegio-de-docentes-de-la-escuela-internacional-de-doctorado-en-formacion-de-la-persona-y-mercado-del-trabajo\/","name":"ALTA FORMACI\u00d3N: COLEGIO DE DOCENTES DE LA ESCUELA INTERNACIONAL DE DOCTORADO EN FORMACI\u00d3N DE LA PERSONA Y MERCADO DEL TRABAJO - cielolaboral","isPartOf":{"@id":"https:\/\/www.cielolaboral.com\/#website"},"datePublished":"2014-07-21T13:00:56+00:00","breadcrumb":{"@id":"https:\/\/www.cielolaboral.com\/alta-formacion-colegio-de-docentes-de-la-escuela-internacional-de-doctorado-en-formacion-de-la-persona-y-mercado-del-trabajo\/#breadcrumb"},"inLanguage":"fr-FR","potentialAction":[{"@type":"ReadAction","target":["https:\/\/www.cielolaboral.com\/alta-formacion-colegio-de-docentes-de-la-escuela-internacional-de-doctorado-en-formacion-de-la-persona-y-mercado-del-trabajo\/"]}]},{"@type":"BreadcrumbList","@id":"https:\/\/www.cielolaboral.com\/alta-formacion-colegio-de-docentes-de-la-escuela-internacional-de-doctorado-en-formacion-de-la-persona-y-mercado-del-trabajo\/#breadcrumb","itemListElement":[{"@type":"ListItem","position":1,"name":"Home","item":"https:\/\/www.cielolaboral.com\/"},{"@type":"ListItem","position":2,"name":"ALTA FORMACI\u00d3N: COLEGIO DE DOCENTES DE LA ESCUELA INTERNACIONAL DE DOCTORADO EN FORMACI\u00d3N DE LA PERSONA Y MERCADO DEL TRABAJO"}]},{"@type":"WebSite","@id":"https:\/\/www.cielolaboral.com\/#website","url":"https:\/\/www.cielolaboral.com\/","name":"cielolaboral","description":"","publisher":{"@id":"https:\/\/www.cielolaboral.com\/#organization"},"potentialAction":[{"@type":"SearchAction","target":{"@type":"EntryPoint","urlTemplate":"https:\/\/www.cielolaboral.com\/?s={search_term_string}"},"query-input":{"@type":"PropertyValueSpecification","valueRequired":true,"valueName":"search_term_string"}}],"inLanguage":"fr-FR"},{"@type":"Organization","@id":"https:\/\/www.cielolaboral.com\/#organization","name":"cielolaboral","url":"https:\/\/www.cielolaboral.com\/","logo":{"@type":"ImageObject","inLanguage":"fr-FR","@id":"https:\/\/www.cielolaboral.com\/#\/schema\/logo\/image\/","url":"https:\/\/www.cielolaboral.com\/wp-content\/uploads\/2020\/09\/cropped-logo_CIELO_2.png","contentUrl":"https:\/\/www.cielolaboral.com\/wp-content\/uploads\/2020\/09\/cropped-logo_CIELO_2.png","width":512,"height":512,"caption":"cielolaboral"},"image":{"@id":"https:\/\/www.cielolaboral.com\/#\/schema\/logo\/image\/"},"sameAs":["https:\/\/www.facebook.com\/CIELO-Comunidad-para-la-Investigacin-y-el-Estudio-Laboral-y-Ocupacional-456411237893494","https:\/\/x.com\/CIELOlaboral"]}]}},"_links":{"self":[{"href":"https:\/\/www.cielolaboral.com\/fr\/wp-json\/wp\/v2\/pages\/475","targetHints":{"allow":["GET"]}}],"collection":[{"href":"https:\/\/www.cielolaboral.com\/fr\/wp-json\/wp\/v2\/pages"}],"about":[{"href":"https:\/\/www.cielolaboral.com\/fr\/wp-json\/wp\/v2\/types\/page"}],"author":[{"embeddable":true,"href":"https:\/\/www.cielolaboral.com\/fr\/wp-json\/wp\/v2\/users\/16"}],"replies":[{"embeddable":true,"href":"https:\/\/www.cielolaboral.com\/fr\/wp-json\/wp\/v2\/comments?post=475"}],"version-history":[{"count":0,"href":"https:\/\/www.cielolaboral.com\/fr\/wp-json\/wp\/v2\/pages\/475\/revisions"}],"wp:attachment":[{"href":"https:\/\/www.cielolaboral.com\/fr\/wp-json\/wp\/v2\/media?parent=475"}],"curies":[{"name":"wp","href":"https:\/\/api.w.org\/{rel}","templated":true}]}}