{"id":454,"date":"2014-07-21T12:51:40","date_gmt":"2014-07-21T12:51:40","guid":{"rendered":"http:\/\/adapt.it\/boletinespanol\/wp\/?page_id=454"},"modified":"2023-01-17T14:23:17","modified_gmt":"2023-01-17T13:23:17","slug":"mision","status":"publish","type":"page","link":"https:\/\/www.cielolaboral.com\/fr\/mision\/","title":{"rendered":"MISSION"},"content":{"rendered":"<h2><\/h2>\n<h2 style=\"text-align: center;\"><strong><em>Construisons le futur ensemble!<\/em><\/strong><\/h2>\n<p>&nbsp;<\/p>\n<p>Diverses informations sur la Communaut\u00e9 CIELO sont disponibles dans cette section:<\/p>\n<p>&nbsp;<\/p>\n<p>&nbsp;<\/p>\n<p><strong><span style=\"color: #cc0000;\"><a style=\"color: #cc0000;\" href=\"https:\/\/www.cielolaboral.com\/wp-content\/uploads\/2015\/12\/Presentacion_CIELO_Lourdes2.pdf\"><p><\/p><\/a><\/span><\/strong><\/p>\n<p>&nbsp;<\/p>\n<p><strong><span style=\"color: #cc0000;\"><a style=\"color: #cc0000;\" href=\"https:\/\/www.cielolaboral.com\/wp-content\/uploads\/2016\/01\/ManifIesto-CIELO-PT.pdf\"><p><\/p><\/a><\/span><\/strong><\/p>\n<p>&nbsp;<\/p>\n<p><a href=\"https:\/\/www.cielolaboral.com\/wp-content\/uploads\/2016\/01\/manifiesto_frances.pdf\"><span style=\"color: #cc0000;\"><strong>MANIFESTE<\/strong><\/span><\/a><\/p>\n<p>&nbsp;<\/p>\n<p><strong><span style=\"color: #cc0000;\"><a style=\"color: #cc0000;\" href=\"https:\/\/www.cielolaboral.com\/wp-content\/uploads\/2016\/01\/Manifesto-CIELO-IT.pdf\"><p><\/p><\/a><\/span><\/strong><\/p>\n<p>&nbsp;<\/p>\n<p><a href=\"https:\/\/www.cielolaboral.com\/wp-content\/uploads\/2015\/12\/Presentacion_CIELO_Lourdes2.pdf\"><span style=\"color: #cc0000;\"><strong><p><\/p><\/strong><\/span><\/a><\/p>\n<p>&nbsp;<\/p>\n<p><a href=\"https:\/\/www.cielolaboral.com\/wp-content\/uploads\/2015\/12\/Presentacion_CIELO_portuges.pdf\"><span style=\"color: #cc0000;\"><strong><p><\/p><\/strong><\/span><\/a><\/p>\n<p>&nbsp;<\/p>\n<p><a href=\"https:\/\/www.cielolaboral.com\/wp-content\/uploads\/2016\/02\/presentacion_CIELO_frances.pdf\"><strong><span style=\"color: #cc0000;\">PRESENTATION DU R\u00c9SEAU CIELO <\/span><\/strong><\/a><\/p>\n<p>&nbsp;<\/p>\n<p><span style=\"color: #000000;\"><a style=\"color: #cc0000;\" href=\"https:\/\/www.cielolaboral.com\/wp-content\/uploads\/2016\/11\/Normas-minimas-Funcionamiento-ES.pdf\"><strong style=\"line-height: 1.5; font-size: 1em;\"><p><\/p>\u00a0<\/strong><\/a><\/span><\/p>\n<p>&nbsp;<\/p>\n<p><span style=\"color: #000000;\"><a style=\"color: #cc0000;\" href=\"https:\/\/www.cielolaboral.com\/wp-content\/uploads\/2016\/11\/Normas-minimas-funcionamento-CIELO-portugues.pdf\"><strong style=\"line-height: 1.5; font-size: 1em;\"><p><\/p><\/strong><\/a><\/span><\/p>\n<p>&nbsp;<\/p>\n<p><a style=\"color: #cc0000;\" href=\"https:\/\/www.cielolaboral.com\/wp-content\/uploads\/2016\/11\/Normes_minimales_fonctionnement_CIELO.pdf\"><span style=\"color: #cc0000;\"><strong>NORMES MINIMALES DE FONCTIONNEMENT DU RESEAU\u00a0<\/strong><strong>COMMUNAUTE DE TRAVAIL CIELO<\/strong><\/span><\/a><\/p>\n<p>&nbsp;<\/p>\n<p>&nbsp;<\/p>\n<p>&nbsp;<\/p>\n<p>&nbsp;<\/p>","protected":false},"excerpt":{"rendered":"<p>\u00a1 Construyamos juntos el futuro del trabajo! &nbsp; En esta Secci\u00f3n est\u00e1n disponibles distintas informaciones sobre la Comunidad CIELO: &nbsp; &nbsp; MANIFIESTO EN ESPA\u00d1OL &nbsp; MANIFESTO EM PORTUGU\u00caS &nbsp; MANIFESTE EN FRAN\u00c7AIS &nbsp; MANIFESTO IN ITALIANO &nbsp; PRESENTACI\u00d3N DE LA<a class=\"more-link\" href=\"https:\/\/www.cielolaboral.com\/fr\/mision\/\" title=\"MISSION\"><span>Read more<\/span><\/a><\/p>","protected":false},"author":16,"featured_media":0,"parent":0,"menu_order":0,"comment_status":"closed","ping_status":"closed","template":"","meta":{"footnotes":""},"class_list":["post-454","page","type-page","status-publish","hentry"],"yoast_head":"<!-- This site is optimized with the Yoast SEO plugin v27.2 - https:\/\/yoast.com\/product\/yoast-seo-wordpress\/ -->\n<title>MISI\u00d3N - cielolaboral<\/title>\n<meta name=\"robots\" content=\"index, follow, max-snippet:-1, max-image-preview:large, max-video-preview:-1\" \/>\n<link rel=\"canonical\" href=\"https:\/\/www.cielolaboral.com\/fr\/mision\/\" \/>\n<meta property=\"og:locale\" content=\"fr_FR\" \/>\n<meta property=\"og:type\" content=\"article\" \/>\n<meta property=\"og:title\" content=\"MISI\u00d3N - cielolaboral\" \/>\n<meta property=\"og:description\" content=\"\u00a1 Construyamos juntos el futuro del trabajo! &nbsp; En esta Secci\u00f3n est\u00e1n disponibles distintas informaciones sobre la Comunidad CIELO: &nbsp; &nbsp; MANIFIESTO EN ESPA\u00d1OL &nbsp; MANIFESTO EM PORTUGU\u00caS &nbsp; MANIFESTE EN FRAN\u00c7AIS &nbsp; MANIFESTO IN ITALIANO &nbsp; PRESENTACI\u00d3N DE LARead more\" \/>\n<meta property=\"og:url\" content=\"https:\/\/www.cielolaboral.com\/fr\/mision\/\" \/>\n<meta property=\"og:site_name\" content=\"cielolaboral\" \/>\n<meta property=\"article:publisher\" content=\"https:\/\/www.facebook.com\/CIELO-Comunidad-para-la-Investigacin-y-el-Estudio-Laboral-y-Ocupacional-456411237893494\" \/>\n<meta property=\"article:modified_time\" content=\"2023-01-17T13:23:17+00:00\" \/>\n<meta name=\"twitter:card\" content=\"summary_large_image\" \/>\n<meta name=\"twitter:site\" content=\"@CIELOlaboral\" \/>\n<meta name=\"twitter:label1\" content=\"Dur\u00e9e de lecture estim\u00e9e\" \/>\n\t<meta name=\"twitter:data1\" content=\"1 minute\" \/>\n<script type=\"application\/ld+json\" class=\"yoast-schema-graph\">{\"@context\":\"https:\/\/schema.org\",\"@graph\":[{\"@type\":\"WebPage\",\"@id\":\"https:\/\/www.cielolaboral.com\/mision\/\",\"url\":\"https:\/\/www.cielolaboral.com\/mision\/\",\"name\":\"MISI\u00d3N - cielolaboral\",\"isPartOf\":{\"@id\":\"https:\/\/www.cielolaboral.com\/#website\"},\"datePublished\":\"2014-07-21T12:51:40+00:00\",\"dateModified\":\"2023-01-17T13:23:17+00:00\",\"breadcrumb\":{\"@id\":\"https:\/\/www.cielolaboral.com\/mision\/#breadcrumb\"},\"inLanguage\":\"fr-FR\",\"potentialAction\":[{\"@type\":\"ReadAction\",\"target\":[\"https:\/\/www.cielolaboral.com\/mision\/\"]}]},{\"@type\":\"BreadcrumbList\",\"@id\":\"https:\/\/www.cielolaboral.com\/mision\/#breadcrumb\",\"itemListElement\":[{\"@type\":\"ListItem\",\"position\":1,\"name\":\"Home\",\"item\":\"https:\/\/www.cielolaboral.com\/\"},{\"@type\":\"ListItem\",\"position\":2,\"name\":\"MISI\u00d3N\"}]},{\"@type\":\"WebSite\",\"@id\":\"https:\/\/www.cielolaboral.com\/#website\",\"url\":\"https:\/\/www.cielolaboral.com\/\",\"name\":\"cielolaboral\",\"description\":\"\",\"publisher\":{\"@id\":\"https:\/\/www.cielolaboral.com\/#organization\"},\"potentialAction\":[{\"@type\":\"SearchAction\",\"target\":{\"@type\":\"EntryPoint\",\"urlTemplate\":\"https:\/\/www.cielolaboral.com\/?s={search_term_string}\"},\"query-input\":{\"@type\":\"PropertyValueSpecification\",\"valueRequired\":true,\"valueName\":\"search_term_string\"}}],\"inLanguage\":\"fr-FR\"},{\"@type\":\"Organization\",\"@id\":\"https:\/\/www.cielolaboral.com\/#organization\",\"name\":\"cielolaboral\",\"url\":\"https:\/\/www.cielolaboral.com\/\",\"logo\":{\"@type\":\"ImageObject\",\"inLanguage\":\"fr-FR\",\"@id\":\"https:\/\/www.cielolaboral.com\/#\/schema\/logo\/image\/\",\"url\":\"https:\/\/www.cielolaboral.com\/wp-content\/uploads\/2020\/09\/cropped-logo_CIELO_2.png\",\"contentUrl\":\"https:\/\/www.cielolaboral.com\/wp-content\/uploads\/2020\/09\/cropped-logo_CIELO_2.png\",\"width\":512,\"height\":512,\"caption\":\"cielolaboral\"},\"image\":{\"@id\":\"https:\/\/www.cielolaboral.com\/#\/schema\/logo\/image\/\"},\"sameAs\":[\"https:\/\/www.facebook.com\/CIELO-Comunidad-para-la-Investigacin-y-el-Estudio-Laboral-y-Ocupacional-456411237893494\",\"https:\/\/x.com\/CIELOlaboral\"]}]}<\/script>\n<!-- \/ Yoast SEO plugin. -->","yoast_head_json":{"title":"MISI\u00d3N - cielolaboral","robots":{"index":"index","follow":"follow","max-snippet":"max-snippet:-1","max-image-preview":"max-image-preview:large","max-video-preview":"max-video-preview:-1"},"canonical":"https:\/\/www.cielolaboral.com\/fr\/mision\/","og_locale":"fr_FR","og_type":"article","og_title":"MISI\u00d3N - cielolaboral","og_description":"\u00a1 Construyamos juntos el futuro del trabajo! &nbsp; En esta Secci\u00f3n est\u00e1n disponibles distintas informaciones sobre la Comunidad CIELO: &nbsp; &nbsp; MANIFIESTO EN ESPA\u00d1OL &nbsp; MANIFESTO EM PORTUGU\u00caS &nbsp; MANIFESTE EN FRAN\u00c7AIS &nbsp; MANIFESTO IN ITALIANO &nbsp; PRESENTACI\u00d3N DE LARead more","og_url":"https:\/\/www.cielolaboral.com\/fr\/mision\/","og_site_name":"cielolaboral","article_publisher":"https:\/\/www.facebook.com\/CIELO-Comunidad-para-la-Investigacin-y-el-Estudio-Laboral-y-Ocupacional-456411237893494","article_modified_time":"2023-01-17T13:23:17+00:00","twitter_card":"summary_large_image","twitter_site":"@CIELOlaboral","twitter_misc":{"Dur\u00e9e de lecture estim\u00e9e":"1 minute"},"schema":{"@context":"https:\/\/schema.org","@graph":[{"@type":"WebPage","@id":"https:\/\/www.cielolaboral.com\/mision\/","url":"https:\/\/www.cielolaboral.com\/mision\/","name":"MISI\u00d3N - cielolaboral","isPartOf":{"@id":"https:\/\/www.cielolaboral.com\/#website"},"datePublished":"2014-07-21T12:51:40+00:00","dateModified":"2023-01-17T13:23:17+00:00","breadcrumb":{"@id":"https:\/\/www.cielolaboral.com\/mision\/#breadcrumb"},"inLanguage":"fr-FR","potentialAction":[{"@type":"ReadAction","target":["https:\/\/www.cielolaboral.com\/mision\/"]}]},{"@type":"BreadcrumbList","@id":"https:\/\/www.cielolaboral.com\/mision\/#breadcrumb","itemListElement":[{"@type":"ListItem","position":1,"name":"Home","item":"https:\/\/www.cielolaboral.com\/"},{"@type":"ListItem","position":2,"name":"MISI\u00d3N"}]},{"@type":"WebSite","@id":"https:\/\/www.cielolaboral.com\/#website","url":"https:\/\/www.cielolaboral.com\/","name":"cielolaboral","description":"","publisher":{"@id":"https:\/\/www.cielolaboral.com\/#organization"},"potentialAction":[{"@type":"SearchAction","target":{"@type":"EntryPoint","urlTemplate":"https:\/\/www.cielolaboral.com\/?s={search_term_string}"},"query-input":{"@type":"PropertyValueSpecification","valueRequired":true,"valueName":"search_term_string"}}],"inLanguage":"fr-FR"},{"@type":"Organization","@id":"https:\/\/www.cielolaboral.com\/#organization","name":"cielolaboral","url":"https:\/\/www.cielolaboral.com\/","logo":{"@type":"ImageObject","inLanguage":"fr-FR","@id":"https:\/\/www.cielolaboral.com\/#\/schema\/logo\/image\/","url":"https:\/\/www.cielolaboral.com\/wp-content\/uploads\/2020\/09\/cropped-logo_CIELO_2.png","contentUrl":"https:\/\/www.cielolaboral.com\/wp-content\/uploads\/2020\/09\/cropped-logo_CIELO_2.png","width":512,"height":512,"caption":"cielolaboral"},"image":{"@id":"https:\/\/www.cielolaboral.com\/#\/schema\/logo\/image\/"},"sameAs":["https:\/\/www.facebook.com\/CIELO-Comunidad-para-la-Investigacin-y-el-Estudio-Laboral-y-Ocupacional-456411237893494","https:\/\/x.com\/CIELOlaboral"]}]}},"_links":{"self":[{"href":"https:\/\/www.cielolaboral.com\/fr\/wp-json\/wp\/v2\/pages\/454","targetHints":{"allow":["GET"]}}],"collection":[{"href":"https:\/\/www.cielolaboral.com\/fr\/wp-json\/wp\/v2\/pages"}],"about":[{"href":"https:\/\/www.cielolaboral.com\/fr\/wp-json\/wp\/v2\/types\/page"}],"author":[{"embeddable":true,"href":"https:\/\/www.cielolaboral.com\/fr\/wp-json\/wp\/v2\/users\/16"}],"replies":[{"embeddable":true,"href":"https:\/\/www.cielolaboral.com\/fr\/wp-json\/wp\/v2\/comments?post=454"}],"version-history":[{"count":29,"href":"https:\/\/www.cielolaboral.com\/fr\/wp-json\/wp\/v2\/pages\/454\/revisions"}],"predecessor-version":[{"id":12426,"href":"https:\/\/www.cielolaboral.com\/fr\/wp-json\/wp\/v2\/pages\/454\/revisions\/12426"}],"wp:attachment":[{"href":"https:\/\/www.cielolaboral.com\/fr\/wp-json\/wp\/v2\/media?parent=454"}],"curies":[{"name":"wp","href":"https:\/\/api.w.org\/{rel}","templated":true}]}}