{"id":447,"date":"2014-07-21T12:26:06","date_gmt":"2014-07-21T12:26:06","guid":{"rendered":"http:\/\/adapt.it\/boletinespanol\/wp\/?page_id=447"},"modified":"2014-07-21T12:26:06","modified_gmt":"2014-07-21T12:26:06","slug":"acerca-de-nosotros","status":"publish","type":"page","link":"https:\/\/www.cielolaboral.com\/fr\/acerca-de-nosotros\/","title":{"rendered":"ACERCA DE NOSOTROS"},"content":{"rendered":"<h1>ACERCA DE NOSOTROS<\/h1>\n<p>Adaptinternacional es la realidad de ADAPT que quiere dirigirse a nuestro p\u00fablico hispanohablante.<\/p>\n<p>&nbsp;<\/p>\n<p>ADAPT &#8211; Associazione per gli Studi Internazionali e Comparati sul Diritto del Lavoro e sulle Relazioni Industriali &#8211; es una Asociaci\u00f3n italiana sin \u00e1nimo de lucro fundada por Marco Biagi en el a\u00f1o 2000 para promover, desde una perspectiva internacional y comparada, estudios e investigaciones en el campo del derecho del trabajo y las relaciones laborales con el fin de fomentar una nueva forma de \u201chacer universidad\u201d, estableciendo relaciones estables e intercambios entre centros de ense\u00f1anza superior, asociaciones civiles, fundaciones, instituciones, sindicatos y empresas.<\/p>\n<p>&nbsp;<\/p>\n<p><strong>Para realizar sus objetivos ADAPT trabaja:<\/strong><\/p>\n<p><img decoding=\"async\" src=\"http:\/\/www.adapt.it\/boletinespanol\/dot.png\" alt=\"\" border=\"0\" \/>\u00a0promoviendo cooperaciones y creando una red nacional e internacional de colaboraci\u00f3n con Centros de investigaci\u00f3n y Universidades de varios pa\u00edses;<br \/>\n<img decoding=\"async\" src=\"http:\/\/www.adapt.it\/boletinespanol\/dot.png\" alt=\"\" border=\"0\" \/>\u00a0en r\u00e9gimen de convenci\u00f3n con el DEAL &#8211; Centro de Estudios Internacionales y Comparados del Departamento de Econom\u00eda Marco Biagi (Universidad de M\u00f3dena y Reggio Emilia, Italia);<br \/>\n<img decoding=\"async\" src=\"http:\/\/www.adapt.it\/boletinespanol\/dot.png\" alt=\"\" border=\"0\" \/>\u00a0sosteniendo la Escuela de Doctorado en Formaci\u00f3n de la Persona y Mercado de Trabajo, instituida por Adapt en convenci\u00f3n con el MIUR (Ministerio de Instrucci\u00f3n, Universidad e Investigaci\u00f3n), la Universidad de B\u00e9rgamo y el Polit\u00e9cnico de Bari;<br \/>\n<img decoding=\"async\" src=\"http:\/\/www.adapt.it\/boletinespanol\/dot.png\" alt=\"\" border=\"0\" \/>\u00a0proporcionando asistencia t\u00e9cnica a la Comisi\u00f3n de certificaci\u00f3n de contratos de trabajo de la Universidad de M\u00f3dena y Reggio Emilia;<br \/>\n<img decoding=\"async\" src=\"http:\/\/www.adapt.it\/boletinespanol\/dot.png\" alt=\"\" border=\"0\" \/>\u00a0participando en numerosos bandos y proyectos de investigaci\u00f3n nacionales, internacionales y comunitarios.<br \/>\nPresentaci\u00f3n de ADAPT\u00a0<a href=\"http:\/\/adapt.it\/quienes_somos_ADAPT.pdf\" target=\"_blank\" rel=\"noopener\"><img decoding=\"async\" src=\"http:\/\/www.adapt.it\/boletinespanol\/pdf_icon.png\" alt=\"\" width=\"16\" height=\"16\" border=\"0\" \/><\/a><\/p>","protected":false},"excerpt":{"rendered":"<p>ACERCA DE NOSOTROS Adaptinternacional es la realidad de ADAPT que quiere dirigirse a nuestro p\u00fablico hispanohablante. &nbsp; ADAPT &#8211; Associazione per gli Studi Internazionali e Comparati sul Diritto del Lavoro e sulle Relazioni Industriali &#8211; es una Asociaci\u00f3n italiana sin<a class=\"more-link\" href=\"https:\/\/www.cielolaboral.com\/fr\/acerca-de-nosotros\/\" title=\"ACERCA DE NOSOTROS\"><span>Read more<\/span><\/a><\/p>","protected":false},"author":16,"featured_media":0,"parent":0,"menu_order":0,"comment_status":"open","ping_status":"open","template":"templates\/page-full.php","meta":{"footnotes":""},"class_list":["post-447","page","type-page","status-publish","hentry"],"yoast_head":"<!-- This site is optimized with the Yoast SEO plugin v27.2 - https:\/\/yoast.com\/product\/yoast-seo-wordpress\/ -->\n<title>ACERCA DE NOSOTROS - cielolaboral<\/title>\n<meta name=\"robots\" content=\"index, follow, max-snippet:-1, max-image-preview:large, max-video-preview:-1\" \/>\n<link rel=\"canonical\" href=\"https:\/\/www.cielolaboral.com\/fr\/acerca-de-nosotros\/\" \/>\n<meta property=\"og:locale\" content=\"fr_FR\" \/>\n<meta property=\"og:type\" content=\"article\" \/>\n<meta property=\"og:title\" content=\"ACERCA DE NOSOTROS - cielolaboral\" \/>\n<meta property=\"og:description\" content=\"ACERCA DE NOSOTROS Adaptinternacional es la realidad de ADAPT que quiere dirigirse a nuestro p\u00fablico hispanohablante. &nbsp; ADAPT &#8211; Associazione per gli Studi Internazionali e Comparati sul Diritto del Lavoro e sulle Relazioni Industriali &#8211; es una Asociaci\u00f3n italiana sinRead more\" \/>\n<meta property=\"og:url\" content=\"https:\/\/www.cielolaboral.com\/fr\/acerca-de-nosotros\/\" \/>\n<meta property=\"og:site_name\" content=\"cielolaboral\" \/>\n<meta property=\"article:publisher\" content=\"https:\/\/www.facebook.com\/CIELO-Comunidad-para-la-Investigacin-y-el-Estudio-Laboral-y-Ocupacional-456411237893494\" \/>\n<meta property=\"og:image\" content=\"http:\/\/www.adapt.it\/boletinespanol\/dot.png\" \/>\n<meta name=\"twitter:card\" content=\"summary_large_image\" \/>\n<meta name=\"twitter:site\" content=\"@CIELOlaboral\" \/>\n<meta name=\"twitter:label1\" content=\"Dur\u00e9e de lecture estim\u00e9e\" \/>\n\t<meta name=\"twitter:data1\" content=\"1 minute\" \/>\n<script type=\"application\/ld+json\" class=\"yoast-schema-graph\">{\"@context\":\"https:\/\/schema.org\",\"@graph\":[{\"@type\":\"WebPage\",\"@id\":\"https:\/\/www.cielolaboral.com\/acerca-de-nosotros\/\",\"url\":\"https:\/\/www.cielolaboral.com\/acerca-de-nosotros\/\",\"name\":\"ACERCA DE NOSOTROS - cielolaboral\",\"isPartOf\":{\"@id\":\"https:\/\/www.cielolaboral.com\/#website\"},\"primaryImageOfPage\":{\"@id\":\"https:\/\/www.cielolaboral.com\/acerca-de-nosotros\/#primaryimage\"},\"image\":{\"@id\":\"https:\/\/www.cielolaboral.com\/acerca-de-nosotros\/#primaryimage\"},\"thumbnailUrl\":\"http:\/\/www.adapt.it\/boletinespanol\/dot.png\",\"datePublished\":\"2014-07-21T12:26:06+00:00\",\"breadcrumb\":{\"@id\":\"https:\/\/www.cielolaboral.com\/acerca-de-nosotros\/#breadcrumb\"},\"inLanguage\":\"fr-FR\",\"potentialAction\":[{\"@type\":\"ReadAction\",\"target\":[\"https:\/\/www.cielolaboral.com\/acerca-de-nosotros\/\"]}]},{\"@type\":\"ImageObject\",\"inLanguage\":\"fr-FR\",\"@id\":\"https:\/\/www.cielolaboral.com\/acerca-de-nosotros\/#primaryimage\",\"url\":\"http:\/\/www.adapt.it\/boletinespanol\/dot.png\",\"contentUrl\":\"http:\/\/www.adapt.it\/boletinespanol\/dot.png\"},{\"@type\":\"BreadcrumbList\",\"@id\":\"https:\/\/www.cielolaboral.com\/acerca-de-nosotros\/#breadcrumb\",\"itemListElement\":[{\"@type\":\"ListItem\",\"position\":1,\"name\":\"Home\",\"item\":\"https:\/\/www.cielolaboral.com\/\"},{\"@type\":\"ListItem\",\"position\":2,\"name\":\"ACERCA DE NOSOTROS\"}]},{\"@type\":\"WebSite\",\"@id\":\"https:\/\/www.cielolaboral.com\/#website\",\"url\":\"https:\/\/www.cielolaboral.com\/\",\"name\":\"cielolaboral\",\"description\":\"\",\"publisher\":{\"@id\":\"https:\/\/www.cielolaboral.com\/#organization\"},\"potentialAction\":[{\"@type\":\"SearchAction\",\"target\":{\"@type\":\"EntryPoint\",\"urlTemplate\":\"https:\/\/www.cielolaboral.com\/?s={search_term_string}\"},\"query-input\":{\"@type\":\"PropertyValueSpecification\",\"valueRequired\":true,\"valueName\":\"search_term_string\"}}],\"inLanguage\":\"fr-FR\"},{\"@type\":\"Organization\",\"@id\":\"https:\/\/www.cielolaboral.com\/#organization\",\"name\":\"cielolaboral\",\"url\":\"https:\/\/www.cielolaboral.com\/\",\"logo\":{\"@type\":\"ImageObject\",\"inLanguage\":\"fr-FR\",\"@id\":\"https:\/\/www.cielolaboral.com\/#\/schema\/logo\/image\/\",\"url\":\"https:\/\/www.cielolaboral.com\/wp-content\/uploads\/2020\/09\/cropped-logo_CIELO_2.png\",\"contentUrl\":\"https:\/\/www.cielolaboral.com\/wp-content\/uploads\/2020\/09\/cropped-logo_CIELO_2.png\",\"width\":512,\"height\":512,\"caption\":\"cielolaboral\"},\"image\":{\"@id\":\"https:\/\/www.cielolaboral.com\/#\/schema\/logo\/image\/\"},\"sameAs\":[\"https:\/\/www.facebook.com\/CIELO-Comunidad-para-la-Investigacin-y-el-Estudio-Laboral-y-Ocupacional-456411237893494\",\"https:\/\/x.com\/CIELOlaboral\"]}]}<\/script>\n<!-- \/ Yoast SEO plugin. -->","yoast_head_json":{"title":"ACERCA DE NOSOTROS - cielolaboral","robots":{"index":"index","follow":"follow","max-snippet":"max-snippet:-1","max-image-preview":"max-image-preview:large","max-video-preview":"max-video-preview:-1"},"canonical":"https:\/\/www.cielolaboral.com\/fr\/acerca-de-nosotros\/","og_locale":"fr_FR","og_type":"article","og_title":"ACERCA DE NOSOTROS - cielolaboral","og_description":"ACERCA DE NOSOTROS Adaptinternacional es la realidad de ADAPT que quiere dirigirse a nuestro p\u00fablico hispanohablante. &nbsp; ADAPT &#8211; Associazione per gli Studi Internazionali e Comparati sul Diritto del Lavoro e sulle Relazioni Industriali &#8211; es una Asociaci\u00f3n italiana sinRead more","og_url":"https:\/\/www.cielolaboral.com\/fr\/acerca-de-nosotros\/","og_site_name":"cielolaboral","article_publisher":"https:\/\/www.facebook.com\/CIELO-Comunidad-para-la-Investigacin-y-el-Estudio-Laboral-y-Ocupacional-456411237893494","og_image":[{"url":"http:\/\/www.adapt.it\/boletinespanol\/dot.png","type":"","width":"","height":""}],"twitter_card":"summary_large_image","twitter_site":"@CIELOlaboral","twitter_misc":{"Dur\u00e9e de lecture estim\u00e9e":"1 minute"},"schema":{"@context":"https:\/\/schema.org","@graph":[{"@type":"WebPage","@id":"https:\/\/www.cielolaboral.com\/acerca-de-nosotros\/","url":"https:\/\/www.cielolaboral.com\/acerca-de-nosotros\/","name":"ACERCA DE NOSOTROS - cielolaboral","isPartOf":{"@id":"https:\/\/www.cielolaboral.com\/#website"},"primaryImageOfPage":{"@id":"https:\/\/www.cielolaboral.com\/acerca-de-nosotros\/#primaryimage"},"image":{"@id":"https:\/\/www.cielolaboral.com\/acerca-de-nosotros\/#primaryimage"},"thumbnailUrl":"http:\/\/www.adapt.it\/boletinespanol\/dot.png","datePublished":"2014-07-21T12:26:06+00:00","breadcrumb":{"@id":"https:\/\/www.cielolaboral.com\/acerca-de-nosotros\/#breadcrumb"},"inLanguage":"fr-FR","potentialAction":[{"@type":"ReadAction","target":["https:\/\/www.cielolaboral.com\/acerca-de-nosotros\/"]}]},{"@type":"ImageObject","inLanguage":"fr-FR","@id":"https:\/\/www.cielolaboral.com\/acerca-de-nosotros\/#primaryimage","url":"http:\/\/www.adapt.it\/boletinespanol\/dot.png","contentUrl":"http:\/\/www.adapt.it\/boletinespanol\/dot.png"},{"@type":"BreadcrumbList","@id":"https:\/\/www.cielolaboral.com\/acerca-de-nosotros\/#breadcrumb","itemListElement":[{"@type":"ListItem","position":1,"name":"Home","item":"https:\/\/www.cielolaboral.com\/"},{"@type":"ListItem","position":2,"name":"ACERCA DE NOSOTROS"}]},{"@type":"WebSite","@id":"https:\/\/www.cielolaboral.com\/#website","url":"https:\/\/www.cielolaboral.com\/","name":"cielolaboral","description":"","publisher":{"@id":"https:\/\/www.cielolaboral.com\/#organization"},"potentialAction":[{"@type":"SearchAction","target":{"@type":"EntryPoint","urlTemplate":"https:\/\/www.cielolaboral.com\/?s={search_term_string}"},"query-input":{"@type":"PropertyValueSpecification","valueRequired":true,"valueName":"search_term_string"}}],"inLanguage":"fr-FR"},{"@type":"Organization","@id":"https:\/\/www.cielolaboral.com\/#organization","name":"cielolaboral","url":"https:\/\/www.cielolaboral.com\/","logo":{"@type":"ImageObject","inLanguage":"fr-FR","@id":"https:\/\/www.cielolaboral.com\/#\/schema\/logo\/image\/","url":"https:\/\/www.cielolaboral.com\/wp-content\/uploads\/2020\/09\/cropped-logo_CIELO_2.png","contentUrl":"https:\/\/www.cielolaboral.com\/wp-content\/uploads\/2020\/09\/cropped-logo_CIELO_2.png","width":512,"height":512,"caption":"cielolaboral"},"image":{"@id":"https:\/\/www.cielolaboral.com\/#\/schema\/logo\/image\/"},"sameAs":["https:\/\/www.facebook.com\/CIELO-Comunidad-para-la-Investigacin-y-el-Estudio-Laboral-y-Ocupacional-456411237893494","https:\/\/x.com\/CIELOlaboral"]}]}},"_links":{"self":[{"href":"https:\/\/www.cielolaboral.com\/fr\/wp-json\/wp\/v2\/pages\/447","targetHints":{"allow":["GET"]}}],"collection":[{"href":"https:\/\/www.cielolaboral.com\/fr\/wp-json\/wp\/v2\/pages"}],"about":[{"href":"https:\/\/www.cielolaboral.com\/fr\/wp-json\/wp\/v2\/types\/page"}],"author":[{"embeddable":true,"href":"https:\/\/www.cielolaboral.com\/fr\/wp-json\/wp\/v2\/users\/16"}],"replies":[{"embeddable":true,"href":"https:\/\/www.cielolaboral.com\/fr\/wp-json\/wp\/v2\/comments?post=447"}],"version-history":[{"count":0,"href":"https:\/\/www.cielolaboral.com\/fr\/wp-json\/wp\/v2\/pages\/447\/revisions"}],"wp:attachment":[{"href":"https:\/\/www.cielolaboral.com\/fr\/wp-json\/wp\/v2\/media?parent=447"}],"curies":[{"name":"wp","href":"https:\/\/api.w.org\/{rel}","templated":true}]}}