{"id":3730,"date":"2015-12-17T11:21:57","date_gmt":"2015-12-17T11:21:57","guid":{"rendered":"http:\/\/www.cielolaboral.com\/?page_id=3730"},"modified":"2025-06-16T12:49:55","modified_gmt":"2025-06-16T10:49:55","slug":"universidades","status":"publish","type":"page","link":"https:\/\/www.cielolaboral.com\/fr\/universidades\/","title":{"rendered":"UNIVERSIDADES"},"content":{"rendered":"<table style=\"width: 700px; height: 167px;\">\n<tbody>\n<tr>\n<th style=\"text-align: center; height: 150px; width: 150px; vertical-align: middle;\" rowspan=\"4\"><img decoding=\"async\" src=\"https:\/\/www.cielolaboral.com\/wp-content\/uploads\/2016\/10\/CEF.png\" alt=\"\" \/><\/th>\n<td style=\"font-size: medium; text-align: justify;\"><strong>Centro de Estudios Financieros &#8211; CEF<\/strong><\/td>\n<td style=\"text-align: center; height: 50px; width: 50px; vertical-align: middle;\" rowspan=\"4\"><a href=\"http:\/\/www.cef.es\/\" target=\"blank\" rel=\"noopener noreferrer\"><img decoding=\"async\" class=\"\" src=\"https:\/\/www.cielolaboral.com\/wp-content\/uploads\/2022\/08\/Insert-hyperlink.png\" alt=\"\" width=\"35\" height=\"35\" \/><strong>P\u00c1GINA WEB<\/strong>\u00a0<\/a><\/td>\n<\/tr>\n<tr>\n<td>CONTACTO: Ar\u00e1nzazu De las Heras Garc\u00eda<\/td>\n<\/tr>\n<tr>\n<td>MAIL: info@cef.es<\/td>\n<\/tr>\n<\/tbody>\n<\/table>\n<table style=\"width: 700px; height: 167px;\">\n<tbody>\n<tr>\n<th style=\"text-align: center; height: 150px; width: 150px; vertical-align: middle;\" rowspan=\"4\"><img decoding=\"async\" src=\"https:\/\/www.cielolaboral.com\/wp-content\/uploads\/2015\/09\/escuela-libre-de-derecho.png\" alt=\"\" \/><\/th>\n<td style=\"font-size: medium; text-align: justify;\"><strong>Escuela Libre de Derecho<\/strong><\/td>\n<td style=\"text-align: center; height: 50px; width: 50px; vertical-align: middle;\" rowspan=\"4\"><a href=\"http:\/\/www.eld.edu.mx\/\" target=\"blank\" rel=\"noopener noreferrer\"><img decoding=\"async\" class=\"\" src=\"https:\/\/www.cielolaboral.com\/wp-content\/uploads\/2022\/08\/Insert-hyperlink.png\" alt=\"\" width=\"35\" height=\"35\" \/><strong>P\u00c1GINA WEB<\/strong>\u00a0<\/a><\/td>\n<\/tr>\n<tr>\n<td>CONTACTO: Valente Quintana Pineda<\/td>\n<\/tr>\n<tr>\n<td>MAIL: libredederecho@eld.edu.mx<\/td>\n<\/tr>\n<\/tbody>\n<\/table>\n<table style=\"width: 700px; height: 167px;\">\n<tbody>\n<tr>\n<th style=\"text-align: center; height: 150px; width: 150px; vertical-align: middle;\" rowspan=\"4\"><img fetchpriority=\"high\" decoding=\"async\" class=\"alignnone size-full wp-image-13628\" src=\"https:\/\/www.cielolaboral.com\/wp-content\/uploads\/2025\/06\/FEST-UMA.jpeg\" alt=\"\" width=\"250\" height=\"250\" srcset=\"https:\/\/www.cielolaboral.com\/wp-content\/uploads\/2025\/06\/FEST-UMA.jpeg 250w, https:\/\/www.cielolaboral.com\/wp-content\/uploads\/2025\/06\/FEST-UMA-150x150.jpeg 150w, https:\/\/www.cielolaboral.com\/wp-content\/uploads\/2025\/06\/FEST-UMA-12x12.jpeg 12w, https:\/\/www.cielolaboral.com\/wp-content\/uploads\/2025\/06\/FEST-UMA-230x230.jpeg 230w\" sizes=\"(max-width: 250px) 100vw, 250px\" \/><\/th>\n<td style=\"font-size: medium; text-align: justify;\"><strong>Facultad de Estudios Sociales y del Trabajo. Universidad de M\u00e1laga<\/strong><\/td>\n<td style=\"text-align: center; height: 50px; width: 50px; vertical-align: middle;\" rowspan=\"4\"><a href=\"https:\/\/www.uma.es\/fest\/\" target=\"blank\" rel=\"noopener noreferrer\"><img decoding=\"async\" class=\"\" src=\"https:\/\/www.cielolaboral.com\/wp-content\/uploads\/2022\/08\/Insert-hyperlink.png\" alt=\"\" width=\"35\" height=\"35\" \/><strong>P\u00c1GINA WEB<\/strong>\u00a0<\/a><\/td>\n<\/tr>\n<tr>\n<td>CONTACTO: Almudena Mac\u00edas Le\u00f3n<\/td>\n<\/tr>\n<tr>\n<td>MAIL: <span data-olk-copy-source=\"MessageBody\">almudena.macias@uma.es<\/span><\/td>\n<\/tr>\n<\/tbody>\n<\/table>\n<table style=\"width: 700px; height: 167px;\">\n<tbody>\n<tr>\n<th style=\"text-align: center; height: 150px; width: 150px; vertical-align: middle;\" rowspan=\"4\"><img decoding=\"async\" src=\"https:\/\/www.cielolaboral.com\/wp-content\/uploads\/2016\/10\/descarga.png\" alt=\"\" \/><\/th>\n<td style=\"font-size: medium; text-align: justify;\"><strong>Universidad a Distancia de Madrid &#8211; UDIMA<\/strong><\/td>\n<td style=\"text-align: center; height: 50px; width: 50px; vertical-align: middle;\" rowspan=\"4\"><a href=\"http:\/\/www.udima.es\/\" target=\"blank\" rel=\"noopener noreferrer\"><img decoding=\"async\" class=\"\" src=\"https:\/\/www.cielolaboral.com\/wp-content\/uploads\/2022\/08\/Insert-hyperlink.png\" alt=\"\" width=\"35\" height=\"35\" \/><strong>P\u00c1GINA WEB<\/strong>\u00a0<\/a><\/td>\n<\/tr>\n<tr>\n<td>CONTACTO: Ar\u00e1nzazu De las Heras Garc\u00eda<\/td>\n<\/tr>\n<tr>\n<td>MAIL: informa@udima.es<\/td>\n<\/tr>\n<\/tbody>\n<\/table>\n<table style=\"width: 700px; height: 173px;\">\n<tbody>\n<tr>\n<th style=\"text-align: center; height: 150px; width: 150px; vertical-align: middle;\" rowspan=\"4\"><img decoding=\"async\" src=\"https:\/\/www.cielolaboral.com\/wp-content\/uploads\/2015\/09\/uic.png\" alt=\"\" \/><\/th>\n<td style=\"font-size: medium; text-align: justify;\"><strong>Universidad Intercontinental<\/strong><\/td>\n<td style=\"text-align: center; height: 50px; width: 50px; vertical-align: middle;\" rowspan=\"4\"><a href=\"http:\/\/www.uic.edu.mx\/\" target=\"blank\" rel=\"noopener noreferrer\"><img decoding=\"async\" class=\"\" src=\"https:\/\/www.cielolaboral.com\/wp-content\/uploads\/2022\/08\/Insert-hyperlink.png\" alt=\"\" width=\"35\" height=\"35\" \/><strong>P\u00c1GINA WEB<\/strong>\u00a0<\/a><\/td>\n<\/tr>\n<tr>\n<td>CONTACTO: Valente Quintana Pineda<\/td>\n<\/tr>\n<tr>\n<td>MAIL:<\/td>\n<\/tr>\n<\/tbody>\n<\/table>\n<table style=\"width: 700px; height: 249px;\">\n<tbody>\n<tr>\n<th style=\"text-align: center; height: 150px; width: 150px; vertical-align: middle;\" rowspan=\"4\"><img decoding=\"async\" class=\"\" src=\"https:\/\/www.cielolaboral.com\/wp-content\/uploads\/2016\/04\/universidad-la-gran-colombia.png\" alt=\"\" width=\"250\" height=\"80\" \/><\/th>\n<td style=\"font-size: medium; text-align: justify;\"><strong>Universidad La Gran Colombia &#8212; Coordinaci\u00f3n de Investigaciones de la Facultad de Derecho<\/strong><\/td>\n<td style=\"text-align: center; height: 50px; width: 50px; vertical-align: middle;\" rowspan=\"4\"><a href=\"http:\/\/www.ugc.edu.co\/index.php\/facultad-derecho\/16-facultades\/derecho\/64-perfil\" target=\"blank\" rel=\"noopener noreferrer\"><img loading=\"lazy\" decoding=\"async\" src=\"https:\/\/www.cielolaboral.com\/wp-content\/uploads\/2022\/08\/Insert-hyperlink.png\" alt=\"\" width=\"35\" height=\"35\" \/><strong>P\u00c1GINA WEB<\/strong> <\/a><\/td>\n<\/tr>\n<tr>\n<td>CONTACTO: Daniel Alfonso Barrag\u00e1n Ronderos<\/td>\n<\/tr>\n<tr>\n<td>MAIL: daniel.barragan@ugc.edu.co<\/td>\n<\/tr>\n<\/tbody>\n<\/table>\n<table style=\"width: 700px; height: 169px;\">\n<tbody>\n<tr>\n<th style=\"text-align: center; height: 150px; width: 150px; vertical-align: middle;\" rowspan=\"4\"><img decoding=\"async\" src=\"https:\/\/www.cielolaboral.com\/wp-content\/uploads\/2015\/09\/universidad_ORT.png\" alt=\"\" \/><\/th>\n<td style=\"font-size: medium; text-align: justify;\"><strong>Universidad ORT Uruguay<\/strong><\/td>\n<td style=\"text-align: center; height: 50px; width: 50px; vertical-align: middle;\" rowspan=\"4\"><a href=\"http:\/\/www.ort.edu.uy\/\" target=\"blank\" rel=\"noopener noreferrer\"><img decoding=\"async\" class=\"\" src=\"https:\/\/www.cielolaboral.com\/wp-content\/uploads\/2022\/08\/Insert-hyperlink.png\" alt=\"\" width=\"35\" height=\"35\" \/><strong>P\u00c1GINA WEB<\/strong>\u00a0<\/a><\/td>\n<\/tr>\n<tr>\n<td>CONTACTO: Gerardo Cedrola Spremolla<\/td>\n<\/tr>\n<tr>\n<td>MAIL:<\/td>\n<\/tr>\n<\/tbody>\n<\/table>\n<table style=\"width: 700px; height: 169px;\">\n<tbody>\n<tr>\n<th style=\"text-align: center; height: 150px; width: 150px; vertical-align: middle;\" rowspan=\"4\"><img decoding=\"async\" src=\"https:\/\/cielolaboral.com\/wp-content\/uploads\/2020\/07\/logo_unia.png\" alt=\"\" \/><\/th>\n<td style=\"font-size: medium; text-align: justify;\"><strong>Universidad Internacional de Andaluc\u00eda<\/strong><\/td>\n<td style=\"text-align: center; height: 50px; width: 50px; vertical-align: middle;\" rowspan=\"4\"><a href=\"https:\/\/www.unia.es\/\" target=\"blank\" rel=\"noopener noreferrer\"><img loading=\"lazy\" decoding=\"async\" src=\"https:\/\/www.cielolaboral.com\/wp-content\/uploads\/2022\/08\/Insert-hyperlink.png\" alt=\"\" width=\"35\" height=\"35\" \/><strong>P\u00c1GINA WEB<\/strong>\u00a0<\/a><\/td>\n<\/tr>\n<tr>\n<td>CONTACTO: Jos\u00e9 Ignacio Garc\u00eda P\u00e9rez<\/td>\n<\/tr>\n<tr>\n<td>MAIL:<\/td>\n<\/tr>\n<\/tbody>\n<\/table>","protected":false},"excerpt":{"rendered":"<p>Centro de Estudios Financieros &#8211; CEF P\u00c1GINA WEB\u00a0 CONTACTO: Ar\u00e1nzazu De las Heras Garc\u00eda MAIL: info@cef.es Escuela Libre de Derecho P\u00c1GINA WEB\u00a0 CONTACTO: Valente Quintana Pineda MAIL: libredederecho@eld.edu.mx Facultad de Estudios Sociales y del Trabajo. Universidad de M\u00e1laga P\u00c1GINA WEB\u00a0<a class=\"more-link\" href=\"https:\/\/www.cielolaboral.com\/fr\/universidades\/\" title=\"UNIVERSIDADES\"><span>Read more<\/span><\/a><\/p>","protected":false},"author":16,"featured_media":0,"parent":0,"menu_order":0,"comment_status":"closed","ping_status":"closed","template":"","meta":{"footnotes":""},"class_list":["post-3730","page","type-page","status-publish","hentry"],"yoast_head":"<!-- This site is optimized with the Yoast SEO plugin v27.2 - https:\/\/yoast.com\/product\/yoast-seo-wordpress\/ -->\n<title>UNIVERSIDADES - cielolaboral<\/title>\n<meta name=\"robots\" content=\"index, follow, max-snippet:-1, max-image-preview:large, max-video-preview:-1\" \/>\n<link rel=\"canonical\" href=\"https:\/\/www.cielolaboral.com\/fr\/universidades\/\" \/>\n<meta property=\"og:locale\" content=\"fr_FR\" \/>\n<meta property=\"og:type\" content=\"article\" \/>\n<meta property=\"og:title\" content=\"UNIVERSIDADES - cielolaboral\" \/>\n<meta property=\"og:description\" content=\"Centro de Estudios Financieros &#8211; CEF P\u00c1GINA WEB\u00a0 CONTACTO: Ar\u00e1nzazu De las Heras Garc\u00eda MAIL: info@cef.es Escuela Libre de Derecho P\u00c1GINA WEB\u00a0 CONTACTO: Valente Quintana Pineda MAIL: libredederecho@eld.edu.mx Facultad de Estudios Sociales y del Trabajo. Universidad de M\u00e1laga P\u00c1GINA WEB\u00a0Read more\" \/>\n<meta property=\"og:url\" content=\"https:\/\/www.cielolaboral.com\/fr\/universidades\/\" \/>\n<meta property=\"og:site_name\" content=\"cielolaboral\" \/>\n<meta property=\"article:publisher\" content=\"https:\/\/www.facebook.com\/CIELO-Comunidad-para-la-Investigacin-y-el-Estudio-Laboral-y-Ocupacional-456411237893494\" \/>\n<meta property=\"article:modified_time\" content=\"2025-06-16T10:49:55+00:00\" \/>\n<meta property=\"og:image\" content=\"https:\/\/www.cielolaboral.com\/wp-content\/uploads\/2016\/10\/CEF.png\" \/>\n<meta name=\"twitter:card\" content=\"summary_large_image\" \/>\n<meta name=\"twitter:site\" content=\"@CIELOlaboral\" \/>\n<meta name=\"twitter:label1\" content=\"Dur\u00e9e de lecture estim\u00e9e\" \/>\n\t<meta name=\"twitter:data1\" content=\"4 minutes\" \/>\n<script type=\"application\/ld+json\" class=\"yoast-schema-graph\">{\"@context\":\"https:\/\/schema.org\",\"@graph\":[{\"@type\":\"WebPage\",\"@id\":\"https:\/\/www.cielolaboral.com\/universidades\/\",\"url\":\"https:\/\/www.cielolaboral.com\/universidades\/\",\"name\":\"UNIVERSIDADES - cielolaboral\",\"isPartOf\":{\"@id\":\"https:\/\/www.cielolaboral.com\/#website\"},\"primaryImageOfPage\":{\"@id\":\"https:\/\/www.cielolaboral.com\/universidades\/#primaryimage\"},\"image\":{\"@id\":\"https:\/\/www.cielolaboral.com\/universidades\/#primaryimage\"},\"thumbnailUrl\":\"https:\/\/www.cielolaboral.com\/wp-content\/uploads\/2016\/10\/CEF.png\",\"datePublished\":\"2015-12-17T11:21:57+00:00\",\"dateModified\":\"2025-06-16T10:49:55+00:00\",\"breadcrumb\":{\"@id\":\"https:\/\/www.cielolaboral.com\/universidades\/#breadcrumb\"},\"inLanguage\":\"fr-FR\",\"potentialAction\":[{\"@type\":\"ReadAction\",\"target\":[\"https:\/\/www.cielolaboral.com\/universidades\/\"]}]},{\"@type\":\"ImageObject\",\"inLanguage\":\"fr-FR\",\"@id\":\"https:\/\/www.cielolaboral.com\/universidades\/#primaryimage\",\"url\":\"https:\/\/www.cielolaboral.com\/wp-content\/uploads\/2016\/10\/CEF.png\",\"contentUrl\":\"https:\/\/www.cielolaboral.com\/wp-content\/uploads\/2016\/10\/CEF.png\"},{\"@type\":\"BreadcrumbList\",\"@id\":\"https:\/\/www.cielolaboral.com\/universidades\/#breadcrumb\",\"itemListElement\":[{\"@type\":\"ListItem\",\"position\":1,\"name\":\"Home\",\"item\":\"https:\/\/www.cielolaboral.com\/\"},{\"@type\":\"ListItem\",\"position\":2,\"name\":\"UNIVERSIDADES\"}]},{\"@type\":\"WebSite\",\"@id\":\"https:\/\/www.cielolaboral.com\/#website\",\"url\":\"https:\/\/www.cielolaboral.com\/\",\"name\":\"cielolaboral\",\"description\":\"\",\"publisher\":{\"@id\":\"https:\/\/www.cielolaboral.com\/#organization\"},\"potentialAction\":[{\"@type\":\"SearchAction\",\"target\":{\"@type\":\"EntryPoint\",\"urlTemplate\":\"https:\/\/www.cielolaboral.com\/?s={search_term_string}\"},\"query-input\":{\"@type\":\"PropertyValueSpecification\",\"valueRequired\":true,\"valueName\":\"search_term_string\"}}],\"inLanguage\":\"fr-FR\"},{\"@type\":\"Organization\",\"@id\":\"https:\/\/www.cielolaboral.com\/#organization\",\"name\":\"cielolaboral\",\"url\":\"https:\/\/www.cielolaboral.com\/\",\"logo\":{\"@type\":\"ImageObject\",\"inLanguage\":\"fr-FR\",\"@id\":\"https:\/\/www.cielolaboral.com\/#\/schema\/logo\/image\/\",\"url\":\"https:\/\/www.cielolaboral.com\/wp-content\/uploads\/2020\/09\/cropped-logo_CIELO_2.png\",\"contentUrl\":\"https:\/\/www.cielolaboral.com\/wp-content\/uploads\/2020\/09\/cropped-logo_CIELO_2.png\",\"width\":512,\"height\":512,\"caption\":\"cielolaboral\"},\"image\":{\"@id\":\"https:\/\/www.cielolaboral.com\/#\/schema\/logo\/image\/\"},\"sameAs\":[\"https:\/\/www.facebook.com\/CIELO-Comunidad-para-la-Investigacin-y-el-Estudio-Laboral-y-Ocupacional-456411237893494\",\"https:\/\/x.com\/CIELOlaboral\"]}]}<\/script>\n<!-- \/ Yoast SEO plugin. -->","yoast_head_json":{"title":"UNIVERSIDADES - cielolaboral","robots":{"index":"index","follow":"follow","max-snippet":"max-snippet:-1","max-image-preview":"max-image-preview:large","max-video-preview":"max-video-preview:-1"},"canonical":"https:\/\/www.cielolaboral.com\/fr\/universidades\/","og_locale":"fr_FR","og_type":"article","og_title":"UNIVERSIDADES - cielolaboral","og_description":"Centro de Estudios Financieros &#8211; CEF P\u00c1GINA WEB\u00a0 CONTACTO: Ar\u00e1nzazu De las Heras Garc\u00eda MAIL: info@cef.es Escuela Libre de Derecho P\u00c1GINA WEB\u00a0 CONTACTO: Valente Quintana Pineda MAIL: libredederecho@eld.edu.mx Facultad de Estudios Sociales y del Trabajo. Universidad de M\u00e1laga P\u00c1GINA WEB\u00a0Read more","og_url":"https:\/\/www.cielolaboral.com\/fr\/universidades\/","og_site_name":"cielolaboral","article_publisher":"https:\/\/www.facebook.com\/CIELO-Comunidad-para-la-Investigacin-y-el-Estudio-Laboral-y-Ocupacional-456411237893494","article_modified_time":"2025-06-16T10:49:55+00:00","og_image":[{"url":"https:\/\/www.cielolaboral.com\/wp-content\/uploads\/2016\/10\/CEF.png","type":"","width":"","height":""}],"twitter_card":"summary_large_image","twitter_site":"@CIELOlaboral","twitter_misc":{"Dur\u00e9e de lecture estim\u00e9e":"4 minutes"},"schema":{"@context":"https:\/\/schema.org","@graph":[{"@type":"WebPage","@id":"https:\/\/www.cielolaboral.com\/universidades\/","url":"https:\/\/www.cielolaboral.com\/universidades\/","name":"UNIVERSIDADES - cielolaboral","isPartOf":{"@id":"https:\/\/www.cielolaboral.com\/#website"},"primaryImageOfPage":{"@id":"https:\/\/www.cielolaboral.com\/universidades\/#primaryimage"},"image":{"@id":"https:\/\/www.cielolaboral.com\/universidades\/#primaryimage"},"thumbnailUrl":"https:\/\/www.cielolaboral.com\/wp-content\/uploads\/2016\/10\/CEF.png","datePublished":"2015-12-17T11:21:57+00:00","dateModified":"2025-06-16T10:49:55+00:00","breadcrumb":{"@id":"https:\/\/www.cielolaboral.com\/universidades\/#breadcrumb"},"inLanguage":"fr-FR","potentialAction":[{"@type":"ReadAction","target":["https:\/\/www.cielolaboral.com\/universidades\/"]}]},{"@type":"ImageObject","inLanguage":"fr-FR","@id":"https:\/\/www.cielolaboral.com\/universidades\/#primaryimage","url":"https:\/\/www.cielolaboral.com\/wp-content\/uploads\/2016\/10\/CEF.png","contentUrl":"https:\/\/www.cielolaboral.com\/wp-content\/uploads\/2016\/10\/CEF.png"},{"@type":"BreadcrumbList","@id":"https:\/\/www.cielolaboral.com\/universidades\/#breadcrumb","itemListElement":[{"@type":"ListItem","position":1,"name":"Home","item":"https:\/\/www.cielolaboral.com\/"},{"@type":"ListItem","position":2,"name":"UNIVERSIDADES"}]},{"@type":"WebSite","@id":"https:\/\/www.cielolaboral.com\/#website","url":"https:\/\/www.cielolaboral.com\/","name":"cielolaboral","description":"","publisher":{"@id":"https:\/\/www.cielolaboral.com\/#organization"},"potentialAction":[{"@type":"SearchAction","target":{"@type":"EntryPoint","urlTemplate":"https:\/\/www.cielolaboral.com\/?s={search_term_string}"},"query-input":{"@type":"PropertyValueSpecification","valueRequired":true,"valueName":"search_term_string"}}],"inLanguage":"fr-FR"},{"@type":"Organization","@id":"https:\/\/www.cielolaboral.com\/#organization","name":"cielolaboral","url":"https:\/\/www.cielolaboral.com\/","logo":{"@type":"ImageObject","inLanguage":"fr-FR","@id":"https:\/\/www.cielolaboral.com\/#\/schema\/logo\/image\/","url":"https:\/\/www.cielolaboral.com\/wp-content\/uploads\/2020\/09\/cropped-logo_CIELO_2.png","contentUrl":"https:\/\/www.cielolaboral.com\/wp-content\/uploads\/2020\/09\/cropped-logo_CIELO_2.png","width":512,"height":512,"caption":"cielolaboral"},"image":{"@id":"https:\/\/www.cielolaboral.com\/#\/schema\/logo\/image\/"},"sameAs":["https:\/\/www.facebook.com\/CIELO-Comunidad-para-la-Investigacin-y-el-Estudio-Laboral-y-Ocupacional-456411237893494","https:\/\/x.com\/CIELOlaboral"]}]}},"_links":{"self":[{"href":"https:\/\/www.cielolaboral.com\/fr\/wp-json\/wp\/v2\/pages\/3730","targetHints":{"allow":["GET"]}}],"collection":[{"href":"https:\/\/www.cielolaboral.com\/fr\/wp-json\/wp\/v2\/pages"}],"about":[{"href":"https:\/\/www.cielolaboral.com\/fr\/wp-json\/wp\/v2\/types\/page"}],"author":[{"embeddable":true,"href":"https:\/\/www.cielolaboral.com\/fr\/wp-json\/wp\/v2\/users\/16"}],"replies":[{"embeddable":true,"href":"https:\/\/www.cielolaboral.com\/fr\/wp-json\/wp\/v2\/comments?post=3730"}],"version-history":[{"count":4,"href":"https:\/\/www.cielolaboral.com\/fr\/wp-json\/wp\/v2\/pages\/3730\/revisions"}],"predecessor-version":[{"id":13629,"href":"https:\/\/www.cielolaboral.com\/fr\/wp-json\/wp\/v2\/pages\/3730\/revisions\/13629"}],"wp:attachment":[{"href":"https:\/\/www.cielolaboral.com\/fr\/wp-json\/wp\/v2\/media?parent=3730"}],"curies":[{"name":"wp","href":"https:\/\/api.w.org\/{rel}","templated":true}]}}