{"id":3729,"date":"2015-12-17T11:22:34","date_gmt":"2015-12-17T11:22:34","guid":{"rendered":"http:\/\/www.cielolaboral.com\/?page_id=3729"},"modified":"2022-08-24T16:07:00","modified_gmt":"2022-08-24T14:07:00","slug":"empresas","status":"publish","type":"page","link":"https:\/\/www.cielolaboral.com\/fr\/empresas\/","title":{"rendered":"ENTREPRISES"},"content":{"rendered":"<table style=\"width: 100%;\">\n<tbody>\n<tr>\n<th style=\"text-align: center; height: 150px; width: 150px; vertical-align: middle;\" rowspan=\"4\"><img decoding=\"async\" src=\"https:\/\/www.cielolaboral.com\/wp-content\/uploads\/2015\/09\/aprendizaje-juridico.png\" alt=\"\"><\/th>\n<td style=\"font-size: medium;\"><strong>Aprendizaje Jur\u00eddico<\/strong><\/td>\n<td style=\"text-align: center; height: 50px; width: 50px; vertical-align: middle;\" rowspan=\"4\"><a href=\"https:\/\/aprendizajejuridico.jimdo.com\" target=\"blank\" rel=\"noopener noreferrer\"><img decoding=\"async\" src=\"https:\/\/www.cielolaboral.com\/wp-content\/uploads\/2022\/08\/Insert-hyperlink.png\" alt=\"\"><strong>P\u00c1GINA WEB<\/strong>&nbsp;<\/a><\/td>\n<\/tr>\n<tr>\n<td>CONTACTO: Atilio Noguera<\/td>\n<\/tr>\n<tr>\n<td>MAIL: aprendejuridico@gmail.com<\/td>\n<\/tr>\n<\/tbody>\n<\/table>\n<table style=\"width: 100%;\">\n<tbody>\n<tr>\n<th style=\"text-align: center; height: 150px; width: 150px; vertical-align: middle;\" rowspan=\"4\"><img decoding=\"async\" src=\"https:\/\/www.cielolaboral.com\/wp-content\/uploads\/2015\/12\/consulta-europa.png\" alt=\"\"><\/th>\n<td style=\"font-size: medium;\"><strong>Consulta Europa<\/strong><\/td>\n<td style=\"text-align: center; height: 50px; width: 50px; vertical-align: middle;\" rowspan=\"4\"><a href=\"http:\/\/www.consulta-europa.com\/ES\/\" target=\"blank\" rel=\"noopener noreferrer\"><img decoding=\"async\" src=\"https:\/\/www.cielolaboral.com\/wp-content\/uploads\/2022\/08\/Insert-hyperlink.png\" alt=\"\"><strong>P\u00c1GINA WEB<\/strong>&nbsp;<\/a><\/td>\n<\/tr>\n<tr>\n<td>CONTACTO: Valentina Platzgummer y Michelle Perell\u00f3<\/td>\n<\/tr>\n<tr>\n<td>MAIL: info@consulta-europa.com<\/td>\n<\/tr>\n<\/tbody>\n<\/table>\n<table style=\"width: 100%;\">\n<tbody>\n<tr>\n<th style=\"text-align: center; height: 150px; width: 150px; vertical-align: middle;\" rowspan=\"4\"><img decoding=\"async\" src=\"https:\/\/www.cielolaboral.com\/wp-content\/uploads\/2015\/11\/logo_staffingamericalatina.jpg\" alt=\"\"><\/th>\n<td style=\"font-size: medium;\"><strong>Staffingamericalatina<\/strong><\/td>\n<td style=\"text-align: center; height: 50px; width: 50px; vertical-align: middle;\" rowspan=\"4\"><a href=\"http:\/\/staffingamericalatina.com\/\" target=\"blank\" rel=\"noopener noreferrer\"><img decoding=\"async\" src=\"https:\/\/www.cielolaboral.com\/wp-content\/uploads\/2022\/08\/Insert-hyperlink.png\" alt=\"\"><strong>P\u00c1GINA WEB<\/strong>&nbsp;<\/a><\/td>\n<\/tr>\n<tr>\n<td>CONTACTO: Mart\u00edn Padulla<\/td>\n<\/tr>\n<tr>\n<td>MAIL:<\/td>\n<\/tr>\n<\/tbody>\n<\/table>","protected":false},"excerpt":{"rendered":"<p>Aprendizaje Jur\u00eddico P\u00c1GINA WEB&nbsp; CONTACTO: Atilio Noguera MAIL: aprendejuridico@gmail.com Consulta Europa P\u00c1GINA WEB&nbsp; CONTACTO: Valentina Platzgummer y Michelle Perell\u00f3 MAIL: info@consulta-europa.com Staffingamericalatina P\u00c1GINA WEB&nbsp; CONTACTO: Mart\u00edn Padulla MAIL:<\/p>","protected":false},"author":16,"featured_media":0,"parent":0,"menu_order":0,"comment_status":"closed","ping_status":"closed","template":"","meta":{"footnotes":""},"class_list":["post-3729","page","type-page","status-publish","hentry"],"yoast_head":"<!-- This site is optimized with the Yoast SEO plugin v27.2 - https:\/\/yoast.com\/product\/yoast-seo-wordpress\/ -->\n<title>EMPRESAS - cielolaboral<\/title>\n<meta name=\"robots\" content=\"index, follow, max-snippet:-1, max-image-preview:large, max-video-preview:-1\" \/>\n<link rel=\"canonical\" href=\"https:\/\/www.cielolaboral.com\/fr\/empresas\/\" \/>\n<meta property=\"og:locale\" content=\"fr_FR\" \/>\n<meta property=\"og:type\" content=\"article\" \/>\n<meta property=\"og:title\" content=\"EMPRESAS - cielolaboral\" \/>\n<meta property=\"og:description\" content=\"Aprendizaje Jur\u00eddico P\u00c1GINA WEB&nbsp; CONTACTO: Atilio Noguera MAIL: aprendejuridico@gmail.com Consulta Europa P\u00c1GINA WEB&nbsp; CONTACTO: Valentina Platzgummer y Michelle Perell\u00f3 MAIL: info@consulta-europa.com Staffingamericalatina P\u00c1GINA WEB&nbsp; CONTACTO: Mart\u00edn Padulla MAIL:\" \/>\n<meta property=\"og:url\" content=\"https:\/\/www.cielolaboral.com\/fr\/empresas\/\" \/>\n<meta property=\"og:site_name\" content=\"cielolaboral\" \/>\n<meta property=\"article:publisher\" content=\"https:\/\/www.facebook.com\/CIELO-Comunidad-para-la-Investigacin-y-el-Estudio-Laboral-y-Ocupacional-456411237893494\" \/>\n<meta property=\"article:modified_time\" content=\"2022-08-24T14:07:00+00:00\" \/>\n<meta property=\"og:image\" content=\"https:\/\/www.cielolaboral.com\/wp-content\/uploads\/2015\/09\/aprendizaje-juridico.png\" \/>\n<meta name=\"twitter:card\" content=\"summary_large_image\" \/>\n<meta name=\"twitter:site\" content=\"@CIELOlaboral\" \/>\n<script type=\"application\/ld+json\" class=\"yoast-schema-graph\">{\"@context\":\"https:\/\/schema.org\",\"@graph\":[{\"@type\":\"WebPage\",\"@id\":\"https:\/\/www.cielolaboral.com\/fr\/empresas\/\",\"url\":\"https:\/\/www.cielolaboral.com\/fr\/empresas\/\",\"name\":\"EMPRESAS - cielolaboral\",\"isPartOf\":{\"@id\":\"https:\/\/www.cielolaboral.com\/#website\"},\"primaryImageOfPage\":{\"@id\":\"https:\/\/www.cielolaboral.com\/fr\/empresas\/#primaryimage\"},\"image\":{\"@id\":\"https:\/\/www.cielolaboral.com\/fr\/empresas\/#primaryimage\"},\"thumbnailUrl\":\"https:\/\/www.cielolaboral.com\/wp-content\/uploads\/2015\/09\/aprendizaje-juridico.png\",\"datePublished\":\"2015-12-17T11:22:34+00:00\",\"dateModified\":\"2022-08-24T14:07:00+00:00\",\"breadcrumb\":{\"@id\":\"https:\/\/www.cielolaboral.com\/fr\/empresas\/#breadcrumb\"},\"inLanguage\":\"fr-FR\",\"potentialAction\":[{\"@type\":\"ReadAction\",\"target\":[\"https:\/\/www.cielolaboral.com\/fr\/empresas\/\"]}]},{\"@type\":\"ImageObject\",\"inLanguage\":\"fr-FR\",\"@id\":\"https:\/\/www.cielolaboral.com\/fr\/empresas\/#primaryimage\",\"url\":\"https:\/\/www.cielolaboral.com\/wp-content\/uploads\/2015\/09\/aprendizaje-juridico.png\",\"contentUrl\":\"https:\/\/www.cielolaboral.com\/wp-content\/uploads\/2015\/09\/aprendizaje-juridico.png\"},{\"@type\":\"BreadcrumbList\",\"@id\":\"https:\/\/www.cielolaboral.com\/fr\/empresas\/#breadcrumb\",\"itemListElement\":[{\"@type\":\"ListItem\",\"position\":1,\"name\":\"Home\",\"item\":\"https:\/\/www.cielolaboral.com\/\"},{\"@type\":\"ListItem\",\"position\":2,\"name\":\"EMPRESAS\"}]},{\"@type\":\"WebSite\",\"@id\":\"https:\/\/www.cielolaboral.com\/#website\",\"url\":\"https:\/\/www.cielolaboral.com\/\",\"name\":\"cielolaboral\",\"description\":\"\",\"publisher\":{\"@id\":\"https:\/\/www.cielolaboral.com\/#organization\"},\"potentialAction\":[{\"@type\":\"SearchAction\",\"target\":{\"@type\":\"EntryPoint\",\"urlTemplate\":\"https:\/\/www.cielolaboral.com\/?s={search_term_string}\"},\"query-input\":{\"@type\":\"PropertyValueSpecification\",\"valueRequired\":true,\"valueName\":\"search_term_string\"}}],\"inLanguage\":\"fr-FR\"},{\"@type\":\"Organization\",\"@id\":\"https:\/\/www.cielolaboral.com\/#organization\",\"name\":\"cielolaboral\",\"url\":\"https:\/\/www.cielolaboral.com\/\",\"logo\":{\"@type\":\"ImageObject\",\"inLanguage\":\"fr-FR\",\"@id\":\"https:\/\/www.cielolaboral.com\/#\/schema\/logo\/image\/\",\"url\":\"https:\/\/www.cielolaboral.com\/wp-content\/uploads\/2020\/09\/cropped-logo_CIELO_2.png\",\"contentUrl\":\"https:\/\/www.cielolaboral.com\/wp-content\/uploads\/2020\/09\/cropped-logo_CIELO_2.png\",\"width\":512,\"height\":512,\"caption\":\"cielolaboral\"},\"image\":{\"@id\":\"https:\/\/www.cielolaboral.com\/#\/schema\/logo\/image\/\"},\"sameAs\":[\"https:\/\/www.facebook.com\/CIELO-Comunidad-para-la-Investigacin-y-el-Estudio-Laboral-y-Ocupacional-456411237893494\",\"https:\/\/x.com\/CIELOlaboral\"]}]}<\/script>\n<!-- \/ Yoast SEO plugin. -->","yoast_head_json":{"title":"EMPRESAS - cielolaboral","robots":{"index":"index","follow":"follow","max-snippet":"max-snippet:-1","max-image-preview":"max-image-preview:large","max-video-preview":"max-video-preview:-1"},"canonical":"https:\/\/www.cielolaboral.com\/fr\/empresas\/","og_locale":"fr_FR","og_type":"article","og_title":"EMPRESAS - cielolaboral","og_description":"Aprendizaje Jur\u00eddico P\u00c1GINA WEB&nbsp; CONTACTO: Atilio Noguera MAIL: aprendejuridico@gmail.com Consulta Europa P\u00c1GINA WEB&nbsp; CONTACTO: Valentina Platzgummer y Michelle Perell\u00f3 MAIL: info@consulta-europa.com Staffingamericalatina P\u00c1GINA WEB&nbsp; CONTACTO: Mart\u00edn Padulla MAIL:","og_url":"https:\/\/www.cielolaboral.com\/fr\/empresas\/","og_site_name":"cielolaboral","article_publisher":"https:\/\/www.facebook.com\/CIELO-Comunidad-para-la-Investigacin-y-el-Estudio-Laboral-y-Ocupacional-456411237893494","article_modified_time":"2022-08-24T14:07:00+00:00","og_image":[{"url":"https:\/\/www.cielolaboral.com\/wp-content\/uploads\/2015\/09\/aprendizaje-juridico.png","type":"","width":"","height":""}],"twitter_card":"summary_large_image","twitter_site":"@CIELOlaboral","schema":{"@context":"https:\/\/schema.org","@graph":[{"@type":"WebPage","@id":"https:\/\/www.cielolaboral.com\/fr\/empresas\/","url":"https:\/\/www.cielolaboral.com\/fr\/empresas\/","name":"EMPRESAS - cielolaboral","isPartOf":{"@id":"https:\/\/www.cielolaboral.com\/#website"},"primaryImageOfPage":{"@id":"https:\/\/www.cielolaboral.com\/fr\/empresas\/#primaryimage"},"image":{"@id":"https:\/\/www.cielolaboral.com\/fr\/empresas\/#primaryimage"},"thumbnailUrl":"https:\/\/www.cielolaboral.com\/wp-content\/uploads\/2015\/09\/aprendizaje-juridico.png","datePublished":"2015-12-17T11:22:34+00:00","dateModified":"2022-08-24T14:07:00+00:00","breadcrumb":{"@id":"https:\/\/www.cielolaboral.com\/fr\/empresas\/#breadcrumb"},"inLanguage":"fr-FR","potentialAction":[{"@type":"ReadAction","target":["https:\/\/www.cielolaboral.com\/fr\/empresas\/"]}]},{"@type":"ImageObject","inLanguage":"fr-FR","@id":"https:\/\/www.cielolaboral.com\/fr\/empresas\/#primaryimage","url":"https:\/\/www.cielolaboral.com\/wp-content\/uploads\/2015\/09\/aprendizaje-juridico.png","contentUrl":"https:\/\/www.cielolaboral.com\/wp-content\/uploads\/2015\/09\/aprendizaje-juridico.png"},{"@type":"BreadcrumbList","@id":"https:\/\/www.cielolaboral.com\/fr\/empresas\/#breadcrumb","itemListElement":[{"@type":"ListItem","position":1,"name":"Home","item":"https:\/\/www.cielolaboral.com\/"},{"@type":"ListItem","position":2,"name":"EMPRESAS"}]},{"@type":"WebSite","@id":"https:\/\/www.cielolaboral.com\/#website","url":"https:\/\/www.cielolaboral.com\/","name":"cielolaboral","description":"","publisher":{"@id":"https:\/\/www.cielolaboral.com\/#organization"},"potentialAction":[{"@type":"SearchAction","target":{"@type":"EntryPoint","urlTemplate":"https:\/\/www.cielolaboral.com\/?s={search_term_string}"},"query-input":{"@type":"PropertyValueSpecification","valueRequired":true,"valueName":"search_term_string"}}],"inLanguage":"fr-FR"},{"@type":"Organization","@id":"https:\/\/www.cielolaboral.com\/#organization","name":"cielolaboral","url":"https:\/\/www.cielolaboral.com\/","logo":{"@type":"ImageObject","inLanguage":"fr-FR","@id":"https:\/\/www.cielolaboral.com\/#\/schema\/logo\/image\/","url":"https:\/\/www.cielolaboral.com\/wp-content\/uploads\/2020\/09\/cropped-logo_CIELO_2.png","contentUrl":"https:\/\/www.cielolaboral.com\/wp-content\/uploads\/2020\/09\/cropped-logo_CIELO_2.png","width":512,"height":512,"caption":"cielolaboral"},"image":{"@id":"https:\/\/www.cielolaboral.com\/#\/schema\/logo\/image\/"},"sameAs":["https:\/\/www.facebook.com\/CIELO-Comunidad-para-la-Investigacin-y-el-Estudio-Laboral-y-Ocupacional-456411237893494","https:\/\/x.com\/CIELOlaboral"]}]}},"_links":{"self":[{"href":"https:\/\/www.cielolaboral.com\/fr\/wp-json\/wp\/v2\/pages\/3729","targetHints":{"allow":["GET"]}}],"collection":[{"href":"https:\/\/www.cielolaboral.com\/fr\/wp-json\/wp\/v2\/pages"}],"about":[{"href":"https:\/\/www.cielolaboral.com\/fr\/wp-json\/wp\/v2\/types\/page"}],"author":[{"embeddable":true,"href":"https:\/\/www.cielolaboral.com\/fr\/wp-json\/wp\/v2\/users\/16"}],"replies":[{"embeddable":true,"href":"https:\/\/www.cielolaboral.com\/fr\/wp-json\/wp\/v2\/comments?post=3729"}],"version-history":[{"count":3,"href":"https:\/\/www.cielolaboral.com\/fr\/wp-json\/wp\/v2\/pages\/3729\/revisions"}],"predecessor-version":[{"id":12020,"href":"https:\/\/www.cielolaboral.com\/fr\/wp-json\/wp\/v2\/pages\/3729\/revisions\/12020"}],"wp:attachment":[{"href":"https:\/\/www.cielolaboral.com\/fr\/wp-json\/wp\/v2\/media?parent=3729"}],"curies":[{"name":"wp","href":"https:\/\/api.w.org\/{rel}","templated":true}]}}