{"id":3727,"date":"2015-12-17T11:23:51","date_gmt":"2015-12-17T11:23:51","guid":{"rendered":"http:\/\/www.cielolaboral.com\/?page_id=3727"},"modified":"2022-08-24T16:07:33","modified_gmt":"2022-08-24T14:07:33","slug":"bibliotecas","status":"publish","type":"page","link":"https:\/\/www.cielolaboral.com\/fr\/bibliotecas\/","title":{"rendered":"BIBLIOTH\u00c8QUES"},"content":{"rendered":"<table style=\"width: 100%;\">\n<tbody>\n<tr>\n<th style=\"text-align: center; height: 200px; width: 200px; vertical-align: middle;\" rowspan=\"4\"><img decoding=\"async\" src=\"https:\/\/www.cielolaboral.com\/wp-content\/uploads\/2015\/12\/biblioteca-concepcion-arenal.jpg\" alt=\"\"><\/th>\n<td style=\"font-size: medium;\"><strong>Biblioteca Universitaria Concepci\u00f3n Arenal &#8211; USC<\/strong><\/td>\n<td style=\"text-align: center; height: 50px; width: 50px; vertical-align: middle;\" rowspan=\"4\"><a href=\"http:\/\/www.usc.es\/gl\/servizos\/biblioteca\/busc\/centros\/conarenal\/\" target=\"blank\" rel=\"noopener\"><img decoding=\"async\" src=\"https:\/\/www.cielolaboral.com\/wp-content\/uploads\/2022\/08\/Insert-hyperlink.png\" alt=\"\"><strong>P\u00c1GINA WEB<\/strong>&nbsp;<\/a><\/td>\n<\/tr>\n<tr>\n<td>CONTACTO: Jos\u00e9 Francisco M\u00e9ndez Garc\u00eda<\/td>\n<\/tr>\n<tr>\n<td>MAIL: derprest@usc.es<\/td>\n<\/tr>\n<\/tbody>\n<\/table>","protected":false},"excerpt":{"rendered":"<p>Biblioteca Universitaria Concepci\u00f3n Arenal &#8211; USC P\u00c1GINA WEB&nbsp; CONTACTO: Jos\u00e9 Francisco M\u00e9ndez Garc\u00eda MAIL: derprest@usc.es<\/p>","protected":false},"author":16,"featured_media":0,"parent":0,"menu_order":0,"comment_status":"closed","ping_status":"closed","template":"","meta":{"footnotes":""},"class_list":["post-3727","page","type-page","status-publish","hentry"],"yoast_head":"<!-- This site is optimized with the Yoast SEO plugin v27.2 - https:\/\/yoast.com\/product\/yoast-seo-wordpress\/ -->\n<title>BIBLIOTECAS - cielolaboral<\/title>\n<meta name=\"robots\" content=\"index, follow, max-snippet:-1, max-image-preview:large, max-video-preview:-1\" \/>\n<link rel=\"canonical\" href=\"https:\/\/www.cielolaboral.com\/fr\/bibliotecas\/\" \/>\n<meta property=\"og:locale\" content=\"fr_FR\" \/>\n<meta property=\"og:type\" content=\"article\" \/>\n<meta property=\"og:title\" content=\"BIBLIOTECAS - cielolaboral\" \/>\n<meta property=\"og:description\" content=\"Biblioteca Universitaria Concepci\u00f3n Arenal &#8211; USC P\u00c1GINA WEB&nbsp; CONTACTO: Jos\u00e9 Francisco M\u00e9ndez Garc\u00eda MAIL: derprest@usc.es\" \/>\n<meta property=\"og:url\" content=\"https:\/\/www.cielolaboral.com\/fr\/bibliotecas\/\" \/>\n<meta property=\"og:site_name\" content=\"cielolaboral\" \/>\n<meta property=\"article:publisher\" content=\"https:\/\/www.facebook.com\/CIELO-Comunidad-para-la-Investigacin-y-el-Estudio-Laboral-y-Ocupacional-456411237893494\" \/>\n<meta property=\"article:modified_time\" content=\"2022-08-24T14:07:33+00:00\" \/>\n<meta property=\"og:image\" content=\"https:\/\/www.cielolaboral.com\/wp-content\/uploads\/2015\/12\/biblioteca-concepcion-arenal.jpg\" \/>\n<meta name=\"twitter:card\" content=\"summary_large_image\" \/>\n<meta name=\"twitter:site\" content=\"@CIELOlaboral\" \/>\n<script type=\"application\/ld+json\" class=\"yoast-schema-graph\">{\"@context\":\"https:\/\/schema.org\",\"@graph\":[{\"@type\":\"WebPage\",\"@id\":\"https:\/\/www.cielolaboral.com\/fr\/bibliotecas\/\",\"url\":\"https:\/\/www.cielolaboral.com\/fr\/bibliotecas\/\",\"name\":\"BIBLIOTECAS - cielolaboral\",\"isPartOf\":{\"@id\":\"https:\/\/www.cielolaboral.com\/#website\"},\"primaryImageOfPage\":{\"@id\":\"https:\/\/www.cielolaboral.com\/fr\/bibliotecas\/#primaryimage\"},\"image\":{\"@id\":\"https:\/\/www.cielolaboral.com\/fr\/bibliotecas\/#primaryimage\"},\"thumbnailUrl\":\"https:\/\/www.cielolaboral.com\/wp-content\/uploads\/2015\/12\/biblioteca-concepcion-arenal.jpg\",\"datePublished\":\"2015-12-17T11:23:51+00:00\",\"dateModified\":\"2022-08-24T14:07:33+00:00\",\"breadcrumb\":{\"@id\":\"https:\/\/www.cielolaboral.com\/fr\/bibliotecas\/#breadcrumb\"},\"inLanguage\":\"fr-FR\",\"potentialAction\":[{\"@type\":\"ReadAction\",\"target\":[\"https:\/\/www.cielolaboral.com\/fr\/bibliotecas\/\"]}]},{\"@type\":\"ImageObject\",\"inLanguage\":\"fr-FR\",\"@id\":\"https:\/\/www.cielolaboral.com\/fr\/bibliotecas\/#primaryimage\",\"url\":\"https:\/\/www.cielolaboral.com\/wp-content\/uploads\/2015\/12\/biblioteca-concepcion-arenal.jpg\",\"contentUrl\":\"https:\/\/www.cielolaboral.com\/wp-content\/uploads\/2015\/12\/biblioteca-concepcion-arenal.jpg\"},{\"@type\":\"BreadcrumbList\",\"@id\":\"https:\/\/www.cielolaboral.com\/fr\/bibliotecas\/#breadcrumb\",\"itemListElement\":[{\"@type\":\"ListItem\",\"position\":1,\"name\":\"Home\",\"item\":\"https:\/\/www.cielolaboral.com\/\"},{\"@type\":\"ListItem\",\"position\":2,\"name\":\"BIBLIOTECAS\"}]},{\"@type\":\"WebSite\",\"@id\":\"https:\/\/www.cielolaboral.com\/#website\",\"url\":\"https:\/\/www.cielolaboral.com\/\",\"name\":\"cielolaboral\",\"description\":\"\",\"publisher\":{\"@id\":\"https:\/\/www.cielolaboral.com\/#organization\"},\"potentialAction\":[{\"@type\":\"SearchAction\",\"target\":{\"@type\":\"EntryPoint\",\"urlTemplate\":\"https:\/\/www.cielolaboral.com\/?s={search_term_string}\"},\"query-input\":{\"@type\":\"PropertyValueSpecification\",\"valueRequired\":true,\"valueName\":\"search_term_string\"}}],\"inLanguage\":\"fr-FR\"},{\"@type\":\"Organization\",\"@id\":\"https:\/\/www.cielolaboral.com\/#organization\",\"name\":\"cielolaboral\",\"url\":\"https:\/\/www.cielolaboral.com\/\",\"logo\":{\"@type\":\"ImageObject\",\"inLanguage\":\"fr-FR\",\"@id\":\"https:\/\/www.cielolaboral.com\/#\/schema\/logo\/image\/\",\"url\":\"https:\/\/www.cielolaboral.com\/wp-content\/uploads\/2020\/09\/cropped-logo_CIELO_2.png\",\"contentUrl\":\"https:\/\/www.cielolaboral.com\/wp-content\/uploads\/2020\/09\/cropped-logo_CIELO_2.png\",\"width\":512,\"height\":512,\"caption\":\"cielolaboral\"},\"image\":{\"@id\":\"https:\/\/www.cielolaboral.com\/#\/schema\/logo\/image\/\"},\"sameAs\":[\"https:\/\/www.facebook.com\/CIELO-Comunidad-para-la-Investigacin-y-el-Estudio-Laboral-y-Ocupacional-456411237893494\",\"https:\/\/x.com\/CIELOlaboral\"]}]}<\/script>\n<!-- \/ Yoast SEO plugin. -->","yoast_head_json":{"title":"BIBLIOTECAS - cielolaboral","robots":{"index":"index","follow":"follow","max-snippet":"max-snippet:-1","max-image-preview":"max-image-preview:large","max-video-preview":"max-video-preview:-1"},"canonical":"https:\/\/www.cielolaboral.com\/fr\/bibliotecas\/","og_locale":"fr_FR","og_type":"article","og_title":"BIBLIOTECAS - cielolaboral","og_description":"Biblioteca Universitaria Concepci\u00f3n Arenal &#8211; USC P\u00c1GINA WEB&nbsp; CONTACTO: Jos\u00e9 Francisco M\u00e9ndez Garc\u00eda MAIL: derprest@usc.es","og_url":"https:\/\/www.cielolaboral.com\/fr\/bibliotecas\/","og_site_name":"cielolaboral","article_publisher":"https:\/\/www.facebook.com\/CIELO-Comunidad-para-la-Investigacin-y-el-Estudio-Laboral-y-Ocupacional-456411237893494","article_modified_time":"2022-08-24T14:07:33+00:00","og_image":[{"url":"https:\/\/www.cielolaboral.com\/wp-content\/uploads\/2015\/12\/biblioteca-concepcion-arenal.jpg","type":"","width":"","height":""}],"twitter_card":"summary_large_image","twitter_site":"@CIELOlaboral","schema":{"@context":"https:\/\/schema.org","@graph":[{"@type":"WebPage","@id":"https:\/\/www.cielolaboral.com\/fr\/bibliotecas\/","url":"https:\/\/www.cielolaboral.com\/fr\/bibliotecas\/","name":"BIBLIOTECAS - cielolaboral","isPartOf":{"@id":"https:\/\/www.cielolaboral.com\/#website"},"primaryImageOfPage":{"@id":"https:\/\/www.cielolaboral.com\/fr\/bibliotecas\/#primaryimage"},"image":{"@id":"https:\/\/www.cielolaboral.com\/fr\/bibliotecas\/#primaryimage"},"thumbnailUrl":"https:\/\/www.cielolaboral.com\/wp-content\/uploads\/2015\/12\/biblioteca-concepcion-arenal.jpg","datePublished":"2015-12-17T11:23:51+00:00","dateModified":"2022-08-24T14:07:33+00:00","breadcrumb":{"@id":"https:\/\/www.cielolaboral.com\/fr\/bibliotecas\/#breadcrumb"},"inLanguage":"fr-FR","potentialAction":[{"@type":"ReadAction","target":["https:\/\/www.cielolaboral.com\/fr\/bibliotecas\/"]}]},{"@type":"ImageObject","inLanguage":"fr-FR","@id":"https:\/\/www.cielolaboral.com\/fr\/bibliotecas\/#primaryimage","url":"https:\/\/www.cielolaboral.com\/wp-content\/uploads\/2015\/12\/biblioteca-concepcion-arenal.jpg","contentUrl":"https:\/\/www.cielolaboral.com\/wp-content\/uploads\/2015\/12\/biblioteca-concepcion-arenal.jpg"},{"@type":"BreadcrumbList","@id":"https:\/\/www.cielolaboral.com\/fr\/bibliotecas\/#breadcrumb","itemListElement":[{"@type":"ListItem","position":1,"name":"Home","item":"https:\/\/www.cielolaboral.com\/"},{"@type":"ListItem","position":2,"name":"BIBLIOTECAS"}]},{"@type":"WebSite","@id":"https:\/\/www.cielolaboral.com\/#website","url":"https:\/\/www.cielolaboral.com\/","name":"cielolaboral","description":"","publisher":{"@id":"https:\/\/www.cielolaboral.com\/#organization"},"potentialAction":[{"@type":"SearchAction","target":{"@type":"EntryPoint","urlTemplate":"https:\/\/www.cielolaboral.com\/?s={search_term_string}"},"query-input":{"@type":"PropertyValueSpecification","valueRequired":true,"valueName":"search_term_string"}}],"inLanguage":"fr-FR"},{"@type":"Organization","@id":"https:\/\/www.cielolaboral.com\/#organization","name":"cielolaboral","url":"https:\/\/www.cielolaboral.com\/","logo":{"@type":"ImageObject","inLanguage":"fr-FR","@id":"https:\/\/www.cielolaboral.com\/#\/schema\/logo\/image\/","url":"https:\/\/www.cielolaboral.com\/wp-content\/uploads\/2020\/09\/cropped-logo_CIELO_2.png","contentUrl":"https:\/\/www.cielolaboral.com\/wp-content\/uploads\/2020\/09\/cropped-logo_CIELO_2.png","width":512,"height":512,"caption":"cielolaboral"},"image":{"@id":"https:\/\/www.cielolaboral.com\/#\/schema\/logo\/image\/"},"sameAs":["https:\/\/www.facebook.com\/CIELO-Comunidad-para-la-Investigacin-y-el-Estudio-Laboral-y-Ocupacional-456411237893494","https:\/\/x.com\/CIELOlaboral"]}]}},"_links":{"self":[{"href":"https:\/\/www.cielolaboral.com\/fr\/wp-json\/wp\/v2\/pages\/3727","targetHints":{"allow":["GET"]}}],"collection":[{"href":"https:\/\/www.cielolaboral.com\/fr\/wp-json\/wp\/v2\/pages"}],"about":[{"href":"https:\/\/www.cielolaboral.com\/fr\/wp-json\/wp\/v2\/types\/page"}],"author":[{"embeddable":true,"href":"https:\/\/www.cielolaboral.com\/fr\/wp-json\/wp\/v2\/users\/16"}],"replies":[{"embeddable":true,"href":"https:\/\/www.cielolaboral.com\/fr\/wp-json\/wp\/v2\/comments?post=3727"}],"version-history":[{"count":3,"href":"https:\/\/www.cielolaboral.com\/fr\/wp-json\/wp\/v2\/pages\/3727\/revisions"}],"predecessor-version":[{"id":12021,"href":"https:\/\/www.cielolaboral.com\/fr\/wp-json\/wp\/v2\/pages\/3727\/revisions\/12021"}],"wp:attachment":[{"href":"https:\/\/www.cielolaboral.com\/fr\/wp-json\/wp\/v2\/media?parent=3727"}],"curies":[{"name":"wp","href":"https:\/\/api.w.org\/{rel}","templated":true}]}}