{"id":3707,"date":"2015-12-17T11:18:38","date_gmt":"2015-12-17T11:18:38","guid":{"rendered":"http:\/\/www.cielolaboral.com\/?page_id=3707"},"modified":"2022-08-24T16:04:48","modified_gmt":"2022-08-24T14:04:48","slug":"centros-de-investigacion","status":"publish","type":"page","link":"https:\/\/www.cielolaboral.com\/fr\/centros-de-investigacion\/","title":{"rendered":"LABORATOIRES DE RECHERCHE"},"content":{"rendered":"<table style=\"width: 700px; height: 191px;\">\n<tbody>\n<tr>\n<th style=\"text-align: center; height: 180px; width: 180px; vertical-align: middle;\" rowspan=\"4\"><img decoding=\"async\" src=\"https:\/\/www.cielolaboral.com\/wp-content\/uploads\/2015\/12\/catholic_center-.png\" alt=\"\"><\/th>\n<td style=\"font-size: medium;\"><strong>Catholic Center for the Future of Law &#8211; Portugal<\/strong><\/td>\n<td style=\"text-align: center; height: 50px; width: 50px; vertical-align: middle;\" rowspan=\"4\"><a href=\"http:\/\/www.direito.ceid.porto.ucp.pt\/pt\/apresentacao-ceid\/\" target=\"blank\" rel=\"noopener noreferrer\"><img decoding=\"async\" class=\"\" src=\"https:\/\/www.cielolaboral.com\/wp-content\/uploads\/2022\/08\/Insert-hyperlink.png\" alt=\"\" width=\"35\" height=\"35\"><strong>P\u00c1GINA WEB<\/strong>&nbsp;<\/a><\/td>\n<\/tr>\n<tr>\n<td>CONTACTO: Duarte Abrunhosa e Sousa<\/td>\n<\/tr>\n<tr>\n<td>MAIL:<\/td>\n<\/tr>\n<\/tbody>\n<\/table>\n<table style=\"width: 700px; height: 191px;\">\n<tbody>\n<tr>\n<th style=\"text-align: center; height: 180px; width: 180px; vertical-align: middle;\" rowspan=\"4\"><img decoding=\"async\" src=\"https:\/\/www.cielolaboral.com\/wp-content\/uploads\/2016\/04\/cije_logo.jpg\" alt=\"\"><\/th>\n<td style=\"font-size: medium;\"><strong>CIJE &#8211; Centro de Investiga\u00e7\u00e3o Jur\u00eddico-Econ\u00f3mica (Facultade de Direito da Universidade do Porto)<\/strong><\/td>\n<td style=\"text-align: center; height: 50px; width: 50px; vertical-align: middle;\" rowspan=\"4\"><a href=\"http:\/\/www.cije.up.pt\/\" target=\"blank\" rel=\"noopener noreferrer\"><img decoding=\"async\" src=\"https:\/\/www.cielolaboral.com\/wp-content\/uploads\/2022\/08\/Insert-hyperlink.png\" alt=\"\" width=\"35\" height=\"35\"><strong>P\u00c1GINA WEB<\/strong> <\/a><\/td>\n<\/tr>\n<tr>\n<td>CONTACTO: Maria Regina Redinha<\/td>\n<\/tr>\n<tr>\n<td>MAIL: cije@direito.up.pt<\/td>\n<\/tr>\n<\/tbody>\n<\/table>\n<table style=\"width: 700px; height: 191px;\">\n<tbody>\n<tr>\n<th style=\"text-align: center; height: 180px; width: 180px; vertical-align: middle;\" rowspan=\"4\"><img decoding=\"async\" src=\"https:\/\/www.cielolaboral.com\/wp-content\/uploads\/2015\/09\/DEAL-header-new.png\" alt=\"\"><\/th>\n<td style=\"font-size: medium; text-align: justify;\"><strong>Centro Studi Internazionali e Comparati DEAL &#8211; Diritto, Economia, Ambiente, Lavoro, Dipartimento di Economia Marco Biagi<\/strong><\/td>\n<td style=\"text-align: center; height: 50px; width: 50px; vertical-align: middle;\" rowspan=\"4\"><a href=\"http:\/\/www.certificazione.unimore.it\/site\/home\/certificazione.html\" target=\"blank\" rel=\"noopener noreferrer\"><img decoding=\"async\" src=\"https:\/\/www.cielolaboral.com\/wp-content\/uploads\/2022\/08\/Insert-hyperlink.png\" alt=\"\" width=\"35\" height=\"35\"><strong>P\u00c1GINA WEB<\/strong>&nbsp;<\/a><\/td>\n<\/tr>\n<tr>\n<td>CONTACTO: Michele Tiraboschi<\/td>\n<\/tr>\n<tr>\n<td>MAIL: certificazionecontratti@Unimore.it<\/td>\n<\/tr>\n<\/tbody>\n<\/table>\n<table style=\"width: 700px; height: 191px;\">\n<tbody>\n<tr>\n<th style=\"text-align: center; height: 180px; width: 180px; vertical-align: middle;\" rowspan=\"4\"><img decoding=\"async\" src=\"https:\/\/www.cielolaboral.com\/wp-content\/uploads\/2015\/09\/centro-de-estudio-sagardoy.png\" alt=\"\"><\/th>\n<td style=\"font-size: medium; text-align: justify;\"><strong>Centro de Estudios Sagardoy<\/strong><\/td>\n<td style=\"text-align: center; height: 50px; width: 50px; vertical-align: middle;\" rowspan=\"4\"><a href=\"http:\/\/www.centrosagardoy.com\/centro_estudios\" target=\"blank\" rel=\"noopener noreferrer\"><img decoding=\"async\" src=\"https:\/\/www.cielolaboral.com\/wp-content\/uploads\/2022\/08\/Insert-hyperlink.png\" alt=\"\" width=\"35\" height=\"35\"><strong>P\u00c1GINA WEB<\/strong>&nbsp;<\/a><\/td>\n<\/tr>\n<tr>\n<td>CONTACTO: Pilar N\u00fa\u00f1ez-Cort\u00e9s Contreras<\/td>\n<\/tr>\n<tr>\n<td>MAIL: info@centrosagardoy.com<\/td>\n<\/tr>\n<\/tbody>\n<\/table>\n<table style=\"width: 700px; height: 191px;\">\n<tbody>\n<tr>\n<th style=\"text-align: center; height: 180px; width: 180px; vertical-align: middle;\" rowspan=\"4\"><img decoding=\"async\" src=\"https:\/\/www.cielolaboral.com\/wp-content\/uploads\/2015\/12\/Centro_de_RSE_.jpg_1174600868.jpg\" alt=\"\"><\/th>\n<td style=\"font-size: medium; text-align: justify;\"><strong>Centro de Responsabilidad Social, Gobierno Corporativo y Protecci\u00f3n del Inversor de la USC<\/strong><\/td>\n<td style=\"text-align: center; height: 50px; width: 50px; vertical-align: middle;\" rowspan=\"4\"><a href=\"http:\/\/www.usc.es\/gl\/institutos\/crgi\" target=\"blank\" rel=\"noopener noreferrer\"><img decoding=\"async\" src=\"https:\/\/www.cielolaboral.com\/wp-content\/uploads\/2022\/08\/Insert-hyperlink.png\" alt=\"\" width=\"35\" height=\"35\"><strong>P\u00c1GINA WEB<\/strong>&nbsp;<\/a><\/td>\n<\/tr>\n<tr>\n<td>CONTACTO: Marcos Torres<\/td>\n<\/tr>\n<tr>\n<td>MAIL: cergi@usc.es<\/td>\n<\/tr>\n<\/tbody>\n<\/table>\n<table style=\"width: 700px; height: 191px;\">\n<tbody>\n<tr>\n<th style=\"text-align: center; height: 180px; width: 180px; vertical-align: middle;\" rowspan=\"4\"><a href=\"https:\/\/cielolaboral.com\/wp-content\/uploads\/2021\/03\/Logo-DCS-2020.png\"><img decoding=\"async\" class=\"alignnone wp-image-10934\" src=\"https:\/\/cielolaboral.com\/wp-content\/uploads\/2021\/03\/Logo-DCS-2020-300x300.png\" alt=\"\" width=\"144\" height=\"144\" srcset=\"https:\/\/www.cielolaboral.com\/wp-content\/uploads\/2021\/03\/Logo-DCS-2020-300x300.png 300w, https:\/\/www.cielolaboral.com\/wp-content\/uploads\/2021\/03\/Logo-DCS-2020-150x150.png 150w, https:\/\/www.cielolaboral.com\/wp-content\/uploads\/2021\/03\/Logo-DCS-2020-230x230.png 230w, https:\/\/www.cielolaboral.com\/wp-content\/uploads\/2021\/03\/Logo-DCS-2020-330x330.png 330w, https:\/\/www.cielolaboral.com\/wp-content\/uploads\/2021\/03\/Logo-DCS-2020.png 524w\" sizes=\"(max-width: 144px) 100vw, 144px\" \/><\/a><\/th>\n<td style=\"font-size: medium; text-align: justify;\"><strong>DCS &#8211; Droit et Changement Social<\/strong><\/td>\n<td style=\"text-align: center; height: 50px; width: 50px; vertical-align: middle;\" rowspan=\"4\"><a href=\"https:\/\/dcs.univ-nantes.fr\/\" target=\"blank\" rel=\"noopener noreferrer\"><strong>P\u00c1GINA WEB<\/strong>&nbsp;<\/a><a href=\"https:\/\/dcs.univ-nantes.fr\/\"><img loading=\"lazy\" decoding=\"async\" class=\"alignnone\" src=\"https:\/\/www.cielolaboral.com\/wp-content\/uploads\/2022\/08\/Insert-hyperlink.png\" alt=\"\" width=\"35\" height=\"35\"><\/a><\/td>\n<\/tr>\n<tr>\n<td>CONTACTO: Rafael Encinas de Munagorri<\/td>\n<\/tr>\n<tr>\n<td>MAIL: dcs@univ-nantes.fr<\/td>\n<\/tr>\n<\/tbody>\n<\/table>\n<table style=\"width: 700px; height: 191px;\">\n<tbody>\n<tr>\n<th style=\"text-align: center; height: 180px; width: 180px; vertical-align: middle;\" rowspan=\"4\"><a href=\"https:\/\/cielolaboral.com\/wp-content\/uploads\/2021\/06\/Schermata-2021-06-23-alle-16.19.05.png\"><img loading=\"lazy\" decoding=\"async\" class=\"alignnone wp-image-10934\" src=\"https:\/\/cielolaboral.com\/wp-content\/uploads\/2021\/06\/Schermata-2021-06-23-alle-16.19.05.png\" alt=\"\" width=\"144\" height=\"144\"><\/a><\/th>\n<td style=\"font-size: medium; text-align: justify;\"><strong>IDT &#8211; Instituto Direito do Trabalho<\/strong><\/td>\n<td style=\"text-align: center; height: 50px; width: 50px; vertical-align: middle;\" rowspan=\"4\"><a href=\"https:\/\/idt.fdulisboa.pt\/\" target=\"blank\" rel=\"noopener noreferrer\"><strong>P\u00c1GINA WEB<\/strong>&nbsp;<\/a><a href=\"https:\/\/idt.fdulisboa.pt\/\"><img loading=\"lazy\" decoding=\"async\" class=\"alignnone\" src=\"https:\/\/www.cielolaboral.com\/wp-content\/uploads\/2022\/08\/Insert-hyperlink.png\" alt=\"\" width=\"35\" height=\"35\"><\/a><\/td>\n<\/tr>\n<tr>\n<td>CONTACTO: Lu\u00eds Gon\u00e7alves de Silva<\/td>\n<\/tr>\n<tr>\n<td>MAIL: idt@fd.ulisboa.pt<\/td>\n<\/tr>\n<\/tbody>\n<\/table>\n<table style=\"width: 700px; height: 191px;\">\n<tbody>\n<tr>\n<th style=\"text-align: center; height: 180px; width: 180px; vertical-align: middle;\" rowspan=\"4\"><img decoding=\"async\" src=\"https:\/\/www.cielolaboral.com\/wp-content\/uploads\/2015\/09\/ieri.png\" alt=\"\"><\/th>\n<td style=\"font-size: medium; text-align: justify;\"><strong>IERI &#8211; Instituto Europeo de Relaciones Industriales<\/strong><\/td>\n<td style=\"text-align: center; height: 50px; width: 50px; vertical-align: middle;\" rowspan=\"4\"><a href=\"http:\/\/www.ieri.es\/\" target=\"blank\" rel=\"noopener noreferrer\"><img decoding=\"async\" src=\"https:\/\/www.cielolaboral.com\/wp-content\/uploads\/2022\/08\/Insert-hyperlink.png\" alt=\"\" width=\"35\" height=\"35\"><strong>P\u00c1GINA WEB<\/strong>&nbsp;<\/a><\/td>\n<\/tr>\n<tr>\n<td>CONTACTO: Esperanza Macarena Sierra Ben\u00edtez<\/td>\n<\/tr>\n<tr>\n<td>MAIL: info@ieri.es<\/td>\n<\/tr>\n<\/tbody>\n<\/table>\n<table style=\"width: 700px; height: 191px;\">\n<tbody>\n<tr>\n<th style=\"text-align: center; height: 180px; width: 180px; vertical-align: middle;\" rowspan=\"4\"><img decoding=\"async\" src=\"https:\/\/www.cielolaboral.com\/wp-content\/uploads\/2015\/11\/ISST.png\" alt=\"\"><\/th>\n<td style=\"font-size: medium; text-align: justify;\"><strong>ISST &#8211; Institut des Sciences Sociales du Travail<\/strong><\/td>\n<td style=\"text-align: center; height: 50px; width: 50px; vertical-align: middle;\" rowspan=\"4\"><a href=\"http:\/\/www.univ-paris1.fr\/ufr\/isst\/\" target=\"blank\" rel=\"noopener noreferrer\"><img decoding=\"async\" src=\"https:\/\/www.cielolaboral.com\/wp-content\/uploads\/2022\/08\/Insert-hyperlink.png\" alt=\"\" width=\"35\" height=\"35\"><strong>P\u00c1GINA WEB<\/strong>&nbsp;<\/a><\/td>\n<\/tr>\n<tr>\n<td>CONTACTO: Nicole Maggi-Germain<\/td>\n<\/tr>\n<tr>\n<td>MAIL: dirisst@univ-paris1.fr<\/td>\n<\/tr>\n<\/tbody>\n<\/table>\n<table style=\"width: 700px; height: 191px;\">\n<tbody>\n<tr>\n<th style=\"text-align: center; height: 180px; width: 180px; vertical-align: middle;\" rowspan=\"4\"><img decoding=\"async\" src=\"https:\/\/www.cielolaboral.com\/wp-content\/uploads\/2015\/12\/ILTRAS.png\" alt=\"\"><\/th>\n<td style=\"font-size: medium; text-align: justify;\"><strong>Instituto Latinoamericano de Derecho del Trabajo y la Seguridad Social (ILTRAS)<\/strong><\/td>\n<td style=\"text-align: center; height: 50px; width: 50px; vertical-align: middle;\" rowspan=\"4\"><a href=\"http:\/\/www.iltras.org\/\" target=\"blank\" rel=\"noopener noreferrer\"><img decoding=\"async\" src=\"https:\/\/www.cielolaboral.com\/wp-content\/uploads\/2022\/08\/Insert-hyperlink.png\" alt=\"\" width=\"35\" height=\"35\"><strong>P\u00c1GINA WEB<\/strong>&nbsp;<\/a><\/td>\n<\/tr>\n<tr>\n<td>CONTACTO: Martha Monsalve<\/td>\n<\/tr>\n<tr>\n<td>MAIL:<\/td>\n<\/tr>\n<\/tbody>\n<\/table>","protected":false},"excerpt":{"rendered":"<p>Catholic Center for the Future of Law &#8211; Portugal P\u00c1GINA WEB&nbsp; CONTACTO: Duarte Abrunhosa e Sousa MAIL: CIJE &#8211; Centro de Investiga\u00e7\u00e3o Jur\u00eddico-Econ\u00f3mica (Facultade de Direito da Universidade do Porto) P\u00c1GINA WEB CONTACTO: Maria Regina Redinha MAIL: cije@direito.up.pt Centro Studi<a class=\"more-link\" href=\"https:\/\/www.cielolaboral.com\/fr\/centros-de-investigacion\/\" title=\"LABORATOIRES DE RECHERCHE\"><span>Read more<\/span><\/a><\/p>","protected":false},"author":16,"featured_media":0,"parent":0,"menu_order":0,"comment_status":"closed","ping_status":"closed","template":"","meta":{"footnotes":""},"class_list":["post-3707","page","type-page","status-publish","hentry"],"yoast_head":"<!-- This site is optimized with the Yoast SEO plugin v27.2 - https:\/\/yoast.com\/product\/yoast-seo-wordpress\/ -->\n<title>CENTROS DE INVESTIGACI\u00d3N - cielolaboral<\/title>\n<meta name=\"robots\" content=\"index, follow, max-snippet:-1, max-image-preview:large, max-video-preview:-1\" \/>\n<link rel=\"canonical\" href=\"https:\/\/www.cielolaboral.com\/fr\/centros-de-investigacion\/\" \/>\n<meta property=\"og:locale\" content=\"fr_FR\" \/>\n<meta property=\"og:type\" content=\"article\" \/>\n<meta property=\"og:title\" content=\"CENTROS DE INVESTIGACI\u00d3N - cielolaboral\" \/>\n<meta property=\"og:description\" content=\"Catholic Center for the Future of Law &#8211; Portugal P\u00c1GINA WEB&nbsp; CONTACTO: Duarte Abrunhosa e Sousa MAIL: CIJE &#8211; Centro de Investiga\u00e7\u00e3o Jur\u00eddico-Econ\u00f3mica (Facultade de Direito da Universidade do Porto) P\u00c1GINA WEB CONTACTO: Maria Regina Redinha MAIL: cije@direito.up.pt Centro StudiRead more\" \/>\n<meta property=\"og:url\" content=\"https:\/\/www.cielolaboral.com\/fr\/centros-de-investigacion\/\" \/>\n<meta property=\"og:site_name\" content=\"cielolaboral\" \/>\n<meta property=\"article:publisher\" content=\"https:\/\/www.facebook.com\/CIELO-Comunidad-para-la-Investigacin-y-el-Estudio-Laboral-y-Ocupacional-456411237893494\" \/>\n<meta property=\"article:modified_time\" content=\"2022-08-24T14:04:48+00:00\" \/>\n<meta property=\"og:image\" content=\"https:\/\/www.cielolaboral.com\/wp-content\/uploads\/2015\/12\/catholic_center-.png\" \/>\n<meta name=\"twitter:card\" content=\"summary_large_image\" \/>\n<meta name=\"twitter:site\" content=\"@CIELOlaboral\" \/>\n<meta name=\"twitter:label1\" content=\"Dur\u00e9e de lecture estim\u00e9e\" \/>\n\t<meta name=\"twitter:data1\" content=\"1 minute\" \/>\n<script type=\"application\/ld+json\" class=\"yoast-schema-graph\">{\"@context\":\"https:\/\/schema.org\",\"@graph\":[{\"@type\":\"WebPage\",\"@id\":\"https:\/\/www.cielolaboral.com\/centros-de-investigacion\/\",\"url\":\"https:\/\/www.cielolaboral.com\/centros-de-investigacion\/\",\"name\":\"CENTROS DE INVESTIGACI\u00d3N - cielolaboral\",\"isPartOf\":{\"@id\":\"https:\/\/www.cielolaboral.com\/#website\"},\"primaryImageOfPage\":{\"@id\":\"https:\/\/www.cielolaboral.com\/centros-de-investigacion\/#primaryimage\"},\"image\":{\"@id\":\"https:\/\/www.cielolaboral.com\/centros-de-investigacion\/#primaryimage\"},\"thumbnailUrl\":\"https:\/\/www.cielolaboral.com\/wp-content\/uploads\/2015\/12\/catholic_center-.png\",\"datePublished\":\"2015-12-17T11:18:38+00:00\",\"dateModified\":\"2022-08-24T14:04:48+00:00\",\"breadcrumb\":{\"@id\":\"https:\/\/www.cielolaboral.com\/centros-de-investigacion\/#breadcrumb\"},\"inLanguage\":\"fr-FR\",\"potentialAction\":[{\"@type\":\"ReadAction\",\"target\":[\"https:\/\/www.cielolaboral.com\/centros-de-investigacion\/\"]}]},{\"@type\":\"ImageObject\",\"inLanguage\":\"fr-FR\",\"@id\":\"https:\/\/www.cielolaboral.com\/centros-de-investigacion\/#primaryimage\",\"url\":\"https:\/\/www.cielolaboral.com\/wp-content\/uploads\/2015\/12\/catholic_center-.png\",\"contentUrl\":\"https:\/\/www.cielolaboral.com\/wp-content\/uploads\/2015\/12\/catholic_center-.png\"},{\"@type\":\"BreadcrumbList\",\"@id\":\"https:\/\/www.cielolaboral.com\/centros-de-investigacion\/#breadcrumb\",\"itemListElement\":[{\"@type\":\"ListItem\",\"position\":1,\"name\":\"Home\",\"item\":\"https:\/\/www.cielolaboral.com\/\"},{\"@type\":\"ListItem\",\"position\":2,\"name\":\"CENTROS DE INVESTIGACI\u00d3N\"}]},{\"@type\":\"WebSite\",\"@id\":\"https:\/\/www.cielolaboral.com\/#website\",\"url\":\"https:\/\/www.cielolaboral.com\/\",\"name\":\"cielolaboral\",\"description\":\"\",\"publisher\":{\"@id\":\"https:\/\/www.cielolaboral.com\/#organization\"},\"potentialAction\":[{\"@type\":\"SearchAction\",\"target\":{\"@type\":\"EntryPoint\",\"urlTemplate\":\"https:\/\/www.cielolaboral.com\/?s={search_term_string}\"},\"query-input\":{\"@type\":\"PropertyValueSpecification\",\"valueRequired\":true,\"valueName\":\"search_term_string\"}}],\"inLanguage\":\"fr-FR\"},{\"@type\":\"Organization\",\"@id\":\"https:\/\/www.cielolaboral.com\/#organization\",\"name\":\"cielolaboral\",\"url\":\"https:\/\/www.cielolaboral.com\/\",\"logo\":{\"@type\":\"ImageObject\",\"inLanguage\":\"fr-FR\",\"@id\":\"https:\/\/www.cielolaboral.com\/#\/schema\/logo\/image\/\",\"url\":\"https:\/\/www.cielolaboral.com\/wp-content\/uploads\/2020\/09\/cropped-logo_CIELO_2.png\",\"contentUrl\":\"https:\/\/www.cielolaboral.com\/wp-content\/uploads\/2020\/09\/cropped-logo_CIELO_2.png\",\"width\":512,\"height\":512,\"caption\":\"cielolaboral\"},\"image\":{\"@id\":\"https:\/\/www.cielolaboral.com\/#\/schema\/logo\/image\/\"},\"sameAs\":[\"https:\/\/www.facebook.com\/CIELO-Comunidad-para-la-Investigacin-y-el-Estudio-Laboral-y-Ocupacional-456411237893494\",\"https:\/\/x.com\/CIELOlaboral\"]}]}<\/script>\n<!-- \/ Yoast SEO plugin. -->","yoast_head_json":{"title":"CENTROS DE INVESTIGACI\u00d3N - cielolaboral","robots":{"index":"index","follow":"follow","max-snippet":"max-snippet:-1","max-image-preview":"max-image-preview:large","max-video-preview":"max-video-preview:-1"},"canonical":"https:\/\/www.cielolaboral.com\/fr\/centros-de-investigacion\/","og_locale":"fr_FR","og_type":"article","og_title":"CENTROS DE INVESTIGACI\u00d3N - cielolaboral","og_description":"Catholic Center for the Future of Law &#8211; Portugal P\u00c1GINA WEB&nbsp; CONTACTO: Duarte Abrunhosa e Sousa MAIL: CIJE &#8211; Centro de Investiga\u00e7\u00e3o Jur\u00eddico-Econ\u00f3mica (Facultade de Direito da Universidade do Porto) P\u00c1GINA WEB CONTACTO: Maria Regina Redinha MAIL: cije@direito.up.pt Centro StudiRead more","og_url":"https:\/\/www.cielolaboral.com\/fr\/centros-de-investigacion\/","og_site_name":"cielolaboral","article_publisher":"https:\/\/www.facebook.com\/CIELO-Comunidad-para-la-Investigacin-y-el-Estudio-Laboral-y-Ocupacional-456411237893494","article_modified_time":"2022-08-24T14:04:48+00:00","og_image":[{"url":"https:\/\/www.cielolaboral.com\/wp-content\/uploads\/2015\/12\/catholic_center-.png","type":"","width":"","height":""}],"twitter_card":"summary_large_image","twitter_site":"@CIELOlaboral","twitter_misc":{"Dur\u00e9e de lecture estim\u00e9e":"1 minute"},"schema":{"@context":"https:\/\/schema.org","@graph":[{"@type":"WebPage","@id":"https:\/\/www.cielolaboral.com\/centros-de-investigacion\/","url":"https:\/\/www.cielolaboral.com\/centros-de-investigacion\/","name":"CENTROS DE INVESTIGACI\u00d3N - cielolaboral","isPartOf":{"@id":"https:\/\/www.cielolaboral.com\/#website"},"primaryImageOfPage":{"@id":"https:\/\/www.cielolaboral.com\/centros-de-investigacion\/#primaryimage"},"image":{"@id":"https:\/\/www.cielolaboral.com\/centros-de-investigacion\/#primaryimage"},"thumbnailUrl":"https:\/\/www.cielolaboral.com\/wp-content\/uploads\/2015\/12\/catholic_center-.png","datePublished":"2015-12-17T11:18:38+00:00","dateModified":"2022-08-24T14:04:48+00:00","breadcrumb":{"@id":"https:\/\/www.cielolaboral.com\/centros-de-investigacion\/#breadcrumb"},"inLanguage":"fr-FR","potentialAction":[{"@type":"ReadAction","target":["https:\/\/www.cielolaboral.com\/centros-de-investigacion\/"]}]},{"@type":"ImageObject","inLanguage":"fr-FR","@id":"https:\/\/www.cielolaboral.com\/centros-de-investigacion\/#primaryimage","url":"https:\/\/www.cielolaboral.com\/wp-content\/uploads\/2015\/12\/catholic_center-.png","contentUrl":"https:\/\/www.cielolaboral.com\/wp-content\/uploads\/2015\/12\/catholic_center-.png"},{"@type":"BreadcrumbList","@id":"https:\/\/www.cielolaboral.com\/centros-de-investigacion\/#breadcrumb","itemListElement":[{"@type":"ListItem","position":1,"name":"Home","item":"https:\/\/www.cielolaboral.com\/"},{"@type":"ListItem","position":2,"name":"CENTROS DE INVESTIGACI\u00d3N"}]},{"@type":"WebSite","@id":"https:\/\/www.cielolaboral.com\/#website","url":"https:\/\/www.cielolaboral.com\/","name":"cielolaboral","description":"","publisher":{"@id":"https:\/\/www.cielolaboral.com\/#organization"},"potentialAction":[{"@type":"SearchAction","target":{"@type":"EntryPoint","urlTemplate":"https:\/\/www.cielolaboral.com\/?s={search_term_string}"},"query-input":{"@type":"PropertyValueSpecification","valueRequired":true,"valueName":"search_term_string"}}],"inLanguage":"fr-FR"},{"@type":"Organization","@id":"https:\/\/www.cielolaboral.com\/#organization","name":"cielolaboral","url":"https:\/\/www.cielolaboral.com\/","logo":{"@type":"ImageObject","inLanguage":"fr-FR","@id":"https:\/\/www.cielolaboral.com\/#\/schema\/logo\/image\/","url":"https:\/\/www.cielolaboral.com\/wp-content\/uploads\/2020\/09\/cropped-logo_CIELO_2.png","contentUrl":"https:\/\/www.cielolaboral.com\/wp-content\/uploads\/2020\/09\/cropped-logo_CIELO_2.png","width":512,"height":512,"caption":"cielolaboral"},"image":{"@id":"https:\/\/www.cielolaboral.com\/#\/schema\/logo\/image\/"},"sameAs":["https:\/\/www.facebook.com\/CIELO-Comunidad-para-la-Investigacin-y-el-Estudio-Laboral-y-Ocupacional-456411237893494","https:\/\/x.com\/CIELOlaboral"]}]}},"_links":{"self":[{"href":"https:\/\/www.cielolaboral.com\/fr\/wp-json\/wp\/v2\/pages\/3707","targetHints":{"allow":["GET"]}}],"collection":[{"href":"https:\/\/www.cielolaboral.com\/fr\/wp-json\/wp\/v2\/pages"}],"about":[{"href":"https:\/\/www.cielolaboral.com\/fr\/wp-json\/wp\/v2\/types\/page"}],"author":[{"embeddable":true,"href":"https:\/\/www.cielolaboral.com\/fr\/wp-json\/wp\/v2\/users\/16"}],"replies":[{"embeddable":true,"href":"https:\/\/www.cielolaboral.com\/fr\/wp-json\/wp\/v2\/comments?post=3707"}],"version-history":[{"count":2,"href":"https:\/\/www.cielolaboral.com\/fr\/wp-json\/wp\/v2\/pages\/3707\/revisions"}],"predecessor-version":[{"id":12017,"href":"https:\/\/www.cielolaboral.com\/fr\/wp-json\/wp\/v2\/pages\/3707\/revisions\/12017"}],"wp:attachment":[{"href":"https:\/\/www.cielolaboral.com\/fr\/wp-json\/wp\/v2\/media?parent=3707"}],"curies":[{"name":"wp","href":"https:\/\/api.w.org\/{rel}","templated":true}]}}