{"id":3362,"date":"2015-12-02T15:04:58","date_gmt":"2015-12-02T15:04:58","guid":{"rendered":"http:\/\/www.cielolaboral.com\/?page_id=3362"},"modified":"2025-10-28T18:43:10","modified_gmt":"2025-10-28T17:43:10","slug":"comite-ejecutivo","status":"publish","type":"page","link":"https:\/\/www.cielolaboral.com\/fr\/comite-ejecutivo\/","title":{"rendered":"COMIT\u00c9S EX\u00c9CUTIFS"},"content":{"rendered":"<ul>\n<li>\n<h2><span style=\"color: #cc0000;\">COMIT\u00c9S EX\u00c9CUTIFS<\/span><\/h2>\n<ul>\n<li>\n<h3>Europa: 4 pa\u00edses (Espa\u00f1a, Francia, Italia, Portugal)<\/h3>\n<ul>\n<li>Prof\u00aa. Mar\u00eda Luz Rodr\u00edguez Fern\u00e1ndez. Universidad de Castilla &#8211; La Mancha (Espa\u00f1a).<b> Coordonnatrice g\u00e9n\u00e9rale du r\u00e9seau CIELO<\/b><\/li>\n<li>Prof. Duarte Abrunhosa e Sousa. CIJE-Universit\u00e9 de Porto (Portugal)<\/li>\n<li>Prof. Francesco Alifano. Universidad de M\u00f3dena y Reggio Emilia (Italia)<\/li>\n<li><span style=\"font-size: 1em;\">Prof. Lo\u00efc Lerouge. COMPTRASEC. Universidad de Burdeos (Francia)<\/span><\/li>\n<li>Prof\u00aa. Nicole Maggi-Germain. Instituto de las Ciencias Sociales del Trabajo (ISST). Universidad Par\u00eds I Panth\u00e9on-Sorbonne (Francia)<\/li>\n<li>Prof\u00aa. Esperanza Macarena Sierra Ben\u00edtez. Universidad de Sevilla (Espa\u00f1a)<\/li>\n<\/ul>\n<\/li>\n<\/ul>\n<p>&nbsp;<\/p>\n<ul>\n<li>\n<h3>Am\u00e9rica Latina: 13 pa\u00edses (Argentina, Brasil, Chile, Colombia, Cuba, Ecuador, M\u00e9xico, Nicaragua, Paraguay, Per\u00fa, Rep\u00fablica Dominicana, Uruguay, Venezuela)<\/h3>\n<ul>\n<li>D. Luis Ernesto Alem\u00e1n Madrigal. Abogado y Notario (Nicaragua)<\/li>\n<li>Prof. C\u00e9sar A. Carballo. Universidad Cat\u00f3lica Andr\u00e9s Bello (Venezuela)<\/li>\n<li>D. Antonio Chica. Juez (Colombia)<\/li>\n<li>Prof. Guillermo Ferriol Molina. Universidad de la Habana (Cuba)<\/li>\n<li>Prof\u00aa. Elisa Lana Medina. Universidad Andina Sim\u00f3n Bol\u00edvar (Ecuador)<\/li>\n<li>Prof\u00aa. Gabriela Mendiz\u00e1bal Berm\u00fadez. Universidad Aut\u00f3noma del Estado de Morelos (M\u00e9xico)<\/li>\n<li>Prof. Juan Pablo Mugnolo. Universidad de Buenos Aires (Argentina)<\/li>\n<li>Prof\u00aa. Thereza Christina Nahas. Pontificia Universidade Cat\u00f3lica de S\u00e3o Paulo. Tribunal Regional do Trabalho da 2\u00aa Regi\u00e3o (Brasil)<\/li>\n<li>Prof. Rodrigo Palomo V\u00e9lez. Universidad de Talca (Chile)<\/li>\n<li>Prof. Joaqu\u00edn Perrone Ramos. Universidad de la Rep\u00fablica (Uruguay)<\/li>\n<li>D\u00f1a. Ver\u00f3nica Recalde. Abogada (Paraguay)<\/li>\n<li>Prof. Luis Serrano D\u00edaz. Universidad Nacional Mayor de San Marcos (Per\u00fa)<\/li>\n<li>Prof. Javier A. Su\u00e1rez. Abogado. Pontificia Universidad Cat\u00f3lica Madre y Maestra (Rep\u00fablica Dominicana)<\/li>\n<\/ul>\n<\/li>\n<\/ul>\n<p>&nbsp;<\/p>\n<ul>\n<li>\n<h2><span style=\"color: #cc0000;\">COMITE EXECUTIF TECHNIQUE<\/span><\/h2>\n<ul>\n<li>D\u00f1a. Lavinia Serrani. ADAPT (Italia).\u00a0<b>Secr\u00e9taire g\u00e9n\u00e9rale et Responsable de la Plateforme informatique du r\u00e9seau CIELO<\/b><\/li>\n<li>D\u00f1a. B\u00e1rbara Torres Garc\u00eda. Universidad de Santiago de Compostela (Espa\u00f1a).<b> Secr\u00e9taire g\u00e9n\u00e9rale et Responsable de la Plateforme informatique du r\u00e9seau CIELO<\/b><\/li>\n<li>D\u00f1a. Mar\u00eda Jos\u00e9 Asquerino Lamparero. Universidad de Sevilla (Espa\u00f1a)<\/li>\n<li>D\u00f1a. Carolina Bastante Vel\u00e1zquez. Universidad de Castilla &#8211; La Mancha (Espa\u00f1a)<\/li>\n<li>D\u00f1a. Tatiana Bentancur (Colombia)<\/li>\n<li>D. Christian Garc\u00eda Fern\u00e1ndez. Universidad de Santiago de Compostela (Espa\u00f1a)<\/li>\n<\/ul>\n<\/li>\n<\/ul>\n<\/li>\n<\/ul>","protected":false},"excerpt":{"rendered":"<p>COMIT\u00c9 EJECUTIVO Europa: 4 pa\u00edses (Espa\u00f1a, Francia, Italia, Portugal) Prof\u00aa. Mar\u00eda Luz Rodr\u00edguez Fern\u00e1ndez. Universidad de Castilla &#8211; La Mancha (Espa\u00f1a). Coordinadora General de la RED CIELO Prof. Duarte Abrunhosa e Sousa. CIJE-Universidad de Porto (Portugal) Prof. Francesco Alifano. Universidad<a class=\"more-link\" href=\"https:\/\/www.cielolaboral.com\/fr\/comite-ejecutivo\/\" title=\"COMIT\u00c9S EX\u00c9CUTIFS\"><span>Read more<\/span><\/a><\/p>","protected":false},"author":16,"featured_media":0,"parent":0,"menu_order":0,"comment_status":"closed","ping_status":"closed","template":"","meta":{"footnotes":""},"class_list":["post-3362","page","type-page","status-publish","hentry"],"yoast_head":"<!-- This site is optimized with the Yoast SEO plugin v27.2 - https:\/\/yoast.com\/product\/yoast-seo-wordpress\/ -->\n<title>COMIT\u00c9 EJECUTIVO - cielolaboral<\/title>\n<meta name=\"robots\" content=\"index, follow, max-snippet:-1, max-image-preview:large, max-video-preview:-1\" \/>\n<link rel=\"canonical\" href=\"https:\/\/www.cielolaboral.com\/fr\/comite-ejecutivo\/\" \/>\n<meta property=\"og:locale\" content=\"fr_FR\" \/>\n<meta property=\"og:type\" content=\"article\" \/>\n<meta property=\"og:title\" content=\"COMIT\u00c9 EJECUTIVO - cielolaboral\" \/>\n<meta property=\"og:description\" content=\"COMIT\u00c9 EJECUTIVO Europa: 4 pa\u00edses (Espa\u00f1a, Francia, Italia, Portugal) Prof\u00aa. Mar\u00eda Luz Rodr\u00edguez Fern\u00e1ndez. Universidad de Castilla &#8211; La Mancha (Espa\u00f1a). Coordinadora General de la RED CIELO Prof. Duarte Abrunhosa e Sousa. CIJE-Universidad de Porto (Portugal) Prof. Francesco Alifano. UniversidadRead more\" \/>\n<meta property=\"og:url\" content=\"https:\/\/www.cielolaboral.com\/fr\/comite-ejecutivo\/\" \/>\n<meta property=\"og:site_name\" content=\"cielolaboral\" \/>\n<meta property=\"article:publisher\" content=\"https:\/\/www.facebook.com\/CIELO-Comunidad-para-la-Investigacin-y-el-Estudio-Laboral-y-Ocupacional-456411237893494\" \/>\n<meta property=\"article:modified_time\" content=\"2025-10-28T17:43:10+00:00\" \/>\n<meta name=\"twitter:card\" content=\"summary_large_image\" \/>\n<meta name=\"twitter:site\" content=\"@CIELOlaboral\" \/>\n<meta name=\"twitter:label1\" content=\"Dur\u00e9e de lecture estim\u00e9e\" \/>\n\t<meta name=\"twitter:data1\" content=\"2 minutes\" \/>\n<script type=\"application\/ld+json\" class=\"yoast-schema-graph\">{\"@context\":\"https:\/\/schema.org\",\"@graph\":[{\"@type\":\"WebPage\",\"@id\":\"https:\/\/www.cielolaboral.com\/comite-ejecutivo\/\",\"url\":\"https:\/\/www.cielolaboral.com\/comite-ejecutivo\/\",\"name\":\"COMIT\u00c9 EJECUTIVO - cielolaboral\",\"isPartOf\":{\"@id\":\"https:\/\/www.cielolaboral.com\/#website\"},\"datePublished\":\"2015-12-02T15:04:58+00:00\",\"dateModified\":\"2025-10-28T17:43:10+00:00\",\"breadcrumb\":{\"@id\":\"https:\/\/www.cielolaboral.com\/comite-ejecutivo\/#breadcrumb\"},\"inLanguage\":\"fr-FR\",\"potentialAction\":[{\"@type\":\"ReadAction\",\"target\":[\"https:\/\/www.cielolaboral.com\/comite-ejecutivo\/\"]}]},{\"@type\":\"BreadcrumbList\",\"@id\":\"https:\/\/www.cielolaboral.com\/comite-ejecutivo\/#breadcrumb\",\"itemListElement\":[{\"@type\":\"ListItem\",\"position\":1,\"name\":\"Home\",\"item\":\"https:\/\/www.cielolaboral.com\/\"},{\"@type\":\"ListItem\",\"position\":2,\"name\":\"COMIT\u00c9 EJECUTIVO\"}]},{\"@type\":\"WebSite\",\"@id\":\"https:\/\/www.cielolaboral.com\/#website\",\"url\":\"https:\/\/www.cielolaboral.com\/\",\"name\":\"cielolaboral\",\"description\":\"\",\"publisher\":{\"@id\":\"https:\/\/www.cielolaboral.com\/#organization\"},\"potentialAction\":[{\"@type\":\"SearchAction\",\"target\":{\"@type\":\"EntryPoint\",\"urlTemplate\":\"https:\/\/www.cielolaboral.com\/?s={search_term_string}\"},\"query-input\":{\"@type\":\"PropertyValueSpecification\",\"valueRequired\":true,\"valueName\":\"search_term_string\"}}],\"inLanguage\":\"fr-FR\"},{\"@type\":\"Organization\",\"@id\":\"https:\/\/www.cielolaboral.com\/#organization\",\"name\":\"cielolaboral\",\"url\":\"https:\/\/www.cielolaboral.com\/\",\"logo\":{\"@type\":\"ImageObject\",\"inLanguage\":\"fr-FR\",\"@id\":\"https:\/\/www.cielolaboral.com\/#\/schema\/logo\/image\/\",\"url\":\"https:\/\/www.cielolaboral.com\/wp-content\/uploads\/2020\/09\/cropped-logo_CIELO_2.png\",\"contentUrl\":\"https:\/\/www.cielolaboral.com\/wp-content\/uploads\/2020\/09\/cropped-logo_CIELO_2.png\",\"width\":512,\"height\":512,\"caption\":\"cielolaboral\"},\"image\":{\"@id\":\"https:\/\/www.cielolaboral.com\/#\/schema\/logo\/image\/\"},\"sameAs\":[\"https:\/\/www.facebook.com\/CIELO-Comunidad-para-la-Investigacin-y-el-Estudio-Laboral-y-Ocupacional-456411237893494\",\"https:\/\/x.com\/CIELOlaboral\"]}]}<\/script>\n<!-- \/ Yoast SEO plugin. -->","yoast_head_json":{"title":"COMIT\u00c9 EJECUTIVO - cielolaboral","robots":{"index":"index","follow":"follow","max-snippet":"max-snippet:-1","max-image-preview":"max-image-preview:large","max-video-preview":"max-video-preview:-1"},"canonical":"https:\/\/www.cielolaboral.com\/fr\/comite-ejecutivo\/","og_locale":"fr_FR","og_type":"article","og_title":"COMIT\u00c9 EJECUTIVO - cielolaboral","og_description":"COMIT\u00c9 EJECUTIVO Europa: 4 pa\u00edses (Espa\u00f1a, Francia, Italia, Portugal) Prof\u00aa. Mar\u00eda Luz Rodr\u00edguez Fern\u00e1ndez. Universidad de Castilla &#8211; La Mancha (Espa\u00f1a). Coordinadora General de la RED CIELO Prof. Duarte Abrunhosa e Sousa. CIJE-Universidad de Porto (Portugal) Prof. Francesco Alifano. UniversidadRead more","og_url":"https:\/\/www.cielolaboral.com\/fr\/comite-ejecutivo\/","og_site_name":"cielolaboral","article_publisher":"https:\/\/www.facebook.com\/CIELO-Comunidad-para-la-Investigacin-y-el-Estudio-Laboral-y-Ocupacional-456411237893494","article_modified_time":"2025-10-28T17:43:10+00:00","twitter_card":"summary_large_image","twitter_site":"@CIELOlaboral","twitter_misc":{"Dur\u00e9e de lecture estim\u00e9e":"2 minutes"},"schema":{"@context":"https:\/\/schema.org","@graph":[{"@type":"WebPage","@id":"https:\/\/www.cielolaboral.com\/comite-ejecutivo\/","url":"https:\/\/www.cielolaboral.com\/comite-ejecutivo\/","name":"COMIT\u00c9 EJECUTIVO - cielolaboral","isPartOf":{"@id":"https:\/\/www.cielolaboral.com\/#website"},"datePublished":"2015-12-02T15:04:58+00:00","dateModified":"2025-10-28T17:43:10+00:00","breadcrumb":{"@id":"https:\/\/www.cielolaboral.com\/comite-ejecutivo\/#breadcrumb"},"inLanguage":"fr-FR","potentialAction":[{"@type":"ReadAction","target":["https:\/\/www.cielolaboral.com\/comite-ejecutivo\/"]}]},{"@type":"BreadcrumbList","@id":"https:\/\/www.cielolaboral.com\/comite-ejecutivo\/#breadcrumb","itemListElement":[{"@type":"ListItem","position":1,"name":"Home","item":"https:\/\/www.cielolaboral.com\/"},{"@type":"ListItem","position":2,"name":"COMIT\u00c9 EJECUTIVO"}]},{"@type":"WebSite","@id":"https:\/\/www.cielolaboral.com\/#website","url":"https:\/\/www.cielolaboral.com\/","name":"cielolaboral","description":"","publisher":{"@id":"https:\/\/www.cielolaboral.com\/#organization"},"potentialAction":[{"@type":"SearchAction","target":{"@type":"EntryPoint","urlTemplate":"https:\/\/www.cielolaboral.com\/?s={search_term_string}"},"query-input":{"@type":"PropertyValueSpecification","valueRequired":true,"valueName":"search_term_string"}}],"inLanguage":"fr-FR"},{"@type":"Organization","@id":"https:\/\/www.cielolaboral.com\/#organization","name":"cielolaboral","url":"https:\/\/www.cielolaboral.com\/","logo":{"@type":"ImageObject","inLanguage":"fr-FR","@id":"https:\/\/www.cielolaboral.com\/#\/schema\/logo\/image\/","url":"https:\/\/www.cielolaboral.com\/wp-content\/uploads\/2020\/09\/cropped-logo_CIELO_2.png","contentUrl":"https:\/\/www.cielolaboral.com\/wp-content\/uploads\/2020\/09\/cropped-logo_CIELO_2.png","width":512,"height":512,"caption":"cielolaboral"},"image":{"@id":"https:\/\/www.cielolaboral.com\/#\/schema\/logo\/image\/"},"sameAs":["https:\/\/www.facebook.com\/CIELO-Comunidad-para-la-Investigacin-y-el-Estudio-Laboral-y-Ocupacional-456411237893494","https:\/\/x.com\/CIELOlaboral"]}]}},"_links":{"self":[{"href":"https:\/\/www.cielolaboral.com\/fr\/wp-json\/wp\/v2\/pages\/3362","targetHints":{"allow":["GET"]}}],"collection":[{"href":"https:\/\/www.cielolaboral.com\/fr\/wp-json\/wp\/v2\/pages"}],"about":[{"href":"https:\/\/www.cielolaboral.com\/fr\/wp-json\/wp\/v2\/types\/page"}],"author":[{"embeddable":true,"href":"https:\/\/www.cielolaboral.com\/fr\/wp-json\/wp\/v2\/users\/16"}],"replies":[{"embeddable":true,"href":"https:\/\/www.cielolaboral.com\/fr\/wp-json\/wp\/v2\/comments?post=3362"}],"version-history":[{"count":12,"href":"https:\/\/www.cielolaboral.com\/fr\/wp-json\/wp\/v2\/pages\/3362\/revisions"}],"predecessor-version":[{"id":13833,"href":"https:\/\/www.cielolaboral.com\/fr\/wp-json\/wp\/v2\/pages\/3362\/revisions\/13833"}],"wp:attachment":[{"href":"https:\/\/www.cielolaboral.com\/fr\/wp-json\/wp\/v2\/media?parent=3362"}],"curies":[{"name":"wp","href":"https:\/\/api.w.org\/{rel}","templated":true}]}}