{"id":3350,"date":"2015-12-02T14:10:40","date_gmt":"2015-12-02T14:10:40","guid":{"rendered":"http:\/\/www.cielolaboral.com\/?page_id=3350"},"modified":"2025-10-28T18:27:42","modified_gmt":"2025-10-28T17:27:42","slug":"comite_cientifico","status":"publish","type":"page","link":"https:\/\/www.cielolaboral.com\/fr\/comite_cientifico\/","title":{"rendered":"COMIT\u00c9 SCIENTIFIQUE"},"content":{"rendered":"<p>(classement par ordre alphab\u00e9tique)<\/p>\n<p>&nbsp;<\/p>\n<p>COMIT\u00c9 SCIENTIFIQUE DE L\u2019EUROPE<\/p>\n<ul>\n<li>Prof. Jos\u00e9 Jo\u00e3o Abrantes. Catedr\u00e1tico de Derecho del Trabajo y de la Seguridad Social. Universidad Nova de Lisboa (Portugal)<\/li>\n<li>Prof. Francisco Alem\u00e1n Pa\u00e9z. Catedr\u00e1tico de Derecho del Trabajo y de la Seguridad Social. Universidad de C\u00f3rdoba (Espa\u00f1a)<\/li>\n<li>Prof. Jaime Cabeza Pereiro. Catedr\u00e1tico de Derecho del Trabajo y de la Seguridad Social. Universidad de Vigo (Espa\u00f1a)<\/li>\n<li>Prof\u00aa. Mar\u00eda Emilia Casas Baamonde. Catedr\u00e1tica de Derecho del Trabajo y de la Seguridad Social. Universidad Complutense de Madrid (Espa\u00f1a)<\/li>\n<li>Prof\u00aa. Catarina Carvalho. Profesora de Derecho del Trabajo y de la Seguridad Social. Universidad Cat\u00f3lica Portuguesa de Oporto (Portugal)<\/li>\n<li>Prof. Jes\u00fas Cruz Villal\u00f3n. Catedr\u00e1tico de Derecho del Trabajo y de la Seguridad social. Universidad de Sevilla (Espa\u00f1a)<\/li>\n<li>Prof. Emanuele Dagnino. Investigador de Derecho del Trabajo y de la Seguridad Social. Universidad de Mil\u00e1n (Italia)<\/li>\n<li>Prof. Rafael Encinas de Mu\u00f1agorri. Catedr\u00e1tico de Derecho del Trabajo y de la Seguridad Social. Universidad de Nantes (Francia)<\/li>\n<li>Prof\u00aa. Silvia Fern\u00e1ndez Mart\u00ednez. Profesora Permanente Laboral de Derecho del Trabajo y de la Seguridad Social. <span style=\"font-size: 1em; line-height: 1.5;\">Universidad de Santiago de Compostela (Espa\u00f1a)<\/span><\/li>\n<li><span style=\"font-size: 1em; line-height: 1.5;\">Prof. Javier G\u00e1rate Castro. Catedr\u00e1tico de Derecho del Trabajo y de la Seguridad Social. Universidad de Santiago de Compostela (Espa\u00f1a)<\/span><\/li>\n<li><span style=\"font-size: 1em; line-height: 1.5;\">Prof. Jos\u00e9 Luis Gil y Gil. Catedr\u00e1tico de Derecho del Trabajo y de la Seguridad Social. Universidad de Alcal\u00e1 (Espa\u00f1a)<\/span><\/li>\n<li>Prof. Franck H\u00e9as.\u00a0Catedr\u00e1tico de Derecho del Trabajo. Universidad de Nantes (Francia)<\/li>\n<li>Prof. Frank Hendrickx. Catedr\u00e1tico Derecho del Trabajo. Universidad de Lovaina (B\u00e9lgica)<\/li>\n<li><span class=\"s1\">Prof. Francis Kessler, Catedr\u00e1tico de Derecho del Trabajo. Universidad de Paris (Francia)<\/span><\/li>\n<li>Prof. Jos\u00e9 Luis Monereo P\u00e9rez.\u00a0Catedr\u00e1tico de Derecho del Trabajo y de la Seguridad Social. Universidad de Granada (Espa\u00f1a)<\/li>\n<li>Prof\u00aa. Maria do Ros\u00e1rio Palma-Ramalho. Catedr\u00e1tica de Derecho del Trabajo y de la Seguridad Social. Universidad de Lisboa (Portugal)<\/li>\n<li><span style=\"font-size: 1em; line-height: 1.5;\">Prof. Carlos Palomeque L\u00f3pez. Catedr\u00e1tico de Derecho del Trabajo y de la Seguridad Social. Universidad de Salamanca (Espa\u00f1a)<\/span><\/li>\n<li>Prof\u00aa. Margarita Isabel Ramos Quintana. Catedr\u00e1tica de Derecho del Trabajo y de la Seguridad Social. Universidad de La Laguna (Espa\u00f1a)<\/li>\n<li><span style=\"font-size: 1em; line-height: 1.5;\">Prof. Eduardo Rojo Torrecilla. Catedr\u00e1tico de Derecho del Trabajo y de la Seguridad Social. Universidad Aut\u00f3noma de Barcelona (Espa\u00f1a)<\/span><\/li>\n<li>Prof\u00aa. Cristina S\u00e1nchez-Rodas Navarro. Catedr\u00e1tica de Derecho del Trabajo y de la Seguridad social. Universidad de Sevilla (Espa\u00f1a)<\/li>\n<li><span style=\"font-size: 1em;\">Prof. Jean-Michel Servais. Presidente honorario de la Sociedad Internacional de Derecho del Trabajo y de la Seguridad Social (Suiza)<\/span><\/li>\n<li>Prof. Michele Tiraboschi. Catedr\u00e1tico <span style=\"font-size: 1em; line-height: 1.5;\">de Derecho del Trabajo y de la Seguridad Social. Universidad de M\u00f3dena y Reggio Emilia (Italia)<\/span><\/li>\n<li>Prof. Luis Enrique de la Villa Gil. Catedr\u00e1tico Em\u00e9rito de Derecho del Trabajo y de la Seguridad Social. Universidad Aut\u00f3noma de Madrid (Espa\u00f1a)<\/li>\n<\/ul>\n<p>COMIT\u00c9 SCIENTIFIQUE DE L\u2019AM\u00c9RIQUE LATINE<\/p>\n<ul>\n<li><span data-olk-copy-source=\"MessageBody\">Prof\u00aa. Katerine Berm\u00fadez Alarc\u00f3n. Universidad Externado de Colombia (Colombia)<\/span><\/li>\n<li>D. Fabio Bertranou. OIT (Argentina)<\/li>\n<li><span style=\"font-size: 1em; line-height: 1.5;\">Prof. Roberto Fragale. Universidade Federal Fluminense (Brasil)<\/span><\/li>\n<li>Prof. Sergio Gamonal. Universidad Adolfo Ib\u00e1\u00f1ez (Chile)<\/li>\n<li><span style=\"font-size: 1em; line-height: 1.5;\">Prof. Julio Armando Grisolia. Universidad Nacional de Tres de Febrero (Argentina)<\/span><\/li>\n<li>Prof\u00aa. Roxana Mauricio. Universidad de Buenos Aires (Argentina)<\/li>\n<li>Prof\u00aa. Mar\u00eda Ascensi\u00f3n Morales Ram\u00edrez. Universidad Nacional Aut\u00f3noma de M\u00e9xico (M\u00e9xico)<\/li>\n<li>Prof. Juan Raso Delgue. Universidad de la Rep\u00fablica (Uruguay)<\/li>\n<li>Prof. Federico Rosenbaum Carli. Universidad Cat\u00f3lica del Uruguay (Uruguay)<\/li>\n<li><span data-olk-copy-source=\"MessageBody\">Prof\u00aa. Ver\u00f3nica Serafini. Centro de An\u00e1lisis y Difusi\u00f3n de la Econom\u00eda Paraguya (Paraguay)<\/span><\/li>\n<li>Prof. Francisco Tapia Guerrero. Presidente de la Academia Iberoamericana de Derecho del Trabajo y de la Seguridad Social (Chile)<\/li>\n<li><span data-olk-copy-source=\"MessageBody\">Prof. Humberto Villasmil. Universidad Cat\u00f3lica Andr\u00e9s Bello (Venezuela)<\/span><\/li>\n<\/ul>","protected":false},"excerpt":{"rendered":"<p>(inclusi\u00f3n por orden alfab\u00e9tico) &nbsp; COMIT\u00c9 CIENT\u00cdFICO DE EUROPA Prof. Jos\u00e9 Jo\u00e3o Abrantes. Catedr\u00e1tico de Derecho del Trabajo y de la Seguridad Social. Universidad Nova de Lisboa (Portugal) Prof. Francisco Alem\u00e1n Pa\u00e9z. Catedr\u00e1tico de Derecho del Trabajo y de la<a class=\"more-link\" href=\"https:\/\/www.cielolaboral.com\/fr\/comite_cientifico\/\" title=\"COMIT\u00c9 SCIENTIFIQUE\"><span>Read more<\/span><\/a><\/p>","protected":false},"author":16,"featured_media":0,"parent":0,"menu_order":0,"comment_status":"closed","ping_status":"closed","template":"","meta":{"footnotes":""},"class_list":["post-3350","page","type-page","status-publish","hentry"],"yoast_head":"<!-- This site is optimized with the Yoast SEO plugin v27.2 - https:\/\/yoast.com\/product\/yoast-seo-wordpress\/ -->\n<title>COMIT\u00c9 CIENT\u00cdFICO - cielolaboral<\/title>\n<meta name=\"robots\" content=\"index, follow, max-snippet:-1, max-image-preview:large, max-video-preview:-1\" \/>\n<link rel=\"canonical\" href=\"https:\/\/www.cielolaboral.com\/fr\/comite_cientifico\/\" \/>\n<meta property=\"og:locale\" content=\"fr_FR\" \/>\n<meta property=\"og:type\" content=\"article\" \/>\n<meta property=\"og:title\" content=\"COMIT\u00c9 CIENT\u00cdFICO - cielolaboral\" \/>\n<meta property=\"og:description\" content=\"(inclusi\u00f3n por orden alfab\u00e9tico) &nbsp; COMIT\u00c9 CIENT\u00cdFICO DE EUROPA Prof. Jos\u00e9 Jo\u00e3o Abrantes. Catedr\u00e1tico de Derecho del Trabajo y de la Seguridad Social. Universidad Nova de Lisboa (Portugal) Prof. Francisco Alem\u00e1n Pa\u00e9z. Catedr\u00e1tico de Derecho del Trabajo y de laRead more\" \/>\n<meta property=\"og:url\" content=\"https:\/\/www.cielolaboral.com\/fr\/comite_cientifico\/\" \/>\n<meta property=\"og:site_name\" content=\"cielolaboral\" \/>\n<meta property=\"article:publisher\" content=\"https:\/\/www.facebook.com\/CIELO-Comunidad-para-la-Investigacin-y-el-Estudio-Laboral-y-Ocupacional-456411237893494\" \/>\n<meta property=\"article:modified_time\" content=\"2025-10-28T17:27:42+00:00\" \/>\n<meta name=\"twitter:card\" content=\"summary_large_image\" \/>\n<meta name=\"twitter:site\" content=\"@CIELOlaboral\" \/>\n<meta name=\"twitter:label1\" content=\"Dur\u00e9e de lecture estim\u00e9e\" \/>\n\t<meta name=\"twitter:data1\" content=\"3 minutes\" \/>\n<script type=\"application\/ld+json\" class=\"yoast-schema-graph\">{\"@context\":\"https:\/\/schema.org\",\"@graph\":[{\"@type\":\"WebPage\",\"@id\":\"https:\/\/www.cielolaboral.com\/comite_cientifico\/\",\"url\":\"https:\/\/www.cielolaboral.com\/comite_cientifico\/\",\"name\":\"COMIT\u00c9 CIENT\u00cdFICO - cielolaboral\",\"isPartOf\":{\"@id\":\"https:\/\/www.cielolaboral.com\/#website\"},\"datePublished\":\"2015-12-02T14:10:40+00:00\",\"dateModified\":\"2025-10-28T17:27:42+00:00\",\"breadcrumb\":{\"@id\":\"https:\/\/www.cielolaboral.com\/comite_cientifico\/#breadcrumb\"},\"inLanguage\":\"fr-FR\",\"potentialAction\":[{\"@type\":\"ReadAction\",\"target\":[\"https:\/\/www.cielolaboral.com\/comite_cientifico\/\"]}]},{\"@type\":\"BreadcrumbList\",\"@id\":\"https:\/\/www.cielolaboral.com\/comite_cientifico\/#breadcrumb\",\"itemListElement\":[{\"@type\":\"ListItem\",\"position\":1,\"name\":\"Home\",\"item\":\"https:\/\/www.cielolaboral.com\/\"},{\"@type\":\"ListItem\",\"position\":2,\"name\":\"COMIT\u00c9 CIENT\u00cdFICO\"}]},{\"@type\":\"WebSite\",\"@id\":\"https:\/\/www.cielolaboral.com\/#website\",\"url\":\"https:\/\/www.cielolaboral.com\/\",\"name\":\"cielolaboral\",\"description\":\"\",\"publisher\":{\"@id\":\"https:\/\/www.cielolaboral.com\/#organization\"},\"potentialAction\":[{\"@type\":\"SearchAction\",\"target\":{\"@type\":\"EntryPoint\",\"urlTemplate\":\"https:\/\/www.cielolaboral.com\/?s={search_term_string}\"},\"query-input\":{\"@type\":\"PropertyValueSpecification\",\"valueRequired\":true,\"valueName\":\"search_term_string\"}}],\"inLanguage\":\"fr-FR\"},{\"@type\":\"Organization\",\"@id\":\"https:\/\/www.cielolaboral.com\/#organization\",\"name\":\"cielolaboral\",\"url\":\"https:\/\/www.cielolaboral.com\/\",\"logo\":{\"@type\":\"ImageObject\",\"inLanguage\":\"fr-FR\",\"@id\":\"https:\/\/www.cielolaboral.com\/#\/schema\/logo\/image\/\",\"url\":\"https:\/\/www.cielolaboral.com\/wp-content\/uploads\/2020\/09\/cropped-logo_CIELO_2.png\",\"contentUrl\":\"https:\/\/www.cielolaboral.com\/wp-content\/uploads\/2020\/09\/cropped-logo_CIELO_2.png\",\"width\":512,\"height\":512,\"caption\":\"cielolaboral\"},\"image\":{\"@id\":\"https:\/\/www.cielolaboral.com\/#\/schema\/logo\/image\/\"},\"sameAs\":[\"https:\/\/www.facebook.com\/CIELO-Comunidad-para-la-Investigacin-y-el-Estudio-Laboral-y-Ocupacional-456411237893494\",\"https:\/\/x.com\/CIELOlaboral\"]}]}<\/script>\n<!-- \/ Yoast SEO plugin. -->","yoast_head_json":{"title":"COMIT\u00c9 CIENT\u00cdFICO - cielolaboral","robots":{"index":"index","follow":"follow","max-snippet":"max-snippet:-1","max-image-preview":"max-image-preview:large","max-video-preview":"max-video-preview:-1"},"canonical":"https:\/\/www.cielolaboral.com\/fr\/comite_cientifico\/","og_locale":"fr_FR","og_type":"article","og_title":"COMIT\u00c9 CIENT\u00cdFICO - cielolaboral","og_description":"(inclusi\u00f3n por orden alfab\u00e9tico) &nbsp; COMIT\u00c9 CIENT\u00cdFICO DE EUROPA Prof. Jos\u00e9 Jo\u00e3o Abrantes. Catedr\u00e1tico de Derecho del Trabajo y de la Seguridad Social. Universidad Nova de Lisboa (Portugal) Prof. Francisco Alem\u00e1n Pa\u00e9z. Catedr\u00e1tico de Derecho del Trabajo y de laRead more","og_url":"https:\/\/www.cielolaboral.com\/fr\/comite_cientifico\/","og_site_name":"cielolaboral","article_publisher":"https:\/\/www.facebook.com\/CIELO-Comunidad-para-la-Investigacin-y-el-Estudio-Laboral-y-Ocupacional-456411237893494","article_modified_time":"2025-10-28T17:27:42+00:00","twitter_card":"summary_large_image","twitter_site":"@CIELOlaboral","twitter_misc":{"Dur\u00e9e de lecture estim\u00e9e":"3 minutes"},"schema":{"@context":"https:\/\/schema.org","@graph":[{"@type":"WebPage","@id":"https:\/\/www.cielolaboral.com\/comite_cientifico\/","url":"https:\/\/www.cielolaboral.com\/comite_cientifico\/","name":"COMIT\u00c9 CIENT\u00cdFICO - cielolaboral","isPartOf":{"@id":"https:\/\/www.cielolaboral.com\/#website"},"datePublished":"2015-12-02T14:10:40+00:00","dateModified":"2025-10-28T17:27:42+00:00","breadcrumb":{"@id":"https:\/\/www.cielolaboral.com\/comite_cientifico\/#breadcrumb"},"inLanguage":"fr-FR","potentialAction":[{"@type":"ReadAction","target":["https:\/\/www.cielolaboral.com\/comite_cientifico\/"]}]},{"@type":"BreadcrumbList","@id":"https:\/\/www.cielolaboral.com\/comite_cientifico\/#breadcrumb","itemListElement":[{"@type":"ListItem","position":1,"name":"Home","item":"https:\/\/www.cielolaboral.com\/"},{"@type":"ListItem","position":2,"name":"COMIT\u00c9 CIENT\u00cdFICO"}]},{"@type":"WebSite","@id":"https:\/\/www.cielolaboral.com\/#website","url":"https:\/\/www.cielolaboral.com\/","name":"cielolaboral","description":"","publisher":{"@id":"https:\/\/www.cielolaboral.com\/#organization"},"potentialAction":[{"@type":"SearchAction","target":{"@type":"EntryPoint","urlTemplate":"https:\/\/www.cielolaboral.com\/?s={search_term_string}"},"query-input":{"@type":"PropertyValueSpecification","valueRequired":true,"valueName":"search_term_string"}}],"inLanguage":"fr-FR"},{"@type":"Organization","@id":"https:\/\/www.cielolaboral.com\/#organization","name":"cielolaboral","url":"https:\/\/www.cielolaboral.com\/","logo":{"@type":"ImageObject","inLanguage":"fr-FR","@id":"https:\/\/www.cielolaboral.com\/#\/schema\/logo\/image\/","url":"https:\/\/www.cielolaboral.com\/wp-content\/uploads\/2020\/09\/cropped-logo_CIELO_2.png","contentUrl":"https:\/\/www.cielolaboral.com\/wp-content\/uploads\/2020\/09\/cropped-logo_CIELO_2.png","width":512,"height":512,"caption":"cielolaboral"},"image":{"@id":"https:\/\/www.cielolaboral.com\/#\/schema\/logo\/image\/"},"sameAs":["https:\/\/www.facebook.com\/CIELO-Comunidad-para-la-Investigacin-y-el-Estudio-Laboral-y-Ocupacional-456411237893494","https:\/\/x.com\/CIELOlaboral"]}]}},"_links":{"self":[{"href":"https:\/\/www.cielolaboral.com\/fr\/wp-json\/wp\/v2\/pages\/3350","targetHints":{"allow":["GET"]}}],"collection":[{"href":"https:\/\/www.cielolaboral.com\/fr\/wp-json\/wp\/v2\/pages"}],"about":[{"href":"https:\/\/www.cielolaboral.com\/fr\/wp-json\/wp\/v2\/types\/page"}],"author":[{"embeddable":true,"href":"https:\/\/www.cielolaboral.com\/fr\/wp-json\/wp\/v2\/users\/16"}],"replies":[{"embeddable":true,"href":"https:\/\/www.cielolaboral.com\/fr\/wp-json\/wp\/v2\/comments?post=3350"}],"version-history":[{"count":14,"href":"https:\/\/www.cielolaboral.com\/fr\/wp-json\/wp\/v2\/pages\/3350\/revisions"}],"predecessor-version":[{"id":13829,"href":"https:\/\/www.cielolaboral.com\/fr\/wp-json\/wp\/v2\/pages\/3350\/revisions\/13829"}],"wp:attachment":[{"href":"https:\/\/www.cielolaboral.com\/fr\/wp-json\/wp\/v2\/media?parent=3350"}],"curies":[{"name":"wp","href":"https:\/\/api.w.org\/{rel}","templated":true}]}}