{"id":2360,"date":"2015-09-24T13:43:58","date_gmt":"2015-09-24T13:43:58","guid":{"rendered":"http:\/\/www.cielolaboral.com\/?page_id=2360"},"modified":"2015-09-24T13:43:58","modified_gmt":"2015-09-24T13:43:58","slug":"eventos","status":"publish","type":"page","link":"https:\/\/www.cielolaboral.com\/fr\/eventos\/","title":{"rendered":"Eventos"},"content":{"rendered":"<div class=\"em em-view-container\" id=\"em-view-1883163484\" data-view=\"list\">\r\n\t<div class=\"em pixelbones em-list em-events-list\" id=\"em-events-list-1883163484\" data-view-id=\"1883163484\">\r\n\t<table cellpadding=\"0\" cellspacing=\"0\" class=\"events-table\" >\r\n    <thead>\r\n        <tr> <th class=\"event-time\" width=\"250\">\r\n        \t\t\t\t<h4 \r\nclass=\"entry-title\">Fecha\/Lugar<\/h4><\/th>\r\n\t\t\t<th class=\"event-description\" width=\"*\"><h4 class=\"entry-title\">Eventos<\/h4><\/th>\r\n\t\t<\/tr>\r\n   \t<\/thead>\r\n    <tbody>   <tr>\r\n    \r\n   \r\n\t\t\t<td>\r\n                \r\n                <p>20 de janeiro de 2026 &#8211; 9 de junho de 2026, online.<\/p>\n\r\n            <\/td>\r\n            <td>\r\n               <h4> <a href=\"https:\/\/www.cielolaboral.com\/fr\/events\/curso-direito-social-da-uniao-europeia\/\">Curso: Direito Social da Uni\u00e3o Europeia<\/a><\/h4>\r\n\r\n                       <p>Organiza\u00e7\u00e3o: Centro de Investiga\u00e7\u00e3o de Direito Privado (CIDP) da Faculdade de Direito da Universidade de Lisboa<\/p>\n<p>&nbsp;<\/p>\n<p><strong><a href=\"https:\/\/www.cielolaboral.com\/wp-content\/uploads\/2026\/01\/f469036946886.pdf\">Cartaz<\/a><\/strong><\/p>\n<p><strong><a href=\"https:\/\/www.cidp.pt\/curso\/i-curso-de-posgraduacao-em-direito-social-da-uniao-europeia\/260\">Site do Curso<\/a><\/strong><\/p>\n\r\n\r\n            <\/td>\r\n        <\/tr>   <tr>\r\n    \r\n   \r\n\t\t\t<td>\r\n                \r\n                <p>14 de abril de 2026 &#8211; 28 de mayo de 2026, Santiago de Compostela (Espa\u00f1a)<\/p>\n\r\n            <\/td>\r\n            <td>\r\n               <h4> <a href=\"https:\/\/www.cielolaboral.com\/fr\/events\/microcredencial-universitaria-derechos-laborales-y-salud-cara-a-un-bienestar-360\/\">Microcredencial Universitaria: &quot;Derechos Laborales y Salud: Cara a un Bienestar 360\u00b0&quot;<\/a><\/h4>\r\n\r\n                       <p>Organizaci\u00f3n: Universidade de Santiago de Compostela<\/p>\n<p>&nbsp;<\/p>\n<p><strong><a href=\"https:\/\/www.usc.gal\/es\/estudios\/propios\/posgrado\/curso-formacion-especifica-microcredencial\/20252026\/microcredencial-universitaria-derechos-laborales-salud-cara-bienestar-360deg\">Web de la Microcredencial<\/a><\/strong><\/p>\n<p><strong><a href=\"https:\/\/www.cielolaboral.com\/wp-content\/uploads\/2025\/11\/Cartel-Microcredencial.pdf\">Cartel<\/a><\/strong><\/p>\n<p><strong><a href=\"https:\/\/www.cielolaboral.com\/wp-content\/uploads\/2025\/11\/Triptico-Microcredencial.pdf\">Tr\u00edptico informativo<\/a><\/strong><\/p>\n\r\n\r\n            <\/td>\r\n        <\/tr>   <tr>\r\n    \r\n   \r\n\t\t\t<td>\r\n                \r\n                <p>16 y 17 de abril de 2026, Sevilla (Espa\u00f1a)<\/p>\n\r\n            <\/td>\r\n            <td>\r\n               <h4> <a href=\"https:\/\/www.cielolaboral.com\/fr\/events\/congreso-internacional-europeo-la-seguridad-social-en-los-acuerdos-de-libre-comercio\/\">Congreso Internacional Europeo: &quot;La Seguridad Social en los Acuerdos de Libre Comercio&quot;<\/a><\/h4>\r\n\r\n                       <p>Organizaci\u00f3n: IASP-AIPS International Association of Social Protection-Asociaci\u00f3n Internacional de Protecci\u00f3n Social y Academia Iberoamericana de Derecho del Trabajo y Seguridad Social<\/p>\n<p>&nbsp;<\/p>\n<p><a href=\"https:\/\/www.cielolaboral.com\/wp-content\/uploads\/2026\/01\/congreso-europeo-programa.pdf\"><strong>Programa<\/strong><\/a><\/p>\n\r\n\r\n            <\/td>\r\n        <\/tr>   <tr>\r\n    \r\n   \r\n\t\t\t<td>\r\n                \r\n                <p>23 y 24 de abril de 2024, Cartagena (Espa\u00f1a) \/ online (formato h\u00edbrido)<\/p>\n\r\n            <\/td>\r\n            <td>\r\n               <h4> <a href=\"https:\/\/www.cielolaboral.com\/fr\/events\/congreso-acceso-al-mercado-del-trabajo-de-la-mujer-igualdad-real-de-oportunidades-de-la-mujer-migrante-en-espana\/\">Congreso: &quot;Acceso al mercado del trabajo de la mujer. Igualdad real de oportunidades de la mujer migrante en Espa\u00f1a&quot;<\/a><\/h4>\r\n\r\n                       <p>Organizaci\u00f3n: Universidad Polit\u00e9cnica de Cartagena<\/p>\n<p>&nbsp;<\/p>\n<p><a href=\"https:\/\/www.cielolaboral.com\/wp-content\/uploads\/2026\/01\/Programa-V1-1.pdf\">Programa<\/a><\/p>\n<p><a href=\"http:\/\/lanuevaeralaboral.es\/portfolio_page\/ii-congreso-internacional-acceso-al-mercado-del-trabajo-de-la-mujer-igualdad-real-de-oportunidades-de-la-mujer-migrante-en-espana\/\">Web del congreso<\/a><\/p>\n\r\n\r\n            <\/td>\r\n        <\/tr>   <tr>\r\n    \r\n   \r\n\t\t\t<td>\r\n                \r\n                <p>18 y 19 de mayo de 2026, Cartagena (Espa\u00f1a) \/ online (formato h\u00edbrido)<\/p>\n\r\n            <\/td>\r\n            <td>\r\n               <h4> <a href=\"https:\/\/www.cielolaboral.com\/fr\/events\/iv-congreso-internacional-educacion-4-0-cuestiones-actuales-sobre-la-docencia-universitaria\/\">IV Congreso Internacional &quot;Educaci\u00f3n 4.0: Cuestiones Actuales Sobre La Docencia Universitaria&quot;<\/a><\/h4>\r\n\r\n                       <p>Organizaci\u00f3n: Universidad Polit\u00e9cnica de Cartagena<\/p>\n<p>&nbsp;<\/p>\n<p><strong><a href=\"https:\/\/www.cielolaboral.com\/wp-content\/uploads\/2026\/02\/Programa-IV-Congreso-Educacion-4.0-V1.pdf\">Programa<\/a><\/strong><\/p>\n<p><strong><a href=\"https:\/\/lanuevaeralaboral.es\/portfolio_page\/iv-congreso-internacional-educacion-4-0-cuestiones-actuales-sobre-la-docencia-universitaria\/\">Web del Congreso<\/a><\/strong><\/p>\n\r\n\r\n            <\/td>\r\n        <\/tr>   <tr>\r\n    \r\n   \r\n\t\t\t<td>\r\n                \r\n                <p>19 de junio de 2026, Madrid (Espa\u00f1a)<\/p>\n\r\n            <\/td>\r\n            <td>\r\n               <h4> <a href=\"https:\/\/www.cielolaboral.com\/fr\/events\/congreso-platform-work-directive-digitalisation-and-ai-evaluation-and-national-challenges\/\">Congreso: &quot;Platform Work Directive, Digitalisation and AI: Evaluation and national challenges&quot;<\/a><\/h4>\r\n\r\n                       <p>Organizaci\u00f3n: <span data-olk-copy-source=\"MessageBody\">Universidad Carlos III de Madrid y P\u00e1zm\u00e1ny P\u00e9ter Catholic University<\/span><\/p>\n<p>&nbsp;<\/p>\n<p><a href=\"https:\/\/www.cielolaboral.com\/wp-content\/uploads\/2026\/02\/04_02_26.pdf\">d'appel \u00e0 contributions jusqu'au<\/a><\/p>\n<p>&nbsp;<\/p>\n<p>&nbsp;<\/p>\n\r\n\r\n            <\/td>\r\n        <\/tr>   <tr>\r\n    \r\n   \r\n\t\t\t<td>\r\n                \r\n                <p> 25 y 26 de junio de 2026, Valencia (Espa\u00f1a)<\/p>\n\r\n            <\/td>\r\n            <td>\r\n               <h4> <a href=\"https:\/\/www.cielolaboral.com\/fr\/events\/congreso-la-inteligencia-artificial-en-el-mundo-del-trabajo\/\">Congreso: &quot;La Inteligencia Artificial en el mundo del trabajo&quot;<\/a><\/h4>\r\n\r\n                       <p>Organizaci\u00f3n: Universitat de <span data-olk-copy-source=\"MessageBody\">Val\u00e8ncia.<\/span><\/p>\n<p>&nbsp;<\/p>\n<p><strong><a href=\"https:\/\/www.cielolaboral.com\/wp-content\/uploads\/2026\/02\/cPUCS_Programa-PDF.pdf\">Programa<\/a><\/strong><\/p>\n<p><strong><a href=\"https:\/\/esdeveniments.uv.es\/146938\/detail\/ii-congreso-la-ia-en-el-mundo-del-trabajo.html?private=5bab62148d701ba7702e\">Web del Congreso<\/a><\/strong><\/p>\n<p>&nbsp;<\/p>\n\r\n\r\n            <\/td>\r\n        <\/tr>   <tr>\r\n    \r\n   \r\n\t\t\t<td>\r\n                \r\n                <p>30 de septiembre de 2026 &#8211; 19 de mayo de 2027, Valencia (Espa\u00f1a)<\/p>\n\r\n            <\/td>\r\n            <td>\r\n               <h4> <a href=\"https:\/\/www.cielolaboral.com\/fr\/events\/foro-aranzadi-social-de-valencia\/\">Foro Aranzadi Social de Valencia<\/a><\/h4>\r\n\r\n                       <p>Organizaci\u00f3n: Aranzadi La Ley Formaci\u00f3n by JUC<\/p>\n<p>&nbsp;<\/p>\n<p><strong><a href=\"https:\/\/juc.es\/productos\/foro-aranzadi-social-de-valencia\">Web del Foro<\/a><\/strong><\/p>\n\r\n\r\n            <\/td>\r\n        <\/tr>   <tr>\r\n    \r\n   \r\n\t\t\t<td>\r\n                \r\n                <p>2, 3 y 4 de diciembre de 2026, Santo Domingo (Rep\u00fablica Dominicana)<\/p>\n\r\n            <\/td>\r\n            <td>\r\n               <h4> <a href=\"https:\/\/www.cielolaboral.com\/fr\/events\/6o-congreso-mundial-cielo-laboral\/\">6\u00ba Congreso Mundial CIELO Laboral<\/a><\/h4>\r\n\r\n                       \r\n\r\n            <\/td>\r\n        <\/tr><\/tbody><\/table>\t<\/div>\r\n<\/div>","protected":false},"excerpt":{"rendered":"","protected":false},"author":16,"featured_media":0,"parent":0,"menu_order":0,"comment_status":"closed","ping_status":"closed","template":"templates\/page-sb-right.php","meta":{"footnotes":""},"class_list":["post-2360","page","type-page","status-publish","hentry"],"yoast_head":"<!-- This site is optimized with the Yoast SEO plugin v27.2 - https:\/\/yoast.com\/product\/yoast-seo-wordpress\/ -->\n<title>Eventos - cielolaboral<\/title>\n<meta name=\"robots\" content=\"index, follow, max-snippet:-1, max-image-preview:large, max-video-preview:-1\" \/>\n<link rel=\"canonical\" href=\"https:\/\/www.cielolaboral.com\/fr\/eventos\/\" \/>\n<meta property=\"og:locale\" content=\"fr_FR\" \/>\n<meta property=\"og:type\" content=\"article\" \/>\n<meta property=\"og:title\" content=\"Eventos - cielolaboral\" \/>\n<meta property=\"og:url\" content=\"https:\/\/www.cielolaboral.com\/fr\/eventos\/\" \/>\n<meta property=\"og:site_name\" content=\"cielolaboral\" \/>\n<meta property=\"article:publisher\" content=\"https:\/\/www.facebook.com\/CIELO-Comunidad-para-la-Investigacin-y-el-Estudio-Laboral-y-Ocupacional-456411237893494\" \/>\n<meta name=\"twitter:card\" content=\"summary_large_image\" \/>\n<meta name=\"twitter:site\" content=\"@CIELOlaboral\" \/>\n<script type=\"application\/ld+json\" class=\"yoast-schema-graph\">{\"@context\":\"https:\/\/schema.org\",\"@graph\":[{\"@type\":\"WebPage\",\"@id\":\"https:\/\/www.cielolaboral.com\/eventos\/\",\"url\":\"https:\/\/www.cielolaboral.com\/eventos\/\",\"name\":\"Eventos - cielolaboral\",\"isPartOf\":{\"@id\":\"https:\/\/www.cielolaboral.com\/#website\"},\"datePublished\":\"2015-09-24T13:43:58+00:00\",\"breadcrumb\":{\"@id\":\"https:\/\/www.cielolaboral.com\/eventos\/#breadcrumb\"},\"inLanguage\":\"fr-FR\",\"potentialAction\":[{\"@type\":\"ReadAction\",\"target\":[\"https:\/\/www.cielolaboral.com\/eventos\/\"]}]},{\"@type\":\"BreadcrumbList\",\"@id\":\"https:\/\/www.cielolaboral.com\/eventos\/#breadcrumb\",\"itemListElement\":[{\"@type\":\"ListItem\",\"position\":1,\"name\":\"Home\",\"item\":\"https:\/\/www.cielolaboral.com\/\"},{\"@type\":\"ListItem\",\"position\":2,\"name\":\"Eventos\"}]},{\"@type\":\"WebSite\",\"@id\":\"https:\/\/www.cielolaboral.com\/#website\",\"url\":\"https:\/\/www.cielolaboral.com\/\",\"name\":\"cielolaboral\",\"description\":\"\",\"publisher\":{\"@id\":\"https:\/\/www.cielolaboral.com\/#organization\"},\"potentialAction\":[{\"@type\":\"SearchAction\",\"target\":{\"@type\":\"EntryPoint\",\"urlTemplate\":\"https:\/\/www.cielolaboral.com\/?s={search_term_string}\"},\"query-input\":{\"@type\":\"PropertyValueSpecification\",\"valueRequired\":true,\"valueName\":\"search_term_string\"}}],\"inLanguage\":\"fr-FR\"},{\"@type\":\"Organization\",\"@id\":\"https:\/\/www.cielolaboral.com\/#organization\",\"name\":\"cielolaboral\",\"url\":\"https:\/\/www.cielolaboral.com\/\",\"logo\":{\"@type\":\"ImageObject\",\"inLanguage\":\"fr-FR\",\"@id\":\"https:\/\/www.cielolaboral.com\/#\/schema\/logo\/image\/\",\"url\":\"https:\/\/www.cielolaboral.com\/wp-content\/uploads\/2020\/09\/cropped-logo_CIELO_2.png\",\"contentUrl\":\"https:\/\/www.cielolaboral.com\/wp-content\/uploads\/2020\/09\/cropped-logo_CIELO_2.png\",\"width\":512,\"height\":512,\"caption\":\"cielolaboral\"},\"image\":{\"@id\":\"https:\/\/www.cielolaboral.com\/#\/schema\/logo\/image\/\"},\"sameAs\":[\"https:\/\/www.facebook.com\/CIELO-Comunidad-para-la-Investigacin-y-el-Estudio-Laboral-y-Ocupacional-456411237893494\",\"https:\/\/x.com\/CIELOlaboral\"]}]}<\/script>\n<!-- \/ Yoast SEO plugin. -->","yoast_head_json":{"title":"Eventos - cielolaboral","robots":{"index":"index","follow":"follow","max-snippet":"max-snippet:-1","max-image-preview":"max-image-preview:large","max-video-preview":"max-video-preview:-1"},"canonical":"https:\/\/www.cielolaboral.com\/fr\/eventos\/","og_locale":"fr_FR","og_type":"article","og_title":"Eventos - cielolaboral","og_url":"https:\/\/www.cielolaboral.com\/fr\/eventos\/","og_site_name":"cielolaboral","article_publisher":"https:\/\/www.facebook.com\/CIELO-Comunidad-para-la-Investigacin-y-el-Estudio-Laboral-y-Ocupacional-456411237893494","twitter_card":"summary_large_image","twitter_site":"@CIELOlaboral","schema":{"@context":"https:\/\/schema.org","@graph":[{"@type":"WebPage","@id":"https:\/\/www.cielolaboral.com\/eventos\/","url":"https:\/\/www.cielolaboral.com\/eventos\/","name":"Eventos - cielolaboral","isPartOf":{"@id":"https:\/\/www.cielolaboral.com\/#website"},"datePublished":"2015-09-24T13:43:58+00:00","breadcrumb":{"@id":"https:\/\/www.cielolaboral.com\/eventos\/#breadcrumb"},"inLanguage":"fr-FR","potentialAction":[{"@type":"ReadAction","target":["https:\/\/www.cielolaboral.com\/eventos\/"]}]},{"@type":"BreadcrumbList","@id":"https:\/\/www.cielolaboral.com\/eventos\/#breadcrumb","itemListElement":[{"@type":"ListItem","position":1,"name":"Home","item":"https:\/\/www.cielolaboral.com\/"},{"@type":"ListItem","position":2,"name":"Eventos"}]},{"@type":"WebSite","@id":"https:\/\/www.cielolaboral.com\/#website","url":"https:\/\/www.cielolaboral.com\/","name":"cielolaboral","description":"","publisher":{"@id":"https:\/\/www.cielolaboral.com\/#organization"},"potentialAction":[{"@type":"SearchAction","target":{"@type":"EntryPoint","urlTemplate":"https:\/\/www.cielolaboral.com\/?s={search_term_string}"},"query-input":{"@type":"PropertyValueSpecification","valueRequired":true,"valueName":"search_term_string"}}],"inLanguage":"fr-FR"},{"@type":"Organization","@id":"https:\/\/www.cielolaboral.com\/#organization","name":"cielolaboral","url":"https:\/\/www.cielolaboral.com\/","logo":{"@type":"ImageObject","inLanguage":"fr-FR","@id":"https:\/\/www.cielolaboral.com\/#\/schema\/logo\/image\/","url":"https:\/\/www.cielolaboral.com\/wp-content\/uploads\/2020\/09\/cropped-logo_CIELO_2.png","contentUrl":"https:\/\/www.cielolaboral.com\/wp-content\/uploads\/2020\/09\/cropped-logo_CIELO_2.png","width":512,"height":512,"caption":"cielolaboral"},"image":{"@id":"https:\/\/www.cielolaboral.com\/#\/schema\/logo\/image\/"},"sameAs":["https:\/\/www.facebook.com\/CIELO-Comunidad-para-la-Investigacin-y-el-Estudio-Laboral-y-Ocupacional-456411237893494","https:\/\/x.com\/CIELOlaboral"]}]}},"_links":{"self":[{"href":"https:\/\/www.cielolaboral.com\/fr\/wp-json\/wp\/v2\/pages\/2360","targetHints":{"allow":["GET"]}}],"collection":[{"href":"https:\/\/www.cielolaboral.com\/fr\/wp-json\/wp\/v2\/pages"}],"about":[{"href":"https:\/\/www.cielolaboral.com\/fr\/wp-json\/wp\/v2\/types\/page"}],"author":[{"embeddable":true,"href":"https:\/\/www.cielolaboral.com\/fr\/wp-json\/wp\/v2\/users\/16"}],"replies":[{"embeddable":true,"href":"https:\/\/www.cielolaboral.com\/fr\/wp-json\/wp\/v2\/comments?post=2360"}],"version-history":[{"count":0,"href":"https:\/\/www.cielolaboral.com\/fr\/wp-json\/wp\/v2\/pages\/2360\/revisions"}],"wp:attachment":[{"href":"https:\/\/www.cielolaboral.com\/fr\/wp-json\/wp\/v2\/media?parent=2360"}],"curies":[{"name":"wp","href":"https:\/\/api.w.org\/{rel}","templated":true}]}}