{"id":1875,"date":"2015-09-16T13:34:12","date_gmt":"2015-09-16T13:34:12","guid":{"rendered":"http:\/\/www.cielolaboral.com\/?page_id=1875"},"modified":"2015-09-16T13:34:12","modified_gmt":"2015-09-16T13:34:12","slug":"area-reservada","status":"publish","type":"page","link":"https:\/\/www.cielolaboral.com\/fr\/area-reservada\/","title":{"rendered":"\u00c1REA RESERVADA"},"content":{"rendered":"<h1 style=\"text-align: center;\"><span style=\"color: #cc0000;\">\u00c1rea Reservada<\/span><\/h1>\n<ul class=\"list list5\">\n<li>\n<h2 style=\"text-align: left;\"><a href=\"http:\/\/moodle.adaptland.it\/mod\/forum\/view.php?id=17229\" target=\"_blank\" rel=\"noopener\">Foro<img fetchpriority=\"high\" decoding=\"async\" class=\"alignnone wp-image-2454 size-full\" src=\"https:\/\/www.cielolaboral.com\/wp-content\/uploads\/2015\/09\/shutterstock_85248775.png\" alt=\"shutterstock_85248775\" width=\"1210\" height=\"265\" srcset=\"https:\/\/www.cielolaboral.com\/wp-content\/uploads\/2015\/09\/shutterstock_85248775.png 1210w, https:\/\/www.cielolaboral.com\/wp-content\/uploads\/2015\/09\/shutterstock_85248775-300x66.png 300w, https:\/\/www.cielolaboral.com\/wp-content\/uploads\/2015\/09\/shutterstock_85248775-1024x224.png 1024w, https:\/\/www.cielolaboral.com\/wp-content\/uploads\/2015\/09\/shutterstock_85248775-768x168.png 768w\" sizes=\"(max-width: 1210px) 100vw, 1210px\" \/><\/a><\/h2>\n<\/li>\n<li>\n<h2 style=\"text-align: left;\"><a href=\"http:\/\/moodle.adaptland.it\/mod\/data\/view.php?id=17160\" target=\"_blank\" rel=\"noopener\">Art\u00edculos en curso de publicaci\u00f3n<\/a><a href=\"http:\/\/moodle.adaptland.it\/mod\/data\/view.php?id=17160\" target=\"_blank\" rel=\"noopener\"><img decoding=\"async\" class=\"alignnone wp-image-2333 size-full\" src=\"https:\/\/www.cielolaboral.com\/wp-content\/uploads\/2015\/09\/shutterstock_55698385.jpg\" alt=\"shutterstock_55698385\" width=\"2246\" height=\"1498\" \/><\/a><\/h2>\n<\/li>\n<\/ul>","protected":false},"excerpt":{"rendered":"<p>\u00c1rea Reservada Foro Art\u00edculos en curso de publicaci\u00f3n<\/p>","protected":false},"author":16,"featured_media":0,"parent":0,"menu_order":0,"comment_status":"closed","ping_status":"closed","template":"templates\/page-sb-right.php","meta":{"footnotes":""},"class_list":["post-1875","page","type-page","status-publish","hentry"],"yoast_head":"<!-- This site is optimized with the Yoast SEO plugin v27.2 - https:\/\/yoast.com\/product\/yoast-seo-wordpress\/ -->\n<title>\u00c1REA RESERVADA - cielolaboral<\/title>\n<meta name=\"robots\" content=\"index, follow, max-snippet:-1, max-image-preview:large, max-video-preview:-1\" \/>\n<link rel=\"canonical\" href=\"https:\/\/www.cielolaboral.com\/fr\/area-reservada\/\" \/>\n<meta property=\"og:locale\" content=\"fr_FR\" \/>\n<meta property=\"og:type\" content=\"article\" \/>\n<meta property=\"og:title\" content=\"\u00c1REA RESERVADA - cielolaboral\" \/>\n<meta property=\"og:description\" content=\"\u00c1rea Reservada Foro Art\u00edculos en curso de publicaci\u00f3n\" \/>\n<meta property=\"og:url\" content=\"https:\/\/www.cielolaboral.com\/fr\/area-reservada\/\" \/>\n<meta property=\"og:site_name\" content=\"cielolaboral\" \/>\n<meta property=\"article:publisher\" content=\"https:\/\/www.facebook.com\/CIELO-Comunidad-para-la-Investigacin-y-el-Estudio-Laboral-y-Ocupacional-456411237893494\" \/>\n<meta property=\"og:image\" content=\"https:\/\/www.cielolaboral.com\/wp-content\/uploads\/2015\/09\/shutterstock_85248775.png\" \/>\n<meta name=\"twitter:card\" content=\"summary_large_image\" \/>\n<meta name=\"twitter:site\" content=\"@CIELOlaboral\" \/>\n<script type=\"application\/ld+json\" class=\"yoast-schema-graph\">{\"@context\":\"https:\/\/schema.org\",\"@graph\":[{\"@type\":\"WebPage\",\"@id\":\"https:\/\/www.cielolaboral.com\/area-reservada\/\",\"url\":\"https:\/\/www.cielolaboral.com\/area-reservada\/\",\"name\":\"\u00c1REA RESERVADA - cielolaboral\",\"isPartOf\":{\"@id\":\"https:\/\/www.cielolaboral.com\/#website\"},\"primaryImageOfPage\":{\"@id\":\"https:\/\/www.cielolaboral.com\/area-reservada\/#primaryimage\"},\"image\":{\"@id\":\"https:\/\/www.cielolaboral.com\/area-reservada\/#primaryimage\"},\"thumbnailUrl\":\"https:\/\/www.cielolaboral.com\/wp-content\/uploads\/2015\/09\/shutterstock_85248775.png\",\"datePublished\":\"2015-09-16T13:34:12+00:00\",\"breadcrumb\":{\"@id\":\"https:\/\/www.cielolaboral.com\/area-reservada\/#breadcrumb\"},\"inLanguage\":\"fr-FR\",\"potentialAction\":[{\"@type\":\"ReadAction\",\"target\":[\"https:\/\/www.cielolaboral.com\/area-reservada\/\"]}]},{\"@type\":\"ImageObject\",\"inLanguage\":\"fr-FR\",\"@id\":\"https:\/\/www.cielolaboral.com\/area-reservada\/#primaryimage\",\"url\":\"https:\/\/www.cielolaboral.com\/wp-content\/uploads\/2015\/09\/shutterstock_85248775.png\",\"contentUrl\":\"https:\/\/www.cielolaboral.com\/wp-content\/uploads\/2015\/09\/shutterstock_85248775.png\"},{\"@type\":\"BreadcrumbList\",\"@id\":\"https:\/\/www.cielolaboral.com\/area-reservada\/#breadcrumb\",\"itemListElement\":[{\"@type\":\"ListItem\",\"position\":1,\"name\":\"Home\",\"item\":\"https:\/\/www.cielolaboral.com\/\"},{\"@type\":\"ListItem\",\"position\":2,\"name\":\"\u00c1REA RESERVADA\"}]},{\"@type\":\"WebSite\",\"@id\":\"https:\/\/www.cielolaboral.com\/#website\",\"url\":\"https:\/\/www.cielolaboral.com\/\",\"name\":\"cielolaboral\",\"description\":\"\",\"publisher\":{\"@id\":\"https:\/\/www.cielolaboral.com\/#organization\"},\"potentialAction\":[{\"@type\":\"SearchAction\",\"target\":{\"@type\":\"EntryPoint\",\"urlTemplate\":\"https:\/\/www.cielolaboral.com\/?s={search_term_string}\"},\"query-input\":{\"@type\":\"PropertyValueSpecification\",\"valueRequired\":true,\"valueName\":\"search_term_string\"}}],\"inLanguage\":\"fr-FR\"},{\"@type\":\"Organization\",\"@id\":\"https:\/\/www.cielolaboral.com\/#organization\",\"name\":\"cielolaboral\",\"url\":\"https:\/\/www.cielolaboral.com\/\",\"logo\":{\"@type\":\"ImageObject\",\"inLanguage\":\"fr-FR\",\"@id\":\"https:\/\/www.cielolaboral.com\/#\/schema\/logo\/image\/\",\"url\":\"https:\/\/www.cielolaboral.com\/wp-content\/uploads\/2020\/09\/cropped-logo_CIELO_2.png\",\"contentUrl\":\"https:\/\/www.cielolaboral.com\/wp-content\/uploads\/2020\/09\/cropped-logo_CIELO_2.png\",\"width\":512,\"height\":512,\"caption\":\"cielolaboral\"},\"image\":{\"@id\":\"https:\/\/www.cielolaboral.com\/#\/schema\/logo\/image\/\"},\"sameAs\":[\"https:\/\/www.facebook.com\/CIELO-Comunidad-para-la-Investigacin-y-el-Estudio-Laboral-y-Ocupacional-456411237893494\",\"https:\/\/x.com\/CIELOlaboral\"]}]}<\/script>\n<!-- \/ Yoast SEO plugin. -->","yoast_head_json":{"title":"\u00c1REA RESERVADA - cielolaboral","robots":{"index":"index","follow":"follow","max-snippet":"max-snippet:-1","max-image-preview":"max-image-preview:large","max-video-preview":"max-video-preview:-1"},"canonical":"https:\/\/www.cielolaboral.com\/fr\/area-reservada\/","og_locale":"fr_FR","og_type":"article","og_title":"\u00c1REA RESERVADA - cielolaboral","og_description":"\u00c1rea Reservada Foro Art\u00edculos en curso de publicaci\u00f3n","og_url":"https:\/\/www.cielolaboral.com\/fr\/area-reservada\/","og_site_name":"cielolaboral","article_publisher":"https:\/\/www.facebook.com\/CIELO-Comunidad-para-la-Investigacin-y-el-Estudio-Laboral-y-Ocupacional-456411237893494","og_image":[{"url":"https:\/\/www.cielolaboral.com\/wp-content\/uploads\/2015\/09\/shutterstock_85248775.png","type":"","width":"","height":""}],"twitter_card":"summary_large_image","twitter_site":"@CIELOlaboral","schema":{"@context":"https:\/\/schema.org","@graph":[{"@type":"WebPage","@id":"https:\/\/www.cielolaboral.com\/area-reservada\/","url":"https:\/\/www.cielolaboral.com\/area-reservada\/","name":"\u00c1REA RESERVADA - cielolaboral","isPartOf":{"@id":"https:\/\/www.cielolaboral.com\/#website"},"primaryImageOfPage":{"@id":"https:\/\/www.cielolaboral.com\/area-reservada\/#primaryimage"},"image":{"@id":"https:\/\/www.cielolaboral.com\/area-reservada\/#primaryimage"},"thumbnailUrl":"https:\/\/www.cielolaboral.com\/wp-content\/uploads\/2015\/09\/shutterstock_85248775.png","datePublished":"2015-09-16T13:34:12+00:00","breadcrumb":{"@id":"https:\/\/www.cielolaboral.com\/area-reservada\/#breadcrumb"},"inLanguage":"fr-FR","potentialAction":[{"@type":"ReadAction","target":["https:\/\/www.cielolaboral.com\/area-reservada\/"]}]},{"@type":"ImageObject","inLanguage":"fr-FR","@id":"https:\/\/www.cielolaboral.com\/area-reservada\/#primaryimage","url":"https:\/\/www.cielolaboral.com\/wp-content\/uploads\/2015\/09\/shutterstock_85248775.png","contentUrl":"https:\/\/www.cielolaboral.com\/wp-content\/uploads\/2015\/09\/shutterstock_85248775.png"},{"@type":"BreadcrumbList","@id":"https:\/\/www.cielolaboral.com\/area-reservada\/#breadcrumb","itemListElement":[{"@type":"ListItem","position":1,"name":"Home","item":"https:\/\/www.cielolaboral.com\/"},{"@type":"ListItem","position":2,"name":"\u00c1REA RESERVADA"}]},{"@type":"WebSite","@id":"https:\/\/www.cielolaboral.com\/#website","url":"https:\/\/www.cielolaboral.com\/","name":"cielolaboral","description":"","publisher":{"@id":"https:\/\/www.cielolaboral.com\/#organization"},"potentialAction":[{"@type":"SearchAction","target":{"@type":"EntryPoint","urlTemplate":"https:\/\/www.cielolaboral.com\/?s={search_term_string}"},"query-input":{"@type":"PropertyValueSpecification","valueRequired":true,"valueName":"search_term_string"}}],"inLanguage":"fr-FR"},{"@type":"Organization","@id":"https:\/\/www.cielolaboral.com\/#organization","name":"cielolaboral","url":"https:\/\/www.cielolaboral.com\/","logo":{"@type":"ImageObject","inLanguage":"fr-FR","@id":"https:\/\/www.cielolaboral.com\/#\/schema\/logo\/image\/","url":"https:\/\/www.cielolaboral.com\/wp-content\/uploads\/2020\/09\/cropped-logo_CIELO_2.png","contentUrl":"https:\/\/www.cielolaboral.com\/wp-content\/uploads\/2020\/09\/cropped-logo_CIELO_2.png","width":512,"height":512,"caption":"cielolaboral"},"image":{"@id":"https:\/\/www.cielolaboral.com\/#\/schema\/logo\/image\/"},"sameAs":["https:\/\/www.facebook.com\/CIELO-Comunidad-para-la-Investigacin-y-el-Estudio-Laboral-y-Ocupacional-456411237893494","https:\/\/x.com\/CIELOlaboral"]}]}},"_links":{"self":[{"href":"https:\/\/www.cielolaboral.com\/fr\/wp-json\/wp\/v2\/pages\/1875","targetHints":{"allow":["GET"]}}],"collection":[{"href":"https:\/\/www.cielolaboral.com\/fr\/wp-json\/wp\/v2\/pages"}],"about":[{"href":"https:\/\/www.cielolaboral.com\/fr\/wp-json\/wp\/v2\/types\/page"}],"author":[{"embeddable":true,"href":"https:\/\/www.cielolaboral.com\/fr\/wp-json\/wp\/v2\/users\/16"}],"replies":[{"embeddable":true,"href":"https:\/\/www.cielolaboral.com\/fr\/wp-json\/wp\/v2\/comments?post=1875"}],"version-history":[{"count":0,"href":"https:\/\/www.cielolaboral.com\/fr\/wp-json\/wp\/v2\/pages\/1875\/revisions"}],"wp:attachment":[{"href":"https:\/\/www.cielolaboral.com\/fr\/wp-json\/wp\/v2\/media?parent=1875"}],"curies":[{"name":"wp","href":"https:\/\/api.w.org\/{rel}","templated":true}]}}