{"id":1824,"date":"2015-09-10T09:14:56","date_gmt":"2015-09-10T09:14:56","guid":{"rendered":"http:\/\/www.cielolaboral.com\/?page_id=1824"},"modified":"2015-09-10T09:14:56","modified_gmt":"2015-09-10T09:14:56","slug":"blogs","status":"publish","type":"page","link":"https:\/\/www.cielolaboral.com\/fr\/blogs\/","title":{"rendered":"BLOGS"},"content":{"rendered":"<h1 style=\"text-align: center;\"><span style=\"color: #cc0000;\">Blogs<\/span><\/h1>\n\n<table id=\"tablepress-1\" class=\"tablepress tablepress-id-1\">\n<thead>\n<tr class=\"row-1\">\n\t<td class=\"column-1\"><\/td><th class=\"column-2\">Autor<\/th><th class=\"column-3\">Blog<\/th>\n<\/tr>\n<\/thead>\n<tbody class=\"row-striping row-hover\">\n<tr class=\"row-2\">\n\t<td class=\"column-1\"><img decoding=\"async\" src=\"https:\/\/www.cielolaboral.com\/wp-content\/uploads\/2016\/03\/foto_amoriello_lisa_2_blog.png\"alt=\"\" width=\"16\" height=\"16\" class=\"alignnone size-full wp-image-229\"><\/td><td class=\"column-2\"><strong>\tLisa Amoriello<\/strong><\/td><td class=\"column-3\"><a href=\"http:\/\/www.osservatoriodiscriminazioni.org\/\"_blank> <img decoding=\"async\" src=\"https:\/\/www.cielolaboral.com\/wp-content\/uploads\/2015\/09\/Insert-hyperlink.png\" alt=\"\" width=\"16\" height=\"16\" class=\"alignnone size-full wp-image-229\"><\/a> <\/td>\n<\/tr>\n<tr class=\"row-3\">\n\t<td class=\"column-1\"><img decoding=\"async\" src=\"https:\/\/www.cielolaboral.com\/wp-content\/uploads\/2015\/11\/foto_arias_dominguez_angel_blog.jpg\"alt=\"\" width=\"16\" height=\"16\" class=\"alignnone size-full wp-image-229\"><\/td><td class=\"column-2\"><strong>\t\u00c1ngel Arias Dom\u00ednguez<\/strong><\/td><td class=\"column-3\"><a href=\"http:\/\/aariasdominguez.blogspot.com.es\/\"_blank> <img decoding=\"async\" src=\"https:\/\/www.cielolaboral.com\/wp-content\/uploads\/2015\/09\/Insert-hyperlink.png\" alt=\"\" width=\"16\" height=\"16\" class=\"alignnone size-full wp-image-229\"><\/a> <\/td>\n<\/tr>\n<tr class=\"row-4\">\n\t<td class=\"column-1\"><img loading=\"lazy\" decoding=\"async\" src=\"https:\/\/www.cielolaboral.com\/wp-content\/uploads\/2016\/03\/foto_carlos-ayala_blog.png\"alt=\"\" width=\"16\" height=\"16\" class=\"alignnone size-full wp-image-229\"><\/td><td class=\"column-2\"><strong>\tCarlos Ayala Montero<\/strong><\/td><td class=\"column-3\"><a href=\"http:\/\/justiciasinmiedo.blogspot.it\/\"_blank> <img decoding=\"async\" src=\"https:\/\/www.cielolaboral.com\/wp-content\/uploads\/2015\/09\/Insert-hyperlink.png\" alt=\"\" width=\"16\" height=\"16\" class=\"alignnone size-full wp-image-229\"><\/a> <\/td>\n<\/tr>\n<tr class=\"row-5\">\n\t<td class=\"column-1\"><img loading=\"lazy\" decoding=\"async\" src=\"https:\/\/www.cielolaboral.com\/wp-content\/uploads\/2015\/11\/Ricardo-Barona-Betancourt.png\"alt=\"\" width=\"16\" height=\"16\" class=\"alignnone size-full wp-image-229\"><\/td><td class=\"column-2\"><strong>Ricardo Barona Betancourt<\/strong><\/td><td class=\"column-3\"><a href=\"http:\/\/www.baronallanos.org\/\"_blank> <img decoding=\"async\" src=\"https:\/\/www.cielolaboral.com\/wp-content\/uploads\/2015\/09\/Insert-hyperlink.png\" alt=\"\" width=\"16\" height=\"16\" class=\"alignnone size-full wp-image-229\"><\/a> <\/td>\n<\/tr>\n<tr class=\"row-6\">\n\t<td class=\"column-1\"><img loading=\"lazy\" decoding=\"async\" src=\"https:\/\/www.cielolaboral.com\/wp-content\/uploads\/2015\/12\/foto_beltran_de_heredia_ruiz_ignasi.png\"alt=\"\" width=\"16\" height=\"16\" class=\"alignnone size-full wp-image-229\"><\/td><td class=\"column-2\"><strong>Ignasi Beltran de Heredia Ruiz<\/strong><\/td><td class=\"column-3\"><a href=\"http:\/\/ignasibeltran.com\/\"_blank> <img decoding=\"async\" src=\"https:\/\/www.cielolaboral.com\/wp-content\/uploads\/2015\/09\/Insert-hyperlink.png\" alt=\"\" width=\"16\" height=\"16\" class=\"alignnone size-full wp-image-229\"><\/a> <\/td>\n<\/tr>\n<tr class=\"row-7\">\n\t<td class=\"column-1\"><img loading=\"lazy\" decoding=\"async\" src=\"https:\/\/www.cielolaboral.com\/wp-content\/uploads\/2015\/10\/foto_calvo_gallego_javier.png\"alt=\"\" width=\"16\" height=\"16\" class=\"alignnone size-full wp-image-229\"><\/td><td class=\"column-2\"><strong>Javier Calvo Gallego<\/strong><\/td><td class=\"column-3\"><a href=\"http:\/\/personal.us.es\/javiercalvo\/ \"_blank> <img decoding=\"async\" src=\"https:\/\/www.cielolaboral.com\/wp-content\/uploads\/2015\/09\/Insert-hyperlink.png\" alt=\"\" width=\"16\" height=\"16\" class=\"alignnone size-full wp-image-229\"><\/a> <\/td>\n<\/tr>\n<tr class=\"row-8\">\n\t<td class=\"column-1\"><img loading=\"lazy\" decoding=\"async\" src=\"https:\/\/www.cielolaboral.com\/wp-content\/uploads\/2020\/05\/foto_carballada_gonzalo_blog.png\"alt=\"\" width=\"16\" height=\"16\" class=\"alignnone size-full wp-image-229\"><\/td><td class=\"column-2\"><strong>Gonzalo Carballada<\/strong><\/td><td class=\"column-3\"><a href=\"https:\/\/taplink.cc\/dosisdederecho\"_blank> <img decoding=\"async\" src=\"https:\/\/www.cielolaboral.com\/wp-content\/uploads\/2015\/09\/Insert-hyperlink.png\" alt=\"\" width=\"16\" height=\"16\" class=\"alignnone size-full wp-image-229\"><\/a> <\/td>\n<\/tr>\n<tr class=\"row-9\">\n\t<td class=\"column-1\"><img loading=\"lazy\" decoding=\"async\" src=\"https:\/\/www.cielolaboral.com\/wp-content\/uploads\/2015\/12\/DSC_03492.jpg\"alt=\"\" width=\"16\" height=\"16\" class=\"alignnone size-full wp-image-229\"><\/td><td class=\"column-2\"><strong>Esther Carrizosa Prieto<\/strong><\/td><td class=\"column-3\"><a href=\"http:\/\/esthercarrizosa.blogspot.it\/2015\/12\/ciudadania-y-derechos-del-trabajador.html?spref=tw\"_blank> <img decoding=\"async\" src=\"https:\/\/www.cielolaboral.com\/wp-content\/uploads\/2015\/09\/Insert-hyperlink.png\" alt=\"\" width=\"16\" height=\"16\" class=\"alignnone size-full wp-image-229\"><\/a> <\/td>\n<\/tr>\n<tr class=\"row-10\">\n\t<td class=\"column-1\"><img loading=\"lazy\" decoding=\"async\" src=\"https:\/\/www.cielolaboral.com\/wp-content\/uploads\/2020\/01\/foto_david_carvalho_martins_blog.jpg\"alt=\"\" width=\"16\" height=\"16\" class=\"alignnone size-full wp-image-229\"><\/td><td class=\"column-2\"><strong>\tDavid Carvalho Martins<\/strong><\/td><td class=\"column-3\"><a href=\"https:\/\/direitocriativo.com\/\"_blank> <img decoding=\"async\" src=\"https:\/\/www.cielolaboral.com\/wp-content\/uploads\/2015\/09\/Insert-hyperlink.png\" alt=\"\" width=\"16\" height=\"16\" class=\"alignnone size-full wp-image-229\"><\/a> <\/td>\n<\/tr>\n<tr class=\"row-11\">\n\t<td class=\"column-1\"><img loading=\"lazy\" decoding=\"async\" src=\"https:\/\/www.cielolaboral.com\/wp-content\/uploads\/2015\/11\/foto1_cruz_villalon_jesus_blog.png\"alt=\"\" width=\"16\" height=\"16\" class=\"alignnone size-full wp-image-229\"><\/td><td class=\"column-2\"><strong>\tJes\u00fas Cruz Villal\u00f3n<\/strong><\/td><td class=\"column-3\"><a href=\"http:\/\/jesuscruzvillalon.blogspot.com.es\/\"_blank> <img decoding=\"async\" src=\"https:\/\/www.cielolaboral.com\/wp-content\/uploads\/2015\/09\/Insert-hyperlink.png\" alt=\"\" width=\"16\" height=\"16\" class=\"alignnone size-full wp-image-229\"><\/a> <\/td>\n<\/tr>\n<tr class=\"row-12\">\n\t<td class=\"column-1\"><img loading=\"lazy\" decoding=\"async\" src=\"https:\/\/www.cielolaboral.com\/wp-content\/uploads\/2015\/10\/foto_di_palma_goffredo_blog.jpg\"alt=\"\" width=\"16\" height=\"16\" class=\"alignnone size-full wp-image-229\"><\/td><td class=\"column-2\"><strong>Goffredo Di Palma<\/strong><\/td><td class=\"column-3\"><a href=\"http:\/\/www.mitbestimmung.it\/ \"_blank> <img decoding=\"async\" src=\"https:\/\/www.cielolaboral.com\/wp-content\/uploads\/2015\/09\/Insert-hyperlink.png\" alt=\"\" width=\"16\" height=\"16\" class=\"alignnone size-full wp-image-229\"><\/a> <\/td>\n<\/tr>\n<tr class=\"row-13\">\n\t<td class=\"column-1\"><img loading=\"lazy\" decoding=\"async\" src=\"https:\/\/www.cielolaboral.com\/wp-content\/uploads\/2015\/12\/foto_espejo_blog.jpg\"alt=\"\" width=\"16\" height=\"16\" class=\"alignnone size-full wp-image-229\"><\/td><td class=\"column-2\"><strong>Patricia Espejo Megias <\/strong><\/td><td class=\"column-3\"><a href=\"https:\/\/patriespejo.wordpress.com  \"_blank> <img decoding=\"async\" src=\"https:\/\/www.cielolaboral.com\/wp-content\/uploads\/2015\/09\/Insert-hyperlink.png\" alt=\"\" width=\"16\" height=\"16\" class=\"alignnone size-full wp-image-229\"><\/a> <\/td>\n<\/tr>\n<tr class=\"row-14\">\n\t<td class=\"column-1\"><img loading=\"lazy\" decoding=\"async\" src=\"https:\/\/www.cielolaboral.com\/wp-content\/uploads\/2015\/12\/Foto_Fern\u00e1ndez_Avil\u00e9s.jpg\"alt=\"\" width=\"16\" height=\"16\" class=\"alignnone size-full wp-image-229\"><\/td><td class=\"column-2\"><strong>Jos\u00e9 Antonio Fern\u00e1ndez Avil\u00e9s<\/strong><\/td><td class=\"column-3\"><a href=\"http:\/\/wdb.ugr.es\/~jfaviles\/ \"_blank> <img decoding=\"async\" src=\"https:\/\/www.cielolaboral.com\/wp-content\/uploads\/2015\/09\/Insert-hyperlink.png\" alt=\"\" width=\"16\" height=\"16\" class=\"alignnone size-full wp-image-229\"><\/a> <\/td>\n<\/tr>\n<tr class=\"row-15\">\n\t<td class=\"column-1\"><img loading=\"lazy\" decoding=\"async\" src=\"https:\/\/www.cielolaboral.com\/wp-content\/uploads\/2017\/04\/gajardo_harboe_maria_cristina.png\"alt=\"\" width=\"16\" height=\"16\" class=\"alignnone size-full wp-image-229\"><\/td><td class=\"column-2\"><strong>Mar\u00eda Cristina Gajardo Harboe<\/strong><\/td><td class=\"column-3\"><a href=\"https:\/\/mcristinagajardo.cl\/\"_blank> <img decoding=\"async\" src=\"https:\/\/www.cielolaboral.com\/wp-content\/uploads\/2015\/09\/Insert-hyperlink.png\" alt=\"\" width=\"16\" height=\"16\" class=\"alignnone size-full wp-image-229\"><\/a> <\/td>\n<\/tr>\n<tr class=\"row-16\">\n\t<td class=\"column-1\"> <img loading=\"lazy\" decoding=\"async\" src=\"https:\/\/www.cielolaboral.com\/wp-content\/uploads\/2015\/09\/gomez-munoz.png\"alt=\"\" width=\"16\" height=\"16\" class=\"alignnone size-full wp-image-229\"><\/td><td class=\"column-2\"><strong> Jos\u00e9 Manuel G\u00f3mez Mu\u00f1oz<\/strong><\/td><td class=\"column-3\"><a href=\"http:\/\/personal.us.es\/josemgomez\/\"_blank\"><img decoding=\"async\" src=\"https:\/\/www.cielolaboral.com\/wp-content\/uploads\/2015\/09\/Insert-hyperlink.png\" alt=\"\" width=\"16\" height=\"16\" class=\"alignnone size-full wp-image-229\"><\/a><\/td>\n<\/tr>\n<tr class=\"row-17\">\n\t<td class=\"column-1\"> <img loading=\"lazy\" decoding=\"async\" src=\"https:\/\/www.cielolaboral.com\/wp-content\/uploads\/2015\/12\/foto_martinez_cardenas_edgar_enrique.jpg\"alt=\"\" width=\"16\" height=\"16\" class=\"alignnone size-full wp-image-229\"><\/td><td class=\"column-2\"><strong> Edgar Enrique Mart\u00ednez C\u00e1rdenas<\/strong><\/td><td class=\"column-3\"><a href=\"http:\/\/funcionpublicaesap.blogspot.com.co\/) \"_blank\"><img decoding=\"async\" src=\"https:\/\/www.cielolaboral.com\/wp-content\/uploads\/2015\/09\/Insert-hyperlink.png\" alt=\"\" width=\"16\" height=\"16\" class=\"alignnone size-full wp-image-229\"><\/a><\/td>\n<\/tr>\n<tr class=\"row-18\">\n\t<td class=\"column-1\"><img loading=\"lazy\" decoding=\"async\" src=\"https:\/\/www.cielolaboral.com\/wp-content\/uploads\/2015\/09\/Mart%C3%ADnez-de-Vi%C3%A9rgol-Lanzagorta.png\" alt=\"\" width=\"16\" height=\"16\" class=\"alignnone size-full wp-image-229\"><\/td><td class=\"column-2\"><strong>Amaya Mart\u00ednez de Virgol Lanzagorta<\/strong><\/td><td class=\"column-3\"><a href=\"http:\/\/amayamartinezdeviergol.blogspot.com.es\/\"_blank\"> <img decoding=\"async\" src=\"https:\/\/www.cielolaboral.com\/wp-content\/uploads\/2015\/09\/Insert-hyperlink.png\" alt=\"\" width=\"16\" height=\"16\" class=\"alignnone size-full wp-image-229\"><\/a> <\/td>\n<\/tr>\n<tr class=\"row-19\">\n\t<td class=\"column-1\"><img loading=\"lazy\" decoding=\"async\" src=\"https:\/\/www.cielolaboral.com\/wp-content\/uploads\/2015\/10\/carmela-mesa-lago-copia.png\" alt=\"\" width=\"16\" height=\"16\" class=\"alignnone size-full wp-image-229\"><\/td><td class=\"column-2\"><strong> Carmelo Mesa-Lago<\/strong><\/td><td class=\"column-3\"><a href=\"http:\/\/www.mesa-lago.com\/ \"_blank> <img decoding=\"async\" src=\"https:\/\/www.cielolaboral.com\/wp-content\/uploads\/2015\/09\/Insert-hyperlink.png\" alt=\"\" width=\"16\" height=\"16\" class=\"alignnone size-full wp-image-229\"><\/a> <\/td>\n<\/tr>\n<tr class=\"row-20\">\n\t<td class=\"column-1\"><img loading=\"lazy\" decoding=\"async\" src=\"https:\/\/www.cielolaboral.com\/wp-content\/uploads\/2020\/04\/foto_moran_carolina_blog.png\" alt=\"\" width=\"16\" height=\"16\" class=\"alignnone size-full wp-image-229\"><\/td><td class=\"column-2\"><strong> Carolina Mor\u00e1n<\/strong><\/td><td class=\"column-3\"><a href=\"http:\/\/carolinamoran.com\/\"_blank> <img decoding=\"async\" src=\"https:\/\/www.cielolaboral.com\/wp-content\/uploads\/2015\/09\/Insert-hyperlink.png\" alt=\"\" width=\"16\" height=\"16\" class=\"alignnone size-full wp-image-229\"><\/a> <\/td>\n<\/tr>\n<tr class=\"row-21\">\n\t<td class=\"column-1\"><img loading=\"lazy\" decoding=\"async\" src=\"https:\/\/www.cielolaboral.com\/wp-content\/uploads\/2015\/09\/Noguera-Gonz%C3%A1lez.png\" alt=\"\" width=\"16\" height=\"16\" class=\"alignnone size-full wp-image-229\"><\/td><td class=\"column-2\"><strong>Atilio Alberto Noguera Gonz\u00e1lez<\/strong><\/td><td class=\"column-3\"><a href=\"https:\/\/ucv.academia.edu\/atilionoguera\"_blank> <img decoding=\"async\" src=\"https:\/\/www.cielolaboral.com\/wp-content\/uploads\/2015\/09\/Insert-hyperlink.png\" alt=\"\" width=\"16\" height=\"16\" class=\"alignnone size-full wp-image-229\"><\/a> <\/td>\n<\/tr>\n<tr class=\"row-22\">\n\t<td class=\"column-1\"><img loading=\"lazy\" decoding=\"async\" src=\"https:\/\/www.cielolaboral.com\/wp-content\/uploads\/2015\/09\/Antonio-Orazi.png\" alt=\"\" width=\"16\" height=\"16\" class=\"alignnone size-full wp-image-229\"><\/td><td class=\"column-2\"><strong> Antonio Orazi<\/strong><\/td><td class=\"column-3\"><a href=\"https:\/\/amorazi.wordpress.com\/\" _blank> <img decoding=\"async\" src=\"https:\/\/www.cielolaboral.com\/wp-content\/uploads\/2015\/09\/Insert-hyperlink.png\" alt=\"\" width=\"16\" height=\"16\" class=\"alignnone size-full wp-image-229\"><\/a> <\/td>\n<\/tr>\n<tr class=\"row-23\">\n\t<td class=\"column-1\"><img loading=\"lazy\" decoding=\"async\" src=\"https:\/\/www.cielolaboral.com\/wp-content\/uploads\/2015\/09\/Quintana-Pineda.png\" alt=\"\" width=\"16\" height=\"16\" class=\"alignnone size-full wp-image-229\"><\/td><td class=\"column-2\"> <strong>Valente Quintana Pineda<\/strong><\/td><td class=\"column-3\"><a href=\"http:\/\/factorlaboral.blogspot.mx\/\"_blank> <img decoding=\"async\" src=\"https:\/\/www.cielolaboral.com\/wp-content\/uploads\/2015\/09\/Insert-hyperlink.png\" alt=\"\" width=\"16\" height=\"16\" class=\"alignnone size-full wp-image-229\"><\/a> <\/td>\n<\/tr>\n<tr class=\"row-24\">\n\t<td class=\"column-1\"><img loading=\"lazy\" decoding=\"async\" src=\"https:\/\/www.cielolaboral.com\/wp-content\/uploads\/2015\/09\/Raso-Delgue.png\" alt=\"\" width=\"16\" height=\"16\" class=\"alignnone size-full wp-image-229\"><\/td><td class=\"column-2\"><strong>Juan Raso-Delgue<\/strong><\/td><td class=\"column-3\"><a href=\"http:\/\/elblogdejuanraso.blogspot.it\/ \"_blank\"> <img decoding=\"async\" src=\"https:\/\/www.cielolaboral.com\/wp-content\/uploads\/2015\/09\/Insert-hyperlink.png\" alt=\"\" width=\"16\" height=\"16\" class=\"alignnone size-full wp-image-229\"><\/a> <\/td>\n<\/tr>\n<tr class=\"row-25\">\n\t<td class=\"column-1\"><img loading=\"lazy\" decoding=\"async\" src=\"https:\/\/www.cielolaboral.com\/wp-content\/uploads\/2015\/12\/Foto_blog_rojo.png\" alt=\"\" width=\"16\" height=\"16\" class=\"alignnone size-full wp-image-229\"><\/td><td class=\"column-2\"><strong>Eduardo Rojo Torrecilla <\/strong><\/td><td class=\"column-3\"><a href=\"http:\/\/www.eduardorojotorrecilla.es\/\"_blank\"> <img decoding=\"async\" src=\"https:\/\/www.cielolaboral.com\/wp-content\/uploads\/2015\/09\/Insert-hyperlink.png\" alt=\"\" width=\"16\" height=\"16\" class=\"alignnone size-full wp-image-229\"><\/a> <\/td>\n<\/tr>\n<tr class=\"row-26\">\n\t<td class=\"column-1\"><img loading=\"lazy\" decoding=\"async\" src=\"https:\/\/www.cielolaboral.com\/wp-content\/uploads\/2015\/12\/foto_sanguineti_wilfredo_blog.png\" alt=\"\" width=\"16\" height=\"16\" class=\"alignnone size-full wp-image-229\"><\/td><td class=\"column-2\"><strong>Wilfredo Sanguineti Raymond<\/strong><\/td><td class=\"column-3\"><a href=\"http:\/\/www.wilfredosanguineti.es\/\"_blank\"> <img decoding=\"async\" src=\"https:\/\/www.cielolaboral.com\/wp-content\/uploads\/2015\/09\/Insert-hyperlink.png\" alt=\"\" width=\"16\" height=\"16\" class=\"alignnone size-full wp-image-229\"><\/a> <\/td>\n<\/tr>\n<tr class=\"row-27\">\n\t<td class=\"column-1\"><img loading=\"lazy\" decoding=\"async\" src=\"https:\/\/www.cielolaboral.com\/wp-content\/uploads\/2015\/09\/S%C3%A1nchez-P%C3%A9rez.png\" alt=\"\" width=\"16\" height=\"16\" class=\"alignnone size-full wp-image-229\"><\/td><td class=\"column-2\"><strong>Jos\u00e9 S\u00e1nchez P\u00e9rez<\/strong><\/td><td class=\"column-3\"><a href=\"http:\/\/www.jsanchezperez.es\/\"_blank> <img decoding=\"async\" src=\"https:\/\/www.cielolaboral.com\/wp-content\/uploads\/2015\/09\/Insert-hyperlink.png\" alt=\"\" width=\"16\" height=\"16\" class=\"alignnone size-full wp-image-229\"><\/a> <\/td>\n<\/tr>\n<tr class=\"row-28\">\n\t<td class=\"column-1\"><img loading=\"lazy\" decoding=\"async\" src=\"https:\/\/www.cielolaboral.com\/wp-content\/uploads\/2016\/02\/foto_Regina-Redinha_blog.jpg\" alt=\"\" width=\"16\" height=\"16\" class=\"alignnone size-full wp-image-229\"><\/td><td class=\"column-2\"><strong>Maria Regina Redinha <\/strong><\/td><td class=\"column-3\"><a href=\"http:\/\/repertoriojuslaboral.blogspot.pt\/\"_blank> <img decoding=\"async\" src=\"https:\/\/www.cielolaboral.com\/wp-content\/uploads\/2015\/09\/Insert-hyperlink.png\" alt=\"\" width=\"16\" height=\"16\" class=\"alignnone size-full wp-image-229\"><\/a> <\/td>\n<\/tr>\n<tr class=\"row-29\">\n\t<td class=\"column-1\"><img loading=\"lazy\" decoding=\"async\" src=\"https:\/\/www.cielolaboral.com\/wp-content\/uploads\/2016\/05\/serrano_juana_maria_blog.jpg\" alt=\"\" width=\"16\" height=\"16\" class=\"alignnone size-full wp-image-229\"><\/td><td class=\"column-2\"><strong>Juana Mar\u00eda Serrano Garc\u00eda <\/strong><\/td><td class=\"column-3\"><a href=\"http:\/\/asuntoslaborales.weebly.com\/\"_blank> <img decoding=\"async\" src=\"https:\/\/www.cielolaboral.com\/wp-content\/uploads\/2015\/09\/Insert-hyperlink.png\" alt=\"\" width=\"16\" height=\"16\" class=\"alignnone size-full wp-image-229\"><\/a> <\/td>\n<\/tr>\n<tr class=\"row-30\">\n\t<td class=\"column-1\"><img loading=\"lazy\" decoding=\"async\" src=\"https:\/\/www.cielolaboral.com\/wp-content\/uploads\/2015\/09\/Macarena-Sierra-Ben%C3%ADtez.png\" alt=\"\" width=\"16\" height=\"16\" class=\"alignnone size-full wp-image-229\"><\/td><td class=\"column-2\"><strong> Esperanza Macarena Sierra Ben\u00edtez<\/strong><\/td><td class=\"column-3\"><a href=\"http:\/\/profesorasierrabenitez.blogspot.com.es\/ \"_blank\"><img decoding=\"async\" src=\"https:\/\/www.cielolaboral.com\/wp-content\/uploads\/2015\/09\/Insert-hyperlink.png\" alt=\"\" width=\"16\" height=\"16\" class=\"alignnone size-full wp-image-229\"><\/a> <\/td>\n<\/tr>\n<tr class=\"row-31\">\n\t<td class=\"column-1\"><img loading=\"lazy\" decoding=\"async\" src=\"https:\/\/www.cielolaboral.com\/wp-content\/uploads\/2015\/10\/foto_todoli_signes_adrian_1.png\" alt=\"\" width=\"16\" height=\"16\" class=\"alignnone size-full wp-image-229\"><\/td><td class=\"column-2\"><strong> Adri\u00e1n Todol\u00ed Signes<\/strong><\/td><td class=\"column-3\"><a href=\"http:\/\/adriantodoli.com\/ \"_blank\"><img decoding=\"async\" src=\"https:\/\/www.cielolaboral.com\/wp-content\/uploads\/2015\/09\/Insert-hyperlink.png\" alt=\"\" width=\"16\" height=\"16\" class=\"alignnone size-full wp-image-229\"><\/a> <\/td>\n<\/tr>\n<tr class=\"row-32\">\n\t<td class=\"column-1\"><img loading=\"lazy\" decoding=\"async\" src=\"https:\/\/www.cielolaboral.com\/wp-content\/uploads\/2015\/09\/foto_vivas_cristian.jpg\" alt=\"\" width=\"16\" height=\"16\" class=\"alignnone size-full wp-image-229\"><\/td><td class=\"column-2\"><strong> Christian Thomson Vivas Garc\u00eda<\/strong><\/td><td class=\"column-3\"><a href=\"https:\/\/analisislaboralblog.wordpress.com\/\"_blank> <img decoding=\"async\" src=\"https:\/\/www.cielolaboral.com\/wp-content\/uploads\/2015\/09\/Insert-hyperlink.png\" alt=\"\" width=\"16\" height=\"16\" class=\"alignnone size-full wp-image-229\"><\/a> <\/td>\n<\/tr>\n<\/tbody>\n<\/table>","protected":false},"excerpt":{"rendered":"<p>Blogs<\/p>","protected":false},"author":16,"featured_media":0,"parent":0,"menu_order":0,"comment_status":"closed","ping_status":"closed","template":"templates\/page-full.php","meta":{"footnotes":""},"class_list":["post-1824","page","type-page","status-publish","hentry"],"yoast_head":"<!-- This site is optimized with the Yoast SEO plugin v27.2 - https:\/\/yoast.com\/product\/yoast-seo-wordpress\/ -->\n<title>BLOGS - cielolaboral<\/title>\n<meta name=\"robots\" content=\"index, follow, max-snippet:-1, max-image-preview:large, max-video-preview:-1\" \/>\n<link rel=\"canonical\" href=\"https:\/\/www.cielolaboral.com\/fr\/blogs\/\" \/>\n<meta property=\"og:locale\" content=\"fr_FR\" \/>\n<meta property=\"og:type\" content=\"article\" \/>\n<meta property=\"og:title\" content=\"BLOGS - cielolaboral\" \/>\n<meta property=\"og:description\" content=\"Blogs\" \/>\n<meta property=\"og:url\" content=\"https:\/\/www.cielolaboral.com\/fr\/blogs\/\" \/>\n<meta property=\"og:site_name\" content=\"cielolaboral\" \/>\n<meta property=\"article:publisher\" content=\"https:\/\/www.facebook.com\/CIELO-Comunidad-para-la-Investigacin-y-el-Estudio-Laboral-y-Ocupacional-456411237893494\" \/>\n<meta name=\"twitter:card\" content=\"summary_large_image\" \/>\n<meta name=\"twitter:site\" content=\"@CIELOlaboral\" \/>\n<script type=\"application\/ld+json\" class=\"yoast-schema-graph\">{\"@context\":\"https:\/\/schema.org\",\"@graph\":[{\"@type\":\"WebPage\",\"@id\":\"https:\/\/www.cielolaboral.com\/blogs\/\",\"url\":\"https:\/\/www.cielolaboral.com\/blogs\/\",\"name\":\"BLOGS - cielolaboral\",\"isPartOf\":{\"@id\":\"https:\/\/www.cielolaboral.com\/#website\"},\"datePublished\":\"2015-09-10T09:14:56+00:00\",\"breadcrumb\":{\"@id\":\"https:\/\/www.cielolaboral.com\/blogs\/#breadcrumb\"},\"inLanguage\":\"fr-FR\",\"potentialAction\":[{\"@type\":\"ReadAction\",\"target\":[\"https:\/\/www.cielolaboral.com\/blogs\/\"]}]},{\"@type\":\"BreadcrumbList\",\"@id\":\"https:\/\/www.cielolaboral.com\/blogs\/#breadcrumb\",\"itemListElement\":[{\"@type\":\"ListItem\",\"position\":1,\"name\":\"Home\",\"item\":\"https:\/\/www.cielolaboral.com\/\"},{\"@type\":\"ListItem\",\"position\":2,\"name\":\"BLOGS\"}]},{\"@type\":\"WebSite\",\"@id\":\"https:\/\/www.cielolaboral.com\/#website\",\"url\":\"https:\/\/www.cielolaboral.com\/\",\"name\":\"cielolaboral\",\"description\":\"\",\"publisher\":{\"@id\":\"https:\/\/www.cielolaboral.com\/#organization\"},\"potentialAction\":[{\"@type\":\"SearchAction\",\"target\":{\"@type\":\"EntryPoint\",\"urlTemplate\":\"https:\/\/www.cielolaboral.com\/?s={search_term_string}\"},\"query-input\":{\"@type\":\"PropertyValueSpecification\",\"valueRequired\":true,\"valueName\":\"search_term_string\"}}],\"inLanguage\":\"fr-FR\"},{\"@type\":\"Organization\",\"@id\":\"https:\/\/www.cielolaboral.com\/#organization\",\"name\":\"cielolaboral\",\"url\":\"https:\/\/www.cielolaboral.com\/\",\"logo\":{\"@type\":\"ImageObject\",\"inLanguage\":\"fr-FR\",\"@id\":\"https:\/\/www.cielolaboral.com\/#\/schema\/logo\/image\/\",\"url\":\"https:\/\/www.cielolaboral.com\/wp-content\/uploads\/2020\/09\/cropped-logo_CIELO_2.png\",\"contentUrl\":\"https:\/\/www.cielolaboral.com\/wp-content\/uploads\/2020\/09\/cropped-logo_CIELO_2.png\",\"width\":512,\"height\":512,\"caption\":\"cielolaboral\"},\"image\":{\"@id\":\"https:\/\/www.cielolaboral.com\/#\/schema\/logo\/image\/\"},\"sameAs\":[\"https:\/\/www.facebook.com\/CIELO-Comunidad-para-la-Investigacin-y-el-Estudio-Laboral-y-Ocupacional-456411237893494\",\"https:\/\/x.com\/CIELOlaboral\"]}]}<\/script>\n<!-- \/ Yoast SEO plugin. -->","yoast_head_json":{"title":"BLOGS - cielolaboral","robots":{"index":"index","follow":"follow","max-snippet":"max-snippet:-1","max-image-preview":"max-image-preview:large","max-video-preview":"max-video-preview:-1"},"canonical":"https:\/\/www.cielolaboral.com\/fr\/blogs\/","og_locale":"fr_FR","og_type":"article","og_title":"BLOGS - cielolaboral","og_description":"Blogs","og_url":"https:\/\/www.cielolaboral.com\/fr\/blogs\/","og_site_name":"cielolaboral","article_publisher":"https:\/\/www.facebook.com\/CIELO-Comunidad-para-la-Investigacin-y-el-Estudio-Laboral-y-Ocupacional-456411237893494","twitter_card":"summary_large_image","twitter_site":"@CIELOlaboral","schema":{"@context":"https:\/\/schema.org","@graph":[{"@type":"WebPage","@id":"https:\/\/www.cielolaboral.com\/blogs\/","url":"https:\/\/www.cielolaboral.com\/blogs\/","name":"BLOGS - cielolaboral","isPartOf":{"@id":"https:\/\/www.cielolaboral.com\/#website"},"datePublished":"2015-09-10T09:14:56+00:00","breadcrumb":{"@id":"https:\/\/www.cielolaboral.com\/blogs\/#breadcrumb"},"inLanguage":"fr-FR","potentialAction":[{"@type":"ReadAction","target":["https:\/\/www.cielolaboral.com\/blogs\/"]}]},{"@type":"BreadcrumbList","@id":"https:\/\/www.cielolaboral.com\/blogs\/#breadcrumb","itemListElement":[{"@type":"ListItem","position":1,"name":"Home","item":"https:\/\/www.cielolaboral.com\/"},{"@type":"ListItem","position":2,"name":"BLOGS"}]},{"@type":"WebSite","@id":"https:\/\/www.cielolaboral.com\/#website","url":"https:\/\/www.cielolaboral.com\/","name":"cielolaboral","description":"","publisher":{"@id":"https:\/\/www.cielolaboral.com\/#organization"},"potentialAction":[{"@type":"SearchAction","target":{"@type":"EntryPoint","urlTemplate":"https:\/\/www.cielolaboral.com\/?s={search_term_string}"},"query-input":{"@type":"PropertyValueSpecification","valueRequired":true,"valueName":"search_term_string"}}],"inLanguage":"fr-FR"},{"@type":"Organization","@id":"https:\/\/www.cielolaboral.com\/#organization","name":"cielolaboral","url":"https:\/\/www.cielolaboral.com\/","logo":{"@type":"ImageObject","inLanguage":"fr-FR","@id":"https:\/\/www.cielolaboral.com\/#\/schema\/logo\/image\/","url":"https:\/\/www.cielolaboral.com\/wp-content\/uploads\/2020\/09\/cropped-logo_CIELO_2.png","contentUrl":"https:\/\/www.cielolaboral.com\/wp-content\/uploads\/2020\/09\/cropped-logo_CIELO_2.png","width":512,"height":512,"caption":"cielolaboral"},"image":{"@id":"https:\/\/www.cielolaboral.com\/#\/schema\/logo\/image\/"},"sameAs":["https:\/\/www.facebook.com\/CIELO-Comunidad-para-la-Investigacin-y-el-Estudio-Laboral-y-Ocupacional-456411237893494","https:\/\/x.com\/CIELOlaboral"]}]}},"_links":{"self":[{"href":"https:\/\/www.cielolaboral.com\/fr\/wp-json\/wp\/v2\/pages\/1824","targetHints":{"allow":["GET"]}}],"collection":[{"href":"https:\/\/www.cielolaboral.com\/fr\/wp-json\/wp\/v2\/pages"}],"about":[{"href":"https:\/\/www.cielolaboral.com\/fr\/wp-json\/wp\/v2\/types\/page"}],"author":[{"embeddable":true,"href":"https:\/\/www.cielolaboral.com\/fr\/wp-json\/wp\/v2\/users\/16"}],"replies":[{"embeddable":true,"href":"https:\/\/www.cielolaboral.com\/fr\/wp-json\/wp\/v2\/comments?post=1824"}],"version-history":[{"count":0,"href":"https:\/\/www.cielolaboral.com\/fr\/wp-json\/wp\/v2\/pages\/1824\/revisions"}],"wp:attachment":[{"href":"https:\/\/www.cielolaboral.com\/fr\/wp-json\/wp\/v2\/media?parent=1824"}],"curies":[{"name":"wp","href":"https:\/\/api.w.org\/{rel}","templated":true}]}}