{"id":14506,"date":"2026-03-16T17:34:21","date_gmt":"2026-03-16T16:34:21","guid":{"rendered":"https:\/\/www.cielolaboral.com\/?page_id=14506"},"modified":"2026-03-23T20:40:20","modified_gmt":"2026-03-23T19:40:20","slug":"6o-congreso-mundial-cielo-laboral-santodomingo","status":"publish","type":"page","link":"https:\/\/www.cielolaboral.com\/fr\/6o-congreso-mundial-cielo-laboral-santodomingo\/","title":{"rendered":"6\u00ba CONGRESO MUNDIAL CIELO LABORAL REP\u00daBLICA DOMINICANA"},"content":{"rendered":"<h3 style=\"text-align: center;\"><strong>6\u00ba CONGRESO MUNDIAL CIELO LABORAL 2026<\/strong><\/h3>\n<h3 style=\"text-align: center;\"><strong><em>\u00a0TECNOLOG\u00cdA, ECOLOG\u00cdA Y CAMBIO DEMOGR\u00c1FICO. EL TRABAJO ANTE LA REVOLUCI\u00d3N DIGITAL, CLIM\u00c1TICA Y DE LOS CUIDADOS<\/em><\/strong><\/h3>\n<h3 style=\"text-align: center;\">2 &#8211; 4 DE DICIEMBRE DE 2026<\/h3>\n<h3 style=\"text-align: center;\">Santo Domingo (Rep\u00fablica Dominicana)<\/h3>\n<h3 style=\"text-align: center;\">Pontificia Universidad Cat\u00f3lica Madre y Maestra<\/h3>\n<h3 style=\"text-align: center;\"><\/h3>\n<p>&nbsp;<\/p>\n<p style=\"text-align: center;\"><strong><a href=\"https:\/\/www.cielolaboral.com\/wp-content\/uploads\/2026\/03\/CALL-FOR-PAPERS-SEXTO-CONGRESO-MUNDIAL-2026_21032026.pdf\">APPEL A CONTRIBUTIONS<\/a> <\/strong><\/p>\n<p>&nbsp;<\/p>\n<p style=\"text-align: center;\"><strong><a href=\"https:\/\/www.cielolaboral.com\/wp-content\/uploads\/2026\/03\/CALL-FOR-PAPERS-SEXTO-CONGRESO-MUNDIAL-2026_FR_21032026.pdf\">CALL FOR PAPERS (FRANC\u00c9S)\u00a0<\/a><\/strong><\/p>\n<p>&nbsp;<\/p>\n<p style=\"text-align: center;\"><strong><a href=\"https:\/\/www.cielolaboral.com\/wp-content\/uploads\/2026\/03\/CALL-FOR-PAPERS-SEXTO-CONGRESO-MUNDIAL-2026_PT_21032026.pdf\">CALL FOR PAPERS (PORTUGU\u00c9S)<\/a><\/strong><\/p>\n<p>&nbsp;<\/p>\n<p style=\"text-align: center;\"><strong><a href=\"https:\/\/www.cielolaboral.com\/wp-content\/uploads\/2026\/03\/CALL-FOR-PAPERS-SEXTO-CONGRESO-MUNDIAL-2026_IT_21032026.pdf\">CALL FOR PAPERS (ITALIANO)<\/a><\/strong><\/p>\n<p>&nbsp;<\/p>\n<p>&nbsp;<\/p>\n<p>&nbsp;<\/p>\n<p>&nbsp;<\/p>\n<p>&nbsp;<\/p>\n<p>&nbsp;<\/p>\n<p>&nbsp;<\/p>","protected":false},"excerpt":{"rendered":"<p>6\u00ba CONGRESO MUNDIAL CIELO LABORAL 2026 \u00a0TECNOLOG\u00cdA, ECOLOG\u00cdA Y CAMBIO DEMOGR\u00c1FICO. EL TRABAJO ANTE LA REVOLUCI\u00d3N DIGITAL, CLIM\u00c1TICA Y DE LOS CUIDADOS 2 &#8211; 4 DE DICIEMBRE DE 2026 Santo Domingo (Rep\u00fablica Dominicana) Pontificia Universidad Cat\u00f3lica Madre y Maestra &nbsp;<a class=\"more-link\" href=\"https:\/\/www.cielolaboral.com\/fr\/6o-congreso-mundial-cielo-laboral-santodomingo\/\" title=\"6\u00ba CONGRESO MUNDIAL CIELO LABORAL REP\u00daBLICA DOMINICANA\"><span>Read more<\/span><\/a><\/p>","protected":false},"author":7,"featured_media":0,"parent":0,"menu_order":0,"comment_status":"closed","ping_status":"closed","template":"","meta":{"footnotes":""},"class_list":["post-14506","page","type-page","status-publish","hentry"],"yoast_head":"<!-- This site is optimized with the Yoast SEO plugin v27.2 - https:\/\/yoast.com\/product\/yoast-seo-wordpress\/ -->\n<title>6\u00ba CONGRESO MUNDIAL CIELO LABORAL REP\u00daBLICA DOMINICANA - cielolaboral<\/title>\n<meta name=\"robots\" content=\"index, follow, max-snippet:-1, max-image-preview:large, max-video-preview:-1\" \/>\n<link rel=\"canonical\" href=\"https:\/\/www.cielolaboral.com\/fr\/6o-congreso-mundial-cielo-laboral-santodomingo\/\" \/>\n<meta property=\"og:locale\" content=\"fr_FR\" \/>\n<meta property=\"og:type\" content=\"article\" \/>\n<meta property=\"og:title\" content=\"6\u00ba CONGRESO MUNDIAL CIELO LABORAL REP\u00daBLICA DOMINICANA - cielolaboral\" \/>\n<meta property=\"og:description\" content=\"6\u00ba CONGRESO MUNDIAL CIELO LABORAL 2026 \u00a0TECNOLOG\u00cdA, ECOLOG\u00cdA Y CAMBIO DEMOGR\u00c1FICO. EL TRABAJO ANTE LA REVOLUCI\u00d3N DIGITAL, CLIM\u00c1TICA Y DE LOS CUIDADOS 2 &#8211; 4 DE DICIEMBRE DE 2026 Santo Domingo (Rep\u00fablica Dominicana) Pontificia Universidad Cat\u00f3lica Madre y Maestra &nbsp;Read more\" \/>\n<meta property=\"og:url\" content=\"https:\/\/www.cielolaboral.com\/fr\/6o-congreso-mundial-cielo-laboral-santodomingo\/\" \/>\n<meta property=\"og:site_name\" content=\"cielolaboral\" \/>\n<meta property=\"article:publisher\" content=\"https:\/\/www.facebook.com\/CIELO-Comunidad-para-la-Investigacin-y-el-Estudio-Laboral-y-Ocupacional-456411237893494\" \/>\n<meta property=\"article:modified_time\" content=\"2026-03-23T19:40:20+00:00\" \/>\n<meta name=\"twitter:card\" content=\"summary_large_image\" \/>\n<meta name=\"twitter:site\" content=\"@CIELOlaboral\" \/>\n<meta name=\"twitter:label1\" content=\"Dur\u00e9e de lecture estim\u00e9e\" \/>\n\t<meta name=\"twitter:data1\" content=\"1 minute\" \/>\n<script type=\"application\/ld+json\" class=\"yoast-schema-graph\">{\"@context\":\"https:\/\/schema.org\",\"@graph\":[{\"@type\":\"WebPage\",\"@id\":\"https:\/\/www.cielolaboral.com\/6o-congreso-mundial-cielo-laboral-santodomingo\/\",\"url\":\"https:\/\/www.cielolaboral.com\/6o-congreso-mundial-cielo-laboral-santodomingo\/\",\"name\":\"6\u00ba CONGRESO MUNDIAL CIELO LABORAL REP\u00daBLICA DOMINICANA - cielolaboral\",\"isPartOf\":{\"@id\":\"https:\/\/www.cielolaboral.com\/#website\"},\"datePublished\":\"2026-03-16T16:34:21+00:00\",\"dateModified\":\"2026-03-23T19:40:20+00:00\",\"breadcrumb\":{\"@id\":\"https:\/\/www.cielolaboral.com\/6o-congreso-mundial-cielo-laboral-santodomingo\/#breadcrumb\"},\"inLanguage\":\"fr-FR\",\"potentialAction\":[{\"@type\":\"ReadAction\",\"target\":[\"https:\/\/www.cielolaboral.com\/6o-congreso-mundial-cielo-laboral-santodomingo\/\"]}]},{\"@type\":\"BreadcrumbList\",\"@id\":\"https:\/\/www.cielolaboral.com\/6o-congreso-mundial-cielo-laboral-santodomingo\/#breadcrumb\",\"itemListElement\":[{\"@type\":\"ListItem\",\"position\":1,\"name\":\"Home\",\"item\":\"https:\/\/www.cielolaboral.com\/\"},{\"@type\":\"ListItem\",\"position\":2,\"name\":\"6\u00ba CONGRESO MUNDIAL CIELO LABORAL REP\u00daBLICA DOMINICANA\"}]},{\"@type\":\"WebSite\",\"@id\":\"https:\/\/www.cielolaboral.com\/#website\",\"url\":\"https:\/\/www.cielolaboral.com\/\",\"name\":\"cielolaboral\",\"description\":\"\",\"publisher\":{\"@id\":\"https:\/\/www.cielolaboral.com\/#organization\"},\"potentialAction\":[{\"@type\":\"SearchAction\",\"target\":{\"@type\":\"EntryPoint\",\"urlTemplate\":\"https:\/\/www.cielolaboral.com\/?s={search_term_string}\"},\"query-input\":{\"@type\":\"PropertyValueSpecification\",\"valueRequired\":true,\"valueName\":\"search_term_string\"}}],\"inLanguage\":\"fr-FR\"},{\"@type\":\"Organization\",\"@id\":\"https:\/\/www.cielolaboral.com\/#organization\",\"name\":\"cielolaboral\",\"url\":\"https:\/\/www.cielolaboral.com\/\",\"logo\":{\"@type\":\"ImageObject\",\"inLanguage\":\"fr-FR\",\"@id\":\"https:\/\/www.cielolaboral.com\/#\/schema\/logo\/image\/\",\"url\":\"https:\/\/www.cielolaboral.com\/wp-content\/uploads\/2020\/09\/cropped-logo_CIELO_2.png\",\"contentUrl\":\"https:\/\/www.cielolaboral.com\/wp-content\/uploads\/2020\/09\/cropped-logo_CIELO_2.png\",\"width\":512,\"height\":512,\"caption\":\"cielolaboral\"},\"image\":{\"@id\":\"https:\/\/www.cielolaboral.com\/#\/schema\/logo\/image\/\"},\"sameAs\":[\"https:\/\/www.facebook.com\/CIELO-Comunidad-para-la-Investigacin-y-el-Estudio-Laboral-y-Ocupacional-456411237893494\",\"https:\/\/x.com\/CIELOlaboral\"]}]}<\/script>\n<!-- \/ Yoast SEO plugin. -->","yoast_head_json":{"title":"6\u00ba CONGRESO MUNDIAL CIELO LABORAL REP\u00daBLICA DOMINICANA - cielolaboral","robots":{"index":"index","follow":"follow","max-snippet":"max-snippet:-1","max-image-preview":"max-image-preview:large","max-video-preview":"max-video-preview:-1"},"canonical":"https:\/\/www.cielolaboral.com\/fr\/6o-congreso-mundial-cielo-laboral-santodomingo\/","og_locale":"fr_FR","og_type":"article","og_title":"6\u00ba CONGRESO MUNDIAL CIELO LABORAL REP\u00daBLICA DOMINICANA - cielolaboral","og_description":"6\u00ba CONGRESO MUNDIAL CIELO LABORAL 2026 \u00a0TECNOLOG\u00cdA, ECOLOG\u00cdA Y CAMBIO DEMOGR\u00c1FICO. EL TRABAJO ANTE LA REVOLUCI\u00d3N DIGITAL, CLIM\u00c1TICA Y DE LOS CUIDADOS 2 &#8211; 4 DE DICIEMBRE DE 2026 Santo Domingo (Rep\u00fablica Dominicana) Pontificia Universidad Cat\u00f3lica Madre y Maestra &nbsp;Read more","og_url":"https:\/\/www.cielolaboral.com\/fr\/6o-congreso-mundial-cielo-laboral-santodomingo\/","og_site_name":"cielolaboral","article_publisher":"https:\/\/www.facebook.com\/CIELO-Comunidad-para-la-Investigacin-y-el-Estudio-Laboral-y-Ocupacional-456411237893494","article_modified_time":"2026-03-23T19:40:20+00:00","twitter_card":"summary_large_image","twitter_site":"@CIELOlaboral","twitter_misc":{"Dur\u00e9e de lecture estim\u00e9e":"1 minute"},"schema":{"@context":"https:\/\/schema.org","@graph":[{"@type":"WebPage","@id":"https:\/\/www.cielolaboral.com\/6o-congreso-mundial-cielo-laboral-santodomingo\/","url":"https:\/\/www.cielolaboral.com\/6o-congreso-mundial-cielo-laboral-santodomingo\/","name":"6\u00ba CONGRESO MUNDIAL CIELO LABORAL REP\u00daBLICA DOMINICANA - cielolaboral","isPartOf":{"@id":"https:\/\/www.cielolaboral.com\/#website"},"datePublished":"2026-03-16T16:34:21+00:00","dateModified":"2026-03-23T19:40:20+00:00","breadcrumb":{"@id":"https:\/\/www.cielolaboral.com\/6o-congreso-mundial-cielo-laboral-santodomingo\/#breadcrumb"},"inLanguage":"fr-FR","potentialAction":[{"@type":"ReadAction","target":["https:\/\/www.cielolaboral.com\/6o-congreso-mundial-cielo-laboral-santodomingo\/"]}]},{"@type":"BreadcrumbList","@id":"https:\/\/www.cielolaboral.com\/6o-congreso-mundial-cielo-laboral-santodomingo\/#breadcrumb","itemListElement":[{"@type":"ListItem","position":1,"name":"Home","item":"https:\/\/www.cielolaboral.com\/"},{"@type":"ListItem","position":2,"name":"6\u00ba CONGRESO MUNDIAL CIELO LABORAL REP\u00daBLICA DOMINICANA"}]},{"@type":"WebSite","@id":"https:\/\/www.cielolaboral.com\/#website","url":"https:\/\/www.cielolaboral.com\/","name":"cielolaboral","description":"","publisher":{"@id":"https:\/\/www.cielolaboral.com\/#organization"},"potentialAction":[{"@type":"SearchAction","target":{"@type":"EntryPoint","urlTemplate":"https:\/\/www.cielolaboral.com\/?s={search_term_string}"},"query-input":{"@type":"PropertyValueSpecification","valueRequired":true,"valueName":"search_term_string"}}],"inLanguage":"fr-FR"},{"@type":"Organization","@id":"https:\/\/www.cielolaboral.com\/#organization","name":"cielolaboral","url":"https:\/\/www.cielolaboral.com\/","logo":{"@type":"ImageObject","inLanguage":"fr-FR","@id":"https:\/\/www.cielolaboral.com\/#\/schema\/logo\/image\/","url":"https:\/\/www.cielolaboral.com\/wp-content\/uploads\/2020\/09\/cropped-logo_CIELO_2.png","contentUrl":"https:\/\/www.cielolaboral.com\/wp-content\/uploads\/2020\/09\/cropped-logo_CIELO_2.png","width":512,"height":512,"caption":"cielolaboral"},"image":{"@id":"https:\/\/www.cielolaboral.com\/#\/schema\/logo\/image\/"},"sameAs":["https:\/\/www.facebook.com\/CIELO-Comunidad-para-la-Investigacin-y-el-Estudio-Laboral-y-Ocupacional-456411237893494","https:\/\/x.com\/CIELOlaboral"]}]}},"_links":{"self":[{"href":"https:\/\/www.cielolaboral.com\/fr\/wp-json\/wp\/v2\/pages\/14506","targetHints":{"allow":["GET"]}}],"collection":[{"href":"https:\/\/www.cielolaboral.com\/fr\/wp-json\/wp\/v2\/pages"}],"about":[{"href":"https:\/\/www.cielolaboral.com\/fr\/wp-json\/wp\/v2\/types\/page"}],"author":[{"embeddable":true,"href":"https:\/\/www.cielolaboral.com\/fr\/wp-json\/wp\/v2\/users\/7"}],"replies":[{"embeddable":true,"href":"https:\/\/www.cielolaboral.com\/fr\/wp-json\/wp\/v2\/comments?post=14506"}],"version-history":[{"count":7,"href":"https:\/\/www.cielolaboral.com\/fr\/wp-json\/wp\/v2\/pages\/14506\/revisions"}],"predecessor-version":[{"id":14510,"href":"https:\/\/www.cielolaboral.com\/fr\/wp-json\/wp\/v2\/pages\/14506\/revisions\/14510"}],"wp:attachment":[{"href":"https:\/\/www.cielolaboral.com\/fr\/wp-json\/wp\/v2\/media?parent=14506"}],"curies":[{"name":"wp","href":"https:\/\/api.w.org\/{rel}","templated":true}]}}