{"id":13873,"date":"2025-11-05T13:05:55","date_gmt":"2025-11-05T12:05:55","guid":{"rendered":"https:\/\/www.cielolaboral.com\/?page_id=13873"},"modified":"2025-12-04T09:17:41","modified_gmt":"2025-12-04T08:17:41","slug":"miembros-k","status":"publish","type":"page","link":"https:\/\/www.cielolaboral.com\/fr\/miembros-indice\/miembros-k\/","title":{"rendered":"Miembros &#8211; K"},"content":{"rendered":"<h1 style=\"text-align: center;\"><span style=\"color: #cc0000;\">Membres<\/span><\/h1>\n<p style=\"text-align: center;\"><strong>Sont inclus dans cette rubrique les membres participants \u00e0 titre individuel \u00e0 la Communaut\u00e9 CIELO Laboral, qu\u2019ils soient originaires des pays latins (europ\u00e9ens et am\u00e9ricains) du R\u00e9seau ou d\u2019une autre partie du monde (pourvu qu\u2019ils partagent sa philosophie et ses langues de travail).<\/strong><br \/>\n<strong>Merci beaucoup \u00e0 tous.<\/strong><\/p>\n<p style=\"text-align: center;\"><strong>Pour rejoindre la communaut\u00e9 de travail CIELO, il faut envoyer un courrier \u00e9lectronique avec une photo et un CV \u00e0 l\u2019adresse comunidad@cielolaboral.com<\/strong><\/p>\n<div style=\"width: 100%; clear: both; text-align: center;\">\n<p style=\"color: #cc0000;\"><strong>La lista de miembros sigue el orden alfab\u00e9tico por apellido, seg\u00fan el siguiente \u00edndice A-Z<\/strong><\/p>\n<nav>\n<ul style=\"list-style: none; padding: 0; margin: 0 auto; display: inline-flex; flex-wrap: wrap; justify-content: center;\">\n<li style=\"margin: 5px;\"><a href=\"https:\/\/www.cielolaboral.com\/fr\/miembros-indice\/miembros-indice\/\">A<\/a><\/li>\n<li style=\"margin: 5px;\"><a href=\"https:\/\/www.cielolaboral.com\/fr\/miembros-indice\/miembros-b\/\">B<\/a><\/li>\n<li style=\"margin: 5px;\"><a href=\"https:\/\/www.cielolaboral.com\/fr\/miembros-indice\/miembros-c\/\">C<\/a><\/li>\n<li style=\"margin: 5px;\"><a href=\"https:\/\/www.cielolaboral.com\/fr\/miembros-indice\/miembros-d\/\">D<\/a><\/li>\n<li style=\"margin: 5px;\"><a href=\"https:\/\/www.cielolaboral.com\/fr\/miembros-indice\/miembros-e\/\">E<\/a><\/li>\n<li style=\"margin: 5px;\"><a href=\"https:\/\/www.cielolaboral.com\/fr\/miembros-indice\/miembros-f\/\">F<\/a><\/li>\n<li style=\"margin: 5px;\"><a href=\"https:\/\/www.cielolaboral.com\/fr\/miembros-indice\/miembros-g\/\">G<\/a><\/li>\n<li style=\"margin: 5px;\"><a href=\"https:\/\/www.cielolaboral.com\/fr\/miembros-indice\/miembros-h\/\">H<\/a><\/li>\n<li style=\"margin: 5px;\"><a href=\"https:\/\/www.cielolaboral.com\/fr\/miembros-indice\/miembros-i\/\">I<\/a><\/li>\n<li style=\"margin: 5px;\"><a href=\"https:\/\/www.cielolaboral.com\/fr\/miembros-indice\/miembros-j\/\">J<\/a><\/li>\n<li style=\"margin: 5px;\"><a style=\"color: #cc0000; font-weight: bold;\" href=\"https:\/\/www.cielolaboral.com\/fr\/miembros-indice\/miembros-k\/\">K<\/a><\/li>\n<li style=\"margin: 5px;\"><a href=\"https:\/\/www.cielolaboral.com\/fr\/miembros-indice\/miembros-l\/\">L<\/a><\/li>\n<li style=\"margin: 5px;\"><a href=\"https:\/\/www.cielolaboral.com\/fr\/miembros-indice\/miembros-m\/\">M<\/a><\/li>\n<li style=\"margin: 5px;\"><a href=\"https:\/\/www.cielolaboral.com\/fr\/miembros-indice\/miembros-n\/\">N<\/a><\/li>\n<li style=\"margin: 5px;\"><a href=\"https:\/\/www.cielolaboral.com\/fr\/miembros-indice\/miembros-o\/\">O<\/a><\/li>\n<li style=\"margin: 5px;\"><a href=\"https:\/\/www.cielolaboral.com\/fr\/miembros-indice\/miembros-p\/\">P<\/a><\/li>\n<li style=\"margin: 5px;\"><a href=\"https:\/\/www.cielolaboral.com\/fr\/miembros-indice\/miembros-q\/\">Q<\/a><\/li>\n<li style=\"margin: 5px;\"><a href=\"https:\/\/www.cielolaboral.com\/fr\/miembros-indice\/miembros-r\/\">R<\/a><\/li>\n<li style=\"margin: 5px;\"><a href=\"https:\/\/www.cielolaboral.com\/fr\/miembros-indice\/miembros-s\/\">S<\/a><\/li>\n<li style=\"margin: 5px;\"><a href=\"https:\/\/www.cielolaboral.com\/fr\/miembros-indice\/miembros-t\/\">T<\/a><\/li>\n<li style=\"margin: 5px;\"><a href=\"https:\/\/www.cielolaboral.com\/fr\/miembros-indice\/miembros-u\/\">U<\/a><\/li>\n<li style=\"margin: 5px;\"><a href=\"https:\/\/www.cielolaboral.com\/fr\/miembros-indice\/miembros-v\/\">V<\/a><\/li>\n<li style=\"margin: 5px;\"><a href=\"https:\/\/www.cielolaboral.com\/fr\/miembros-indice\/miembros-w\/\">W<\/a><\/li>\n<li style=\"margin: 5px;\"><a href=\"https:\/\/www.cielolaboral.com\/fr\/miembros-indice\/miembros-x\/\">X<\/a><\/li>\n<li style=\"margin: 5px;\"><a href=\"https:\/\/www.cielolaboral.com\/fr\/miembros-indice\/miembros-y\/\">Y<\/a><\/li>\n<li style=\"margin: 5px;\"><a href=\"https:\/\/www.cielolaboral.com\/fr\/miembros-indice\/miembros-z\/\">Z<\/a><\/li>\n<\/ul>\n<\/nav>\n<\/div>\n<div class=\"small_box\">\n<p><img decoding=\"async\" class=\"img_shape\" title=\"box\" src=\"https:\/\/www.cielolaboral.com\/wp-content\/uploads\/2025\/11\/foto_kahale_carrillo_djamil_tony.png\" alt=\"box\" \/><\/p>\n<p class=\"nome_cognome\">Djamil Tony Kahale Carrillo<\/p>\n<p class=\"nazionalita\">(ESPA\u00d1A)<\/p>\n<div><a href=\"https:\/\/orcid.org\/0000-0002-0266-3380\"><img decoding=\"async\" class=\"social_img\" src=\"&lt;p&gt;&lt;\/p&gt;\" alt=\"\" \/><\/a><a href=\"https:\/\/twitter.com\/djamilkahale1\"><img decoding=\"async\" class=\"social_img\" src=\"https:\/\/www.cielolaboral.com\/wp-content\/uploads\/2024\/04\/logo-black-x.png\" alt=\"\" \/><\/a><a href=\"https:\/\/www.linkedin.com\/in\/djamil-tony-kahale-carrillo-31803a47\/\"><img decoding=\"async\" class=\"social_img\" src=\"https:\/\/www.cielolaboral.com\/wp-content\/uploads\/2025\/11\/iconalinkedin.jpg\" alt=\"\" \/><\/a><\/div>\n<\/div>\n<div class=\"small_box\">\n<p><img decoding=\"async\" class=\"img_shape\" title=\"box\" src=\"https:\/\/www.cielolaboral.com\/wp-content\/uploads\/2016\/12\/foto_renan_bernardi_kalil.jpg\" alt=\"box\" \/><\/p>\n<p class=\"nome_cognome\">Renan Bernardi Kalil<\/p>\n<p class=\"nazionalita\">(BRASIL)<\/p>\n<div><a href=\"https:\/\/www.cielolaboral.com\/wp-content\/uploads\/2016\/12\/cv_renan_bernardi_kalil.pdf\"><img decoding=\"async\" class=\"social_img\" src=\"&lt;p&gt;&lt;\/p&gt;\" alt=\"\" \/><\/a><a href=\"https:\/\/twitter.com\/renan_kalil\"><img decoding=\"async\" class=\"social_img\" src=\"https:\/\/www.cielolaboral.com\/wp-content\/uploads\/2024\/04\/logo-black-x.png\" alt=\"\" \/><\/a><\/div>\n<\/div>\n<div class=\"small_box\">\n<p><img decoding=\"async\" class=\"img_shape\" title=\"box\" src=\"https:\/\/www.cielolaboral.com\/wp-content\/uploads\/2025\/12\/foto_kanso_sandy.png\" alt=\"box\" \/><\/p>\n<p class=\"nome_cognome\">Sandy Kanso<\/p>\n<p class=\"nazionalita\">(L\u00cdBANO)<\/p>\n<div><a href=\"https:\/\/www.cielolaboral.com\/wp-content\/uploads\/2025\/12\/CV_kanso_sandy.pdf\"><img decoding=\"async\" class=\"social_img\" src=\"&lt;p&gt;&lt;\/p&gt;\" alt=\"\" \/><\/a><\/div>\n<\/div>\n<div class=\"small_box\">\n<p><img decoding=\"async\" class=\"img_shape\" title=\"box\" src=\"https:\/\/www.cielolaboral.com\/wp-content\/uploads\/2025\/11\/foto_katsumi_fugi_vinicius.png\" alt=\"box\" \/><\/p>\n<p class=\"nome_cognome\">Vinicius Katsumi Fugi<\/p>\n<p class=\"nazionalita\">(BRASIL)<\/p>\n<div><a href=\"http:\/\/lattes.cnpq.br\/2231092490820772\"><img decoding=\"async\" class=\"social_img\" src=\"&lt;p&gt;&lt;\/p&gt;\" alt=\"\" \/><\/a><\/div>\n<\/div>\n<div class=\"small_box\">\n<p><img decoding=\"async\" class=\"img_shape\" title=\"box\" src=\"https:\/\/www.cielolaboral.com\/wp-content\/uploads\/2018\/05\/foto_kessler_francis.png\" alt=\"box\" \/><\/p>\n<p class=\"nome_cognome\">Francis Kessler<\/p>\n<p class=\"nazionalita\">(FRANCIA)<\/p>\n<div><a href=\"https:\/\/www.cielolaboral.com\/wp-content\/uploads\/2018\/05\/CV_kessler_francis.pdf\"><img decoding=\"async\" class=\"social_img\" src=\"&lt;p&gt;&lt;\/p&gt;\" alt=\"\" \/><\/a><\/div>\n<\/div>\n<div class=\"small_box\">\n<p><img decoding=\"async\" class=\"img_shape\" title=\"box\" src=\"https:\/\/www.cielolaboral.com\/wp-content\/uploads\/2015\/12\/foto_krall1.png\" alt=\"box\" \/><\/p>\n<p class=\"nome_cognome\">Florencia Krall Curuchaga<\/p>\n<p class=\"nazionalita\">(URUGUAY)<\/p>\n<div><a href=\"https:\/\/www.cielolaboral.com\/wp-content\/uploads\/2015\/12\/CV-Florencia-Krall-20151.pdf\"><img decoding=\"async\" class=\"social_img\" src=\"&lt;p&gt;&lt;\/p&gt;\" alt=\"\" \/><\/a><\/div>\n<\/div>\n<div class=\"small_box\">\n<p><img decoding=\"async\" class=\"img_shape\" title=\"box\" src=\"https:\/\/www.cielolaboral.com\/wp-content\/uploads\/2024\/01\/foto_kurczyn_villalobos_patricia.png\" alt=\"box\" \/><\/p>\n<p class=\"nome_cognome\">Patricia Kurczyn Villalobos<\/p>\n<p class=\"nazionalita\">(M\u00c9XICO)<\/p>\n<div><a href=\"https:\/\/www.cielolaboral.com\/wp-content\/uploads\/2024\/01\/CV_kurczyn_villalobos_patricia.pdf\"><img decoding=\"async\" class=\"social_img\" src=\"&lt;p&gt;&lt;\/p&gt;\" alt=\"\" \/><\/a><\/div>\n<\/div>\n<div style=\"width: 100%; clear: both; text-align: center;\">\n<p style=\"color: #cc0000;\"><strong>La lista de miembros sigue el orden alfab\u00e9tico por apellido, seg\u00fan el siguiente \u00edndice A-Z<\/strong><\/p>\n<nav>\n<ul style=\"list-style: none; padding: 0; margin: 0 auto; display: inline-flex; flex-wrap: wrap; justify-content: center;\">\n<li style=\"margin: 5px;\"><a href=\"https:\/\/www.cielolaboral.com\/fr\/miembros-indice\/miembros-indice\/\">A<\/a><\/li>\n<li style=\"margin: 5px;\"><a href=\"https:\/\/www.cielolaboral.com\/fr\/miembros-indice\/miembros-b\/\">B<\/a><\/li>\n<li style=\"margin: 5px;\"><a href=\"https:\/\/www.cielolaboral.com\/fr\/miembros-indice\/miembros-c\/\">C<\/a><\/li>\n<li style=\"margin: 5px;\"><a href=\"https:\/\/www.cielolaboral.com\/fr\/miembros-indice\/miembros-d\/\">D<\/a><\/li>\n<li style=\"margin: 5px;\"><a href=\"https:\/\/www.cielolaboral.com\/fr\/miembros-indice\/miembros-e\/\">E<\/a><\/li>\n<li style=\"margin: 5px;\"><a href=\"https:\/\/www.cielolaboral.com\/fr\/miembros-indice\/miembros-f\/\">F<\/a><\/li>\n<li style=\"margin: 5px;\"><a href=\"https:\/\/www.cielolaboral.com\/fr\/miembros-indice\/miembros-g\/\">G<\/a><\/li>\n<li style=\"margin: 5px;\"><a href=\"https:\/\/www.cielolaboral.com\/fr\/miembros-indice\/miembros-h\/\">H<\/a><\/li>\n<li style=\"margin: 5px;\"><a href=\"https:\/\/www.cielolaboral.com\/fr\/miembros-indice\/miembros-i\/\">I<\/a><\/li>\n<li style=\"margin: 5px;\"><a href=\"https:\/\/www.cielolaboral.com\/fr\/miembros-indice\/miembros-j\/\">J<\/a><\/li>\n<li style=\"margin: 5px;\"><a style=\"color: #cc0000; font-weight: bold;\" href=\"https:\/\/www.cielolaboral.com\/fr\/miembros-indice\/miembros-k\/\">K<\/a><\/li>\n<li style=\"margin: 5px;\"><a href=\"https:\/\/www.cielolaboral.com\/fr\/miembros-indice\/miembros-l\/\">L<\/a><\/li>\n<li style=\"margin: 5px;\"><a href=\"https:\/\/www.cielolaboral.com\/fr\/miembros-indice\/miembros-m\/\">M<\/a><\/li>\n<li style=\"margin: 5px;\"><a href=\"https:\/\/www.cielolaboral.com\/fr\/miembros-indice\/miembros-n\/\">N<\/a><\/li>\n<li style=\"margin: 5px;\"><a href=\"https:\/\/www.cielolaboral.com\/fr\/miembros-indice\/miembros-o\/\">O<\/a><\/li>\n<li style=\"margin: 5px;\"><a href=\"https:\/\/www.cielolaboral.com\/fr\/miembros-indice\/miembros-p\/\">P<\/a><\/li>\n<li style=\"margin: 5px;\"><a href=\"https:\/\/www.cielolaboral.com\/fr\/miembros-indice\/miembros-q\/\">Q<\/a><\/li>\n<li style=\"margin: 5px;\"><a href=\"https:\/\/www.cielolaboral.com\/fr\/miembros-indice\/miembros-r\/\">R<\/a><\/li>\n<li style=\"margin: 5px;\"><a href=\"https:\/\/www.cielolaboral.com\/fr\/miembros-indice\/miembros-s\/\">S<\/a><\/li>\n<li style=\"margin: 5px;\"><a href=\"https:\/\/www.cielolaboral.com\/fr\/miembros-indice\/miembros-t\/\">T<\/a><\/li>\n<li style=\"margin: 5px;\"><a href=\"https:\/\/www.cielolaboral.com\/fr\/miembros-indice\/miembros-u\/\">U<\/a><\/li>\n<li style=\"margin: 5px;\"><a href=\"https:\/\/www.cielolaboral.com\/fr\/miembros-indice\/miembros-v\/\">V<\/a><\/li>\n<li style=\"margin: 5px;\"><a href=\"https:\/\/www.cielolaboral.com\/fr\/miembros-indice\/miembros-w\/\">W<\/a><\/li>\n<li style=\"margin: 5px;\"><a href=\"https:\/\/www.cielolaboral.com\/fr\/miembros-indice\/miembros-x\/\">X<\/a><\/li>\n<li style=\"margin: 5px;\"><a href=\"https:\/\/www.cielolaboral.com\/fr\/miembros-indice\/miembros-y\/\">Y<\/a><\/li>\n<li style=\"margin: 5px;\"><a href=\"https:\/\/www.cielolaboral.com\/fr\/miembros-indice\/miembros-z\/\">Z<\/a><\/li>\n<\/ul>\n<\/nav>\n<\/div>","protected":false},"excerpt":{"rendered":"<p>Miembros En esta secci\u00f3n se incluyen los miembros individuales de la Comunidad CIELO Laboral procedentes tanto de los pa\u00edses latinos (europeos y americanos) de la Red como de cualquier otra parte del mundo (siempre que compartan la filosof\u00eda y lenguas<a class=\"more-link\" href=\"https:\/\/www.cielolaboral.com\/fr\/miembros-indice\/miembros-k\/\" title=\"Miembros &#8211; K\"><span>Read more<\/span><\/a><\/p>","protected":false},"author":15,"featured_media":0,"parent":13844,"menu_order":0,"comment_status":"closed","ping_status":"closed","template":"","meta":{"footnotes":""},"class_list":["post-13873","page","type-page","status-publish","hentry"],"yoast_head":"<!-- This site is optimized with the Yoast SEO plugin v27.2 - https:\/\/yoast.com\/product\/yoast-seo-wordpress\/ -->\n<title>Miembros - K - cielolaboral<\/title>\n<meta name=\"robots\" content=\"index, follow, max-snippet:-1, max-image-preview:large, max-video-preview:-1\" \/>\n<link rel=\"canonical\" href=\"https:\/\/www.cielolaboral.com\/fr\/miembros-indice\/miembros-k\/\" \/>\n<meta property=\"og:locale\" content=\"fr_FR\" \/>\n<meta property=\"og:type\" content=\"article\" \/>\n<meta property=\"og:title\" content=\"Miembros - K - cielolaboral\" \/>\n<meta property=\"og:description\" content=\"Miembros En esta secci\u00f3n se incluyen los miembros individuales de la Comunidad CIELO Laboral procedentes tanto de los pa\u00edses latinos (europeos y americanos) de la Red como de cualquier otra parte del mundo (siempre que compartan la filosof\u00eda y lenguasRead more\" \/>\n<meta property=\"og:url\" content=\"https:\/\/www.cielolaboral.com\/fr\/miembros-indice\/miembros-k\/\" \/>\n<meta property=\"og:site_name\" content=\"cielolaboral\" \/>\n<meta property=\"article:publisher\" content=\"https:\/\/www.facebook.com\/CIELO-Comunidad-para-la-Investigacin-y-el-Estudio-Laboral-y-Ocupacional-456411237893494\" \/>\n<meta property=\"article:modified_time\" content=\"2025-12-04T08:17:41+00:00\" \/>\n<meta property=\"og:image\" content=\"https:\/\/www.cielolaboral.com\/wp-content\/uploads\/2025\/11\/foto_kahale_carrillo_djamil_tony.png\" \/>\n<meta name=\"twitter:card\" content=\"summary_large_image\" \/>\n<meta name=\"twitter:site\" content=\"@CIELOlaboral\" \/>\n<meta name=\"twitter:label1\" content=\"Dur\u00e9e de lecture estim\u00e9e\" \/>\n\t<meta name=\"twitter:data1\" content=\"5 minutes\" \/>\n<script type=\"application\/ld+json\" class=\"yoast-schema-graph\">{\"@context\":\"https:\/\/schema.org\",\"@graph\":[{\"@type\":\"WebPage\",\"@id\":\"https:\/\/www.cielolaboral.com\/miembros-indice\/miembros-k\/\",\"url\":\"https:\/\/www.cielolaboral.com\/miembros-indice\/miembros-k\/\",\"name\":\"Miembros - K - cielolaboral\",\"isPartOf\":{\"@id\":\"https:\/\/www.cielolaboral.com\/#website\"},\"primaryImageOfPage\":{\"@id\":\"https:\/\/www.cielolaboral.com\/miembros-indice\/miembros-k\/#primaryimage\"},\"image\":{\"@id\":\"https:\/\/www.cielolaboral.com\/miembros-indice\/miembros-k\/#primaryimage\"},\"thumbnailUrl\":\"https:\/\/www.cielolaboral.com\/wp-content\/uploads\/2025\/11\/foto_kahale_carrillo_djamil_tony.png\",\"datePublished\":\"2025-11-05T12:05:55+00:00\",\"dateModified\":\"2025-12-04T08:17:41+00:00\",\"breadcrumb\":{\"@id\":\"https:\/\/www.cielolaboral.com\/miembros-indice\/miembros-k\/#breadcrumb\"},\"inLanguage\":\"fr-FR\",\"potentialAction\":[{\"@type\":\"ReadAction\",\"target\":[\"https:\/\/www.cielolaboral.com\/miembros-indice\/miembros-k\/\"]}]},{\"@type\":\"ImageObject\",\"inLanguage\":\"fr-FR\",\"@id\":\"https:\/\/www.cielolaboral.com\/miembros-indice\/miembros-k\/#primaryimage\",\"url\":\"https:\/\/www.cielolaboral.com\/wp-content\/uploads\/2025\/11\/foto_kahale_carrillo_djamil_tony.png\",\"contentUrl\":\"https:\/\/www.cielolaboral.com\/wp-content\/uploads\/2025\/11\/foto_kahale_carrillo_djamil_tony.png\"},{\"@type\":\"BreadcrumbList\",\"@id\":\"https:\/\/www.cielolaboral.com\/miembros-indice\/miembros-k\/#breadcrumb\",\"itemListElement\":[{\"@type\":\"ListItem\",\"position\":1,\"name\":\"Home\",\"item\":\"https:\/\/www.cielolaboral.com\/\"},{\"@type\":\"ListItem\",\"position\":2,\"name\":\"Miembros &#8211; A\",\"item\":\"https:\/\/www.cielolaboral.com\/miembros-indice\/\"},{\"@type\":\"ListItem\",\"position\":3,\"name\":\"Miembros &#8211; K\"}]},{\"@type\":\"WebSite\",\"@id\":\"https:\/\/www.cielolaboral.com\/#website\",\"url\":\"https:\/\/www.cielolaboral.com\/\",\"name\":\"cielolaboral\",\"description\":\"\",\"publisher\":{\"@id\":\"https:\/\/www.cielolaboral.com\/#organization\"},\"potentialAction\":[{\"@type\":\"SearchAction\",\"target\":{\"@type\":\"EntryPoint\",\"urlTemplate\":\"https:\/\/www.cielolaboral.com\/?s={search_term_string}\"},\"query-input\":{\"@type\":\"PropertyValueSpecification\",\"valueRequired\":true,\"valueName\":\"search_term_string\"}}],\"inLanguage\":\"fr-FR\"},{\"@type\":\"Organization\",\"@id\":\"https:\/\/www.cielolaboral.com\/#organization\",\"name\":\"cielolaboral\",\"url\":\"https:\/\/www.cielolaboral.com\/\",\"logo\":{\"@type\":\"ImageObject\",\"inLanguage\":\"fr-FR\",\"@id\":\"https:\/\/www.cielolaboral.com\/#\/schema\/logo\/image\/\",\"url\":\"https:\/\/www.cielolaboral.com\/wp-content\/uploads\/2020\/09\/cropped-logo_CIELO_2.png\",\"contentUrl\":\"https:\/\/www.cielolaboral.com\/wp-content\/uploads\/2020\/09\/cropped-logo_CIELO_2.png\",\"width\":512,\"height\":512,\"caption\":\"cielolaboral\"},\"image\":{\"@id\":\"https:\/\/www.cielolaboral.com\/#\/schema\/logo\/image\/\"},\"sameAs\":[\"https:\/\/www.facebook.com\/CIELO-Comunidad-para-la-Investigacin-y-el-Estudio-Laboral-y-Ocupacional-456411237893494\",\"https:\/\/x.com\/CIELOlaboral\"]}]}<\/script>\n<!-- \/ Yoast SEO plugin. -->","yoast_head_json":{"title":"Miembros - K - cielolaboral","robots":{"index":"index","follow":"follow","max-snippet":"max-snippet:-1","max-image-preview":"max-image-preview:large","max-video-preview":"max-video-preview:-1"},"canonical":"https:\/\/www.cielolaboral.com\/fr\/miembros-indice\/miembros-k\/","og_locale":"fr_FR","og_type":"article","og_title":"Miembros - K - cielolaboral","og_description":"Miembros En esta secci\u00f3n se incluyen los miembros individuales de la Comunidad CIELO Laboral procedentes tanto de los pa\u00edses latinos (europeos y americanos) de la Red como de cualquier otra parte del mundo (siempre que compartan la filosof\u00eda y lenguasRead more","og_url":"https:\/\/www.cielolaboral.com\/fr\/miembros-indice\/miembros-k\/","og_site_name":"cielolaboral","article_publisher":"https:\/\/www.facebook.com\/CIELO-Comunidad-para-la-Investigacin-y-el-Estudio-Laboral-y-Ocupacional-456411237893494","article_modified_time":"2025-12-04T08:17:41+00:00","og_image":[{"url":"https:\/\/www.cielolaboral.com\/wp-content\/uploads\/2025\/11\/foto_kahale_carrillo_djamil_tony.png","type":"","width":"","height":""}],"twitter_card":"summary_large_image","twitter_site":"@CIELOlaboral","twitter_misc":{"Dur\u00e9e de lecture estim\u00e9e":"5 minutes"},"schema":{"@context":"https:\/\/schema.org","@graph":[{"@type":"WebPage","@id":"https:\/\/www.cielolaboral.com\/miembros-indice\/miembros-k\/","url":"https:\/\/www.cielolaboral.com\/miembros-indice\/miembros-k\/","name":"Miembros - K - cielolaboral","isPartOf":{"@id":"https:\/\/www.cielolaboral.com\/#website"},"primaryImageOfPage":{"@id":"https:\/\/www.cielolaboral.com\/miembros-indice\/miembros-k\/#primaryimage"},"image":{"@id":"https:\/\/www.cielolaboral.com\/miembros-indice\/miembros-k\/#primaryimage"},"thumbnailUrl":"https:\/\/www.cielolaboral.com\/wp-content\/uploads\/2025\/11\/foto_kahale_carrillo_djamil_tony.png","datePublished":"2025-11-05T12:05:55+00:00","dateModified":"2025-12-04T08:17:41+00:00","breadcrumb":{"@id":"https:\/\/www.cielolaboral.com\/miembros-indice\/miembros-k\/#breadcrumb"},"inLanguage":"fr-FR","potentialAction":[{"@type":"ReadAction","target":["https:\/\/www.cielolaboral.com\/miembros-indice\/miembros-k\/"]}]},{"@type":"ImageObject","inLanguage":"fr-FR","@id":"https:\/\/www.cielolaboral.com\/miembros-indice\/miembros-k\/#primaryimage","url":"https:\/\/www.cielolaboral.com\/wp-content\/uploads\/2025\/11\/foto_kahale_carrillo_djamil_tony.png","contentUrl":"https:\/\/www.cielolaboral.com\/wp-content\/uploads\/2025\/11\/foto_kahale_carrillo_djamil_tony.png"},{"@type":"BreadcrumbList","@id":"https:\/\/www.cielolaboral.com\/miembros-indice\/miembros-k\/#breadcrumb","itemListElement":[{"@type":"ListItem","position":1,"name":"Home","item":"https:\/\/www.cielolaboral.com\/"},{"@type":"ListItem","position":2,"name":"Miembros &#8211; A","item":"https:\/\/www.cielolaboral.com\/miembros-indice\/"},{"@type":"ListItem","position":3,"name":"Miembros &#8211; K"}]},{"@type":"WebSite","@id":"https:\/\/www.cielolaboral.com\/#website","url":"https:\/\/www.cielolaboral.com\/","name":"cielolaboral","description":"","publisher":{"@id":"https:\/\/www.cielolaboral.com\/#organization"},"potentialAction":[{"@type":"SearchAction","target":{"@type":"EntryPoint","urlTemplate":"https:\/\/www.cielolaboral.com\/?s={search_term_string}"},"query-input":{"@type":"PropertyValueSpecification","valueRequired":true,"valueName":"search_term_string"}}],"inLanguage":"fr-FR"},{"@type":"Organization","@id":"https:\/\/www.cielolaboral.com\/#organization","name":"cielolaboral","url":"https:\/\/www.cielolaboral.com\/","logo":{"@type":"ImageObject","inLanguage":"fr-FR","@id":"https:\/\/www.cielolaboral.com\/#\/schema\/logo\/image\/","url":"https:\/\/www.cielolaboral.com\/wp-content\/uploads\/2020\/09\/cropped-logo_CIELO_2.png","contentUrl":"https:\/\/www.cielolaboral.com\/wp-content\/uploads\/2020\/09\/cropped-logo_CIELO_2.png","width":512,"height":512,"caption":"cielolaboral"},"image":{"@id":"https:\/\/www.cielolaboral.com\/#\/schema\/logo\/image\/"},"sameAs":["https:\/\/www.facebook.com\/CIELO-Comunidad-para-la-Investigacin-y-el-Estudio-Laboral-y-Ocupacional-456411237893494","https:\/\/x.com\/CIELOlaboral"]}]}},"_links":{"self":[{"href":"https:\/\/www.cielolaboral.com\/fr\/wp-json\/wp\/v2\/pages\/13873","targetHints":{"allow":["GET"]}}],"collection":[{"href":"https:\/\/www.cielolaboral.com\/fr\/wp-json\/wp\/v2\/pages"}],"about":[{"href":"https:\/\/www.cielolaboral.com\/fr\/wp-json\/wp\/v2\/types\/page"}],"author":[{"embeddable":true,"href":"https:\/\/www.cielolaboral.com\/fr\/wp-json\/wp\/v2\/users\/15"}],"replies":[{"embeddable":true,"href":"https:\/\/www.cielolaboral.com\/fr\/wp-json\/wp\/v2\/comments?post=13873"}],"version-history":[{"count":10,"href":"https:\/\/www.cielolaboral.com\/fr\/wp-json\/wp\/v2\/pages\/13873\/revisions"}],"predecessor-version":[{"id":14257,"href":"https:\/\/www.cielolaboral.com\/fr\/wp-json\/wp\/v2\/pages\/13873\/revisions\/14257"}],"up":[{"embeddable":true,"href":"https:\/\/www.cielolaboral.com\/fr\/wp-json\/wp\/v2\/pages\/13844"}],"wp:attachment":[{"href":"https:\/\/www.cielolaboral.com\/fr\/wp-json\/wp\/v2\/media?parent=13873"}],"curies":[{"name":"wp","href":"https:\/\/api.w.org\/{rel}","templated":true}]}}