{"id":12257,"date":"2022-12-05T08:58:36","date_gmt":"2022-12-05T07:58:36","guid":{"rendered":"https:\/\/www.cielolaboral.com\/?page_id=12257"},"modified":"2023-07-27T17:00:00","modified_gmt":"2023-07-27T15:00:00","slug":"4o-congreso-mundial-cielo-laboral-2023","status":"publish","type":"page","link":"https:\/\/www.cielolaboral.com\/fr\/4o-congreso-mundial-cielo-laboral-2023\/","title":{"rendered":"4e CONGRES MONDIAL DU R\u00c9SEAU CIELO LABORAL 2023"},"content":{"rendered":"<h2 style=\"text-align: center;\"><strong>4e CONGRES MONDIAL DU R\u00c9SEAU CIELO LABORAL 2023<\/strong><\/h2>\n<h2 style=\"text-align: center;\"><strong>\u00a0<\/strong><\/h2>\n<h2 style=\"text-align: center;\"><strong><em>LA PROTECTION DU TRAVAIL FACE AUX CRISES\nECONOMIQUE, DEMOGRAPHIQUE ET CLIMATIQUE <\/em><\/strong><\/h2>\n<h2 style=\"text-align: center;\"><strong><em><p><\/p><\/em><\/strong><\/h2>\n<h2 style=\"text-align: center;\"><strong>20 et 21 juillet 2023<\/strong><\/h2>\n<h2 style=\"text-align: center;\"><strong>\u00a0<\/strong><strong>Facult\u00e9s de droit <\/strong><\/h2>\n<h2 style=\"text-align: center;\"><strong>Universit\u00e9 catholique du Chili <\/strong><\/h2>\n<h2 style=\"text-align: center;\"><strong>Universit\u00e9 de Talca et Universit\u00e9 des Andes <\/strong><\/h2>\n<h2 style=\"text-align: center;\"><strong>Santiago (Chile)*<\/strong><\/h2>\n<p>&nbsp;<\/p>\n<p>*Le Congr\u00e8s se tiendra \u00e0 la Pontificia Universidad Cat\u00f3lica de Chile le 20 et \u00e0 l'Universidad de los Andes le 21<\/p>\n<p>&nbsp;<\/p>\n<p><a href=\"https:\/\/www.cielolaboral.com\/wp-content\/uploads\/2023\/07\/Booklet-Congreso-CIELO-Chile-2023_compressed.pdf\"><strong>BOOKLET 4\u00ba CONGRESO MUNDIAL CIELO LABORAL CHILE<\/strong><\/a><\/p>\n<p>&nbsp;<\/p>\n<p><a href=\"https:\/\/www.cielolaboral.com\/wp-content\/uploads\/2023\/07\/Programa-CONGRESO-CIELO-CHILE_DEF.pdf\"><strong>PROGRAMA DEFINITIVO 4\u00ba CONGRESO MUNDIAL CIELO LABORAL CHILE<\/strong><\/a><\/p>\n<p>&nbsp;<\/p>\n<p><strong><a href=\"https:\/\/www.flickr.com\/photos\/comunidadderechouc\/albums\/72177720310017906\/page2\">Galer\u00eda de fotos<\/a><\/strong><\/p>\n<p>&nbsp;<\/p>\n<h3><a href=\"https:\/\/docs.google.com\/forms\/d\/e\/1FAIpQLSepR_MkDXxIHraE2ZyH3GlxBe0h8fLR5POKl4EHd5lKO6NtsQ\/viewform\"><strong>Formulario de inscripci\u00f3n\u00a0<\/strong><\/a><\/h3>\n<h3><a href=\"https:\/\/www.webpay.cl\/company\/84007\"><strong>Enlace para realizar el pago\u00a0<\/strong><\/a><\/h3>\n<p>**Para cualquier cuesti\u00f3n relacionada con la inscripci\u00f3n o el pago, env\u00eden un correo a: cielolaboral2023@uc.cl**<\/p>\n<p>&nbsp;<\/p>\n<div class=\"page\" title=\"Page 7\">\n<div class=\"section\">\n<div class=\"layoutArea\">\n<div class=\"column\">\n<p>&nbsp;<\/p>\n<\/div>\n<\/div>\n<\/div>\n<\/div>\n<p><strong><a href=\"https:\/\/www.cielolaboral.com\/wp-content\/uploads\/2022\/12\/normas_estilo_congreso_cielo_FR-1.pdf\">NORMES DE STYLE POUR LES TRAVAUX FINAUX<\/a> <a href=\"https:\/\/www.cielolaboral.com\/wp-content\/uploads\/2022\/12\/normas_estilo_congreso_cielo_FR-1.pdf\"><img decoding=\"async\" class=\"alignnone size-full wp-image-374\" src=\"https:\/\/www.cielolaboral.com\/wp-content\/uploads\/2014\/02\/pdf_icon.png\" alt=\"\" width=\"16\" height=\"16\" \/><\/a><\/strong><\/p>\n<p>**El trabajo escrito ha de enviarse a la siguiente direcci\u00f3n de correo electr\u00f3nico: cielolaboral@gmail.com**<\/p>\n<p>&nbsp;<\/p>\n<p>&nbsp;<\/p>\n<p><strong><a href=\"https:\/\/www.cielolaboral.com\/wp-content\/uploads\/2023\/03\/INFORMATIVO-PARTICIPANTES-EXTRANJEROS.pdf\">INFORMACI\u00d3N LOG\u00cdSTICA RELEVANTE SOBRE EL CONGRESO (TRANSPORTE, HOTELES, ETC.)<\/a><a href=\"https:\/\/www.cielolaboral.com\/wp-content\/uploads\/2023\/03\/INFORMATIVO-PARTICIPANTES-EXTRANJEROS.pdf\"><img decoding=\"async\" class=\"alignnone wp-image-11965\" src=\"&lt;p&gt;&lt;\/p&gt;\" alt=\"\" width=\"16\" height=\"16\" srcset=\"\" sizes=\"(max-width: 16px) 100vw, 16px\" data-srcset=\"\" \/><\/a> <\/strong><\/p>\n<p>&nbsp;<\/p>\n<p><a href=\"https:\/\/www.cielolaboral.com\/wp-content\/uploads\/2023\/07\/Entidades-colaboradoras-y-patrocinadoras.pdf\"><strong>ENTIDADES COLABORADORAS Y<\/strong> <strong>PATROCINADORAS<\/strong> <img decoding=\"async\" class=\"alignnone size-full wp-image-11965\" src=\"&lt;p&gt;&lt;\/p&gt;\" alt=\"\" width=\"16\" height=\"16\" srcset=\"\" sizes=\"(max-width: 16px) 100vw, 16px\" data-srcset=\"\" \/><\/a><\/p>\n<p>&nbsp;<\/p>\n<p><a href=\"https:\/\/www.cielolaboral.com\/wp-content\/uploads\/2022\/12\/Appel-a-contributions_4_Congres_Mondial_CIELO_Laboral.pdf\"><strong>APPEL A CONTRIBUTIONS<\/strong><\/a> (d\u00e9lai de soumission ouvert jusqu'au 15 mai 2023) <strong><a href=\"https:\/\/www.cielolaboral.com\/wp-content\/uploads\/2022\/12\/Appel-a-contributions_4_Congres_Mondial_CIELO_Laboral.pdf\"><img decoding=\"async\" class=\"alignnone size-full wp-image-374\" src=\"https:\/\/www.cielolaboral.com\/wp-content\/uploads\/2014\/02\/pdf_icon.png\" alt=\"\" width=\"16\" height=\"16\" \/><\/a><\/strong><\/p>\n<p><a href=\"https:\/\/www.cielolaboral.com\/wp-content\/uploads\/2022\/12\/Callforpapers_4_Congreso_Mundial_CIELO_Laboral_PT.pdf\"><strong><p><\/p><\/strong> <\/a><a href=\"https:\/\/www.cielolaboral.com\/wp-content\/uploads\/2022\/12\/Callforpapers_4_Congreso_Mundial_CIELO_Laboral_PT.pdf\"><img decoding=\"async\" class=\"alignnone size-full wp-image-11965\" src=\"&lt;p&gt;&lt;\/p&gt;\" alt=\"\" width=\"16\" height=\"16\" srcset=\"\" sizes=\"(max-width: 16px) 100vw, 16px\" data-srcset=\"\" \/><\/a><\/p>\n<div class=\"page\" title=\"Page 7\">\n<div class=\"section\">\n<div class=\"layoutArea\">\n<div class=\"column\">\n<p><a href=\"https:\/\/forms.office.com\/e\/wP6GxQiPSQ\" target=\"_blank\" rel=\"noopener\"><strong><span style=\"color: #3366ff;\">Formulaires des propositions de communication individuelle, d\u2019affiche ou de pr\u00e9sentation d\u2019un livre<\/span><\/strong><\/a><\/p>\n<p class=\"translation-block\"><a href=\"https:\/\/forms.office.com\/e\/LceDt5gztY\" target=\"_blank\"><strong><span style=\"color: #3366ff\">Formulaire des propositions de s\u00e9minaire ou symposium<\/span><\/strong><\/a><\/p>\n<\/div>\n<\/div>\n<\/div>\n<\/div>\n<p>&nbsp;<\/p>\n<p><a href=\"https:\/\/www.cielolaboral.com\/wp-content\/uploads\/2023\/01\/Becas-4o-Congreso-Mundial-FR.pdf\"><b>BOURSES D\u2019EXCELLENCE TRAVAILS PR\u00c9SENT\u00c9S PAR JEUNES CHERCHEURS <img decoding=\"async\" class=\"alignnone size-full wp-image-11965\" src=\"&lt;p&gt;&lt;\/p&gt;\" alt=\"\" width=\"16\" height=\"16\" srcset=\"\" sizes=\"(max-width: 16px) 100vw, 16px\" data-srcset=\"\" \/><\/b><\/a><\/p>\n<p><a href=\"https:\/\/www.cielolaboral.com\/wp-content\/uploads\/2023\/05\/Personas-premiadas-4o-Congreso-Chile.pdf\">*Resoluci\u00f3n Becas-Premios a los mejores trabajos presentados por expertos j\u00f3venes*<\/a><\/p>\n<p><strong><a href=\"https:\/\/www.cielolaboral.com\/wp-content\/uploads\/2023\/02\/Becas-4o-Congreso-Mundial-PT.pdf\">BOLSAS DE ESTUDO-PR\u00c9MIOS PARA AS MELHORES COMUNICA\u00c7\u00d5ES APRESENTADAS POR JOVENS ESPECIALISTAS<\/a><\/strong><a href=\"https:\/\/www.cielolaboral.com\/wp-content\/uploads\/2023\/02\/Becas-4o-Congreso-Mundial-PT.pdf\"> <img decoding=\"async\" class=\"alignnone size-full wp-image-11965\" src=\"&lt;p&gt;&lt;\/p&gt;\" alt=\"\" width=\"16\" height=\"16\" srcset=\"\" sizes=\"(max-width: 16px) 100vw, 16px\" data-srcset=\"\" \/><\/a><\/p>\n<p>&nbsp;<\/p>\n<p>&nbsp;<\/p>\n<p><img loading=\"lazy\" decoding=\"async\" class=\"alignnone wp-image-12285 size-large\" src=\"https:\/\/www.cielolaboral.com\/wp-content\/uploads\/2022\/12\/cartel_4_Congreso_Mundial_CIELO_Laboral_FR.png\" alt=\"\" width=\"710\" height=\"1000\" srcset=\"https:\/\/www.cielolaboral.com\/wp-content\/uploads\/2022\/12\/cartel_4_Congreso_Mundial_CIELO_Laboral_FR.png 2489w, https:\/\/www.cielolaboral.com\/wp-content\/uploads\/2022\/12\/cartel_4_Congreso_Mundial_CIELO_Laboral_FR-213x300.png 213w, https:\/\/www.cielolaboral.com\/wp-content\/uploads\/2022\/12\/cartel_4_Congreso_Mundial_CIELO_Laboral_FR-727x1024.png 727w, https:\/\/www.cielolaboral.com\/wp-content\/uploads\/2022\/12\/cartel_4_Congreso_Mundial_CIELO_Laboral_FR-768x1082.png 768w, https:\/\/www.cielolaboral.com\/wp-content\/uploads\/2022\/12\/cartel_4_Congreso_Mundial_CIELO_Laboral_FR-1090x1536.png 1090w, https:\/\/www.cielolaboral.com\/wp-content\/uploads\/2022\/12\/cartel_4_Congreso_Mundial_CIELO_Laboral_FR-1453x2048.png 1453w, https:\/\/www.cielolaboral.com\/wp-content\/uploads\/2022\/12\/cartel_4_Congreso_Mundial_CIELO_Laboral_FR-9x12.png 9w\" sizes=\"(max-width: 710px) 100vw, 710px\" \/><\/p>\n<p><strong><a href=\"https:\/\/www.cielolaboral.com\/wp-content\/uploads\/2022\/12\/cartel_4_Congreso_Mundial_CIELO_Laboral_PT.png\">Cartel en portugu\u00e9s<\/a> <a href=\"https:\/\/www.cielolaboral.com\/wp-content\/uploads\/2022\/12\/cartel_4_Congreso_Mundial_CIELO_Laboral_PT.png\"><img decoding=\"async\" class=\"alignnone size-full wp-image-11965\" src=\"&lt;p&gt;&lt;\/p&gt;\" alt=\"\" width=\"16\" height=\"16\" srcset=\"\" sizes=\"(max-width: 16px) 100vw, 16px\" data-srcset=\"\" \/><\/a><\/strong><\/p>\n<p>&nbsp;<\/p>\n<div id=\"malwarebytes-root\"><\/div>\n<div id=\"malwarebytes-root\"><\/div>\n<div id=\"malwarebytes-root\"><\/div>","protected":false},"excerpt":{"rendered":"<p>4\u00ba CONGRESO MUNDIAL CIELO LABORAL 2023 \u00a0 LA PROTECCI\u00d3N DEL TRABAJO FRENTE A LAS CRISIS ECON\u00d3MICA, DEMOGR\u00c1FICA Y CLIM\u00c1TICA 20 y 21 de julio de 2023 \u00a0Facultades de Derecho Pontificia Universidad Cat\u00f3lica de Chile, Universidad de Talca y Universidad de<a class=\"more-link\" href=\"https:\/\/www.cielolaboral.com\/fr\/4o-congreso-mundial-cielo-laboral-2023\/\" title=\"4e CONGRES MONDIAL DU R\u00c9SEAU CIELO LABORAL 2023\"><span>Read more<\/span><\/a><\/p>","protected":false},"author":16,"featured_media":0,"parent":0,"menu_order":0,"comment_status":"closed","ping_status":"closed","template":"","meta":{"footnotes":""},"class_list":["post-12257","page","type-page","status-publish","hentry"],"yoast_head":"<!-- This site is optimized with the Yoast SEO plugin v27.2 - https:\/\/yoast.com\/product\/yoast-seo-wordpress\/ -->\n<title>4\u00ba CONGRESO MUNDIAL CIELO LABORAL 2023 - cielolaboral<\/title>\n<meta name=\"robots\" content=\"index, follow, max-snippet:-1, max-image-preview:large, max-video-preview:-1\" \/>\n<link rel=\"canonical\" href=\"https:\/\/www.cielolaboral.com\/fr\/4o-congreso-mundial-cielo-laboral-2023\/\" \/>\n<meta property=\"og:locale\" content=\"fr_FR\" \/>\n<meta property=\"og:type\" content=\"article\" \/>\n<meta property=\"og:title\" content=\"4\u00ba CONGRESO MUNDIAL CIELO LABORAL 2023 - cielolaboral\" \/>\n<meta property=\"og:description\" content=\"4\u00ba CONGRESO MUNDIAL CIELO LABORAL 2023 \u00a0 LA PROTECCI\u00d3N DEL TRABAJO FRENTE A LAS CRISIS ECON\u00d3MICA, DEMOGR\u00c1FICA Y CLIM\u00c1TICA 20 y 21 de julio de 2023 \u00a0Facultades de Derecho Pontificia Universidad Cat\u00f3lica de Chile, Universidad de Talca y Universidad deRead more\" \/>\n<meta property=\"og:url\" content=\"https:\/\/www.cielolaboral.com\/fr\/4o-congreso-mundial-cielo-laboral-2023\/\" \/>\n<meta property=\"og:site_name\" content=\"cielolaboral\" \/>\n<meta property=\"article:publisher\" content=\"https:\/\/www.facebook.com\/CIELO-Comunidad-para-la-Investigacin-y-el-Estudio-Laboral-y-Ocupacional-456411237893494\" \/>\n<meta property=\"article:modified_time\" content=\"2023-07-27T15:00:00+00:00\" \/>\n<meta property=\"og:image\" content=\"https:\/\/www.cielolaboral.com\/wp-content\/uploads\/2014\/02\/pdf_icon.png\" \/>\n<meta name=\"twitter:card\" content=\"summary_large_image\" \/>\n<meta name=\"twitter:site\" content=\"@CIELOlaboral\" \/>\n<meta name=\"twitter:label1\" content=\"Dur\u00e9e de lecture estim\u00e9e\" \/>\n\t<meta name=\"twitter:data1\" content=\"3 minutes\" \/>\n<script type=\"application\/ld+json\" class=\"yoast-schema-graph\">{\"@context\":\"https:\/\/schema.org\",\"@graph\":[{\"@type\":\"WebPage\",\"@id\":\"https:\/\/www.cielolaboral.com\/4o-congreso-mundial-cielo-laboral-2023\/\",\"url\":\"https:\/\/www.cielolaboral.com\/4o-congreso-mundial-cielo-laboral-2023\/\",\"name\":\"4\u00ba CONGRESO MUNDIAL CIELO LABORAL 2023 - cielolaboral\",\"isPartOf\":{\"@id\":\"https:\/\/www.cielolaboral.com\/#website\"},\"primaryImageOfPage\":{\"@id\":\"https:\/\/www.cielolaboral.com\/4o-congreso-mundial-cielo-laboral-2023\/#primaryimage\"},\"image\":{\"@id\":\"https:\/\/www.cielolaboral.com\/4o-congreso-mundial-cielo-laboral-2023\/#primaryimage\"},\"thumbnailUrl\":\"https:\/\/www.cielolaboral.com\/wp-content\/uploads\/2014\/02\/pdf_icon.png\",\"datePublished\":\"2022-12-05T07:58:36+00:00\",\"dateModified\":\"2023-07-27T15:00:00+00:00\",\"breadcrumb\":{\"@id\":\"https:\/\/www.cielolaboral.com\/4o-congreso-mundial-cielo-laboral-2023\/#breadcrumb\"},\"inLanguage\":\"fr-FR\",\"potentialAction\":[{\"@type\":\"ReadAction\",\"target\":[\"https:\/\/www.cielolaboral.com\/4o-congreso-mundial-cielo-laboral-2023\/\"]}]},{\"@type\":\"ImageObject\",\"inLanguage\":\"fr-FR\",\"@id\":\"https:\/\/www.cielolaboral.com\/4o-congreso-mundial-cielo-laboral-2023\/#primaryimage\",\"url\":\"https:\/\/www.cielolaboral.com\/wp-content\/uploads\/2014\/02\/pdf_icon.png\",\"contentUrl\":\"https:\/\/www.cielolaboral.com\/wp-content\/uploads\/2014\/02\/pdf_icon.png\"},{\"@type\":\"BreadcrumbList\",\"@id\":\"https:\/\/www.cielolaboral.com\/4o-congreso-mundial-cielo-laboral-2023\/#breadcrumb\",\"itemListElement\":[{\"@type\":\"ListItem\",\"position\":1,\"name\":\"Home\",\"item\":\"https:\/\/www.cielolaboral.com\/\"},{\"@type\":\"ListItem\",\"position\":2,\"name\":\"4\u00ba CONGRESO MUNDIAL CIELO LABORAL 2023\"}]},{\"@type\":\"WebSite\",\"@id\":\"https:\/\/www.cielolaboral.com\/#website\",\"url\":\"https:\/\/www.cielolaboral.com\/\",\"name\":\"cielolaboral\",\"description\":\"\",\"publisher\":{\"@id\":\"https:\/\/www.cielolaboral.com\/#organization\"},\"potentialAction\":[{\"@type\":\"SearchAction\",\"target\":{\"@type\":\"EntryPoint\",\"urlTemplate\":\"https:\/\/www.cielolaboral.com\/?s={search_term_string}\"},\"query-input\":{\"@type\":\"PropertyValueSpecification\",\"valueRequired\":true,\"valueName\":\"search_term_string\"}}],\"inLanguage\":\"fr-FR\"},{\"@type\":\"Organization\",\"@id\":\"https:\/\/www.cielolaboral.com\/#organization\",\"name\":\"cielolaboral\",\"url\":\"https:\/\/www.cielolaboral.com\/\",\"logo\":{\"@type\":\"ImageObject\",\"inLanguage\":\"fr-FR\",\"@id\":\"https:\/\/www.cielolaboral.com\/#\/schema\/logo\/image\/\",\"url\":\"https:\/\/www.cielolaboral.com\/wp-content\/uploads\/2020\/09\/cropped-logo_CIELO_2.png\",\"contentUrl\":\"https:\/\/www.cielolaboral.com\/wp-content\/uploads\/2020\/09\/cropped-logo_CIELO_2.png\",\"width\":512,\"height\":512,\"caption\":\"cielolaboral\"},\"image\":{\"@id\":\"https:\/\/www.cielolaboral.com\/#\/schema\/logo\/image\/\"},\"sameAs\":[\"https:\/\/www.facebook.com\/CIELO-Comunidad-para-la-Investigacin-y-el-Estudio-Laboral-y-Ocupacional-456411237893494\",\"https:\/\/x.com\/CIELOlaboral\"]}]}<\/script>\n<!-- \/ Yoast SEO plugin. -->","yoast_head_json":{"title":"4\u00ba CONGRESO MUNDIAL CIELO LABORAL 2023 - cielolaboral","robots":{"index":"index","follow":"follow","max-snippet":"max-snippet:-1","max-image-preview":"max-image-preview:large","max-video-preview":"max-video-preview:-1"},"canonical":"https:\/\/www.cielolaboral.com\/fr\/4o-congreso-mundial-cielo-laboral-2023\/","og_locale":"fr_FR","og_type":"article","og_title":"4\u00ba CONGRESO MUNDIAL CIELO LABORAL 2023 - cielolaboral","og_description":"4\u00ba CONGRESO MUNDIAL CIELO LABORAL 2023 \u00a0 LA PROTECCI\u00d3N DEL TRABAJO FRENTE A LAS CRISIS ECON\u00d3MICA, DEMOGR\u00c1FICA Y CLIM\u00c1TICA 20 y 21 de julio de 2023 \u00a0Facultades de Derecho Pontificia Universidad Cat\u00f3lica de Chile, Universidad de Talca y Universidad deRead more","og_url":"https:\/\/www.cielolaboral.com\/fr\/4o-congreso-mundial-cielo-laboral-2023\/","og_site_name":"cielolaboral","article_publisher":"https:\/\/www.facebook.com\/CIELO-Comunidad-para-la-Investigacin-y-el-Estudio-Laboral-y-Ocupacional-456411237893494","article_modified_time":"2023-07-27T15:00:00+00:00","og_image":[{"url":"https:\/\/www.cielolaboral.com\/wp-content\/uploads\/2014\/02\/pdf_icon.png","type":"","width":"","height":""}],"twitter_card":"summary_large_image","twitter_site":"@CIELOlaboral","twitter_misc":{"Dur\u00e9e de lecture estim\u00e9e":"3 minutes"},"schema":{"@context":"https:\/\/schema.org","@graph":[{"@type":"WebPage","@id":"https:\/\/www.cielolaboral.com\/4o-congreso-mundial-cielo-laboral-2023\/","url":"https:\/\/www.cielolaboral.com\/4o-congreso-mundial-cielo-laboral-2023\/","name":"4\u00ba CONGRESO MUNDIAL CIELO LABORAL 2023 - cielolaboral","isPartOf":{"@id":"https:\/\/www.cielolaboral.com\/#website"},"primaryImageOfPage":{"@id":"https:\/\/www.cielolaboral.com\/4o-congreso-mundial-cielo-laboral-2023\/#primaryimage"},"image":{"@id":"https:\/\/www.cielolaboral.com\/4o-congreso-mundial-cielo-laboral-2023\/#primaryimage"},"thumbnailUrl":"https:\/\/www.cielolaboral.com\/wp-content\/uploads\/2014\/02\/pdf_icon.png","datePublished":"2022-12-05T07:58:36+00:00","dateModified":"2023-07-27T15:00:00+00:00","breadcrumb":{"@id":"https:\/\/www.cielolaboral.com\/4o-congreso-mundial-cielo-laboral-2023\/#breadcrumb"},"inLanguage":"fr-FR","potentialAction":[{"@type":"ReadAction","target":["https:\/\/www.cielolaboral.com\/4o-congreso-mundial-cielo-laboral-2023\/"]}]},{"@type":"ImageObject","inLanguage":"fr-FR","@id":"https:\/\/www.cielolaboral.com\/4o-congreso-mundial-cielo-laboral-2023\/#primaryimage","url":"https:\/\/www.cielolaboral.com\/wp-content\/uploads\/2014\/02\/pdf_icon.png","contentUrl":"https:\/\/www.cielolaboral.com\/wp-content\/uploads\/2014\/02\/pdf_icon.png"},{"@type":"BreadcrumbList","@id":"https:\/\/www.cielolaboral.com\/4o-congreso-mundial-cielo-laboral-2023\/#breadcrumb","itemListElement":[{"@type":"ListItem","position":1,"name":"Home","item":"https:\/\/www.cielolaboral.com\/"},{"@type":"ListItem","position":2,"name":"4\u00ba CONGRESO MUNDIAL CIELO LABORAL 2023"}]},{"@type":"WebSite","@id":"https:\/\/www.cielolaboral.com\/#website","url":"https:\/\/www.cielolaboral.com\/","name":"cielolaboral","description":"","publisher":{"@id":"https:\/\/www.cielolaboral.com\/#organization"},"potentialAction":[{"@type":"SearchAction","target":{"@type":"EntryPoint","urlTemplate":"https:\/\/www.cielolaboral.com\/?s={search_term_string}"},"query-input":{"@type":"PropertyValueSpecification","valueRequired":true,"valueName":"search_term_string"}}],"inLanguage":"fr-FR"},{"@type":"Organization","@id":"https:\/\/www.cielolaboral.com\/#organization","name":"cielolaboral","url":"https:\/\/www.cielolaboral.com\/","logo":{"@type":"ImageObject","inLanguage":"fr-FR","@id":"https:\/\/www.cielolaboral.com\/#\/schema\/logo\/image\/","url":"https:\/\/www.cielolaboral.com\/wp-content\/uploads\/2020\/09\/cropped-logo_CIELO_2.png","contentUrl":"https:\/\/www.cielolaboral.com\/wp-content\/uploads\/2020\/09\/cropped-logo_CIELO_2.png","width":512,"height":512,"caption":"cielolaboral"},"image":{"@id":"https:\/\/www.cielolaboral.com\/#\/schema\/logo\/image\/"},"sameAs":["https:\/\/www.facebook.com\/CIELO-Comunidad-para-la-Investigacin-y-el-Estudio-Laboral-y-Ocupacional-456411237893494","https:\/\/x.com\/CIELOlaboral"]}]}},"_links":{"self":[{"href":"https:\/\/www.cielolaboral.com\/fr\/wp-json\/wp\/v2\/pages\/12257","targetHints":{"allow":["GET"]}}],"collection":[{"href":"https:\/\/www.cielolaboral.com\/fr\/wp-json\/wp\/v2\/pages"}],"about":[{"href":"https:\/\/www.cielolaboral.com\/fr\/wp-json\/wp\/v2\/types\/page"}],"author":[{"embeddable":true,"href":"https:\/\/www.cielolaboral.com\/fr\/wp-json\/wp\/v2\/users\/16"}],"replies":[{"embeddable":true,"href":"https:\/\/www.cielolaboral.com\/fr\/wp-json\/wp\/v2\/comments?post=12257"}],"version-history":[{"count":84,"href":"https:\/\/www.cielolaboral.com\/fr\/wp-json\/wp\/v2\/pages\/12257\/revisions"}],"predecessor-version":[{"id":12883,"href":"https:\/\/www.cielolaboral.com\/fr\/wp-json\/wp\/v2\/pages\/12257\/revisions\/12883"}],"wp:attachment":[{"href":"https:\/\/www.cielolaboral.com\/fr\/wp-json\/wp\/v2\/media?parent=12257"}],"curies":[{"name":"wp","href":"https:\/\/api.w.org\/{rel}","templated":true}]}}