{"id":11698,"date":"2013-11-25T09:12:36","date_gmt":"2013-11-25T09:12:36","guid":{"rendered":"http:\/\/adapt.it\/boletinespanol\/wp\/?page_id=4"},"modified":"2013-11-25T09:12:36","modified_gmt":"2013-11-25T09:12:36","slug":"mission","status":"publish","type":"page","link":"https:\/\/www.cielolaboral.com\/fr\/mission\/","title":{"rendered":"Mission"},"content":{"rendered":"<h2>Mission<\/h2>\n<p align=\"justify\">Il disallineamento tra domanda ed offerta di lavoro e le difficolt\u00e0 occupazionali dei giovani, anche dei pi\u00f9 qualificati, la perdurante inefficienza e frammentariet\u00e0 del sistema dei servizi per l\u2019impiego, la produttivit\u00e0 stagnante e il basso tasso di innovativit\u00e0 delle imprese, sollecitano azioni di contrasto che presuppongono adeguati investimenti in risorse umane, con la formazione di nuove generazioni di lavoratori che, a tutti i livelli e in tutti i segmenti professionali, siano in grado di comprendere ed affrontare le sfide attuali e tradurre le proprie idee e conoscenze nelle pratiche lavorative quotidiane. Questo contesto sfida le istituzioni educative e, in particolare, le Universit\u00e0, chiamate ad assumersi la responsabilit\u00e0 di progettare percorsi idonei a favorire l\u2019occupabilit\u00e0 dei giovani pi\u00f9 istruiti e a sostenere lo sviluppo dei territori. Nel nostro Paese si iniziano a muovere i primi passi verso un modello gi\u00e0 consolidato all\u2019estero, in cui le istituzioni educative e di ricerca sono radicate nel contesto territoriale e cooperano con il sistema delle imprese per la produzione di conoscenze, innovazione e sviluppo. Il nostro gruppo di ricerca intende contribuire all\u2019evoluzione verso questo modello, studiando le migliori esperienze straniere di ricerca cooperativa e di collegamento tra luoghi della ricerca e luoghi di lavoro, monitorando l\u2019evoluzione in atto nel nostro Paese nel campo della formazione dei ricercatori (dottorati di ricerca, dottorati industriali ed in collaborazione con le imprese, apprendistato di alta formazione e di ricerca) e alimentando il dibattito con i protagonisti e gli studiosi di questo sistema.<\/p>","protected":false},"excerpt":{"rendered":"<p>Mission Il disallineamento tra domanda ed offerta di lavoro e le difficolt\u00e0 occupazionali dei giovani, anche dei pi\u00f9 qualificati, la perdurante inefficienza e frammentariet\u00e0 del sistema dei servizi per l\u2019impiego, la produttivit\u00e0 stagnante e il basso tasso di innovativit\u00e0 delle<a class=\"more-link\" href=\"https:\/\/www.cielolaboral.com\/fr\/mission\/\" title=\"Mission\"><span>Read more<\/span><\/a><\/p>","protected":false},"author":16,"featured_media":0,"parent":0,"menu_order":0,"comment_status":"open","ping_status":"open","template":"","meta":{"footnotes":""},"class_list":["post-11698","page","type-page","status-publish","hentry"],"yoast_head":"<!-- This site is optimized with the Yoast SEO plugin v27.2 - https:\/\/yoast.com\/product\/yoast-seo-wordpress\/ -->\n<title>Mission - cielolaboral<\/title>\n<meta name=\"robots\" content=\"index, follow, max-snippet:-1, max-image-preview:large, max-video-preview:-1\" \/>\n<link rel=\"canonical\" href=\"https:\/\/www.cielolaboral.com\/fr\/mission\/\" \/>\n<meta property=\"og:locale\" content=\"fr_FR\" \/>\n<meta property=\"og:type\" content=\"article\" \/>\n<meta property=\"og:title\" content=\"Mission - cielolaboral\" \/>\n<meta property=\"og:description\" content=\"Mission Il disallineamento tra domanda ed offerta di lavoro e le difficolt\u00e0 occupazionali dei giovani, anche dei pi\u00f9 qualificati, la perdurante inefficienza e frammentariet\u00e0 del sistema dei servizi per l\u2019impiego, la produttivit\u00e0 stagnante e il basso tasso di innovativit\u00e0 delleRead more\" \/>\n<meta property=\"og:url\" content=\"https:\/\/www.cielolaboral.com\/fr\/mission\/\" \/>\n<meta property=\"og:site_name\" content=\"cielolaboral\" \/>\n<meta property=\"article:publisher\" content=\"https:\/\/www.facebook.com\/CIELO-Comunidad-para-la-Investigacin-y-el-Estudio-Laboral-y-Ocupacional-456411237893494\" \/>\n<meta name=\"twitter:card\" content=\"summary_large_image\" \/>\n<meta name=\"twitter:site\" content=\"@CIELOlaboral\" \/>\n<meta name=\"twitter:label1\" content=\"Dur\u00e9e de lecture estim\u00e9e\" \/>\n\t<meta name=\"twitter:data1\" content=\"1 minute\" \/>\n<script type=\"application\/ld+json\" class=\"yoast-schema-graph\">{\"@context\":\"https:\/\/schema.org\",\"@graph\":[{\"@type\":\"WebPage\",\"@id\":\"https:\/\/www.cielolaboral.com\/mission\/\",\"url\":\"https:\/\/www.cielolaboral.com\/mission\/\",\"name\":\"Mission - cielolaboral\",\"isPartOf\":{\"@id\":\"https:\/\/www.cielolaboral.com\/#website\"},\"datePublished\":\"2013-11-25T09:12:36+00:00\",\"breadcrumb\":{\"@id\":\"https:\/\/www.cielolaboral.com\/mission\/#breadcrumb\"},\"inLanguage\":\"fr-FR\",\"potentialAction\":[{\"@type\":\"ReadAction\",\"target\":[\"https:\/\/www.cielolaboral.com\/mission\/\"]}]},{\"@type\":\"BreadcrumbList\",\"@id\":\"https:\/\/www.cielolaboral.com\/mission\/#breadcrumb\",\"itemListElement\":[{\"@type\":\"ListItem\",\"position\":1,\"name\":\"Home\",\"item\":\"https:\/\/www.cielolaboral.com\/\"},{\"@type\":\"ListItem\",\"position\":2,\"name\":\"Mission\"}]},{\"@type\":\"WebSite\",\"@id\":\"https:\/\/www.cielolaboral.com\/#website\",\"url\":\"https:\/\/www.cielolaboral.com\/\",\"name\":\"cielolaboral\",\"description\":\"\",\"publisher\":{\"@id\":\"https:\/\/www.cielolaboral.com\/#organization\"},\"potentialAction\":[{\"@type\":\"SearchAction\",\"target\":{\"@type\":\"EntryPoint\",\"urlTemplate\":\"https:\/\/www.cielolaboral.com\/?s={search_term_string}\"},\"query-input\":{\"@type\":\"PropertyValueSpecification\",\"valueRequired\":true,\"valueName\":\"search_term_string\"}}],\"inLanguage\":\"fr-FR\"},{\"@type\":\"Organization\",\"@id\":\"https:\/\/www.cielolaboral.com\/#organization\",\"name\":\"cielolaboral\",\"url\":\"https:\/\/www.cielolaboral.com\/\",\"logo\":{\"@type\":\"ImageObject\",\"inLanguage\":\"fr-FR\",\"@id\":\"https:\/\/www.cielolaboral.com\/#\/schema\/logo\/image\/\",\"url\":\"https:\/\/www.cielolaboral.com\/wp-content\/uploads\/2020\/09\/cropped-logo_CIELO_2.png\",\"contentUrl\":\"https:\/\/www.cielolaboral.com\/wp-content\/uploads\/2020\/09\/cropped-logo_CIELO_2.png\",\"width\":512,\"height\":512,\"caption\":\"cielolaboral\"},\"image\":{\"@id\":\"https:\/\/www.cielolaboral.com\/#\/schema\/logo\/image\/\"},\"sameAs\":[\"https:\/\/www.facebook.com\/CIELO-Comunidad-para-la-Investigacin-y-el-Estudio-Laboral-y-Ocupacional-456411237893494\",\"https:\/\/x.com\/CIELOlaboral\"]}]}<\/script>\n<!-- \/ Yoast SEO plugin. -->","yoast_head_json":{"title":"Mission - cielolaboral","robots":{"index":"index","follow":"follow","max-snippet":"max-snippet:-1","max-image-preview":"max-image-preview:large","max-video-preview":"max-video-preview:-1"},"canonical":"https:\/\/www.cielolaboral.com\/fr\/mission\/","og_locale":"fr_FR","og_type":"article","og_title":"Mission - cielolaboral","og_description":"Mission Il disallineamento tra domanda ed offerta di lavoro e le difficolt\u00e0 occupazionali dei giovani, anche dei pi\u00f9 qualificati, la perdurante inefficienza e frammentariet\u00e0 del sistema dei servizi per l\u2019impiego, la produttivit\u00e0 stagnante e il basso tasso di innovativit\u00e0 delleRead more","og_url":"https:\/\/www.cielolaboral.com\/fr\/mission\/","og_site_name":"cielolaboral","article_publisher":"https:\/\/www.facebook.com\/CIELO-Comunidad-para-la-Investigacin-y-el-Estudio-Laboral-y-Ocupacional-456411237893494","twitter_card":"summary_large_image","twitter_site":"@CIELOlaboral","twitter_misc":{"Dur\u00e9e de lecture estim\u00e9e":"1 minute"},"schema":{"@context":"https:\/\/schema.org","@graph":[{"@type":"WebPage","@id":"https:\/\/www.cielolaboral.com\/mission\/","url":"https:\/\/www.cielolaboral.com\/mission\/","name":"Mission - cielolaboral","isPartOf":{"@id":"https:\/\/www.cielolaboral.com\/#website"},"datePublished":"2013-11-25T09:12:36+00:00","breadcrumb":{"@id":"https:\/\/www.cielolaboral.com\/mission\/#breadcrumb"},"inLanguage":"fr-FR","potentialAction":[{"@type":"ReadAction","target":["https:\/\/www.cielolaboral.com\/mission\/"]}]},{"@type":"BreadcrumbList","@id":"https:\/\/www.cielolaboral.com\/mission\/#breadcrumb","itemListElement":[{"@type":"ListItem","position":1,"name":"Home","item":"https:\/\/www.cielolaboral.com\/"},{"@type":"ListItem","position":2,"name":"Mission"}]},{"@type":"WebSite","@id":"https:\/\/www.cielolaboral.com\/#website","url":"https:\/\/www.cielolaboral.com\/","name":"cielolaboral","description":"","publisher":{"@id":"https:\/\/www.cielolaboral.com\/#organization"},"potentialAction":[{"@type":"SearchAction","target":{"@type":"EntryPoint","urlTemplate":"https:\/\/www.cielolaboral.com\/?s={search_term_string}"},"query-input":{"@type":"PropertyValueSpecification","valueRequired":true,"valueName":"search_term_string"}}],"inLanguage":"fr-FR"},{"@type":"Organization","@id":"https:\/\/www.cielolaboral.com\/#organization","name":"cielolaboral","url":"https:\/\/www.cielolaboral.com\/","logo":{"@type":"ImageObject","inLanguage":"fr-FR","@id":"https:\/\/www.cielolaboral.com\/#\/schema\/logo\/image\/","url":"https:\/\/www.cielolaboral.com\/wp-content\/uploads\/2020\/09\/cropped-logo_CIELO_2.png","contentUrl":"https:\/\/www.cielolaboral.com\/wp-content\/uploads\/2020\/09\/cropped-logo_CIELO_2.png","width":512,"height":512,"caption":"cielolaboral"},"image":{"@id":"https:\/\/www.cielolaboral.com\/#\/schema\/logo\/image\/"},"sameAs":["https:\/\/www.facebook.com\/CIELO-Comunidad-para-la-Investigacin-y-el-Estudio-Laboral-y-Ocupacional-456411237893494","https:\/\/x.com\/CIELOlaboral"]}]}},"_links":{"self":[{"href":"https:\/\/www.cielolaboral.com\/fr\/wp-json\/wp\/v2\/pages\/11698","targetHints":{"allow":["GET"]}}],"collection":[{"href":"https:\/\/www.cielolaboral.com\/fr\/wp-json\/wp\/v2\/pages"}],"about":[{"href":"https:\/\/www.cielolaboral.com\/fr\/wp-json\/wp\/v2\/types\/page"}],"author":[{"embeddable":true,"href":"https:\/\/www.cielolaboral.com\/fr\/wp-json\/wp\/v2\/users\/16"}],"replies":[{"embeddable":true,"href":"https:\/\/www.cielolaboral.com\/fr\/wp-json\/wp\/v2\/comments?post=11698"}],"version-history":[{"count":0,"href":"https:\/\/www.cielolaboral.com\/fr\/wp-json\/wp\/v2\/pages\/11698\/revisions"}],"wp:attachment":[{"href":"https:\/\/www.cielolaboral.com\/fr\/wp-json\/wp\/v2\/media?parent=11698"}],"curies":[{"name":"wp","href":"https:\/\/api.w.org\/{rel}","templated":true}]}}