{"id":11083,"date":"2021-05-10T09:17:36","date_gmt":"2021-05-10T09:17:36","guid":{"rendered":"http:\/\/www.cielolaboral.com\/?page_id=11083"},"modified":"2021-05-10T09:17:36","modified_gmt":"2021-05-10T09:17:36","slug":"limpact-des-normes-de-loit-sur-la-scene-internationale","status":"publish","type":"page","link":"https:\/\/www.cielolaboral.com\/fr\/limpact-des-normes-de-loit-sur-la-scene-internationale\/","title":{"rendered":"L\u2019impact des normes de l\u2019OIT sur la sc\u00e8ne internationale"},"content":{"rendered":"<h2 style=\"text-align: center;\"><strong>L\u2019impact des normes de l\u2019O.I.T. sur la sc\u00e8ne internationale<\/strong><\/h2>\n<p>&nbsp;<\/p>\n<h4 style=\"text-align: center;\">\u00c9ditions Mare &amp; Martin, 2021<\/h4>\n<p>&nbsp;<\/p>\n<p><a href=\"https:\/\/cielolaboral.com\/wp-content\/uploads\/2021\/05\/impact_normes_OIT_2.jpg\"><img fetchpriority=\"high\" decoding=\"async\" class=\"alignnone wp-image-11087 size-full\" src=\"https:\/\/cielolaboral.com\/wp-content\/uploads\/2021\/05\/impact_normes_OIT_2.jpg\" alt=\"\" width=\"647\" height=\"963\" srcset=\"https:\/\/www.cielolaboral.com\/wp-content\/uploads\/2021\/05\/impact_normes_OIT_2.jpg 647w, https:\/\/www.cielolaboral.com\/wp-content\/uploads\/2021\/05\/impact_normes_OIT_2-202x300.jpg 202w\" sizes=\"(max-width: 647px) 100vw, 647px\" \/><\/a><\/p>\n<p>&nbsp;<\/p>\n<p>&nbsp;<\/p>\n<p><strong>\u00cdndice<\/strong><\/p>\n<p class=\"gde-text\"><a href=\"https:\/\/cielolaboral.com\/wp-content\/uploads\/2021\/05\/OIT-flyer-FR.pdf\" class=\"gde-link\">Download (PDF, 1.19MB)<\/a><\/p>\n<iframe src=\"\/\/docs.google.com\/viewer?url=https%3A%2F%2Fcielolaboral.com%2Fwp-content%2Fuploads%2F2021%2F05%2FOIT-flyer-FR.pdf&hl=en_US&embedded=true\" class=\"gde-frame\" style=\"width:100%; height:500px; border: none;\" scrolling=\"no\"><\/iframe>","protected":false},"excerpt":{"rendered":"<p>L\u2019impact des normes de l\u2019O.I.T. sur la sc\u00e8ne internationale &nbsp; \u00c9ditions Mare &amp; Martin, 2021 &nbsp; &nbsp; &nbsp; \u00cdndice<\/p>","protected":false},"author":16,"featured_media":0,"parent":0,"menu_order":0,"comment_status":"closed","ping_status":"closed","template":"","meta":{"footnotes":""},"class_list":["post-11083","page","type-page","status-publish","hentry"],"yoast_head":"<!-- This site is optimized with the Yoast SEO plugin v27.2 - https:\/\/yoast.com\/product\/yoast-seo-wordpress\/ -->\n<title>L\u2019impact des normes de l\u2019OIT sur la sc\u00e8ne internationale - cielolaboral<\/title>\n<meta name=\"robots\" content=\"index, follow, max-snippet:-1, max-image-preview:large, max-video-preview:-1\" \/>\n<link rel=\"canonical\" href=\"https:\/\/www.cielolaboral.com\/fr\/limpact-des-normes-de-loit-sur-la-scene-internationale\/\" \/>\n<meta property=\"og:locale\" content=\"fr_FR\" \/>\n<meta property=\"og:type\" content=\"article\" \/>\n<meta property=\"og:title\" content=\"L\u2019impact des normes de l\u2019OIT sur la sc\u00e8ne internationale - cielolaboral\" \/>\n<meta property=\"og:description\" content=\"L\u2019impact des normes de l\u2019O.I.T. sur la sc\u00e8ne internationale &nbsp; \u00c9ditions Mare &amp; Martin, 2021 &nbsp; &nbsp; &nbsp; \u00cdndice\" \/>\n<meta property=\"og:url\" content=\"https:\/\/www.cielolaboral.com\/fr\/limpact-des-normes-de-loit-sur-la-scene-internationale\/\" \/>\n<meta property=\"og:site_name\" content=\"cielolaboral\" \/>\n<meta property=\"article:publisher\" content=\"https:\/\/www.facebook.com\/CIELO-Comunidad-para-la-Investigacin-y-el-Estudio-Laboral-y-Ocupacional-456411237893494\" \/>\n<meta property=\"og:image\" content=\"https:\/\/cielolaboral.com\/wp-content\/uploads\/2021\/05\/impact_normes_OIT_2.jpg\" \/>\n<meta name=\"twitter:card\" content=\"summary_large_image\" \/>\n<meta name=\"twitter:site\" content=\"@CIELOlaboral\" \/>\n<script type=\"application\/ld+json\" class=\"yoast-schema-graph\">{\"@context\":\"https:\/\/schema.org\",\"@graph\":[{\"@type\":\"WebPage\",\"@id\":\"https:\/\/www.cielolaboral.com\/limpact-des-normes-de-loit-sur-la-scene-internationale\/\",\"url\":\"https:\/\/www.cielolaboral.com\/limpact-des-normes-de-loit-sur-la-scene-internationale\/\",\"name\":\"L\u2019impact des normes de l\u2019OIT sur la sc\u00e8ne internationale - cielolaboral\",\"isPartOf\":{\"@id\":\"https:\/\/www.cielolaboral.com\/#website\"},\"primaryImageOfPage\":{\"@id\":\"https:\/\/www.cielolaboral.com\/limpact-des-normes-de-loit-sur-la-scene-internationale\/#primaryimage\"},\"image\":{\"@id\":\"https:\/\/www.cielolaboral.com\/limpact-des-normes-de-loit-sur-la-scene-internationale\/#primaryimage\"},\"thumbnailUrl\":\"https:\/\/cielolaboral.com\/wp-content\/uploads\/2021\/05\/impact_normes_OIT_2.jpg\",\"datePublished\":\"2021-05-10T09:17:36+00:00\",\"breadcrumb\":{\"@id\":\"https:\/\/www.cielolaboral.com\/limpact-des-normes-de-loit-sur-la-scene-internationale\/#breadcrumb\"},\"inLanguage\":\"fr-FR\",\"potentialAction\":[{\"@type\":\"ReadAction\",\"target\":[\"https:\/\/www.cielolaboral.com\/limpact-des-normes-de-loit-sur-la-scene-internationale\/\"]}]},{\"@type\":\"ImageObject\",\"inLanguage\":\"fr-FR\",\"@id\":\"https:\/\/www.cielolaboral.com\/limpact-des-normes-de-loit-sur-la-scene-internationale\/#primaryimage\",\"url\":\"https:\/\/cielolaboral.com\/wp-content\/uploads\/2021\/05\/impact_normes_OIT_2.jpg\",\"contentUrl\":\"https:\/\/cielolaboral.com\/wp-content\/uploads\/2021\/05\/impact_normes_OIT_2.jpg\"},{\"@type\":\"BreadcrumbList\",\"@id\":\"https:\/\/www.cielolaboral.com\/limpact-des-normes-de-loit-sur-la-scene-internationale\/#breadcrumb\",\"itemListElement\":[{\"@type\":\"ListItem\",\"position\":1,\"name\":\"Home\",\"item\":\"https:\/\/www.cielolaboral.com\/\"},{\"@type\":\"ListItem\",\"position\":2,\"name\":\"L\u2019impact des normes de l\u2019OIT sur la sc\u00e8ne internationale\"}]},{\"@type\":\"WebSite\",\"@id\":\"https:\/\/www.cielolaboral.com\/#website\",\"url\":\"https:\/\/www.cielolaboral.com\/\",\"name\":\"cielolaboral\",\"description\":\"\",\"publisher\":{\"@id\":\"https:\/\/www.cielolaboral.com\/#organization\"},\"potentialAction\":[{\"@type\":\"SearchAction\",\"target\":{\"@type\":\"EntryPoint\",\"urlTemplate\":\"https:\/\/www.cielolaboral.com\/?s={search_term_string}\"},\"query-input\":{\"@type\":\"PropertyValueSpecification\",\"valueRequired\":true,\"valueName\":\"search_term_string\"}}],\"inLanguage\":\"fr-FR\"},{\"@type\":\"Organization\",\"@id\":\"https:\/\/www.cielolaboral.com\/#organization\",\"name\":\"cielolaboral\",\"url\":\"https:\/\/www.cielolaboral.com\/\",\"logo\":{\"@type\":\"ImageObject\",\"inLanguage\":\"fr-FR\",\"@id\":\"https:\/\/www.cielolaboral.com\/#\/schema\/logo\/image\/\",\"url\":\"https:\/\/www.cielolaboral.com\/wp-content\/uploads\/2020\/09\/cropped-logo_CIELO_2.png\",\"contentUrl\":\"https:\/\/www.cielolaboral.com\/wp-content\/uploads\/2020\/09\/cropped-logo_CIELO_2.png\",\"width\":512,\"height\":512,\"caption\":\"cielolaboral\"},\"image\":{\"@id\":\"https:\/\/www.cielolaboral.com\/#\/schema\/logo\/image\/\"},\"sameAs\":[\"https:\/\/www.facebook.com\/CIELO-Comunidad-para-la-Investigacin-y-el-Estudio-Laboral-y-Ocupacional-456411237893494\",\"https:\/\/x.com\/CIELOlaboral\"]}]}<\/script>\n<!-- \/ Yoast SEO plugin. -->","yoast_head_json":{"title":"L\u2019impact des normes de l\u2019OIT sur la sc\u00e8ne internationale - cielolaboral","robots":{"index":"index","follow":"follow","max-snippet":"max-snippet:-1","max-image-preview":"max-image-preview:large","max-video-preview":"max-video-preview:-1"},"canonical":"https:\/\/www.cielolaboral.com\/fr\/limpact-des-normes-de-loit-sur-la-scene-internationale\/","og_locale":"fr_FR","og_type":"article","og_title":"L\u2019impact des normes de l\u2019OIT sur la sc\u00e8ne internationale - cielolaboral","og_description":"L\u2019impact des normes de l\u2019O.I.T. sur la sc\u00e8ne internationale &nbsp; \u00c9ditions Mare &amp; Martin, 2021 &nbsp; &nbsp; &nbsp; \u00cdndice","og_url":"https:\/\/www.cielolaboral.com\/fr\/limpact-des-normes-de-loit-sur-la-scene-internationale\/","og_site_name":"cielolaboral","article_publisher":"https:\/\/www.facebook.com\/CIELO-Comunidad-para-la-Investigacin-y-el-Estudio-Laboral-y-Ocupacional-456411237893494","og_image":[{"url":"https:\/\/cielolaboral.com\/wp-content\/uploads\/2021\/05\/impact_normes_OIT_2.jpg","type":"","width":"","height":""}],"twitter_card":"summary_large_image","twitter_site":"@CIELOlaboral","schema":{"@context":"https:\/\/schema.org","@graph":[{"@type":"WebPage","@id":"https:\/\/www.cielolaboral.com\/limpact-des-normes-de-loit-sur-la-scene-internationale\/","url":"https:\/\/www.cielolaboral.com\/limpact-des-normes-de-loit-sur-la-scene-internationale\/","name":"L\u2019impact des normes de l\u2019OIT sur la sc\u00e8ne internationale - cielolaboral","isPartOf":{"@id":"https:\/\/www.cielolaboral.com\/#website"},"primaryImageOfPage":{"@id":"https:\/\/www.cielolaboral.com\/limpact-des-normes-de-loit-sur-la-scene-internationale\/#primaryimage"},"image":{"@id":"https:\/\/www.cielolaboral.com\/limpact-des-normes-de-loit-sur-la-scene-internationale\/#primaryimage"},"thumbnailUrl":"https:\/\/cielolaboral.com\/wp-content\/uploads\/2021\/05\/impact_normes_OIT_2.jpg","datePublished":"2021-05-10T09:17:36+00:00","breadcrumb":{"@id":"https:\/\/www.cielolaboral.com\/limpact-des-normes-de-loit-sur-la-scene-internationale\/#breadcrumb"},"inLanguage":"fr-FR","potentialAction":[{"@type":"ReadAction","target":["https:\/\/www.cielolaboral.com\/limpact-des-normes-de-loit-sur-la-scene-internationale\/"]}]},{"@type":"ImageObject","inLanguage":"fr-FR","@id":"https:\/\/www.cielolaboral.com\/limpact-des-normes-de-loit-sur-la-scene-internationale\/#primaryimage","url":"https:\/\/cielolaboral.com\/wp-content\/uploads\/2021\/05\/impact_normes_OIT_2.jpg","contentUrl":"https:\/\/cielolaboral.com\/wp-content\/uploads\/2021\/05\/impact_normes_OIT_2.jpg"},{"@type":"BreadcrumbList","@id":"https:\/\/www.cielolaboral.com\/limpact-des-normes-de-loit-sur-la-scene-internationale\/#breadcrumb","itemListElement":[{"@type":"ListItem","position":1,"name":"Home","item":"https:\/\/www.cielolaboral.com\/"},{"@type":"ListItem","position":2,"name":"L\u2019impact des normes de l\u2019OIT sur la sc\u00e8ne internationale"}]},{"@type":"WebSite","@id":"https:\/\/www.cielolaboral.com\/#website","url":"https:\/\/www.cielolaboral.com\/","name":"cielolaboral","description":"","publisher":{"@id":"https:\/\/www.cielolaboral.com\/#organization"},"potentialAction":[{"@type":"SearchAction","target":{"@type":"EntryPoint","urlTemplate":"https:\/\/www.cielolaboral.com\/?s={search_term_string}"},"query-input":{"@type":"PropertyValueSpecification","valueRequired":true,"valueName":"search_term_string"}}],"inLanguage":"fr-FR"},{"@type":"Organization","@id":"https:\/\/www.cielolaboral.com\/#organization","name":"cielolaboral","url":"https:\/\/www.cielolaboral.com\/","logo":{"@type":"ImageObject","inLanguage":"fr-FR","@id":"https:\/\/www.cielolaboral.com\/#\/schema\/logo\/image\/","url":"https:\/\/www.cielolaboral.com\/wp-content\/uploads\/2020\/09\/cropped-logo_CIELO_2.png","contentUrl":"https:\/\/www.cielolaboral.com\/wp-content\/uploads\/2020\/09\/cropped-logo_CIELO_2.png","width":512,"height":512,"caption":"cielolaboral"},"image":{"@id":"https:\/\/www.cielolaboral.com\/#\/schema\/logo\/image\/"},"sameAs":["https:\/\/www.facebook.com\/CIELO-Comunidad-para-la-Investigacin-y-el-Estudio-Laboral-y-Ocupacional-456411237893494","https:\/\/x.com\/CIELOlaboral"]}]}},"_links":{"self":[{"href":"https:\/\/www.cielolaboral.com\/fr\/wp-json\/wp\/v2\/pages\/11083","targetHints":{"allow":["GET"]}}],"collection":[{"href":"https:\/\/www.cielolaboral.com\/fr\/wp-json\/wp\/v2\/pages"}],"about":[{"href":"https:\/\/www.cielolaboral.com\/fr\/wp-json\/wp\/v2\/types\/page"}],"author":[{"embeddable":true,"href":"https:\/\/www.cielolaboral.com\/fr\/wp-json\/wp\/v2\/users\/16"}],"replies":[{"embeddable":true,"href":"https:\/\/www.cielolaboral.com\/fr\/wp-json\/wp\/v2\/comments?post=11083"}],"version-history":[{"count":0,"href":"https:\/\/www.cielolaboral.com\/fr\/wp-json\/wp\/v2\/pages\/11083\/revisions"}],"wp:attachment":[{"href":"https:\/\/www.cielolaboral.com\/fr\/wp-json\/wp\/v2\/media?parent=11083"}],"curies":[{"name":"wp","href":"https:\/\/api.w.org\/{rel}","templated":true}]}}