{"id":11053,"date":"2021-04-26T10:02:12","date_gmt":"2021-04-26T10:02:12","guid":{"rendered":"http:\/\/www.cielolaboral.com\/?page_id=11053"},"modified":"2021-04-26T10:02:12","modified_gmt":"2021-04-26T10:02:12","slug":"publicacion-3o-congreso-mundial-cielo-laboral-aranzadi","status":"publish","type":"page","link":"https:\/\/www.cielolaboral.com\/fr\/publicacion-3o-congreso-mundial-cielo-laboral-aranzadi\/","title":{"rendered":"PUBLICACI\u00d3N 3\u00ba CONGRESO MUNDIAL CIELO LABORAL &#8211; ARANZADI"},"content":{"rendered":"<h2 style=\"text-align: center;\"><strong>GLOBALIZACI\u00d3N Y DIGITALIZACI\u00d3N DEL MERCADO DE TRABAJO: PROPUESTAS PARA UN EMPLEO SOSTENIBLE Y DECENTE<\/strong><\/h2>\n<h4 style=\"text-align: center;\">Thomson Reuters Aranzadi, 2021<\/h4>\n<p><a href=\"https:\/\/cielolaboral.com\/wp-content\/uploads\/2021\/04\/portada_Aranzadi_2021.jpg\"><img fetchpriority=\"high\" decoding=\"async\" class=\"alignnone wp-image-11059 size-large\" src=\"https:\/\/cielolaboral.com\/wp-content\/uploads\/2021\/04\/portada_Aranzadi_2021-728x1024.jpg\" alt=\"\" width=\"660\" height=\"928\" srcset=\"https:\/\/www.cielolaboral.com\/wp-content\/uploads\/2021\/04\/portada_Aranzadi_2021-728x1024.jpg 728w, https:\/\/www.cielolaboral.com\/wp-content\/uploads\/2021\/04\/portada_Aranzadi_2021-213x300.jpg 213w, https:\/\/www.cielolaboral.com\/wp-content\/uploads\/2021\/04\/portada_Aranzadi_2021-768x1080.jpg 768w, https:\/\/www.cielolaboral.com\/wp-content\/uploads\/2021\/04\/portada_Aranzadi_2021-1092x1536.jpg 1092w, https:\/\/www.cielolaboral.com\/wp-content\/uploads\/2021\/04\/portada_Aranzadi_2021.jpg 1341w\" sizes=\"(max-width: 660px) 100vw, 660px\" \/><\/a><\/p>\n<p>&nbsp;<\/p>\n<p><strong>\u00cdndice<\/strong><\/p>\n<p class=\"gde-text\"><a href=\"https:\/\/cielolaboral.com\/wp-content\/uploads\/2021\/04\/Portada-e-indice-Aranzadi-2021.pdf\" class=\"gde-link\">Download (PDF, 10.92MB)<\/a><\/p>\n<iframe src=\"\/\/docs.google.com\/viewer?url=https%3A%2F%2Fcielolaboral.com%2Fwp-content%2Fuploads%2F2021%2F04%2FPortada-e-indice-Aranzadi-2021.pdf&hl=en_US&embedded=true\" class=\"gde-frame\" style=\"width:100%; height:500px; border: none;\" scrolling=\"no\"><\/iframe>\n<p>&nbsp;<\/p>","protected":false},"excerpt":{"rendered":"<p>GLOBALIZACI\u00d3N Y DIGITALIZACI\u00d3N DEL MERCADO DE TRABAJO: PROPUESTAS PARA UN EMPLEO SOSTENIBLE Y DECENTE Thomson Reuters Aranzadi, 2021 &nbsp; \u00cdndice &nbsp;<\/p>","protected":false},"author":16,"featured_media":0,"parent":0,"menu_order":0,"comment_status":"closed","ping_status":"closed","template":"","meta":{"footnotes":""},"class_list":["post-11053","page","type-page","status-publish","hentry"],"yoast_head":"<!-- This site is optimized with the Yoast SEO plugin v27.2 - https:\/\/yoast.com\/product\/yoast-seo-wordpress\/ -->\n<title>PUBLICACI\u00d3N 3\u00ba CONGRESO MUNDIAL CIELO LABORAL - ARANZADI - cielolaboral<\/title>\n<meta name=\"robots\" content=\"index, follow, max-snippet:-1, max-image-preview:large, max-video-preview:-1\" \/>\n<link rel=\"canonical\" href=\"https:\/\/www.cielolaboral.com\/fr\/publicacion-3o-congreso-mundial-cielo-laboral-aranzadi\/\" \/>\n<meta property=\"og:locale\" content=\"fr_FR\" \/>\n<meta property=\"og:type\" content=\"article\" \/>\n<meta property=\"og:title\" content=\"PUBLICACI\u00d3N 3\u00ba CONGRESO MUNDIAL CIELO LABORAL - ARANZADI - cielolaboral\" \/>\n<meta property=\"og:description\" content=\"GLOBALIZACI\u00d3N Y DIGITALIZACI\u00d3N DEL MERCADO DE TRABAJO: PROPUESTAS PARA UN EMPLEO SOSTENIBLE Y DECENTE Thomson Reuters Aranzadi, 2021 &nbsp; \u00cdndice &nbsp;\" \/>\n<meta property=\"og:url\" content=\"https:\/\/www.cielolaboral.com\/fr\/publicacion-3o-congreso-mundial-cielo-laboral-aranzadi\/\" \/>\n<meta property=\"og:site_name\" content=\"cielolaboral\" \/>\n<meta property=\"article:publisher\" content=\"https:\/\/www.facebook.com\/CIELO-Comunidad-para-la-Investigacin-y-el-Estudio-Laboral-y-Ocupacional-456411237893494\" \/>\n<meta property=\"og:image\" content=\"https:\/\/cielolaboral.com\/wp-content\/uploads\/2021\/04\/portada_Aranzadi_2021-728x1024.jpg\" \/>\n<meta name=\"twitter:card\" content=\"summary_large_image\" \/>\n<meta name=\"twitter:site\" content=\"@CIELOlaboral\" \/>\n<script type=\"application\/ld+json\" class=\"yoast-schema-graph\">{\"@context\":\"https:\/\/schema.org\",\"@graph\":[{\"@type\":\"WebPage\",\"@id\":\"https:\/\/www.cielolaboral.com\/fr\/publicacion-3o-congreso-mundial-cielo-laboral-aranzadi\/\",\"url\":\"https:\/\/www.cielolaboral.com\/fr\/publicacion-3o-congreso-mundial-cielo-laboral-aranzadi\/\",\"name\":\"PUBLICACI\u00d3N 3\u00ba CONGRESO MUNDIAL CIELO LABORAL - ARANZADI - cielolaboral\",\"isPartOf\":{\"@id\":\"https:\/\/www.cielolaboral.com\/#website\"},\"primaryImageOfPage\":{\"@id\":\"https:\/\/www.cielolaboral.com\/fr\/publicacion-3o-congreso-mundial-cielo-laboral-aranzadi\/#primaryimage\"},\"image\":{\"@id\":\"https:\/\/www.cielolaboral.com\/fr\/publicacion-3o-congreso-mundial-cielo-laboral-aranzadi\/#primaryimage\"},\"thumbnailUrl\":\"https:\/\/cielolaboral.com\/wp-content\/uploads\/2021\/04\/portada_Aranzadi_2021-728x1024.jpg\",\"datePublished\":\"2021-04-26T10:02:12+00:00\",\"breadcrumb\":{\"@id\":\"https:\/\/www.cielolaboral.com\/fr\/publicacion-3o-congreso-mundial-cielo-laboral-aranzadi\/#breadcrumb\"},\"inLanguage\":\"fr-FR\",\"potentialAction\":[{\"@type\":\"ReadAction\",\"target\":[\"https:\/\/www.cielolaboral.com\/fr\/publicacion-3o-congreso-mundial-cielo-laboral-aranzadi\/\"]}]},{\"@type\":\"ImageObject\",\"inLanguage\":\"fr-FR\",\"@id\":\"https:\/\/www.cielolaboral.com\/fr\/publicacion-3o-congreso-mundial-cielo-laboral-aranzadi\/#primaryimage\",\"url\":\"https:\/\/cielolaboral.com\/wp-content\/uploads\/2021\/04\/portada_Aranzadi_2021-728x1024.jpg\",\"contentUrl\":\"https:\/\/cielolaboral.com\/wp-content\/uploads\/2021\/04\/portada_Aranzadi_2021-728x1024.jpg\"},{\"@type\":\"BreadcrumbList\",\"@id\":\"https:\/\/www.cielolaboral.com\/fr\/publicacion-3o-congreso-mundial-cielo-laboral-aranzadi\/#breadcrumb\",\"itemListElement\":[{\"@type\":\"ListItem\",\"position\":1,\"name\":\"Home\",\"item\":\"https:\/\/www.cielolaboral.com\/\"},{\"@type\":\"ListItem\",\"position\":2,\"name\":\"PUBLICACI\u00d3N 3\u00ba CONGRESO MUNDIAL CIELO LABORAL &#8211; ARANZADI\"}]},{\"@type\":\"WebSite\",\"@id\":\"https:\/\/www.cielolaboral.com\/#website\",\"url\":\"https:\/\/www.cielolaboral.com\/\",\"name\":\"cielolaboral\",\"description\":\"\",\"publisher\":{\"@id\":\"https:\/\/www.cielolaboral.com\/#organization\"},\"potentialAction\":[{\"@type\":\"SearchAction\",\"target\":{\"@type\":\"EntryPoint\",\"urlTemplate\":\"https:\/\/www.cielolaboral.com\/?s={search_term_string}\"},\"query-input\":{\"@type\":\"PropertyValueSpecification\",\"valueRequired\":true,\"valueName\":\"search_term_string\"}}],\"inLanguage\":\"fr-FR\"},{\"@type\":\"Organization\",\"@id\":\"https:\/\/www.cielolaboral.com\/#organization\",\"name\":\"cielolaboral\",\"url\":\"https:\/\/www.cielolaboral.com\/\",\"logo\":{\"@type\":\"ImageObject\",\"inLanguage\":\"fr-FR\",\"@id\":\"https:\/\/www.cielolaboral.com\/#\/schema\/logo\/image\/\",\"url\":\"https:\/\/www.cielolaboral.com\/wp-content\/uploads\/2020\/09\/cropped-logo_CIELO_2.png\",\"contentUrl\":\"https:\/\/www.cielolaboral.com\/wp-content\/uploads\/2020\/09\/cropped-logo_CIELO_2.png\",\"width\":512,\"height\":512,\"caption\":\"cielolaboral\"},\"image\":{\"@id\":\"https:\/\/www.cielolaboral.com\/#\/schema\/logo\/image\/\"},\"sameAs\":[\"https:\/\/www.facebook.com\/CIELO-Comunidad-para-la-Investigacin-y-el-Estudio-Laboral-y-Ocupacional-456411237893494\",\"https:\/\/x.com\/CIELOlaboral\"]}]}<\/script>\n<!-- \/ Yoast SEO plugin. -->","yoast_head_json":{"title":"PUBLICACI\u00d3N 3\u00ba CONGRESO MUNDIAL CIELO LABORAL - ARANZADI - cielolaboral","robots":{"index":"index","follow":"follow","max-snippet":"max-snippet:-1","max-image-preview":"max-image-preview:large","max-video-preview":"max-video-preview:-1"},"canonical":"https:\/\/www.cielolaboral.com\/fr\/publicacion-3o-congreso-mundial-cielo-laboral-aranzadi\/","og_locale":"fr_FR","og_type":"article","og_title":"PUBLICACI\u00d3N 3\u00ba CONGRESO MUNDIAL CIELO LABORAL - ARANZADI - cielolaboral","og_description":"GLOBALIZACI\u00d3N Y DIGITALIZACI\u00d3N DEL MERCADO DE TRABAJO: PROPUESTAS PARA UN EMPLEO SOSTENIBLE Y DECENTE Thomson Reuters Aranzadi, 2021 &nbsp; \u00cdndice &nbsp;","og_url":"https:\/\/www.cielolaboral.com\/fr\/publicacion-3o-congreso-mundial-cielo-laboral-aranzadi\/","og_site_name":"cielolaboral","article_publisher":"https:\/\/www.facebook.com\/CIELO-Comunidad-para-la-Investigacin-y-el-Estudio-Laboral-y-Ocupacional-456411237893494","og_image":[{"url":"https:\/\/cielolaboral.com\/wp-content\/uploads\/2021\/04\/portada_Aranzadi_2021-728x1024.jpg","type":"","width":"","height":""}],"twitter_card":"summary_large_image","twitter_site":"@CIELOlaboral","schema":{"@context":"https:\/\/schema.org","@graph":[{"@type":"WebPage","@id":"https:\/\/www.cielolaboral.com\/fr\/publicacion-3o-congreso-mundial-cielo-laboral-aranzadi\/","url":"https:\/\/www.cielolaboral.com\/fr\/publicacion-3o-congreso-mundial-cielo-laboral-aranzadi\/","name":"PUBLICACI\u00d3N 3\u00ba CONGRESO MUNDIAL CIELO LABORAL - ARANZADI - cielolaboral","isPartOf":{"@id":"https:\/\/www.cielolaboral.com\/#website"},"primaryImageOfPage":{"@id":"https:\/\/www.cielolaboral.com\/fr\/publicacion-3o-congreso-mundial-cielo-laboral-aranzadi\/#primaryimage"},"image":{"@id":"https:\/\/www.cielolaboral.com\/fr\/publicacion-3o-congreso-mundial-cielo-laboral-aranzadi\/#primaryimage"},"thumbnailUrl":"https:\/\/cielolaboral.com\/wp-content\/uploads\/2021\/04\/portada_Aranzadi_2021-728x1024.jpg","datePublished":"2021-04-26T10:02:12+00:00","breadcrumb":{"@id":"https:\/\/www.cielolaboral.com\/fr\/publicacion-3o-congreso-mundial-cielo-laboral-aranzadi\/#breadcrumb"},"inLanguage":"fr-FR","potentialAction":[{"@type":"ReadAction","target":["https:\/\/www.cielolaboral.com\/fr\/publicacion-3o-congreso-mundial-cielo-laboral-aranzadi\/"]}]},{"@type":"ImageObject","inLanguage":"fr-FR","@id":"https:\/\/www.cielolaboral.com\/fr\/publicacion-3o-congreso-mundial-cielo-laboral-aranzadi\/#primaryimage","url":"https:\/\/cielolaboral.com\/wp-content\/uploads\/2021\/04\/portada_Aranzadi_2021-728x1024.jpg","contentUrl":"https:\/\/cielolaboral.com\/wp-content\/uploads\/2021\/04\/portada_Aranzadi_2021-728x1024.jpg"},{"@type":"BreadcrumbList","@id":"https:\/\/www.cielolaboral.com\/fr\/publicacion-3o-congreso-mundial-cielo-laboral-aranzadi\/#breadcrumb","itemListElement":[{"@type":"ListItem","position":1,"name":"Home","item":"https:\/\/www.cielolaboral.com\/"},{"@type":"ListItem","position":2,"name":"PUBLICACI\u00d3N 3\u00ba CONGRESO MUNDIAL CIELO LABORAL &#8211; ARANZADI"}]},{"@type":"WebSite","@id":"https:\/\/www.cielolaboral.com\/#website","url":"https:\/\/www.cielolaboral.com\/","name":"cielolaboral","description":"","publisher":{"@id":"https:\/\/www.cielolaboral.com\/#organization"},"potentialAction":[{"@type":"SearchAction","target":{"@type":"EntryPoint","urlTemplate":"https:\/\/www.cielolaboral.com\/?s={search_term_string}"},"query-input":{"@type":"PropertyValueSpecification","valueRequired":true,"valueName":"search_term_string"}}],"inLanguage":"fr-FR"},{"@type":"Organization","@id":"https:\/\/www.cielolaboral.com\/#organization","name":"cielolaboral","url":"https:\/\/www.cielolaboral.com\/","logo":{"@type":"ImageObject","inLanguage":"fr-FR","@id":"https:\/\/www.cielolaboral.com\/#\/schema\/logo\/image\/","url":"https:\/\/www.cielolaboral.com\/wp-content\/uploads\/2020\/09\/cropped-logo_CIELO_2.png","contentUrl":"https:\/\/www.cielolaboral.com\/wp-content\/uploads\/2020\/09\/cropped-logo_CIELO_2.png","width":512,"height":512,"caption":"cielolaboral"},"image":{"@id":"https:\/\/www.cielolaboral.com\/#\/schema\/logo\/image\/"},"sameAs":["https:\/\/www.facebook.com\/CIELO-Comunidad-para-la-Investigacin-y-el-Estudio-Laboral-y-Ocupacional-456411237893494","https:\/\/x.com\/CIELOlaboral"]}]}},"_links":{"self":[{"href":"https:\/\/www.cielolaboral.com\/fr\/wp-json\/wp\/v2\/pages\/11053","targetHints":{"allow":["GET"]}}],"collection":[{"href":"https:\/\/www.cielolaboral.com\/fr\/wp-json\/wp\/v2\/pages"}],"about":[{"href":"https:\/\/www.cielolaboral.com\/fr\/wp-json\/wp\/v2\/types\/page"}],"author":[{"embeddable":true,"href":"https:\/\/www.cielolaboral.com\/fr\/wp-json\/wp\/v2\/users\/16"}],"replies":[{"embeddable":true,"href":"https:\/\/www.cielolaboral.com\/fr\/wp-json\/wp\/v2\/comments?post=11053"}],"version-history":[{"count":0,"href":"https:\/\/www.cielolaboral.com\/fr\/wp-json\/wp\/v2\/pages\/11053\/revisions"}],"wp:attachment":[{"href":"https:\/\/www.cielolaboral.com\/fr\/wp-json\/wp\/v2\/media?parent=11053"}],"curies":[{"name":"wp","href":"https:\/\/api.w.org\/{rel}","templated":true}]}}